{"id":12509,"date":"2024-01-14T04:31:11","date_gmt":"2024-01-14T04:31:11","guid":{"rendered":"https:\/\/testing.fishntech.com\/?page_id=12509"},"modified":"2025-04-24T01:41:39","modified_gmt":"2025-04-24T01:41:39","slug":"returns-exchanges","status":"publish","type":"page","link":"https:\/\/testing.fishntech.com\/fr\/returns-exchanges\/","title":{"rendered":"Retours et \u00e9changes"},"content":{"rendered":"<div data-elementor-type=\"wp-page\" data-elementor-id=\"12509\" class=\"elementor elementor-12509\" data-elementor-post-type=\"page\">\n\t\t\t\t<div class=\"elementor-element elementor-element-26af400 e-flex e-con-boxed e-con e-parent\" data-id=\"26af400\" data-element_type=\"container\" data-e-type=\"container\" data-settings=\"{&quot;background_background&quot;:&quot;classic&quot;}\">\n\t\t\t\t\t<div class=\"e-con-inner\">\n\t\t<div class=\"elementor-element elementor-element-fe63ebc e-flex e-con-boxed e-con e-child\" data-id=\"fe63ebc\" data-element_type=\"container\" data-e-type=\"container\" data-settings=\"{&quot;background_background&quot;:&quot;classic&quot;}\">\n\t\t\t\t\t<div class=\"e-con-inner\">\n\t\t\t\t<div class=\"elementor-element elementor-element-a18505b elementor-widget elementor-widget-heading\" data-id=\"a18505b\" data-element_type=\"widget\" data-e-type=\"widget\" data-widget_type=\"heading.default\">\n\t\t\t\t<div class=\"elementor-widget-container\">\n\t\t\t\t\t<h1 class=\"elementor-heading-title elementor-size-default\">Retours et \u00e9changes<\/h1>\t\t\t\t<\/div>\n\t\t\t\t<\/div>\n\t\t<div class=\"elementor-element elementor-element-aea2779 e-flex e-con-boxed e-con e-child\" data-id=\"aea2779\" data-element_type=\"container\" data-e-type=\"container\">\n\t\t\t\t\t<div class=\"e-con-inner\">\n\t\t\t\t<div class=\"elementor-element elementor-element-accef58 elementor-widget elementor-widget-text-editor\" data-id=\"accef58\" data-element_type=\"widget\" data-e-type=\"widget\" data-widget_type=\"text-editor.default\">\n\t\t\t\t<div class=\"elementor-widget-container\">\n\t\t\t\t\t\t\t\t\t<p>T\u00e9l\u00e9charger le formulaire de retour :<\/p>\t\t\t\t\t\t\t\t<\/div>\n\t\t\t\t<\/div>\n\t\t\t\t<div class=\"elementor-element elementor-element-b900e71 elementor-widget elementor-widget-button\" data-id=\"b900e71\" data-element_type=\"widget\" data-e-type=\"widget\" data-widget_type=\"button.default\">\n\t\t\t\t<div class=\"elementor-widget-container\">\n\t\t\t\t\t\t\t\t\t<div class=\"elementor-button-wrapper\">\n\t\t\t\t\t<a class=\"elementor-button elementor-button-link elementor-size-sm\" href=\"https:\/\/testing.fishntech.com\/wp-content\/uploads\/2024\/06\/Fishntech_inc_return-form-pdf.pdf\" target=\"_blank\">\n\t\t\t\t\t\t<span class=\"elementor-button-content-wrapper\">\n\t\t\t\t\t\t\t\t\t<span class=\"elementor-button-text\">Formulaire de retour<\/span>\n\t\t\t\t\t<\/span>\n\t\t\t\t\t<\/a>\n\t\t\t\t<\/div>\n\t\t\t\t\t\t\t\t<\/div>\n\t\t\t\t<\/div>\n\t\t\t\t\t<\/div>\n\t\t\t\t<\/div>\n\t\t\t\t<div class=\"elementor-element elementor-element-0458903 elementor-widget__width-initial elementor-widget-mobile__width-inherit elementor-widget elementor-widget-text-editor\" data-id=\"0458903\" data-element_type=\"widget\" data-e-type=\"widget\" data-widget_type=\"text-editor.default\">\n\t\t\t\t<div class=\"elementor-widget-container\">\n\t\t\t\t\t\t\t\t\t<p><strong>Politique de retour et d'\u00e9change<\/strong><\/p><p>Nous nous portons garants de nos produits et des conseils que nous donnons. Si vous n'\u00eates pas satisfait de votre achat, vous pouvez le rapporter pour \u00e9change ou remboursement dans les 30 jours suivant l'achat de l'article.<\/p><p>Nous offrons un cr\u00e9dit complet sur le compte pour les produits retourn\u00e9s ou \u00e9chang\u00e9s. Les remboursements peuvent \u00eatre soumis \u00e0 des frais de restockage de 10%.<\/p><p>Si un article s'av\u00e8re d\u00e9fectueux au cours de la p\u00e9riode de 7 jours, nous vous enverrons un article de remplacement sans frais apr\u00e8s r\u00e9ception de l'article original.<\/p><p><b>Ce dont vous avez besoin pour retourner\/\u00e9changer votre article :<\/b><\/p><p>&#8211; Original receipt (or invoice)<\/p><p>&#8211; Original method of payment<\/p><p>Tous les emballages d'origine (y compris la documentation, la carte de garantie, les manuels, les bo\u00eetes et le mat\u00e9riel d'emballage) doivent \u00eatre en \u00e9tat neuf dans l'emballage d'origine du fabricant.<\/p><p>Note : N'envoyez les cartes de garantie qu'apr\u00e8s 30 jours, tant que vous n'\u00eates pas certain de conserver le produit.<\/p><p>Veillez \u00e0 emballer correctement votre produit pour \u00e9viter qu'il ne soit endommag\u00e9.<\/p><p>Il vous incombe de couvrir les frais de renvoi de votre article \u00e0 Fishntech. Nous vous recommandons d'assurer votre produit aupr\u00e8s du transporteur pour le co\u00fbt de remplacement au cas o\u00f9 il serait endommag\u00e9 ou perdu pendant le transport.<\/p><p><b>Veuillez exp\u00e9dier votre produit \u00e0 l'adresse suivante<\/b><\/p><p>Fishntech Marine Outfitters Inc.<br \/>ATT. Returns\/Exchanges<br \/>2732 Route 34<br \/>Hawkesbury, Ontario\u00a0<br \/>K6A 2R2<\/p><p>Pour les clients am\u00e9ricains uniquement<\/p><p>Fishntech inc<br \/>11320 State Route 9<br \/>PMB 701049<br \/>Champlain, NY 12919<\/p><p><b>Articles non remboursables et non \u00e9changeables :<\/b><\/p><p>Frais d'exp\u00e9dition<\/p><p>Articles sur commande sp\u00e9ciale<\/p><p>Cartes et cartes de navigation<\/p><p>Livres, vid\u00e9os et logiciels<\/p><p>Moteurs \u00e0 la tra\u00eene*<\/p><p>*Les moteurs de p\u00eache \u00e0 la tra\u00eene Garmin, Lowrance et Minn Kota doivent \u00eatre entretenus et r\u00e9par\u00e9s par des centres de service agr\u00e9\u00e9s. Cela inclut les pannes hors de la bo\u00eete. Si vous rencontrez des probl\u00e8mes avec le moteur que vous avez achet\u00e9 chez Fishntech, vous ne pouvez pas le retourner pour le remplacer.<br \/>Fishntech a le droit de refuser tout retour ou \u00e9change si le produit ou l'emballage est dans un \u00e9tat inacceptable.<\/p>\t\t\t\t\t\t\t\t<\/div>\n\t\t\t\t<\/div>\n\t\t\t\t\t<\/div>\n\t\t\t\t<\/div>\n\t\t\t\t\t<\/div>\n\t\t\t\t<\/div>\n\t\t\t\t<\/div>","protected":false},"excerpt":{"rendered":"<p>Returns &#038; Exchanges Download return form: Return Form Returns &amp; Exchanges Policy We stand by our products and the advice we give. If you are not satisfied with your purchase, you can bring it back for an exchange or refund within 30 days of purchasing the item. We offer a full credit on account for [&hellip;]<\/p>\n","protected":false},"author":765,"featured_media":0,"parent":0,"menu_order":0,"comment_status":"closed","ping_status":"closed","template":"","meta":{"_acf_changed":false,"footnotes":""},"class_list":["post-12509","page","type-page","status-publish","hentry"],"acf":[],"_links":{"self":[{"href":"https:\/\/testing.fishntech.com\/fr\/wp-json\/wp\/v2\/pages\/12509","targetHints":{"allow":["GET"]}}],"collection":[{"href":"https:\/\/testing.fishntech.com\/fr\/wp-json\/wp\/v2\/pages"}],"about":[{"href":"https:\/\/testing.fishntech.com\/fr\/wp-json\/wp\/v2\/types\/page"}],"author":[{"embeddable":true,"href":"https:\/\/testing.fishntech.com\/fr\/wp-json\/wp\/v2\/users\/765"}],"replies":[{"embeddable":true,"href":"https:\/\/testing.fishntech.com\/fr\/wp-json\/wp\/v2\/comments?post=12509"}],"version-history":[{"count":26,"href":"https:\/\/testing.fishntech.com\/fr\/wp-json\/wp\/v2\/pages\/12509\/revisions"}],"predecessor-version":[{"id":114785,"href":"https:\/\/testing.fishntech.com\/fr\/wp-json\/wp\/v2\/pages\/12509\/revisions\/114785"}],"wp:attachment":[{"href":"https:\/\/testing.fishntech.com\/fr\/wp-json\/wp\/v2\/media?parent=12509"}],"curies":[{"name":"wp","href":"https:\/\/api.w.org\/{rel}","templated":true}]}}