{"id":23785,"date":"2024-01-14T03:51:37","date_gmt":"2024-01-14T03:51:37","guid":{"rendered":"https:\/\/testing.fishntech.com\/?page_id=23785"},"modified":"2024-10-02T01:53:28","modified_gmt":"2024-10-02T01:53:28","slug":"centre-dapprentissage","status":"publish","type":"page","link":"https:\/\/testing.fishntech.com\/fr\/learning-center\/","title":{"rendered":"Centre de formation"},"content":{"rendered":"<div data-elementor-type=\"wp-page\" data-elementor-id=\"23785\" class=\"elementor elementor-23785\" data-elementor-post-type=\"page\">\n\t\t\t\t<div class=\"elementor-element elementor-element-2c2a491f e-flex e-con-boxed e-con e-parent\" data-id=\"2c2a491f\" data-element_type=\"container\" data-e-type=\"container\" data-settings=\"{&quot;background_background&quot;:&quot;classic&quot;}\">\n\t\t\t\t\t<div class=\"e-con-inner\">\n\t\t<div class=\"elementor-element elementor-element-2d6356a2 e-flex e-con-boxed e-con e-child\" data-id=\"2d6356a2\" data-element_type=\"container\" data-e-type=\"container\" data-settings=\"{&quot;background_background&quot;:&quot;classic&quot;}\">\n\t\t\t\t\t<div class=\"e-con-inner\">\n\t\t\t\t<div class=\"elementor-element elementor-element-2b7cdbce elementor-widget__width-initial elementor-widget elementor-widget-heading\" data-id=\"2b7cdbce\" data-element_type=\"widget\" data-e-type=\"widget\" data-widget_type=\"heading.default\">\n\t\t\t\t<div class=\"elementor-widget-container\">\n\t\t\t\t\t<h1 class=\"elementor-heading-title elementor-size-default\">CENTRE DE FORMATION<\/h1>\t\t\t\t<\/div>\n\t\t\t\t<\/div>\n\t\t\t\t<div class=\"elementor-element elementor-element-41280940 elementor-widget-mobile__width-initial elementor-widget elementor-widget-text-editor\" data-id=\"41280940\" data-element_type=\"widget\" data-e-type=\"widget\" data-widget_type=\"text-editor.default\">\n\t\t\t\t<div class=\"elementor-widget-container\">\n\t\t\t\t\t\t\t\t\t<p>D\u00e9veloppez vos capacit\u00e9s de p\u00eache gr\u00e2ce \u00e0 une technologie de classe mondiale et \u00e0 des connaissances techniques.<\/p>\t\t\t\t\t\t\t\t<\/div>\n\t\t\t\t<\/div>\n\t\t\t\t<div class=\"elementor-element elementor-element-f7b6e6a elementor-view-framed elementor-shape-circle elementor-widget elementor-widget-icon\" data-id=\"f7b6e6a\" data-element_type=\"widget\" data-e-type=\"widget\" data-widget_type=\"icon.default\">\n\t\t\t\t<div class=\"elementor-widget-container\">\n\t\t\t\t\t\t\t<div class=\"elementor-icon-wrapper\">\n\t\t\t<a class=\"elementor-icon\" href=\"#recent-articles\">\n\t\t\t<svg aria-hidden=\"true\" class=\"e-font-icon-svg e-fas-arrow-circle-down\" viewbox=\"0 0 512 512\" xmlns=\"http:\/\/www.w3.org\/2000\/svg\"><path d=\"M504 256c0 137-111 248-248 248S8 393 8 256 119 8 256 8s248 111 248 248zm-143.6-28.9L288 302.6V120c0-13.3-10.7-24-24-24h-16c-13.3 0-24 10.7-24 24v182.6l-72.4-75.5c-9.3-9.7-24.8-9.9-34.3-.4l-10.9 11c-9.4 9.4-9.4 24.6 0 33.9L239 404.3c9.4 9.4 24.6 9.4 33.9 0l132.7-132.7c9.4-9.4 9.4-24.6 0-33.9l-10.9-11c-9.5-9.5-25-9.3-34.3.4z\"><\/path><\/svg>\t\t\t<\/a>\n\t\t<\/div>\n\t\t\t\t\t\t<\/div>\n\t\t\t\t<\/div>\n\t\t\t\t\t<\/div>\n\t\t\t\t<\/div>\n\t\t\t\t\t<\/div>\n\t\t\t\t<\/div>\n\t\t<div class=\"elementor-element elementor-element-531fb0fd e-flex e-con-boxed e-con e-parent\" data-id=\"531fb0fd\" data-element_type=\"container\" data-e-type=\"container\" data-settings=\"{&quot;background_background&quot;:&quot;classic&quot;}\">\n\t\t\t\t\t<div class=\"e-con-inner\">\n\t\t\t\t<div class=\"elementor-element elementor-element-3863506 elementor-widget elementor-widget-menu-anchor\" data-id=\"3863506\" data-element_type=\"widget\" data-e-type=\"widget\" data-widget_type=\"menu-anchor.default\">\n\t\t\t\t<div class=\"elementor-widget-container\">\n\t\t\t\t\t\t\t<div class=\"elementor-menu-anchor\" id=\"recent-articles\"><\/div>\n\t\t\t\t\t\t<\/div>\n\t\t\t\t<\/div>\n\t\t\t\t<div class=\"elementor-element elementor-element-82802c2 elementor-widget elementor-widget-heading\" data-id=\"82802c2\" data-element_type=\"widget\" data-e-type=\"widget\" data-widget_type=\"heading.default\">\n\t\t\t\t<div class=\"elementor-widget-container\">\n\t\t\t\t\t<h2 class=\"elementor-heading-title elementor-size-default\">Articles r\u00e9cents<\/h2>\t\t\t\t<\/div>\n\t\t\t\t<\/div>\n\t\t\t\t<div class=\"elementor-element elementor-element-4a8c4aae elementor-widget-mobile__width-inherit elementor-posts--align-center elementor-grid-2 elementor-posts__hover-none elementor-grid-tablet-2 elementor-grid-mobile-1 elementor-posts--thumbnail-top elementor-widget elementor-widget-posts\" data-id=\"4a8c4aae\" data-element_type=\"widget\" data-e-type=\"widget\" data-settings=\"{&quot;cards_row_gap_tablet&quot;:{&quot;unit&quot;:&quot;px&quot;,&quot;size&quot;:17,&quot;sizes&quot;:[]},&quot;cards_row_gap_mobile&quot;:{&quot;unit&quot;:&quot;px&quot;,&quot;size&quot;:18,&quot;sizes&quot;:[]},&quot;cards_columns&quot;:&quot;2&quot;,&quot;cards_row_gap&quot;:{&quot;unit&quot;:&quot;px&quot;,&quot;size&quot;:28,&quot;sizes&quot;:[]},&quot;cards_columns_tablet&quot;:&quot;2&quot;,&quot;cards_columns_mobile&quot;:&quot;1&quot;}\" data-widget_type=\"posts.cards\">\n\t\t\t\t<div class=\"elementor-widget-container\">\n\t\t\t\t\t\t\t<div class=\"elementor-posts-container elementor-posts elementor-posts--skin-cards elementor-grid\">\n\t\t\t\t<article class=\"elementor-post elementor-grid-item post-48022 post type-post status-publish format-standard has-post-thumbnail hentry category-educational category-trolling-motors\">\n\t\t\t<div class=\"elementor-post__card\">\n\t\t\t\t<a class=\"elementor-post__thumbnail__link\" href=\"https:\/\/testing.fishntech.com\/fr\/2024\/02\/the-evolution-of-trolling-motors\/\" tabindex=\"-1\" ><div class=\"elementor-post__thumbnail\"><img loading=\"lazy\" decoding=\"async\" width=\"1280\" height=\"853\" src=\"https:\/\/testing.fishntech.com\/wp-content\/uploads\/2024\/02\/H181_2018_ElyMN_FW-North_Silker03107_cc.png\" class=\"attachment-full size-full wp-image-56227\" alt=\"\" srcset=\"https:\/\/testing.fishntech.com\/wp-content\/uploads\/2024\/02\/H181_2018_ElyMN_FW-North_Silker03107_cc.png 1280w, https:\/\/testing.fishntech.com\/wp-content\/uploads\/2024\/02\/H181_2018_ElyMN_FW-North_Silker03107_cc-600x400.png 600w, https:\/\/testing.fishntech.com\/wp-content\/uploads\/2024\/02\/H181_2018_ElyMN_FW-North_Silker03107_cc-300x200.png 300w, https:\/\/testing.fishntech.com\/wp-content\/uploads\/2024\/02\/H181_2018_ElyMN_FW-North_Silker03107_cc-1024x682.png 1024w, https:\/\/testing.fishntech.com\/wp-content\/uploads\/2024\/02\/H181_2018_ElyMN_FW-North_Silker03107_cc-150x100.png 150w, https:\/\/testing.fishntech.com\/wp-content\/uploads\/2024\/02\/H181_2018_ElyMN_FW-North_Silker03107_cc-768x512.png 768w, https:\/\/testing.fishntech.com\/wp-content\/uploads\/2024\/02\/H181_2018_ElyMN_FW-North_Silker03107_cc-18x12.png 18w\" sizes=\"auto, (max-width: 1280px) 100vw, 1280px\"><\/div><\/a>\n\t\t\t\t<div class=\"elementor-post__text\">\n\t\t\t\t<h2 class=\"elementor-post__title\">\n\t\t\t<a href=\"https:\/\/testing.fishntech.com\/fr\/2024\/02\/the-evolution-of-trolling-motors\/\" >\n\t\t\t\tLa br\u00e8ve \u00e9volution des moteurs \u00e0 la tra\u00eene\t\t\t<\/a>\n\t\t<\/h2>\n\t\t\t\t<\/div>\n\t\t\t\t\t<\/div>\n\t\t<\/article>\n\t\t\t\t<article class=\"elementor-post elementor-grid-item post-21510 post type-post status-publish format-standard has-post-thumbnail hentry category-educational\">\n\t\t\t<div class=\"elementor-post__card\">\n\t\t\t\t<a class=\"elementor-post__thumbnail__link\" href=\"https:\/\/testing.fishntech.com\/fr\/2024\/02\/top-five-best-trolling-motor-2025\/\" tabindex=\"-1\" ><div class=\"elementor-post__thumbnail\"><img loading=\"lazy\" decoding=\"async\" width=\"936\" height=\"665\" src=\"https:\/\/testing.fishntech.com\/wp-content\/uploads\/2024\/01\/post-2.png\" class=\"attachment-full size-full wp-image-27892\" alt=\"\" srcset=\"https:\/\/testing.fishntech.com\/wp-content\/uploads\/2024\/01\/post-2.png 936w, https:\/\/testing.fishntech.com\/wp-content\/uploads\/2024\/01\/post-2-600x426.png 600w, https:\/\/testing.fishntech.com\/wp-content\/uploads\/2024\/01\/post-2-150x107.png 150w, https:\/\/testing.fishntech.com\/wp-content\/uploads\/2024\/01\/post-2-300x213.png 300w, https:\/\/testing.fishntech.com\/wp-content\/uploads\/2024\/01\/post-2-768x546.png 768w, https:\/\/testing.fishntech.com\/wp-content\/uploads\/2024\/01\/post-2-64x45.png 64w\" sizes=\"auto, (max-width: 936px) 100vw, 936px\"><\/div><\/a>\n\t\t\t\t<div class=\"elementor-post__text\">\n\t\t\t\t<h2 class=\"elementor-post__title\">\n\t\t\t<a href=\"https:\/\/testing.fishntech.com\/fr\/2024\/02\/top-five-best-trolling-motor-2025\/\" >\n\t\t\t\tLes cinq meilleurs moteurs \u00e0 la tra\u00eene\t\t\t<\/a>\n\t\t<\/h2>\n\t\t\t\t<\/div>\n\t\t\t\t\t<\/div>\n\t\t<\/article>\n\t\t\t\t<article class=\"elementor-post elementor-grid-item post-21495 post type-post status-publish format-standard has-post-thumbnail hentry category-educational\">\n\t\t\t<div class=\"elementor-post__card\">\n\t\t\t\t<a class=\"elementor-post__thumbnail__link\" href=\"https:\/\/testing.fishntech.com\/fr\/2024\/02\/a-guide-on-picking-the-perfect-boat\/\" tabindex=\"-1\" ><div class=\"elementor-post__thumbnail\"><img loading=\"lazy\" decoding=\"async\" width=\"1456\" height=\"816\" src=\"https:\/\/testing.fishntech.com\/wp-content\/uploads\/2024\/02\/How-to-pick-the-perfect-fishing-boat-Canada-Boat-Seletction-guide.jpg\" class=\"attachment-full size-full wp-image-56057\" alt=\"\" srcset=\"https:\/\/testing.fishntech.com\/wp-content\/uploads\/2024\/02\/How-to-pick-the-perfect-fishing-boat-Canada-Boat-Seletction-guide.jpg 1456w, https:\/\/testing.fishntech.com\/wp-content\/uploads\/2024\/02\/How-to-pick-the-perfect-fishing-boat-Canada-Boat-Seletction-guide-600x336.jpg 600w, https:\/\/testing.fishntech.com\/wp-content\/uploads\/2024\/02\/How-to-pick-the-perfect-fishing-boat-Canada-Boat-Seletction-guide-300x168.jpg 300w, https:\/\/testing.fishntech.com\/wp-content\/uploads\/2024\/02\/How-to-pick-the-perfect-fishing-boat-Canada-Boat-Seletction-guide-1024x574.jpg 1024w, https:\/\/testing.fishntech.com\/wp-content\/uploads\/2024\/02\/How-to-pick-the-perfect-fishing-boat-Canada-Boat-Seletction-guide-150x84.jpg 150w, https:\/\/testing.fishntech.com\/wp-content\/uploads\/2024\/02\/How-to-pick-the-perfect-fishing-boat-Canada-Boat-Seletction-guide-768x430.jpg 768w, https:\/\/testing.fishntech.com\/wp-content\/uploads\/2024\/02\/How-to-pick-the-perfect-fishing-boat-Canada-Boat-Seletction-guide-18x10.jpg 18w\" sizes=\"auto, (max-width: 1456px) 100vw, 1456px\"><\/div><\/a>\n\t\t\t\t<div class=\"elementor-post__text\">\n\t\t\t\t<h2 class=\"elementor-post__title\">\n\t\t\t<a href=\"https:\/\/testing.fishntech.com\/fr\/2024\/02\/a-guide-on-picking-the-perfect-boat\/\" >\n\t\t\t\tGuide pour choisir le bateau id\u00e9al\t\t\t<\/a>\n\t\t<\/h2>\n\t\t\t\t<\/div>\n\t\t\t\t\t<\/div>\n\t\t<\/article>\n\t\t\t\t<article class=\"elementor-post elementor-grid-item post-27681 post type-post status-publish format-standard has-post-thumbnail hentry category-educational\">\n\t\t\t<div class=\"elementor-post__card\">\n\t\t\t\t<a class=\"elementor-post__thumbnail__link\" href=\"https:\/\/testing.fishntech.com\/fr\/2024\/02\/learning-the-basics-of-fish-finders\/\" tabindex=\"-1\" ><div class=\"elementor-post__thumbnail\"><img loading=\"lazy\" decoding=\"async\" width=\"1456\" height=\"816\" src=\"https:\/\/testing.fishntech.com\/wp-content\/uploads\/2024\/02\/Understanding-The-Basics-Of-Fish-Finders-Guide.jpg\" class=\"attachment-full size-full wp-image-47198\" alt=\"Comprendre les bases du guide des d\u00e9tecteurs de poissons\" srcset=\"https:\/\/testing.fishntech.com\/wp-content\/uploads\/2024\/02\/Understanding-The-Basics-Of-Fish-Finders-Guide.jpg 1456w, https:\/\/testing.fishntech.com\/wp-content\/uploads\/2024\/02\/Understanding-The-Basics-Of-Fish-Finders-Guide-600x336.jpg 600w, https:\/\/testing.fishntech.com\/wp-content\/uploads\/2024\/02\/Understanding-The-Basics-Of-Fish-Finders-Guide-300x168.jpg 300w, https:\/\/testing.fishntech.com\/wp-content\/uploads\/2024\/02\/Understanding-The-Basics-Of-Fish-Finders-Guide-1024x574.jpg 1024w, https:\/\/testing.fishntech.com\/wp-content\/uploads\/2024\/02\/Understanding-The-Basics-Of-Fish-Finders-Guide-150x84.jpg 150w, https:\/\/testing.fishntech.com\/wp-content\/uploads\/2024\/02\/Understanding-The-Basics-Of-Fish-Finders-Guide-768x430.jpg 768w, https:\/\/testing.fishntech.com\/wp-content\/uploads\/2024\/02\/Understanding-The-Basics-Of-Fish-Finders-Guide-18x10.jpg 18w\" sizes=\"auto, (max-width: 1456px) 100vw, 1456px\" \/><\/div><\/a>\n\t\t\t\t<div class=\"elementor-post__text\">\n\t\t\t\t<h2 class=\"elementor-post__title\">\n\t\t\t<a href=\"https:\/\/testing.fishntech.com\/fr\/2024\/02\/learning-the-basics-of-fish-finders\/\" >\n\t\t\t\tApprendre les bases des d\u00e9tecteurs de poissons\t\t\t<\/a>\n\t\t<\/h2>\n\t\t\t\t<\/div>\n\t\t\t\t\t<\/div>\n\t\t<\/article>\n\t\t\t\t<\/div>\n\t\t\n\t\t\t\t\t\t<\/div>\n\t\t\t\t<\/div>\n\t\t\t\t<div class=\"elementor-element elementor-element-fdbb0fa elementor-widget-divider--view-line elementor-widget elementor-widget-divider\" data-id=\"fdbb0fa\" data-element_type=\"widget\" data-e-type=\"widget\" data-widget_type=\"divider.default\">\n\t\t\t\t<div class=\"elementor-widget-container\">\n\t\t\t\t\t\t\t<div class=\"elementor-divider\">\n\t\t\t<span class=\"elementor-divider-separator\">\n\t\t\t\t\t\t<\/span>\n\t\t<\/div>\n\t\t\t\t\t\t<\/div>\n\t\t\t\t<\/div>\n\t\t\t\t\t<\/div>\n\t\t\t\t<\/div>\n\t\t<div class=\"elementor-element elementor-element-335e2454 e-flex e-con-boxed e-con e-parent\" data-id=\"335e2454\" data-element_type=\"container\" data-e-type=\"container\" data-settings=\"{&quot;background_background&quot;:&quot;classic&quot;}\">\n\t\t\t\t\t<div class=\"e-con-inner\">\n\t\t<div class=\"elementor-element elementor-element-11fb5e7 e-con-full e-flex e-con e-child\" data-id=\"11fb5e7\" data-element_type=\"container\" data-e-type=\"container\">\n\t\t\t\t<div class=\"elementor-element elementor-element-2a26094 elementor-widget elementor-widget-button\" data-id=\"2a26094\" data-element_type=\"widget\" data-e-type=\"widget\" data-widget_type=\"button.default\">\n\t\t\t\t<div class=\"elementor-widget-container\">\n\t\t\t\t\t\t\t\t\t<div class=\"elementor-button-wrapper\">\n\t\t\t\t\t<a class=\"elementor-button elementor-size-sm\" role=\"button\">\n\t\t\t\t\t\t<span class=\"elementor-button-content-wrapper\">\n\t\t\t\t\t\t\t\t\t<span class=\"elementor-button-text\">S\u00c9RIES ACTUELLES<\/span>\n\t\t\t\t\t<\/span>\n\t\t\t\t\t<\/a>\n\t\t\t\t<\/div>\n\t\t\t\t\t\t\t\t<\/div>\n\t\t\t\t<\/div>\n\t\t\t\t<div class=\"elementor-element elementor-element-74043ac5 elementor-widget__width-initial elementor-widget elementor-widget-heading\" data-id=\"74043ac5\" data-element_type=\"widget\" data-e-type=\"widget\" data-widget_type=\"heading.default\">\n\t\t\t\t<div class=\"elementor-widget-container\">\n\t\t\t\t\t<h3 class=\"elementor-heading-title elementor-size-default\">Cours de formation Humminbird<\/h3>\t\t\t\t<\/div>\n\t\t\t\t<\/div>\n\t\t\t\t<div class=\"elementor-element elementor-element-43b0def0 elementor-widget__width-initial elementor-widget elementor-widget-text-editor\" data-id=\"43b0def0\" data-element_type=\"widget\" data-e-type=\"widget\" data-widget_type=\"text-editor.default\">\n\t\t\t\t<div class=\"elementor-widget-container\">\n\t\t\t\t\t\t\t\t\t<p>Inscrivez-vous \u00e0 un atelier d'\u00e9quipe pour apprendre tous les tenants et aboutissants des d\u00e9tecteurs de poissons et de la technologie des sonars ! Le nombre de places est limit\u00e9. Les pr\u00e9-inscriptions sont ouvertes pour le printemps 2025.<\/p>\t\t\t\t\t\t\t\t<\/div>\n\t\t\t\t<\/div>\n\t\t\t\t<div class=\"elementor-element elementor-element-76d8c8f9 elementor-align-left elementor-mobile-align-center elementor-tablet-align-center elementor-widget__width-inherit elementor-invisible elementor-widget elementor-widget-button\" data-id=\"76d8c8f9\" data-element_type=\"widget\" data-e-type=\"widget\" data-settings=\"{&quot;_animation&quot;:&quot;fadeInUp&quot;}\" data-widget_type=\"button.default\">\n\t\t\t\t<div class=\"elementor-widget-container\">\n\t\t\t\t\t\t\t\t\t<div class=\"elementor-button-wrapper\">\n\t\t\t\t\t<a class=\"elementor-button elementor-button-link elementor-size-sm\" href=\"https:\/\/testing.fishntech.com\/fr\/fishing-electronics-courses\/cours-sur-les-detecteurs-de-poissons\/\">\n\t\t\t\t\t\t<span class=\"elementor-button-content-wrapper\">\n\t\t\t\t\t\t\t\t\t<span class=\"elementor-button-text\">En savoir plus<\/span>\n\t\t\t\t\t<\/span>\n\t\t\t\t\t<\/a>\n\t\t\t\t<\/div>\n\t\t\t\t\t\t\t\t<\/div>\n\t\t\t\t<\/div>\n\t\t\t\t<\/div>\n\t\t\t\t<div class=\"elementor-element elementor-element-1f8236ec elementor-widget__width-initial elementor-widget-tablet__width-inherit elementor-widget elementor-widget-image\" data-id=\"1f8236ec\" data-element_type=\"widget\" data-e-type=\"widget\" data-widget_type=\"image.default\">\n\t\t\t\t<div class=\"elementor-widget-container\">\n\t\t\t\t\t\t\t\t\t\t\t\t\t\t\t<img loading=\"lazy\" decoding=\"async\" width=\"2048\" height=\"1152\" src=\"https:\/\/testing.fishntech.com\/wp-content\/uploads\/2024\/05\/learning-center-fishntech.jpg\" class=\"attachment-full size-full wp-image-60189\" alt=\"centre d&#039;apprentissage fishntech\" srcset=\"https:\/\/testing.fishntech.com\/wp-content\/uploads\/2024\/05\/learning-center-fishntech.jpg 2048w, https:\/\/testing.fishntech.com\/wp-content\/uploads\/2024\/05\/learning-center-fishntech-600x338.jpg 600w, https:\/\/testing.fishntech.com\/wp-content\/uploads\/2024\/05\/learning-center-fishntech-300x169.jpg 300w, https:\/\/testing.fishntech.com\/wp-content\/uploads\/2024\/05\/learning-center-fishntech-1024x576.jpg 1024w, https:\/\/testing.fishntech.com\/wp-content\/uploads\/2024\/05\/learning-center-fishntech-150x84.jpg 150w, https:\/\/testing.fishntech.com\/wp-content\/uploads\/2024\/05\/learning-center-fishntech-768x432.jpg 768w, https:\/\/testing.fishntech.com\/wp-content\/uploads\/2024\/05\/learning-center-fishntech-1536x864.jpg 1536w, https:\/\/testing.fishntech.com\/wp-content\/uploads\/2024\/05\/learning-center-fishntech-18x10.jpg 18w\" sizes=\"auto, (max-width: 2048px) 100vw, 2048px\" \/>\t\t\t\t\t\t\t\t\t\t\t\t\t\t\t<\/div>\n\t\t\t\t<\/div>\n\t\t\t\t\t<\/div>\n\t\t\t\t<\/div>\n\t\t\t\t<\/div>","protected":false},"excerpt":{"rendered":"<p>LEARNING CENTER Expand your fishing capabilities with world-class technology and technique insights Recent Articles CURRENT SERIES Educational Humminbird Courses Register<\/p>","protected":false},"author":765,"featured_media":0,"parent":0,"menu_order":0,"comment_status":"closed","ping_status":"closed","template":"","meta":{"_acf_changed":false,"footnotes":""},"class_list":["post-23785","page","type-page","status-publish","hentry"],"acf":[],"_links":{"self":[{"href":"https:\/\/testing.fishntech.com\/fr\/wp-json\/wp\/v2\/pages\/23785","targetHints":{"allow":["GET"]}}],"collection":[{"href":"https:\/\/testing.fishntech.com\/fr\/wp-json\/wp\/v2\/pages"}],"about":[{"href":"https:\/\/testing.fishntech.com\/fr\/wp-json\/wp\/v2\/types\/page"}],"author":[{"embeddable":true,"href":"https:\/\/testing.fishntech.com\/fr\/wp-json\/wp\/v2\/users\/765"}],"replies":[{"embeddable":true,"href":"https:\/\/testing.fishntech.com\/fr\/wp-json\/wp\/v2\/comments?post=23785"}],"version-history":[{"count":491,"href":"https:\/\/testing.fishntech.com\/fr\/wp-json\/wp\/v2\/pages\/23785\/revisions"}],"predecessor-version":[{"id":104744,"href":"https:\/\/testing.fishntech.com\/fr\/wp-json\/wp\/v2\/pages\/23785\/revisions\/104744"}],"wp:attachment":[{"href":"https:\/\/testing.fishntech.com\/fr\/wp-json\/wp\/v2\/media?parent=23785"}],"curies":[{"name":"wp","href":"https:\/\/api.w.org\/{rel}","templated":true}]}}