{"id":109571,"date":"2025-02-19T22:29:21","date_gmt":"2025-02-19T22:29:21","guid":{"rendered":"https:\/\/testing.fishntech.com\/product\/ice-35-ice-fishing-flasher\/"},"modified":"2025-06-05T17:38:48","modified_gmt":"2025-06-05T17:38:48","slug":"humminbird-ice-35-ice-fishing-flasher","status":"publish","type":"product","link":"https:\/\/testing.fishntech.com\/fr\/product\/humminbird-ice-35-ice-fishing-flasher\/","title":{"rendered":"ICE 35 Flasher de p\u00eache sur glace"},"content":{"rendered":"<h3>ICE 35 Flasher de p\u00eache sur glace<\/h3>\n<p>Humminbird&#8217;s ICE 35 Ice Flasher from Humminbird carries revolutionary features built and designed for the diehard ice fisherman. The ICE 35 Ice Flasher features a fiber-optic flasher display for exceptional performance in any level of light, making this flasher easy to use on those blinding, sunny winter days. The 3-color display has an overlay depth scale for easy interpretation. <\/p>\n<p>At the heart of the Humminbird ICE 35 Ice Flasher is a Dual Beam 9 Degree (240 kHz) 19 Degree (455 kHz) transducer allowing for a greater overall cone of view. This flasher runs at assorted depths of 20 ft., 40 ft., 80 ft. and 200 ft. <\/p>\n<p>The ICE 35 includes a 4 button control pad with zoom, gain, noise, and beam selections for easy fine tuning. A battery status indicator lets you know the flashers power condition. This unit includes a rechargeable 7 amp hour 12 volt battery and charger. <\/p>\n<p><b>Caract\u00e9ristiques :<\/b><br \/><ul><li>3-color fiber-optic flasher display <br \/><li>L'\u00e9chelle de profondeur superpos\u00e9e permet une excellente visualisation \u00e0 la lumi\u00e8re du soleil. <br \/><li>800 watts peak-to-peak power <br \/><li>Rejet des interf\u00e9rences en 10 \u00e9tapes <br \/><li>4 depth scales: 20&#8242;, 40&#8242;, 80&#8242;, 200&#8242; <br \/><li>4 button control pad <br \/><li>Dual Beam 9\/19&deg; Transducer <br \/><li>Battery status indicator <br \/><li>Monture navette avec support de cardan int\u00e9gr\u00e9<\/li><\/ul><\/p>\n<p><img decoding=\"async\" src=\"https:\/\/productimageserver.com\/prop65\/6pt.png\" alt=\"Avertissement\" \/><strong>AVERTISSEMENT :<\/strong> Ce produit peut vous exposer \u00e0 des produits chimiques, notamment le 1,3-butadi\u00e8ne, qui est reconnu par l'\u00c9tat de Californie comme une cause de cancer, de malformations cong\u00e9nitales ou d'autres troubles de la reproduction. Pour plus d'informations, consultez le site <a href=\"http:\/\/P65Warnings.ca.gov\" target=\"_blank\" rel=\"noopener\">P65Avertissements.ca.gov<\/a>.<\/p>\n<p> <!--- cis2:mm1rl5hl ---><\/p>","protected":false},"excerpt":{"rendered":"<p>ICE 35 Ice Fishing Flasher Humminbird&#8217;s ICE 35 Ice Flasher from Humminbird carries revolutionary features built and designed for the diehard ice fisherman. The ICE 35 Ice Flasher features a fiber-optic flasher display for exceptional performance in any level of light, making this flasher easy to use on those blinding, sunny winter days. The 3-color [&hellip;]<\/p>\n","protected":false},"featured_media":2642,"comment_status":"open","ping_status":"closed","template":"","meta":{"_acf_changed":false},"product_brand":[],"product_cat":[236,251,20],"product_tag":[],"class_list":{"0":"post-109571","1":"product","2":"type-product","3":"status-publish","4":"has-post-thumbnail","6":"product_cat-humminbird-fish-finders","7":"product_cat-ice","8":"product_cat-humminbird","10":"first","11":"onbackorder","12":"taxable","13":"shipping-taxable","14":"purchasable","15":"product-type-simple"},"acf":[],"_links":{"self":[{"href":"https:\/\/testing.fishntech.com\/fr\/wp-json\/wp\/v2\/product\/109571","targetHints":{"allow":["GET"]}}],"collection":[{"href":"https:\/\/testing.fishntech.com\/fr\/wp-json\/wp\/v2\/product"}],"about":[{"href":"https:\/\/testing.fishntech.com\/fr\/wp-json\/wp\/v2\/types\/product"}],"replies":[{"embeddable":true,"href":"https:\/\/testing.fishntech.com\/fr\/wp-json\/wp\/v2\/comments?post=109571"}],"version-history":[{"count":1,"href":"https:\/\/testing.fishntech.com\/fr\/wp-json\/wp\/v2\/product\/109571\/revisions"}],"predecessor-version":[{"id":119861,"href":"https:\/\/testing.fishntech.com\/fr\/wp-json\/wp\/v2\/product\/109571\/revisions\/119861"}],"wp:featuredmedia":[{"embeddable":true,"href":"https:\/\/testing.fishntech.com\/fr\/wp-json\/wp\/v2\/media\/2642"}],"wp:attachment":[{"href":"https:\/\/testing.fishntech.com\/fr\/wp-json\/wp\/v2\/media?parent=109571"}],"wp:term":[{"taxonomy":"product_brand","embeddable":true,"href":"https:\/\/testing.fishntech.com\/fr\/wp-json\/wp\/v2\/product_brand?post=109571"},{"taxonomy":"product_cat","embeddable":true,"href":"https:\/\/testing.fishntech.com\/fr\/wp-json\/wp\/v2\/product_cat?post=109571"},{"taxonomy":"product_tag","embeddable":true,"href":"https:\/\/testing.fishntech.com\/fr\/wp-json\/wp\/v2\/product_tag?post=109571"}],"curies":[{"name":"wp","href":"https:\/\/api.w.org\/{rel}","templated":true}]}}