{"id":109573,"date":"2025-02-19T22:29:22","date_gmt":"2025-02-19T22:29:22","guid":{"rendered":"https:\/\/testing.fishntech.com\/product\/ice-55-ice-fishing-flasher\/"},"modified":"2025-06-05T17:38:48","modified_gmt":"2025-06-05T17:38:48","slug":"humminbird-ice-55-ice-fishing-flasher","status":"publish","type":"product","link":"https:\/\/testing.fishntech.com\/fr\/product\/humminbird-ice-55-ice-fishing-flasher\/","title":{"rendered":"ICE 55 Ice Fishing Flasher"},"content":{"rendered":"<h3>ICE 55 Ice Fishing Flasher<\/h3>\n<p>Humminbird&#8217;s ICE 55 Ice Flasher from Humminbird carries revolutionary features built and designed for the diehard ice fisherman. The ICE 55 Ice Flasher feature a fiber-optic flasher display and a backlit LCD for exceptional performance in any level of light, making this flasher easy to use on those blinding, sunny winter days. The 6-color display has an overlay depth scale for easy interpretation. The LCD shows a depth scale and large number readouts for exact depth marks. <\/p>\n<p>At the heart of the Humminbird ICE 55 Ice Flasher is a Dual Beam 9 Degree (240 kHz) 19 Degree (455 kHz) transducer allowing for a greater overall cone of view. This flasher runs at four depth scales in manual mode: 20 ft., 40 ft., 80 ft. and 200 ft. and seven depth scales in automatic mode: 20 ft., 40 ft., 60 ft., 80 ft. 100 ft., 120 ft. and 200 ft. <\/p>\n<p>The ICE 55 includes a 6 button control pad with zoom, gain, noise, beam, target cursor and color selections for easy fine tuning. A LCD battery voltage indicator lets you know the flashers power condition. This unit includes a rechargeable 9 amp hour 12 volt battery and charger.<\/p>\n<p><b>Caract\u00e9ristiques :<\/b><br \/><ul><li>LCD and 6-color fiber-optic flasher display <br \/><li>L'\u00e9chelle de profondeur superpos\u00e9e permet une excellente visualisation \u00e0 la lumi\u00e8re du soleil. <br \/><li>2400 watts peak-to-peak power <br \/><li>Rejet des interf\u00e9rences en 10 \u00e9tapes <br \/><li>4 \u00e9chelles de profondeur (mode manuel) : 20\u2032, 40\u2032, 80\u2032, 200\u2032 <br \/><li>7 \u00e9chelles de profondeur (mode automatique) : 20\u2032, 40\u2032, 60\u2032, 80\u2032, 100\u2032, 120\u2032, 200\u2032 <br \/><li>6 button control pad <br \/><li>Color palatte setting allow unit to display as Vexilar, Marcum and <li>Humminbird-6 color<br \/><li>Dual Beam 9\/19&deg; Transducer <br \/><li>LCD Battery voltage indicator <br \/><li>Monture navette avec support de cardan int\u00e9gr\u00e9 <br \/><li>Batterie 7AH avec chargeur <br \/><li>Soft Side Carrying Case <br \/><li>Garantie de 2 ans du fabricant<\/li><\/ul><\/p>\n<p><img decoding=\"async\" src=\"https:\/\/productimageserver.com\/prop65\/6pt.png\" alt=\"Avertissement\" \/><strong>AVERTISSEMENT :<\/strong> Ce produit peut vous exposer \u00e0 des produits chimiques, notamment le 1,3-butadi\u00e8ne, qui est reconnu par l'\u00c9tat de Californie comme une cause de cancer, de malformations cong\u00e9nitales ou d'autres troubles de la reproduction. Pour plus d'informations, consultez le site <a href=\"http:\/\/P65Warnings.ca.gov\" target=\"_blank\" rel=\"noopener\">P65Avertissements.ca.gov<\/a>.<\/p>\n<p> <!--- cis2:mm1rl5hl ---><\/p>","protected":false},"excerpt":{"rendered":"<p>ICE 55 Ice Fishing Flasher Humminbird&#8217;s ICE 55 Ice Flasher from Humminbird carries revolutionary features built and designed for the diehard ice fisherman. The ICE 55 Ice Flasher feature a fiber-optic flasher display and a backlit LCD for exceptional performance in any level of light, making this flasher easy to use on those blinding, sunny [&hellip;]<\/p>\n","protected":false},"featured_media":2665,"comment_status":"open","ping_status":"closed","template":"","meta":{"_acf_changed":false},"product_brand":[],"product_cat":[236,251,20],"product_tag":[],"class_list":{"0":"post-109573","1":"product","2":"type-product","3":"status-publish","4":"has-post-thumbnail","6":"product_cat-humminbird-fish-finders","7":"product_cat-ice","8":"product_cat-humminbird","10":"first","11":"onbackorder","12":"taxable","13":"shipping-taxable","14":"purchasable","15":"product-type-simple"},"acf":[],"_links":{"self":[{"href":"https:\/\/testing.fishntech.com\/fr\/wp-json\/wp\/v2\/product\/109573","targetHints":{"allow":["GET"]}}],"collection":[{"href":"https:\/\/testing.fishntech.com\/fr\/wp-json\/wp\/v2\/product"}],"about":[{"href":"https:\/\/testing.fishntech.com\/fr\/wp-json\/wp\/v2\/types\/product"}],"replies":[{"embeddable":true,"href":"https:\/\/testing.fishntech.com\/fr\/wp-json\/wp\/v2\/comments?post=109573"}],"version-history":[{"count":1,"href":"https:\/\/testing.fishntech.com\/fr\/wp-json\/wp\/v2\/product\/109573\/revisions"}],"predecessor-version":[{"id":119863,"href":"https:\/\/testing.fishntech.com\/fr\/wp-json\/wp\/v2\/product\/109573\/revisions\/119863"}],"wp:featuredmedia":[{"embeddable":true,"href":"https:\/\/testing.fishntech.com\/fr\/wp-json\/wp\/v2\/media\/2665"}],"wp:attachment":[{"href":"https:\/\/testing.fishntech.com\/fr\/wp-json\/wp\/v2\/media?parent=109573"}],"wp:term":[{"taxonomy":"product_brand","embeddable":true,"href":"https:\/\/testing.fishntech.com\/fr\/wp-json\/wp\/v2\/product_brand?post=109573"},{"taxonomy":"product_cat","embeddable":true,"href":"https:\/\/testing.fishntech.com\/fr\/wp-json\/wp\/v2\/product_cat?post=109573"},{"taxonomy":"product_tag","embeddable":true,"href":"https:\/\/testing.fishntech.com\/fr\/wp-json\/wp\/v2\/product_tag?post=109573"}],"curies":[{"name":"wp","href":"https:\/\/api.w.org\/{rel}","templated":true}]}}