{"id":109574,"date":"2025-02-19T22:29:23","date_gmt":"2025-02-19T22:29:23","guid":{"rendered":"https:\/\/testing.fishntech.com\/product\/hdr-650-black-white-or-chrome-bezel-with-tm-transducer\/"},"modified":"2025-06-05T17:38:49","modified_gmt":"2025-06-05T17:38:49","slug":"humminbird-hdr-650-black-white-or-chrome-bezel-w-tm-tranducer","status":"publish","type":"product","link":"https:\/\/testing.fishntech.com\/fr\/product\/humminbird-hdr-650-black-white-or-chrome-bezel-w-tm-tranducer\/","title":{"rendered":"HDR 650 Black, White, or Chrome Bezel with TM Transducer"},"content":{"rendered":"<h3>HDR 650 Black, White, or Chrome Bezel with TM Transducer<\/h3>\n<p>The HDR 650 In-Dash Digital Depth Sounder gives you instant, reliable digital depth readings, and offers customizable bezel and face colors to complement italled gauges. This unit comes packed with a transom mount transducer. Bezel colors included: White, Black and Chrome. Face plate colors included: White and Black.<\/p>\n<p><b>Highlights<\/b><\/p>\n<ul>\n<li>Easy to Install into Existing 2 1\/8 inch gauge opening\n<li>Completely waterproof\n<li>Easy to read large, backlit LCD display for use at night \n<li>Wires to Ignition Switch for Auto Power On\n<li>Shallow and Deep Depth Alarms \n<li>Reads in Feet \n<li>Tracks Bottom Up to 70 MP<\/li>\n<\/ul>\n<p><b>Specs<\/b><br \/><ul><li>1.25&#8243; LCD Display<br \/><li>200kHz operating frequency<br \/><li>600 ft depth<br \/><li>Deep\/Shallow water alarms<\/li><\/ul><\/p>\n<p><img decoding=\"async\" src=\"https:\/\/productimageserver.com\/prop65\/6pt.png\" alt=\"Avertissement\" \/><strong>AVERTISSEMENT :<\/strong> Ce produit peut vous exposer \u00e0 des produits chimiques, notamment le 1,3-butadi\u00e8ne, qui est reconnu par l'\u00c9tat de Californie comme une cause de cancer, de malformations cong\u00e9nitales ou d'autres troubles de la reproduction. Pour plus d'informations, consultez le site <a href=\"http:\/\/P65Warnings.ca.gov\" target=\"_blank\" rel=\"noopener\">P65Avertissements.ca.gov<\/a>.<\/p>\n<p> <!--- cis2:mm1rl5hl ---><\/p>","protected":false},"excerpt":{"rendered":"<p>HDR 650 Black, White, or Chrome Bezel with TM Transducer The HDR 650 In-Dash Digital Depth Sounder gives you instant, reliable digital depth readings, and offers customizable bezel and face colors to complement italled gauges. This unit comes packed with a transom mount transducer. Bezel colors included: White, Black and Chrome. Face plate colors included: [&hellip;]<\/p>\n","protected":false},"featured_media":2667,"comment_status":"open","ping_status":"closed","template":"","meta":{"_acf_changed":false},"product_brand":[],"product_cat":[243,236,20],"product_tag":[],"class_list":{"0":"post-109574","1":"product","2":"type-product","3":"status-publish","4":"has-post-thumbnail","6":"product_cat-hdr","7":"product_cat-humminbird-fish-finders","8":"product_cat-humminbird","10":"first","11":"onbackorder","12":"taxable","13":"shipping-taxable","14":"purchasable","15":"product-type-simple"},"acf":[],"_links":{"self":[{"href":"https:\/\/testing.fishntech.com\/fr\/wp-json\/wp\/v2\/product\/109574","targetHints":{"allow":["GET"]}}],"collection":[{"href":"https:\/\/testing.fishntech.com\/fr\/wp-json\/wp\/v2\/product"}],"about":[{"href":"https:\/\/testing.fishntech.com\/fr\/wp-json\/wp\/v2\/types\/product"}],"replies":[{"embeddable":true,"href":"https:\/\/testing.fishntech.com\/fr\/wp-json\/wp\/v2\/comments?post=109574"}],"version-history":[{"count":1,"href":"https:\/\/testing.fishntech.com\/fr\/wp-json\/wp\/v2\/product\/109574\/revisions"}],"predecessor-version":[{"id":119864,"href":"https:\/\/testing.fishntech.com\/fr\/wp-json\/wp\/v2\/product\/109574\/revisions\/119864"}],"wp:featuredmedia":[{"embeddable":true,"href":"https:\/\/testing.fishntech.com\/fr\/wp-json\/wp\/v2\/media\/2667"}],"wp:attachment":[{"href":"https:\/\/testing.fishntech.com\/fr\/wp-json\/wp\/v2\/media?parent=109574"}],"wp:term":[{"taxonomy":"product_brand","embeddable":true,"href":"https:\/\/testing.fishntech.com\/fr\/wp-json\/wp\/v2\/product_brand?post=109574"},{"taxonomy":"product_cat","embeddable":true,"href":"https:\/\/testing.fishntech.com\/fr\/wp-json\/wp\/v2\/product_cat?post=109574"},{"taxonomy":"product_tag","embeddable":true,"href":"https:\/\/testing.fishntech.com\/fr\/wp-json\/wp\/v2\/product_tag?post=109574"}],"curies":[{"name":"wp","href":"https:\/\/api.w.org\/{rel}","templated":true}]}}