{"id":109576,"date":"2025-02-19T22:29:25","date_gmt":"2025-02-19T22:29:25","guid":{"rendered":"https:\/\/testing.fishntech.com\/product\/as-gps-hs-precision-gps-antenna-with-heading-sensor\/"},"modified":"2025-06-05T17:38:49","modified_gmt":"2025-06-05T17:38:49","slug":"humminbird-as-gps-hs-precision-gps-antenna-w-heading-sensor","status":"publish","type":"product","link":"https:\/\/testing.fishntech.com\/fr\/product\/humminbird-as-gps-hs-precision-gps-antenna-w-heading-sensor\/","title":{"rendered":"AS GPS HS Precision GPS Antenna with Heading Sensor"},"content":{"rendered":"<h3>AS GPS HS Precision GPS Antenna with Heading Sensor<\/h3>\n<p>See compass information and your boat&#8217;s orientation while moving or sitting still with this integrated heading sensor and GPS antenna. (Standard with 360 Imaging&#8482;)<\/p>\n<ul><li>Provides accurate Course Over Ground (COG) reading and position fixes within 2.5M, even in lower signal areas.<br \/><li>When used with 360 Imaging, provides the ability to mark accurate waypoints anywhere on the screen.<\/li><\/ul>\n<p><img decoding=\"async\" src=\"https:\/\/productimageserver.com\/prop65\/6pt.png\" alt=\"Avertissement\" \/><strong>AVERTISSEMENT :<\/strong> Ce produit peut vous exposer \u00e0 des produits chimiques, y compris le LEAD qui est reconnu par l'\u00c9tat de Californie comme causant le cancer, des anomalies cong\u00e9nitales ou d'autres troubles de la reproduction. Pour plus d'informations, consultez le site <a href=\"http:\/\/P65Warnings.ca.gov\" target=\"_blank\" rel=\"noopener\">P65Avertissements.ca.gov<\/a>.<\/p>\n<p> <!--- cis2:mm1rl5hl ---><\/p>","protected":false},"excerpt":{"rendered":"<p>AS GPS HS Precision GPS Antenna with Heading Sensor See compass information and your boat&#8217;s orientation while moving or sitting still with this integrated heading sensor and GPS antenna. (Standard with 360 Imaging&#8482;) Provides accurate Course Over Ground (COG) reading and position fixes within 2.5M, even in lower signal areas.When used with 360 Imaging, provides [&hellip;]<\/p>\n","protected":false},"featured_media":2692,"comment_status":"open","ping_status":"closed","template":"","meta":{"_acf_changed":false},"product_brand":[],"product_cat":[255,237,20],"product_tag":[],"class_list":{"0":"post-109576","1":"product","2":"type-product","3":"status-publish","4":"has-post-thumbnail","6":"product_cat-gps-antennas","7":"product_cat-humminbird-networking","8":"product_cat-humminbird","10":"first","11":"instock","12":"taxable","13":"shipping-taxable","14":"purchasable","15":"product-type-simple"},"acf":[],"_links":{"self":[{"href":"https:\/\/testing.fishntech.com\/fr\/wp-json\/wp\/v2\/product\/109576","targetHints":{"allow":["GET"]}}],"collection":[{"href":"https:\/\/testing.fishntech.com\/fr\/wp-json\/wp\/v2\/product"}],"about":[{"href":"https:\/\/testing.fishntech.com\/fr\/wp-json\/wp\/v2\/types\/product"}],"replies":[{"embeddable":true,"href":"https:\/\/testing.fishntech.com\/fr\/wp-json\/wp\/v2\/comments?post=109576"}],"version-history":[{"count":1,"href":"https:\/\/testing.fishntech.com\/fr\/wp-json\/wp\/v2\/product\/109576\/revisions"}],"predecessor-version":[{"id":119866,"href":"https:\/\/testing.fishntech.com\/fr\/wp-json\/wp\/v2\/product\/109576\/revisions\/119866"}],"wp:featuredmedia":[{"embeddable":true,"href":"https:\/\/testing.fishntech.com\/fr\/wp-json\/wp\/v2\/media\/2692"}],"wp:attachment":[{"href":"https:\/\/testing.fishntech.com\/fr\/wp-json\/wp\/v2\/media?parent=109576"}],"wp:term":[{"taxonomy":"product_brand","embeddable":true,"href":"https:\/\/testing.fishntech.com\/fr\/wp-json\/wp\/v2\/product_brand?post=109576"},{"taxonomy":"product_cat","embeddable":true,"href":"https:\/\/testing.fishntech.com\/fr\/wp-json\/wp\/v2\/product_cat?post=109576"},{"taxonomy":"product_tag","embeddable":true,"href":"https:\/\/testing.fishntech.com\/fr\/wp-json\/wp\/v2\/product_tag?post=109576"}],"curies":[{"name":"wp","href":"https:\/\/api.w.org\/{rel}","templated":true}]}}