{"id":109578,"date":"2025-02-19T22:29:26","date_gmt":"2025-02-19T22:29:26","guid":{"rendered":"https:\/\/testing.fishntech.com\/product\/as-grp-precision-gps-antenna\/"},"modified":"2025-06-05T17:38:49","modified_gmt":"2025-06-05T17:38:49","slug":"humminbird-as-grp-precision-gps-antenna","status":"publish","type":"product","link":"https:\/\/testing.fishntech.com\/fr\/product\/humminbird-as-grp-precision-gps-antenna\/","title":{"rendered":"Antenne GPS de pr\u00e9cision AS GRP"},"content":{"rendered":"<h3>Antenne GPS de pr\u00e9cision AS GRP<\/h3>\n<p>Precision GPS\/WAAS receiver provides fast position fixes accurate within 2.5 meters. Provides more accurate position fixes than the industry standar GPS.<\/p>\n<p>The receiver&#8217;s dimension are: 3.25&#8243; diameter, 1.5&#8243; high and comes with 20&#8242; cable and has a 1&#8243;-14 thread count stem mountable with an optional atenna stem (atenna stem not included).<\/p>\n<p><img decoding=\"async\" src=\"https:\/\/productimageserver.com\/prop65\/6pt.png\" alt=\"Avertissement\" \/><strong>AVERTISSEMENT :<\/strong> Ce produit peut vous exposer \u00e0 des produits chimiques, y compris le LEAD qui est reconnu par l'\u00c9tat de Californie comme causant le cancer, des anomalies cong\u00e9nitales ou d'autres troubles de la reproduction. Pour plus d'informations, consultez le site <a href=\"http:\/\/P65Warnings.ca.gov\" target=\"_blank\" rel=\"noopener\">P65Avertissements.ca.gov<\/a>.<\/p>\n<p> <!--- cis2:mm1rl5hl ---><\/p>","protected":false},"excerpt":{"rendered":"<p>AS GRP Precision GPS Antenna Precision GPS\/WAAS receiver provides fast position fixes accurate within 2.5 meters. Provides more accurate position fixes than the industry standar GPS. The receiver&#8217;s dimension are: 3.25&#8243; diameter, 1.5&#8243; high and comes with 20&#8242; cable and has a 1&#8243;-14 thread count stem mountable with an optional atenna stem (atenna stem not [&hellip;]<\/p>\n","protected":false},"featured_media":2719,"comment_status":"open","ping_status":"closed","template":"","meta":{"_acf_changed":false},"product_brand":[],"product_cat":[255,237,20],"product_tag":[],"class_list":{"0":"post-109578","1":"product","2":"type-product","3":"status-publish","4":"has-post-thumbnail","6":"product_cat-gps-antennas","7":"product_cat-humminbird-networking","8":"product_cat-humminbird","10":"first","11":"onbackorder","12":"taxable","13":"shipping-taxable","14":"purchasable","15":"product-type-simple"},"acf":[],"_links":{"self":[{"href":"https:\/\/testing.fishntech.com\/fr\/wp-json\/wp\/v2\/product\/109578","targetHints":{"allow":["GET"]}}],"collection":[{"href":"https:\/\/testing.fishntech.com\/fr\/wp-json\/wp\/v2\/product"}],"about":[{"href":"https:\/\/testing.fishntech.com\/fr\/wp-json\/wp\/v2\/types\/product"}],"replies":[{"embeddable":true,"href":"https:\/\/testing.fishntech.com\/fr\/wp-json\/wp\/v2\/comments?post=109578"}],"version-history":[{"count":1,"href":"https:\/\/testing.fishntech.com\/fr\/wp-json\/wp\/v2\/product\/109578\/revisions"}],"predecessor-version":[{"id":119868,"href":"https:\/\/testing.fishntech.com\/fr\/wp-json\/wp\/v2\/product\/109578\/revisions\/119868"}],"wp:featuredmedia":[{"embeddable":true,"href":"https:\/\/testing.fishntech.com\/fr\/wp-json\/wp\/v2\/media\/2719"}],"wp:attachment":[{"href":"https:\/\/testing.fishntech.com\/fr\/wp-json\/wp\/v2\/media?parent=109578"}],"wp:term":[{"taxonomy":"product_brand","embeddable":true,"href":"https:\/\/testing.fishntech.com\/fr\/wp-json\/wp\/v2\/product_brand?post=109578"},{"taxonomy":"product_cat","embeddable":true,"href":"https:\/\/testing.fishntech.com\/fr\/wp-json\/wp\/v2\/product_cat?post=109578"},{"taxonomy":"product_tag","embeddable":true,"href":"https:\/\/testing.fishntech.com\/fr\/wp-json\/wp\/v2\/product_tag?post=109578"}],"curies":[{"name":"wp","href":"https:\/\/api.w.org\/{rel}","templated":true}]}}