{"id":109581,"date":"2025-02-19T22:29:28","date_gmt":"2025-02-19T22:29:28","guid":{"rendered":"https:\/\/testing.fishntech.com\/product\/piranhamax-4\/"},"modified":"2025-06-05T17:38:50","modified_gmt":"2025-06-05T17:38:50","slug":"humminbird-piranhamax-4","status":"publish","type":"product","link":"https:\/\/testing.fishntech.com\/fr\/product\/humminbird-piranhamax-4\/","title":{"rendered":"Piranhamax 4"},"content":{"rendered":"<h3>Piranhamax 4<\/h3>\n<p>The PiranhaMAX 4 features a 256 color 480V X 272H, 4.3&#8243; display with 2400 watts PTP power output with Dual Frequency sonar. <\/p>\n<p><img decoding=\"async\" src=\"https:\/\/productimageserver.com\/prop65\/6pt.png\" alt=\"Avertissement\" \/><strong>AVERTISSEMENT :<\/strong> Ce produit peut vous exposer \u00e0 des produits chimiques, notamment le 1,3-butadi\u00e8ne, qui est reconnu par l'\u00c9tat de Californie comme une cause de cancer, de malformations cong\u00e9nitales ou d'autres troubles de la reproduction. Pour plus d'informations, consultez le site <a href=\"http:\/\/P65Warnings.ca.gov\" target=\"_blank\" rel=\"noopener\">P65Avertissements.ca.gov<\/a>.<\/p>\n<p> <!--- cis2:mm1rl5hl ---><\/p>","protected":false},"excerpt":{"rendered":"<p>Piranhamax 4 The PiranhaMAX 4 features a 256 color 480V X 272H, 4.3&#8243; display with 2400 watts PTP power output with Dual Frequency sonar. WARNING: This product can expose you to chemicals including 1,3-Butadiene which is known to the State of California to cause cancer, birth defects or other reproductive harm. For more information go [&hellip;]<\/p>\n","protected":false},"featured_media":2721,"comment_status":"open","ping_status":"closed","template":"","meta":{"_acf_changed":false},"product_brand":[],"product_cat":[236,252,20],"product_tag":[],"class_list":{"0":"post-109581","1":"product","2":"type-product","3":"status-publish","4":"has-post-thumbnail","6":"product_cat-humminbird-fish-finders","7":"product_cat-piranha-max","8":"product_cat-humminbird","10":"first","11":"instock","12":"taxable","13":"shipping-taxable","14":"purchasable","15":"product-type-simple"},"acf":[],"_links":{"self":[{"href":"https:\/\/testing.fishntech.com\/fr\/wp-json\/wp\/v2\/product\/109581","targetHints":{"allow":["GET"]}}],"collection":[{"href":"https:\/\/testing.fishntech.com\/fr\/wp-json\/wp\/v2\/product"}],"about":[{"href":"https:\/\/testing.fishntech.com\/fr\/wp-json\/wp\/v2\/types\/product"}],"replies":[{"embeddable":true,"href":"https:\/\/testing.fishntech.com\/fr\/wp-json\/wp\/v2\/comments?post=109581"}],"version-history":[{"count":1,"href":"https:\/\/testing.fishntech.com\/fr\/wp-json\/wp\/v2\/product\/109581\/revisions"}],"predecessor-version":[{"id":119871,"href":"https:\/\/testing.fishntech.com\/fr\/wp-json\/wp\/v2\/product\/109581\/revisions\/119871"}],"wp:featuredmedia":[{"embeddable":true,"href":"https:\/\/testing.fishntech.com\/fr\/wp-json\/wp\/v2\/media\/2721"}],"wp:attachment":[{"href":"https:\/\/testing.fishntech.com\/fr\/wp-json\/wp\/v2\/media?parent=109581"}],"wp:term":[{"taxonomy":"product_brand","embeddable":true,"href":"https:\/\/testing.fishntech.com\/fr\/wp-json\/wp\/v2\/product_brand?post=109581"},{"taxonomy":"product_cat","embeddable":true,"href":"https:\/\/testing.fishntech.com\/fr\/wp-json\/wp\/v2\/product_cat?post=109581"},{"taxonomy":"product_tag","embeddable":true,"href":"https:\/\/testing.fishntech.com\/fr\/wp-json\/wp\/v2\/product_tag?post=109581"}],"curies":[{"name":"wp","href":"https:\/\/api.w.org\/{rel}","templated":true}]}}