{"id":109585,"date":"2025-02-19T22:29:31","date_gmt":"2025-02-19T22:29:31","guid":{"rendered":"https:\/\/testing.fishntech.com\/product\/helix-5-sonar-g2\/"},"modified":"2025-06-05T17:38:50","modified_gmt":"2025-06-05T17:38:50","slug":"humminbird-helix-5-sonar-g2","status":"publish","type":"product","link":"https:\/\/testing.fishntech.com\/fr\/product\/humminbird-helix-5-sonar-g2\/","title":{"rendered":"HELIX 5 Sonar G2"},"content":{"rendered":"<h3>HELIX 5 Sonar G2<\/h3>\n<p>The HELIX 5 Sonar G2 with an improved user interface and operating system, features a brilliant 800H x 480V, 5&#8243; 256 color display with backlight.  DualBeam PLUS sonar with 4000 watts PTP power output. Maximize your angling experience with the Humminbird HELIX 5 Sonar G2 fishfinder system.<\/p>\n<p><img decoding=\"async\" src=\"https:\/\/productimageserver.com\/prop65\/6pt.png\" alt=\"Avertissement\" \/><strong>AVERTISSEMENT :<\/strong> Ce produit peut vous exposer \u00e0 des produits chimiques, notamment le 1,3-butadi\u00e8ne, qui est reconnu par l'\u00c9tat de Californie comme une cause de cancer, de malformations cong\u00e9nitales ou d'autres troubles de la reproduction. Pour plus d'informations, consultez le site <a href=\"http:\/\/P65Warnings.ca.gov\" target=\"_blank\" rel=\"noopener\">P65Avertissements.ca.gov<\/a>.<\/p>\n<p> <!--- cis2:mm1rl5hl ---><\/p>","protected":false},"excerpt":{"rendered":"<p>HELIX 5 Sonar G2 The HELIX 5 Sonar G2 with an improved user interface and operating system, features a brilliant 800H x 480V, 5&#8243; 256 color display with backlight. DualBeam PLUS sonar with 4000 watts PTP power output. Maximize your angling experience with the Humminbird HELIX 5 Sonar G2 fishfinder system. WARNING: This product can [&hellip;]<\/p>\n","protected":false},"featured_media":2755,"comment_status":"open","ping_status":"closed","template":"","meta":{"_acf_changed":false},"product_brand":[],"product_cat":[247,836,236,20],"product_tag":[],"class_list":{"0":"post-109585","1":"product","2":"type-product","3":"status-publish","4":"has-post-thumbnail","6":"product_cat-helix-5","7":"product_cat-helix","8":"product_cat-humminbird-fish-finders","9":"product_cat-humminbird","11":"first","12":"instock","13":"taxable","14":"shipping-taxable","15":"purchasable","16":"product-type-simple"},"acf":[],"_links":{"self":[{"href":"https:\/\/testing.fishntech.com\/fr\/wp-json\/wp\/v2\/product\/109585","targetHints":{"allow":["GET"]}}],"collection":[{"href":"https:\/\/testing.fishntech.com\/fr\/wp-json\/wp\/v2\/product"}],"about":[{"href":"https:\/\/testing.fishntech.com\/fr\/wp-json\/wp\/v2\/types\/product"}],"replies":[{"embeddable":true,"href":"https:\/\/testing.fishntech.com\/fr\/wp-json\/wp\/v2\/comments?post=109585"}],"version-history":[{"count":1,"href":"https:\/\/testing.fishntech.com\/fr\/wp-json\/wp\/v2\/product\/109585\/revisions"}],"predecessor-version":[{"id":119875,"href":"https:\/\/testing.fishntech.com\/fr\/wp-json\/wp\/v2\/product\/109585\/revisions\/119875"}],"wp:featuredmedia":[{"embeddable":true,"href":"https:\/\/testing.fishntech.com\/fr\/wp-json\/wp\/v2\/media\/2755"}],"wp:attachment":[{"href":"https:\/\/testing.fishntech.com\/fr\/wp-json\/wp\/v2\/media?parent=109585"}],"wp:term":[{"taxonomy":"product_brand","embeddable":true,"href":"https:\/\/testing.fishntech.com\/fr\/wp-json\/wp\/v2\/product_brand?post=109585"},{"taxonomy":"product_cat","embeddable":true,"href":"https:\/\/testing.fishntech.com\/fr\/wp-json\/wp\/v2\/product_cat?post=109585"},{"taxonomy":"product_tag","embeddable":true,"href":"https:\/\/testing.fishntech.com\/fr\/wp-json\/wp\/v2\/product_tag?post=109585"}],"curies":[{"name":"wp","href":"https:\/\/api.w.org\/{rel}","templated":true}]}}