{"id":109589,"date":"2025-02-19T22:29:34","date_gmt":"2025-02-19T22:29:34","guid":{"rendered":"https:\/\/testing.fishntech.com\/product\/apex-19-msi-chartplotter\/"},"modified":"2025-06-05T17:38:51","modified_gmt":"2025-06-05T17:38:51","slug":"traceur-de-cartes-humminbird-apex-19-msi","status":"publish","type":"product","link":"https:\/\/testing.fishntech.com\/fr\/product\/humminbird-apex-19-msi-chartplotter\/","title":{"rendered":"APEX 19 MSI+ Chartplotter"},"content":{"rendered":"<h3>APEX 19 MSI+ Chartplotter<\/h3>\n<p>The APEX 19 MSI+ CHARTPLOTTER provides the clearest sonar imaging on the sharpest multi-function display that that anglers have ever seen. Industry-leading MEGA Imaging+ and Dual Spectrum CHIRP sonar come standard, with even more performance from a dedicated sonar channel for accessory 2D CHIRP transducers up to 2kW. See it all clearly with a 18.5&#8243; Full-HD touchscreen that provides customized display of information from advanced network options like NMEA 2000&reg;, HDMI In\/Out, WiFi and Bluetooth&reg;. Add the power of the One-Boat Network&trade; to integrate the accuracy of Humminbird GPS charts, unrivaled boat control from Minn Kota&reg; and reach new depths with wireless Cannon&reg; downrigger control. &nbsp;The APEX Series is the kind of MFD that will take you fishing to a new level.&nbsp;<\/p>\n<p><strong>Caract\u00e9ristiques :<\/strong><\/p>\n<ul>\n<li>Full HD Display with Cross Touch&reg; interface: APEX delivers eye-popping detail with a 1920H x 1080V display. See the incredible detail of sonar and chart images that will ensure you never miss a thing. Control it all &nbsp;using the touchscreen or the keypad&mdash;it&#8217;s up to you.<\/li>\n<li>Customized Experience: &nbsp;Utilize an intuitive user interface and sidebar menu which provide customizable settings and view combinations to make your fishing experience all your own.<\/li>\n<li>Processeur double c\u0153ur : Effectuez n'importe quelle t\u00e2che avec rapidit\u00e9 et facilit\u00e9, gr\u00e2ce \u00e0 l'interface ultra-r\u00e9active et \u00e0 la puissance de traitement am\u00e9lior\u00e9e. &nbsp;<\/li>\n<li>Sonar Humminbird \u00e0 la pointe de l'industrie : \u00c9quip\u00e9 de MEGA Side Imaging+, MEGA Down Imaging+ et du sonar Dual Spectrum CHIRP pour vous permettre de garder le cap sur le poisson. MEGA Imaging+ offre des vues jusqu'\u00e0 250\u2032 sous et de chaque c\u00f4t\u00e9 de votre bateau et Dual Spectrum CHIRP affiche un sonar 2D exceptionnel avec une s\u00e9paration des cibles et une clart\u00e9 des poissons sup\u00e9rieures.&nbsp;<\/li>\n<li>Sondeur CHIRP \u00e0 deux canaux : Les ports sonar doubles permettent la connexion avec toutes les options sonar Humminbird, ainsi qu'un port d\u00e9di\u00e9 pour les transducteurs 2D CHIRP jusqu'\u00e0 2kW.&nbsp;<\/li>\n<li>GPS interne et carte de base Humminbird : Notre carte de base am\u00e9lior\u00e9e vous offre une vue claire du terrain sous-marin et des points d'int\u00e9r\u00eat environnants afin que vous puissiez p\u00eacher et naviguer en toute confiance. Identifiez les bou\u00e9es, les marqueurs de jour, les dangers, les marinas, les contours, les marqueurs de profondeur et bien plus encore. Inclut les cartes de plus de 10 000 lacs, ainsi que la couverture c\u00f4ti\u00e8re des \u00c9tats-Unis continentaux.<\/li>\n<li>Premium Chart Compatible: Humminbird provides the most complete offering of premium chart options to anglers everywhere. Get a complete view of the world below with optional charts from Humminbird&#8217;s LakeMaster&reg; and CoastMaster&trade; products, as well as your choice of compatible Navionics&reg; charts.&nbsp;<\/li>\n<li>AutoChart Live: Create real-time maps of your fishing spots, with access to patented Humminbird&reg; LakeMaster&reg; features. Map depth contours, bottom hardness and vegetation as you drive your boat. &nbsp;Comes standard with eight (8) hours of built-in recording time and is compatible with AutoChart Zero Line SD cards for virtually-endless AutoChart Live mapping capacity.<\/li>\n<li>Compatible avec le r\u00e9seau One-Boat : De nombreux mod\u00e8les Humminbird s'int\u00e8grent et communiquent de fa\u00e7on transparente avec les produits Minn Kota et Cannon afin d'offrir davantage de fonctions et de possibilit\u00e9s aux p\u00eacheurs du monde entier. Profitez au maximum de votre temps sur l'eau gr\u00e2ce aux fonctions exclusives de contr\u00f4le du bateau et de capture de poissons du One-Boat Network.&nbsp;<\/li>\n<li>Ports Ethernet doubles : Cr\u00e9ez un syst\u00e8me de p\u00eache puissant et de qualit\u00e9 professionnelle gr\u00e2ce aux doubles ports Ethernet des traceurs de cartes APEX. Mettez facilement vos produits en r\u00e9seau sans avoir besoin d'un concentrateur de r\u00e9seau externe, ce qui permet de connecter plusieurs t\u00eates de commande et des accessoires Ethernet tels que Minn Kota i-Pilot Link et Humminbird CHIRP Radar.<\/li>\n<li>Compatible HMDI : Vous pouvez tout voir gr\u00e2ce aux ports d'entr\u00e9e HMDI et de sortie HDMI ind\u00e9pendants de l'APEX. Connectez et visualisez des cam\u00e9ras et des sources vid\u00e9o accessoires, ainsi que des sorties vers des \u00e9crans accessoires pour plus d'options de visualisation et de montage.&nbsp;<\/li>\n<li>Bluetooth : Prenez le contr\u00f4le directement \u00e0 partir de l'\u00e9cran de votre Humminbird gr\u00e2ce \u00e0 la communication sans fil avec les ancres en eau peu profonde Talon et Raptor compatibles, ainsi qu'avec les downriggers Optimum de Cannon. D'autres caract\u00e9ristiques comprennent les mises \u00e0 jour logicielles sans fil \u00e0 partir de l'application Humminbird FishSmart et l'affichage des notifications de votre t\u00e9l\u00e9phone intelligent sur votre Humminbird.&nbsp;<\/li>\n<li>NMEA 2000 networking built-in: Connect an accessory NMEA 2000 network to your control head for even more information; from boat performance to weather and water conditions, make sense of it all with NMEA 2000 networking. Additionally, APEX is compatible with CZone&reg; Contact 6, Contact 6 Plus and digital switching devices.<\/li>\n<li>Comprend la t\u00eate de commande, le transducteur \u00e0 monter sur le tableau arri\u00e8re, le mat\u00e9riel de montage, le c\u00e2ble d'alimentation et le support de montage du cardan.&nbsp;<\/li>\n<li>Le produit est assorti d'une garantie limit\u00e9e de 2 ans.<\/li>\n<\/ul>\n<p> <!--- cis2:mm1rl5hl ---><\/p>","protected":false},"excerpt":{"rendered":"<p>APEX 19 MSI+ Chartplotter The APEX 19 MSI+ CHARTPLOTTER provides the clearest sonar imaging on the sharpest multi-function display that that anglers have ever seen. Industry-leading MEGA Imaging+ and Dual Spectrum CHIRP sonar come standard, with even more performance from a dedicated sonar channel for accessory 2D CHIRP transducers up to 2kW. See it all [&hellip;]<\/p>\n","protected":false},"featured_media":2926,"comment_status":"open","ping_status":"closed","template":"","meta":{"_acf_changed":false},"product_brand":[],"product_cat":[242,236,20],"product_tag":[],"class_list":{"0":"post-109589","1":"product","2":"type-product","3":"status-publish","4":"has-post-thumbnail","6":"product_cat-apex","7":"product_cat-humminbird-fish-finders","8":"product_cat-humminbird","10":"first","11":"onbackorder","12":"taxable","13":"shipping-taxable","14":"purchasable","15":"product-type-simple"},"acf":[],"_links":{"self":[{"href":"https:\/\/testing.fishntech.com\/fr\/wp-json\/wp\/v2\/product\/109589","targetHints":{"allow":["GET"]}}],"collection":[{"href":"https:\/\/testing.fishntech.com\/fr\/wp-json\/wp\/v2\/product"}],"about":[{"href":"https:\/\/testing.fishntech.com\/fr\/wp-json\/wp\/v2\/types\/product"}],"replies":[{"embeddable":true,"href":"https:\/\/testing.fishntech.com\/fr\/wp-json\/wp\/v2\/comments?post=109589"}],"version-history":[{"count":1,"href":"https:\/\/testing.fishntech.com\/fr\/wp-json\/wp\/v2\/product\/109589\/revisions"}],"predecessor-version":[{"id":119879,"href":"https:\/\/testing.fishntech.com\/fr\/wp-json\/wp\/v2\/product\/109589\/revisions\/119879"}],"wp:featuredmedia":[{"embeddable":true,"href":"https:\/\/testing.fishntech.com\/fr\/wp-json\/wp\/v2\/media\/2926"}],"wp:attachment":[{"href":"https:\/\/testing.fishntech.com\/fr\/wp-json\/wp\/v2\/media?parent=109589"}],"wp:term":[{"taxonomy":"product_brand","embeddable":true,"href":"https:\/\/testing.fishntech.com\/fr\/wp-json\/wp\/v2\/product_brand?post=109589"},{"taxonomy":"product_cat","embeddable":true,"href":"https:\/\/testing.fishntech.com\/fr\/wp-json\/wp\/v2\/product_cat?post=109589"},{"taxonomy":"product_tag","embeddable":true,"href":"https:\/\/testing.fishntech.com\/fr\/wp-json\/wp\/v2\/product_tag?post=109589"}],"curies":[{"name":"wp","href":"https:\/\/api.w.org\/{rel}","templated":true}]}}