{"id":109610,"date":"2025-02-19T22:29:48","date_gmt":"2025-02-19T22:29:48","guid":{"rendered":"https:\/\/testing.fishntech.com\/product\/helix-10-mega-di-gps-g4n\/"},"modified":"2025-06-05T17:38:55","modified_gmt":"2025-06-05T17:38:55","slug":"helix-10-mega-di-gps-g4n","status":"publish","type":"product","link":"https:\/\/testing.fishntech.com\/fr\/product\/helix-10-mega-di-gps-g4n\/","title":{"rendered":"HELIX 10 MEGA DI+ GPS G4N"},"content":{"rendered":"<h3>HELIX 10 MEGA DI+ GPS G4N<\/h3>\n<p>The HELIX 10 CHIRP MDI+ GPS G4N features a 10.1&#8243; display, MEGA Down Imaging+, Dual Spectrum CHIRP Sonar and internal GPS with Humminbird Basemap. As with all HELIX G4N models, this HELIX 10 includes standard features such as AutoChart Live, Wi-Fi and NMEA 2000\u00ae, in addition to Bluetooth\u00ae and Ethernet networking for compatibility with the One-Boat Network\u2122 family of products from Humminbird, Minn Kota and Cannon.<\/p>\n<p><strong>Caract\u00e9ristiques :<\/strong><\/p>\n<ul>\n<li>Keypad control: Master HELIX at the touch of a button. Access the preloaded views from the user-friendly menu system, operated by soft key controls that allow you to reliably operate your fish finder in any condition.<\/li>\n<li>MEGA Down Imaging+: Get unprecedented underwater clarity with Down Imaging coverage down to 200 feet below your boat. You&#8217;ll unlock more fish and structure with 20% more detail and 60% more depth capability than MEGA Down Imaging sonar.<\/li>\n<li>Dual Spectrum CHIRP sonar: Before you cast, know what&#8217;s down there thanks to highly-detailed fish arches and a clear view of fish-holding structure and the bottom. Powered by our proprietary, Low-Q CHIRP transducer, Dual Spectrum offers two ways to search; Wide Mode for maximum coverage and Narrow Mode for focusing on the slightest detail.<\/li>\n<li>GPS interne et carte de base Humminbird : Notre carte de base am\u00e9lior\u00e9e vous offre une vue claire du terrain sous-marin et des points d'int\u00e9r\u00eat environnants afin que vous puissiez p\u00eacher et naviguer en toute confiance. Identifiez les bou\u00e9es, les marqueurs de jour, les dangers, les marinas, les contours, les marqueurs de profondeur et bien plus encore. Inclut les cartes de plus de 10 000 lacs, ainsi que la couverture c\u00f4ti\u00e8re des \u00c9tats-Unis continentaux.<\/li>\n<li>Compatible avec les cartes de premi\u00e8re qualit\u00e9 : Humminbird propose l'offre la plus compl\u00e8te d'options de cartes premium aux p\u00eacheurs du monde entier. B\u00e9n\u00e9ficiez d'une vue compl\u00e8te du monde sous-marin gr\u00e2ce aux cartes optionnelles des produits LakeMaster\u00ae et CoastMaster\u2122 de Humminbird, ainsi qu'\u00e0 votre choix de cartes Navionics\u00ae compatibles.<\/li>\n<li>AutoChart Live : Cr\u00e9ez des cartes en temps r\u00e9el de vos lieux de p\u00eache, en acc\u00e9dant aux fonctions brevet\u00e9es Humminbird\u00ae LakeMaster\u00ae. Cartographiez les contours de profondeur, la duret\u00e9 du fond et la v\u00e9g\u00e9tation pendant que vous conduisez votre bateau.  L'appareil est livr\u00e9 en standard avec huit (8) heures d'enregistrement int\u00e9gr\u00e9 et est compatible avec les cartes SD AutoChart Zero Line pour une capacit\u00e9 de cartographie AutoChart Live virtuellement illimit\u00e9e.<\/li>\n<li>Compatible avec le r\u00e9seau One-Boat : De nombreux mod\u00e8les Humminbird s'int\u00e8grent et communiquent de fa\u00e7on transparente avec les produits Minn Kota et Cannon afin d'offrir davantage de fonctions et de possibilit\u00e9s aux p\u00eacheurs du monde entier. Profitez au maximum de votre temps sur l'eau gr\u00e2ce aux fonctions exclusives de contr\u00f4le du bateau et de capture de poissons du One-Boat Network.<\/li>\n<li>Ethernet Networking: High-speed Ethernet allows you to build a powerful, professional-grade fishing system. Easily connect multiple fish finders, or upgrade to add-on technologies like Minn Kota i-Pilot Link and Humminbird CHIRP Radar.<\/li>\n<li>Bluetooth : Prenez le contr\u00f4le directement \u00e0 partir de l'\u00e9cran de votre Humminbird gr\u00e2ce \u00e0 la communication sans fil avec les ancres en eau peu profonde Talon et Raptor compatibles, ainsi qu'avec les downriggers Optimum de Cannon. D'autres caract\u00e9ristiques comprennent les mises \u00e0 jour logicielles sans fil \u00e0 partir de l'application Humminbird FishSmart et l'affichage des notifications de votre t\u00e9l\u00e9phone intelligent sur votre Humminbird.<\/li>\n<li>NMEA 2000 networking built-in: Connect an accessory NMEA 2000 network to your control head for even more information; from boat performance to weather and water conditions, make sense of it all with NMEA 2000 networking.<\/li>\n<li>Includes control head, transom mount transducer and mounting hardware, power cable, gimbal mounting bracket.<\/li>\n<li>2-Year Limited Warranty<\/li>\n<\/ul>\n<p><!--- cis2:mm1rl5hl ---><\/p>","protected":false},"excerpt":{"rendered":"<p>HELIX 10 MEGA DI+ GPS G4N The HELIX 10 CHIRP MDI+ GPS G4N features a 10.1&#8243; display, MEGA Down Imaging+, Dual Spectrum CHIRP Sonar and internal GPS with Humminbird Basemap. As with all HELIX G4N models, this HELIX 10 includes standard features such as AutoChart Live, Wi-Fi and NMEA 2000\u00ae, in addition to Bluetooth\u00ae and [&hellip;]<\/p>\n","protected":false},"featured_media":3083,"comment_status":"closed","ping_status":"closed","template":"","meta":{"_acf_changed":false},"product_brand":[],"product_cat":[244,836,236,20],"product_tag":[],"class_list":{"0":"post-109610","1":"product","2":"type-product","3":"status-publish","4":"has-post-thumbnail","6":"product_cat-helix-10","7":"product_cat-helix","8":"product_cat-humminbird-fish-finders","9":"product_cat-humminbird","11":"first","12":"outofstock","13":"taxable","14":"shipping-taxable","15":"purchasable","16":"product-type-simple"},"acf":[],"_links":{"self":[{"href":"https:\/\/testing.fishntech.com\/fr\/wp-json\/wp\/v2\/product\/109610","targetHints":{"allow":["GET"]}}],"collection":[{"href":"https:\/\/testing.fishntech.com\/fr\/wp-json\/wp\/v2\/product"}],"about":[{"href":"https:\/\/testing.fishntech.com\/fr\/wp-json\/wp\/v2\/types\/product"}],"replies":[{"embeddable":true,"href":"https:\/\/testing.fishntech.com\/fr\/wp-json\/wp\/v2\/comments?post=109610"}],"version-history":[{"count":1,"href":"https:\/\/testing.fishntech.com\/fr\/wp-json\/wp\/v2\/product\/109610\/revisions"}],"predecessor-version":[{"id":119893,"href":"https:\/\/testing.fishntech.com\/fr\/wp-json\/wp\/v2\/product\/109610\/revisions\/119893"}],"wp:featuredmedia":[{"embeddable":true,"href":"https:\/\/testing.fishntech.com\/fr\/wp-json\/wp\/v2\/media\/3083"}],"wp:attachment":[{"href":"https:\/\/testing.fishntech.com\/fr\/wp-json\/wp\/v2\/media?parent=109610"}],"wp:term":[{"taxonomy":"product_brand","embeddable":true,"href":"https:\/\/testing.fishntech.com\/fr\/wp-json\/wp\/v2\/product_brand?post=109610"},{"taxonomy":"product_cat","embeddable":true,"href":"https:\/\/testing.fishntech.com\/fr\/wp-json\/wp\/v2\/product_cat?post=109610"},{"taxonomy":"product_tag","embeddable":true,"href":"https:\/\/testing.fishntech.com\/fr\/wp-json\/wp\/v2\/product_tag?post=109610"}],"curies":[{"name":"wp","href":"https:\/\/api.w.org\/{rel}","templated":true}]}}