{"id":109627,"date":"2025-02-19T22:30:06","date_gmt":"2025-02-19T22:30:06","guid":{"rendered":"https:\/\/testing.fishntech.com\/product\/solix-15-chirp-mega-si-g3-cho\/"},"modified":"2025-06-05T17:38:59","modified_gmt":"2025-06-05T17:38:59","slug":"humminbird-solix-15-chirp-mega-si-g3-cho","status":"publish","type":"product","link":"https:\/\/testing.fishntech.com\/fr\/product\/humminbird-solix-15-chirp-mega-si-g3-cho\/","title":{"rendered":"SOLIX 15 CHIRP MEGA SI+ G3 CHO"},"content":{"rendered":"<h3>SOLIX 15 CHIRP MEGA SI+ G3 CHO<\/h3>\n<p>The Humminbird SOLIX 15 CHIRP MEGA SI+ G3 CHO combines cutting-edge technologies like MEGA Side Imaging+, MEGA Down Imaging+, Dual Spectrum CHIRP Sonar and AutoChart Live on an ultra-clear Cross Touch\u00ae display.<\/p>\n<p>Take full advantage of the generous 15.4&#8243; touchscreen display with customizable views and settings that allow you to see multiple technologies at once and find what you want quickly via the convenient side bar menu. Leverage the networking power of built-in Wi-Fi and NMEA 2000\u00ae connectivity, as well as Bluetooth\u00ae and Ethernet connections for compatibility with the One-Boat Network\u2122 family of products from Humminbird, Minn Kota and Cannon. This CHO (Control Head Only) model is the perfect pairing for those anglers looking to select their own transducer or pair this model with MEGA 360 Imaging or a Built-in MEGA Imaging trolling motor from Minn Kota\u00ae<\/p>\n<h4><strong>Caract\u00e9ristiques :<\/strong><\/h4>\n<ul>\n<li>Mod\u00e8le \u00e0 t\u00eate de commande seule : Ce mod\u00e8le n'inclut pas de transducteur. Ce mod\u00e8le CHO est un excellent choix pour ceux qui cherchent \u00e0 se connecter \u00e0 l'imagerie MEGA int\u00e9gr\u00e9e sur les moteurs de p\u00eache \u00e0 la tra\u00eene Minn Kota, aux options de transducteurs accessoires comme l'imagerie MEGA 360, ou \u00e0 partager les donn\u00e9es sonar \u00e0 partir d'un r\u00e9seau Ethernet Humminbird existant.<\/li>\n<li>Cross Touch\u00ae Interface: Control your fish finder using the touchscreen or the keypad\u2014it&#8217;s up to you. Any menu navigation you can do on the touchscreen can also be done on the keypad, providing quick and intuitive access to technologies on your terms, no matter your situation and conditions.<\/li>\n<li>Exp\u00e9rience personnalis\u00e9e :  L'interface utilisateur intuitive et le menu lat\u00e9ral permettent de personnaliser les param\u00e8tres et les combinaisons d'affichage pour faire de votre exp\u00e9rience de p\u00eache une exp\u00e9rience \u00e0 part enti\u00e8re.<\/li>\n<li>NEW Dual Core Processor: Perform any task with speed and ease, thanks to the ultra-responsive interface and upgraded processing power.<\/li>\n<li>Sonar Humminbird \u00e0 la pointe de l'industrie : \u00c9quip\u00e9 de MEGA Side Imaging+, MEGA Down Imaging+ et du sonar Dual Spectrum CHIRP pour vous permettre de garder le cap sur le poisson. MEGA Imaging+ offre des vues jusqu'\u00e0 250\u2032 sous et de chaque c\u00f4t\u00e9 de votre bateau et Dual Spectrum CHIRP affiche un sonar 2D exceptionnel avec une s\u00e9paration des cibles et une clart\u00e9 des poissons sup\u00e9rieures.<\/li>\n<li>GPS interne et carte de base Humminbird : Notre carte de base am\u00e9lior\u00e9e vous offre une vue claire du terrain sous-marin et des points d'int\u00e9r\u00eat environnants afin que vous puissiez p\u00eacher et naviguer en toute confiance. Identifiez les bou\u00e9es, les marqueurs de jour, les dangers, les marinas, les contours, les marqueurs de profondeur et bien plus encore. Inclut les cartes de plus de 10 000 lacs, ainsi que la couverture c\u00f4ti\u00e8re des \u00c9tats-Unis continentaux.<\/li>\n<li>Compatible avec les cartes de premi\u00e8re qualit\u00e9 : Humminbird propose l'offre la plus compl\u00e8te d'options de cartes premium aux p\u00eacheurs du monde entier. B\u00e9n\u00e9ficiez d'une vue compl\u00e8te du monde sous-marin gr\u00e2ce aux cartes optionnelles des produits LakeMaster\u00ae et CoastMaster\u2122 de Humminbird, ainsi qu'\u00e0 votre choix de cartes Navionics\u00ae compatibles.<\/li>\n<li>AutoChart Live : Cr\u00e9ez des cartes en temps r\u00e9el de vos lieux de p\u00eache, en acc\u00e9dant aux fonctions brevet\u00e9es Humminbird\u00ae LakeMaster\u00ae. Cartographiez les contours de profondeur, la duret\u00e9 du fond et la v\u00e9g\u00e9tation pendant que vous conduisez votre bateau.  L'appareil est livr\u00e9 en standard avec huit (8) heures d'enregistrement int\u00e9gr\u00e9 et est compatible avec les cartes SD AutoChart Zero Line pour une capacit\u00e9 de cartographie AutoChart Live virtuellement illimit\u00e9e.<\/li>\n<li>Compatible avec le r\u00e9seau One-Boat : De nombreux mod\u00e8les Humminbird s'int\u00e8grent et communiquent de fa\u00e7on transparente avec les produits Minn Kota et Cannon afin d'offrir davantage de fonctions et de possibilit\u00e9s aux p\u00eacheurs du monde entier. Profitez au maximum de votre temps sur l'eau gr\u00e2ce aux fonctions exclusives de contr\u00f4le du bateau et de capture de poissons du One-Boat Network.<\/li>\n<li>Ethernet Networking: High-speed Ethernet allows you to build a powerful, professional-grade fishing system. Easily connect multiple fish finders, or upgrade to add-on technologies like Minn Kota i-Pilot Link and Humminbird CHIRP Radar.<\/li>\n<li>Bluetooth : Prenez le contr\u00f4le directement \u00e0 partir de l'\u00e9cran de votre Humminbird gr\u00e2ce \u00e0 la communication sans fil avec les ancres en eau peu profonde Talon et Raptor compatibles, ainsi qu'avec les downriggers Optimum de Cannon. D'autres caract\u00e9ristiques comprennent les mises \u00e0 jour logicielles sans fil \u00e0 partir de l'application Humminbird FishSmart et l'affichage des notifications de votre t\u00e9l\u00e9phone intelligent sur votre Humminbird.<\/li>\n<li>NMEA 2000 networking built-in: Connect an accessory NMEA 2000 network to your control head for even more information; from boat performance to weather and water conditions, make sense of it all with NMEA 2000 networking.<\/li>\n<li>Compatible with CZone\u00ae Contact 6, Contact 6 Plus and digital switching devices<\/li>\n<li>Comprend la t\u00eate de commande, le c\u00e2ble d'alimentation et le support de montage du cardan. Ce mod\u00e8le CHO ne comprend pas de transducteur, ce qui vous permet de choisir celui qui convient le mieux \u00e0 vos besoins en mati\u00e8re de gr\u00e9ement.<\/li>\n<li>Le produit est assorti d'une garantie limit\u00e9e de 2 ans.<\/li>\n<\/ul>\n<h4>Sp\u00e9cifications :<\/h4>\n<ul>\n<li>Item Number: 411570-1CHO<\/li>\n<li>Series: SOLIX<\/li>\n<li>Display Size &#8211; Diagonal: 15.4&#8243;<\/li>\n<li>Display Pixel Matrix: 1280H x 800V<\/li>\n<li>Sonar-Standard : CHIRP \u00e0 double spectre, MEGA Down Imaging+, MEGA Side Imaging+.<\/li>\n<li>Couverture du sonar : 20\u00b0, 42\u00b0, 60\u00b0, (2) 86\u00b0 &amp; (2) 55\u00b0 @ -10dB<\/li>\n<li>Sonar - en option : 50\/83\/200 kHz, Airmar haut, moyen et bas<\/li>\n<li>CHIRP - Fr\u00e9quences prises en charge : Mode complet (28-75 kHz), mode \u00e9troit (75-155 kHz), option eau profonde (28-250 kHz), mode large (130-250 kHz).<\/li>\n<li>Fr\u00e9quences sonar prises en charge : 50\/83\/200\/455\/800 kHz &amp; 1,2 MHz<\/li>\n<li>Profondeur-Sonar : 1 200 pieds (transducteur standard), 3 500 pieds (Airmar CHIRP en option)<\/li>\n<li>CHIRP - Imagerie - Fr\u00e9quences support\u00e9es : 455 kHz DI+ (435-535 kHz), 455 kHz SI+ (405-505 kHz), 800 kHz DI+ (800-860 kHz), 800 kHz SI+ (780-840 kHz), MEGA DI+ (1100-1200 kHz), MEGA SI+ (1050-1175 kHz).<\/li>\n<li>Imagerie en profondeur : 125 pieds (800 kHz), 250 pieds (MEGA), 400 pieds (455 kHz)<\/li>\n<li>Port\u00e9e - Imagerie lat\u00e9rale (d'un c\u00f4t\u00e9 \u00e0 l'autre) : 250 ft (800 kHz), 500 ft (MEGA), 800 ft (455 kHz)<\/li>\n<li>Interface : \u00c9cran tactile<\/li>\n<li>Caract\u00e9ristiques : Bluetooth, GPS int\u00e9gr\u00e9, cartographie int\u00e9gr\u00e9e, imagerie vers le bas, CHIRP \u00e0 double spectre, MEGA Imaging+, mise en r\u00e9seau, imagerie lat\u00e9rale, \u00e9cran tactile, Wi-Fi.<\/li>\n<li>Fente pour carte m\u00e9moire : Double SD<\/li>\n<li>Compatible avec : AIS, AutoPilot, MEGA 360, MEGA Live, Minn Kota Built-In MEGA DI, Minn Kota Built-In MEGA SI, Minn Kota i-Pilot Link, Minn Kota i-Pilot Link, Minn Kota i-Pilot Link.<\/li>\n<li>Talon\/Raptor, sonar Minn Kota US2, NMEA 2000, r\u00e9seau \u00e0 un bateau, radar<\/li>\n<li>Power Draw: 2.8 Amps<\/li>\n<li>Entr\u00e9e d'alimentation : 10,8-20 VDC<\/li>\n<li>Puissance de sortie cr\u00eate \u00e0 cr\u00eate : 8000 Watts<\/li>\n<li>Puissance de sortie RMS : 1000 Watts<\/li>\n<li>Capture d'\u00e9cran : Inclus<\/li>\n<li>Enregistrement du sonar : Inclus<\/li>\n<li>Montage standard : Rotule<\/li>\n<li>Mount-Standard Size: 16.53&#8243; W x 10.46&#8243; H x 4.83&#8243; D<\/li>\n<li>Mount-Optional Size: 16.53&#8243; W x 10.05&#8243; H x 1.2&#8243; D<\/li>\n<li>Emplacement du montage du transducteur : N\/A<\/li>\n<li>Tra\u00e7age de cartes GPS : Inclus<\/li>\n<li>Tra\u00e7age GPS : Inclus<\/li>\n<li>Compatibilit\u00e9 LakeMaster : Oui<\/li>\n<li>Compatibilit\u00e9 Coast Master : Oui<\/li>\n<li>Compatibilit\u00e9 Navionics Gold\/HotMaps : Oui<\/li>\n<li>Compatibilit\u00e9 Navionics Platinum + : Oui<\/li>\n<li>Compatibilit\u00e9 avec le platine : Oui<\/li>\n<li>Capteur de cap Compatibilit\u00e9 GPS : Oui<\/li>\n<li>Logiciel \u00e9volutif : Oui<\/li>\n<li>Afficher les touches pr\u00e9d\u00e9finies : Non<\/li>\n<li>Syst\u00e8me de menu X-Press : Non<\/li>\n<li>Affichage num\u00e9rique personnalis\u00e9 : Oui<\/li>\n<li>S\u00e9lections de vues personnalis\u00e9es : Oui<\/li>\n<li>Couleurs d'affichage Niveaux de gris : 16 bits<\/li>\n<li>Taille de l'\u00e9cran : 11\u2033 - 15\u2033<\/li>\n<li>Vitesse : incluse<\/li>\n<li>Temp\u00e9rature : Int\u00e9gr\u00e9e<\/li>\n<li>Alarme de temp\u00e9rature : Oui<\/li>\n<li>Graphique de temp\u00e9rature : Oui<\/li>\n<li>Transducteur inclus : N\/A<\/li>\n<li>Compatible HDMI : Non<\/li>\n<li>Compatibilit\u00e9 MEGA Live : Oui<\/li>\n<\/ul>\n<h4>Manuels du propri\u00e9taire :<\/h4>\n<p><a href=\"https:\/\/fishntech.com\/wp-content\/uploads\/2021\/02\/532793-1EN_B-APEX-SOLIX-G3-Operations-Manual.pdf\" target=\"_blank\" rel=\"noopener\">APEX\/SOLIX G3 SERIES - ENGLISH PRODUCT MANUAL<\/a><\/p>\n<p><a href=\"https:\/\/fishntech.com\/wp-content\/uploads\/2021\/02\/532549-3EN_A-APEX-SOLIX-Quick-Start-Guide.pdf\" target=\"_blank\" rel=\"noopener\">APEX\/SOLIX - ENGLISH QUICK REFERENCE GUIDE<\/a><\/p>\n<p><strong>Des instructions d'installation suppl\u00e9mentaires et des guides de ressources pour les accessoires sont disponibles (<a href=\"https:\/\/www.humminbird.com\/support\/manuals\" target=\"_blank\" rel=\"noopener\">ici)<\/a>.<\/strong><\/p>\n<p><!--- cis2:mm1rl5hl ---><\/p>","protected":false},"excerpt":{"rendered":"<p>SOLIX 15 CHIRP MEGA SI+ G3 CHO The Humminbird SOLIX 15 CHIRP MEGA SI+ G3 CHO combines cutting-edge technologies like MEGA Side Imaging+, MEGA Down Imaging+, Dual Spectrum CHIRP Sonar and AutoChart Live on an ultra-clear Cross Touch\u00ae display. Take full advantage of the generous 15.4&#8243; touchscreen display with customizable views and settings that allow [&hellip;]<\/p>\n","protected":false},"featured_media":14255,"comment_status":"closed","ping_status":"closed","template":"","meta":{"_acf_changed":false},"product_brand":[],"product_cat":[236,253,20],"product_tag":[],"class_list":{"0":"post-109627","1":"product","2":"type-product","3":"status-publish","4":"has-post-thumbnail","6":"product_cat-humminbird-fish-finders","7":"product_cat-solix","8":"product_cat-humminbird","10":"first","11":"outofstock","12":"sale","13":"taxable","14":"shipping-taxable","15":"purchasable","16":"product-type-simple"},"acf":[],"_links":{"self":[{"href":"https:\/\/testing.fishntech.com\/fr\/wp-json\/wp\/v2\/product\/109627","targetHints":{"allow":["GET"]}}],"collection":[{"href":"https:\/\/testing.fishntech.com\/fr\/wp-json\/wp\/v2\/product"}],"about":[{"href":"https:\/\/testing.fishntech.com\/fr\/wp-json\/wp\/v2\/types\/product"}],"replies":[{"embeddable":true,"href":"https:\/\/testing.fishntech.com\/fr\/wp-json\/wp\/v2\/comments?post=109627"}],"version-history":[{"count":1,"href":"https:\/\/testing.fishntech.com\/fr\/wp-json\/wp\/v2\/product\/109627\/revisions"}],"predecessor-version":[{"id":119907,"href":"https:\/\/testing.fishntech.com\/fr\/wp-json\/wp\/v2\/product\/109627\/revisions\/119907"}],"wp:featuredmedia":[{"embeddable":true,"href":"https:\/\/testing.fishntech.com\/fr\/wp-json\/wp\/v2\/media\/14255"}],"wp:attachment":[{"href":"https:\/\/testing.fishntech.com\/fr\/wp-json\/wp\/v2\/media?parent=109627"}],"wp:term":[{"taxonomy":"product_brand","embeddable":true,"href":"https:\/\/testing.fishntech.com\/fr\/wp-json\/wp\/v2\/product_brand?post=109627"},{"taxonomy":"product_cat","embeddable":true,"href":"https:\/\/testing.fishntech.com\/fr\/wp-json\/wp\/v2\/product_cat?post=109627"},{"taxonomy":"product_tag","embeddable":true,"href":"https:\/\/testing.fishntech.com\/fr\/wp-json\/wp\/v2\/product_tag?post=109627"}],"curies":[{"name":"wp","href":"https:\/\/api.w.org\/{rel}","templated":true}]}}