{"id":109633,"date":"2025-02-19T22:30:11","date_gmt":"2025-02-19T22:30:11","guid":{"rendered":"https:\/\/testing.fishntech.com\/product\/helix-7-chirp-mega-si-gps-g4\/"},"modified":"2025-06-05T17:39:00","modified_gmt":"2025-06-05T17:39:00","slug":"humminbird-helix-7-chirp-mega-si-gps-g4","status":"publish","type":"product","link":"https:\/\/testing.fishntech.com\/fr\/product\/humminbird-helix-7-chirp-mega-si-gps-g4\/","title":{"rendered":"HELIX 7 CHIRP MEGA SI GPS G4"},"content":{"rendered":"<h3>HELIX 7 CHIRP MEGA SI GPS G4<\/h3>\n<p>The HUMMINBIRD HELIX 7 CHIRP MEGA SI GPS G4 fishfinder features MEGA Side Imaging, MEGA Down Imaging, Dual Spectrum CHIRP Sonar, AutoChart Live, Internal GPS, and Humminbird Basemap built-in. An upgraded high-definition 7&#8243; display will give you the best view of the many pre-loaded split screen view options so that you&#8217;ll never miss a fish.<\/p>\n<p><strong>Caract\u00e9ristiques :<\/strong><\/p>\n<ul>\n<li>Keypad control: Master HELIX at the touch of a button. Access the pre-loaded views from the user-friendly menu system, operated by softkey controls that allow you to reliably operate your fish finder in any conditions.<\/li>\n<li>MEGA Side Imaging: See the world below like never before with crystal-clear viewing out to 125 feet on either side of your boat. You&#8217;ll unlock new details with up to 3X more detail than standard Side Imaging sonar.<\/li>\n<li>MEGA Down Imaging: Get unprecedented underwater clarity with coverage down to 125 feet below your boat. You&#8217;ll unlock new details with up to 3X more detail than standard Down Imaging sonar.<\/li>\n<li>Dual Spectrum CHIRP sonar: Before you cast, know what&#8217;s down there thanks to highly detailed fish arches and a clear view of fish-holding structure and the bottom. Powered by our proprietary, Low-Q CHIRP transducer, Dual Spectrum CHIRP 2D sonar offers two ways to search; Wide Mode for maximum coverage and Narrow Mode for focusing on the slightest detail.<\/li>\n<li>GPS interne et carte de base Humminbird : Notre carte de base am\u00e9lior\u00e9e vous offre une vue claire du terrain sous-marin et des points d'int\u00e9r\u00eat environnants afin que vous puissiez p\u00eacher et naviguer en toute confiance. Identifiez les bou\u00e9es, les marqueurs de jour, les dangers, les marinas, les contours, les marqueurs de profondeur et bien plus encore. Inclut les cartes de plus de 10 000 lacs, ainsi que la couverture c\u00f4ti\u00e8re des \u00c9tats-Unis continentaux.<\/li>\n<li>Compatible avec les cartes de premi\u00e8re qualit\u00e9 : Humminbird propose l'offre la plus compl\u00e8te d'options de cartes premium aux p\u00eacheurs du monde entier. B\u00e9n\u00e9ficiez d'une vue compl\u00e8te du monde sous-marin gr\u00e2ce aux cartes optionnelles des produits LakeMaster\u00ae et CoastMaster\u2122 de Humminbird, ainsi qu'\u00e0 votre choix de cartes Navionics\u00ae compatibles.<\/li>\n<li>AutoChart Live: Create real-time maps of your fishing spots, with access to patented Humminbird\u00ae LakeMaster\u00ae features. Map depth contours, bottom hardness and vegetation as you drive your boat. Comes standard with eight (8) hours of built-in recording time and is compatible with AutoChart Zero Line SD cards for virtually-endless AutoChart Live mapping capacity.<\/li>\n<li>Includes control head, transom-mount transducer, power cable, gimbal mounting bracket and mounting hardware.<\/li>\n<li>Garantie limit\u00e9e de 1 an<\/li>\n<\/ul>\n<p><strong>Sp\u00e9cifications :<\/strong><\/p>\n<ul>\n<li>Display Size &#8211; Diagonal: 7&#8243;<\/li>\n<li>Display Pixel Matrix: 1024H x 600V<\/li>\n<li>Sonar-Standard: Dual Spectrum CHIRP, MEGA Down Imaging, MEGA Side Imaging<\/li>\n<li>Sonar-Coverage: 20\u00b0, 42\u00b0, 60\u00b0 &amp; (2) 86\u00b0 @ -10dB<\/li>\n<li>Sonar-Optional: 53 kHz, 50\/Low Airmar CHIRP<\/li>\n<li>CHIRP &#8211; Frequencies Supported: 83\/200 (75-155\/130-250 kHz), Full Mode (150-220 kHz), Narrow Mode (180-240 kHz), Wide Mode (140-200 kHz)<\/li>\n<li>Fr\u00e9quences sonar prises en charge : 50\/83\/200\/455\/800 kHz &amp; 1,2 MHz<\/li>\n<li>Depth-Sonar: 1,200 ft (standard transducer), 3,500 ft (optional 50 kHz)<\/li>\n<\/ul>\n<p>&nbsp;<\/p>\n<p><!--- cis2:mm1rl5hl ---><\/p>","protected":false},"excerpt":{"rendered":"<p>HELIX 7 CHIRP MEGA SI GPS G4 The HUMMINBIRD HELIX 7 CHIRP MEGA SI GPS G4 fishfinder features MEGA Side Imaging, MEGA Down Imaging, Dual Spectrum CHIRP Sonar, AutoChart Live, Internal GPS, and Humminbird Basemap built-in. An upgraded high-definition 7&#8243; display will give you the best view of the many pre-loaded split screen view options [&hellip;]<\/p>\n","protected":false},"featured_media":12290,"comment_status":"open","ping_status":"closed","template":"","meta":{"_acf_changed":false},"product_brand":[],"product_cat":[248,836,236,20],"product_tag":[],"class_list":{"0":"post-109633","1":"product","2":"type-product","3":"status-publish","4":"has-post-thumbnail","6":"product_cat-helix-7","7":"product_cat-helix","8":"product_cat-humminbird-fish-finders","9":"product_cat-humminbird","11":"first","12":"instock","13":"taxable","14":"shipping-taxable","15":"purchasable","16":"product-type-simple"},"acf":[],"_links":{"self":[{"href":"https:\/\/testing.fishntech.com\/fr\/wp-json\/wp\/v2\/product\/109633","targetHints":{"allow":["GET"]}}],"collection":[{"href":"https:\/\/testing.fishntech.com\/fr\/wp-json\/wp\/v2\/product"}],"about":[{"href":"https:\/\/testing.fishntech.com\/fr\/wp-json\/wp\/v2\/types\/product"}],"replies":[{"embeddable":true,"href":"https:\/\/testing.fishntech.com\/fr\/wp-json\/wp\/v2\/comments?post=109633"}],"version-history":[{"count":1,"href":"https:\/\/testing.fishntech.com\/fr\/wp-json\/wp\/v2\/product\/109633\/revisions"}],"predecessor-version":[{"id":119913,"href":"https:\/\/testing.fishntech.com\/fr\/wp-json\/wp\/v2\/product\/109633\/revisions\/119913"}],"wp:featuredmedia":[{"embeddable":true,"href":"https:\/\/testing.fishntech.com\/fr\/wp-json\/wp\/v2\/media\/12290"}],"wp:attachment":[{"href":"https:\/\/testing.fishntech.com\/fr\/wp-json\/wp\/v2\/media?parent=109633"}],"wp:term":[{"taxonomy":"product_brand","embeddable":true,"href":"https:\/\/testing.fishntech.com\/fr\/wp-json\/wp\/v2\/product_brand?post=109633"},{"taxonomy":"product_cat","embeddable":true,"href":"https:\/\/testing.fishntech.com\/fr\/wp-json\/wp\/v2\/product_cat?post=109633"},{"taxonomy":"product_tag","embeddable":true,"href":"https:\/\/testing.fishntech.com\/fr\/wp-json\/wp\/v2\/product_tag?post=109633"}],"curies":[{"name":"wp","href":"https:\/\/api.w.org\/{rel}","templated":true}]}}