{"id":109640,"date":"2025-02-19T22:30:17","date_gmt":"2025-02-19T22:30:17","guid":{"rendered":"https:\/\/testing.fishntech.com\/product\/helix-5-chirp-di-gps-g3\/"},"modified":"2025-06-05T17:39:02","modified_gmt":"2025-06-05T17:39:02","slug":"humminbird-helix-5-chirp-di-gps-g3-combo","status":"publish","type":"product","link":"https:\/\/testing.fishntech.com\/fr\/product\/humminbird-helix-5-chirp-di-gps-g3-combo\/","title":{"rendered":"HELIX 5 CHIRP DI GPS G3"},"content":{"rendered":"<h3>HELIX 5 CHIRP DI GPS G3<\/h3>\n<p>If fishing is in your DNA, there&#8217;s no such thing as &#8220;too early&#8221; or &#8220;too far.&#8221; The HELIX 5 Series answers the call with an uncompromising 5&#8243; widescreen, color display.<\/p>\n<p>This HUMMINBIRD HELIX 5 CHIRP DI GPS G3 model features Dual Spectrum CHIRP 2D sonar, internal GPS with Humminbird Basemap, and AutoChart Live built-in, with additional compatibility for Humminbird and Navionics premium fishing charts.<\/p>\n<h4><strong>Caract\u00e9ristiques :<\/strong><\/h4>\n<ul>\n<li>Keypad control: Master HELIX at the touch of a button. Access the pre-loaded views from the user-friendly menu system, operated by softkey controls that allow you to reliably operate your fish finder in any conditions.<\/li>\n<li>CHIRP Down Imaging: Filter out noise and clutter for a clear view beneath your boat. CHIRP Digital Sonar processing of Down Imaging Sonar means that you&#8217;ll see great detail to make finding the fish simple and easy.<\/li>\n<li>Dual Spectrum CHIRP sonar: Before you cast, know what&#8217;s down there thanks to highly detailed fish arches and a clear view of the fish-holding structure and the bottom. Powered by our proprietary, Low-Q CHIRP transducer, Dual Spectrum CHIRP 2D sonar offers two ways to search; Wide Mode for maximum coverage and Narrow Mode for focusing on the slightest detail.<\/li>\n<li>Internal GPS and Humminbird Basemap: Our enhanced base map provides you with a clear view of underwater terrain and surrounding points of interest so you can fish and navigate with total confidence. Identify buoys, day markers, hazards, marinas, contours, depth markers, and much, much more. Includes charts of more than 10,000 lakes, plus coastal coverage for the continental U.S.<\/li>\n<li>Compatible avec les cartes de premi\u00e8re qualit\u00e9 : Humminbird propose l'offre la plus compl\u00e8te d'options de cartes premium aux p\u00eacheurs du monde entier. B\u00e9n\u00e9ficiez d'une vue compl\u00e8te du monde sous-marin gr\u00e2ce aux cartes optionnelles des produits LakeMaster\u00ae et CoastMaster\u2122 de Humminbird, ainsi qu'\u00e0 votre choix de cartes Navionics\u00ae compatibles.<\/li>\n<li>AutoChart Live: Create real-time maps of your fishing spots, with access to patented Humminbird\u00ae LakeMaster\u00ae features. Map depth contours, bottom hardness, and vegetation as you drive your boat. Comes standard with eight (8) hours of built-in recording time and is compatible with AutoChart Zero Line SD cards for virtually endless AutoChart Live mapping capacity.<\/li>\n<li>Includes control head, transom-mount transducer, power cable, gimbal mounting bracket, and mounting hardware.<\/li>\n<li>Garantie limit\u00e9e de 1 an<\/li>\n<\/ul>\n<h4><strong>Sp\u00e9cifications :<\/strong><\/h4>\n<ul>\n<li>Taille de l'\u00e9cran - Diagonale : 5\u2033.<\/li>\n<li>Matrice de pixels de l'\u00e9cran : 800H x 480V<\/li>\n<li>Sonar-Standard: Dual Spectrum CHIRP, CHIRP Down Imaging<\/li>\n<li>Sonar-Coverage: 20\u00b0, 42\u00b0 &amp; 60\u00b0 @ -10dB<\/li>\n<li>Sonar - en option : 50 kHz, 50\/Low Airmar CHIRP<\/li>\n<li>CHIRP &#8211; Frequencies Supported: 83\/200 (75-155\/130-250 kHz), Full Mode (150-220 kHz), Narrow Mode (180-240 kHz), Wide Mode (140-200 kHz)<\/li>\n<li>Sonar-Frequencies Supported: 50\/83\/200\/455 kHz<\/li>\n<li>Depth-Sonar: 1,200 ft (standard transducer), 3,000 ft (optional 50 kHz)<\/li>\n<\/ul>\n<div class=\"titles-container\">\n<p class=\"slide_down line-3 headline_h10\"><strong><span class=\"line__content\">OWNERS <\/span>MANUALS<\/strong><\/p>\n<\/div>\n<div class=\"copy_container slide_up line-3\">\n<div class=\"line__content\">\n<div class=\"copy generic_content\">\n<div class=\"leaf_container\"><a title=\"HELIX SERIES - ENGLISH PRODUCT MANUAL\" href=\"https:\/\/fishntech.com\/wp-content\/uploads\/2022\/07\/532509-5FR_B-HELIX-Series-Operations-Manual.pdf\" target=\"_blank\" rel=\"noopener\">HELIX SERIES &#8211; ENGLISH PRODUCT MANUAL<\/a><\/div>\n<div class=\"leaf_container\">\n<div class=\"copy_container slide_up line-3\">\n<div class=\"line__content\">\n<div class=\"copy generic_content\">\n<div class=\"leaf_container\"><a title=\"HELIX SERIES - ENGLISH QUICK REFERENCE GUIDE\" href=\"https:\/\/fishntech.com\/wp-content\/uploads\/2022\/07\/532403-4EN_B-HELIX-Series-Quick-Reference-Guide.pdf\" target=\"_blank\" rel=\"noopener\">HELIX SERIES &#8211; ENGLISH QUICK REFERENCE GUIDE<\/a><\/div>\n<\/div>\n<\/div>\n<\/div>\n<\/div>\n<\/div>\n<\/div>\n<\/div>\n<p><img decoding=\"async\" src=\"https:\/\/productimageserver.com\/prop65\/6pt.png\" alt=\"Avertissement\" \/><strong>AVERTISSEMENT :<\/strong> Ce produit peut vous exposer \u00e0 des produits chimiques, notamment le 1,3-butadi\u00e8ne, qui est reconnu par l'\u00c9tat de Californie comme une cause de cancer, de malformations cong\u00e9nitales ou d'autres troubles de la reproduction. Pour plus d'informations, consultez le site <a href=\"http:\/\/P65Warnings.ca.gov\" target=\"_blank\" rel=\"noopener\">P65Avertissements.ca.gov<\/a>.<\/p>\n<p><!--- cis2:mm1rl5hl ---><\/p>","protected":false},"excerpt":{"rendered":"<p>HELIX 5 CHIRP DI GPS G3 If fishing is in your DNA, there&#8217;s no such thing as &#8220;too early&#8221; or &#8220;too far.&#8221; The HELIX 5 Series answers the call with an uncompromising 5&#8243; widescreen, color display. This HUMMINBIRD HELIX 5 CHIRP DI GPS G3 model features Dual Spectrum CHIRP 2D sonar, internal GPS with Humminbird [&hellip;]<\/p>\n","protected":false},"featured_media":12304,"comment_status":"open","ping_status":"closed","template":"","meta":{"_acf_changed":false},"product_brand":[],"product_cat":[247,836,236,20],"product_tag":[],"class_list":{"0":"post-109640","1":"product","2":"type-product","3":"status-publish","4":"has-post-thumbnail","6":"product_cat-helix-5","7":"product_cat-helix","8":"product_cat-humminbird-fish-finders","9":"product_cat-humminbird","11":"first","12":"instock","13":"taxable","14":"shipping-taxable","15":"purchasable","16":"product-type-simple"},"acf":[],"_links":{"self":[{"href":"https:\/\/testing.fishntech.com\/fr\/wp-json\/wp\/v2\/product\/109640","targetHints":{"allow":["GET"]}}],"collection":[{"href":"https:\/\/testing.fishntech.com\/fr\/wp-json\/wp\/v2\/product"}],"about":[{"href":"https:\/\/testing.fishntech.com\/fr\/wp-json\/wp\/v2\/types\/product"}],"replies":[{"embeddable":true,"href":"https:\/\/testing.fishntech.com\/fr\/wp-json\/wp\/v2\/comments?post=109640"}],"version-history":[{"count":1,"href":"https:\/\/testing.fishntech.com\/fr\/wp-json\/wp\/v2\/product\/109640\/revisions"}],"predecessor-version":[{"id":119922,"href":"https:\/\/testing.fishntech.com\/fr\/wp-json\/wp\/v2\/product\/109640\/revisions\/119922"}],"wp:featuredmedia":[{"embeddable":true,"href":"https:\/\/testing.fishntech.com\/fr\/wp-json\/wp\/v2\/media\/12304"}],"wp:attachment":[{"href":"https:\/\/testing.fishntech.com\/fr\/wp-json\/wp\/v2\/media?parent=109640"}],"wp:term":[{"taxonomy":"product_brand","embeddable":true,"href":"https:\/\/testing.fishntech.com\/fr\/wp-json\/wp\/v2\/product_brand?post=109640"},{"taxonomy":"product_cat","embeddable":true,"href":"https:\/\/testing.fishntech.com\/fr\/wp-json\/wp\/v2\/product_cat?post=109640"},{"taxonomy":"product_tag","embeddable":true,"href":"https:\/\/testing.fishntech.com\/fr\/wp-json\/wp\/v2\/product_tag?post=109640"}],"curies":[{"name":"wp","href":"https:\/\/api.w.org\/{rel}","templated":true}]}}