{"id":109643,"date":"2025-02-19T22:30:20","date_gmt":"2025-02-19T22:30:20","guid":{"rendered":"https:\/\/testing.fishntech.com\/product\/ice-helix-5-chirp-g3-sonar-only\/"},"modified":"2025-06-05T17:39:02","modified_gmt":"2025-06-05T17:39:02","slug":"humminbird-ice-helix-5-chirp-g3","status":"publish","type":"product","link":"https:\/\/testing.fishntech.com\/fr\/product\/humminbird-ice-helix-5-chirp-g3\/","title":{"rendered":"ICE HELIX 5 CHIRP G3 SONAR ONLY"},"content":{"rendered":"<h3>ICE HELIX 5 CHIRP G3 SONAR ONLY<\/h3>\n<p>The ICE HELIX 5 CHIRP G3 gives you a deeper understanding of what&#8217;s below the ICE, with exclusive features you won&#8217;t find on any other ICE sonar unit. Utilize crystal-clear Dual Spectrum CHIRP Digital Sonar with 3\/4&#8243; target separation, CHIRP Interference Rejection, Adjustable Sonar Zoom, Jig Charge Mode, and unprecedented viewing options specifically for the ICE angler. You&#8217;ll watch it all take shape on a full-color, 5&#8243; HD LCD display.<\/p>\n<p><strong>Caract\u00e9ristiques :<\/strong><\/p>\n<ul>\n<li>Sonar CHIRP \u00e0 double spectre : Obtenez des retours haute r\u00e9solution des poissons individuels, des app\u00e2ts et des structures \u00e0 la fois sur le flasher et sur les vues traditionnelles du sonar 2D \u00e0 des profondeurs et des distances plus importantes, avec une s\u00e9paration des cibles allant jusqu'\u00e0 3\/4\u2033.<\/li>\n<li>Rejet des interf\u00e9rences CHIRP : Six r\u00e9glages emp\u00eachent les signaux de sonar concurrents d'encombrer votre \u00e9cran, offrant ainsi une vue claire en mode sonar et en mode clignotant.<\/li>\n<li>Zoom r\u00e9glable du sonar : Concentrez-vous sur les poissons, qu'ils soient proches du fond ou suspendus haut dans la colonne d'eau. Utilisez le zoom 2X sur l'\u00e9cran du flasheur ou jusqu'\u00e0 16X sur l'\u00e9cran du sonar 2D.<\/li>\n<li>Ultra Bright and Detailed LCD Display: The ICE HELIX screen provides everything you need to know, on a crystal-clear display with adjustable brightness. Whether in a fish house or on open ICE, you&#8217;ll easily be able to see digital depth display, sonar returns, and more exclusive features, all shown in real-time.<\/li>\n<li>Mode Jig Charge : Utilisez votre ICE HELIX pour recharger vos cuill\u00e8res et jigs phosphorescents et revenir rapidement sur les touches les plus fortes.<\/li>\n<li>Navette portable et mallette de transport : La mallette de transport souple et la navette prot\u00e8gent votre Humminbird ICE HELIX pour un transport en toute s\u00e9curit\u00e9 et comprennent une gestion int\u00e9gr\u00e9e des c\u00e2bles et des transducteurs.<\/li>\n<li>Year-Round Capable: The ICE HELIX 5 CHIRP G3 works with all compatible HELIX 5 CHIRP G3 transducers. Simply install an accessory transducer, power cord, and gimbal mount on your boat and you&#8217;ll be ready to hit the water even after the ICE melts.<\/li>\n<li>What\u2019s Included: ICE HELIX 5 CHIRP G3 fishfinder, Dual Spectrum CHIRP ICE transducer, 9Ah battery and charger, ICE shuttle, hardware, power cable, and portable bag.<\/li>\n<li>Garantie limit\u00e9e de 1 an<\/li>\n<\/ul>\n<p><strong>Sp\u00e9cifications :<\/strong><\/p>\n<ul>\n<li>Taille de l'\u00e9cran - Diagonale : 5\u2033.<\/li>\n<li>Matrice de pixels de l'\u00e9cran : 800H x 480V<\/li>\n<li>Sonar-Standard : CHIRP \u00e0 double spectre<\/li>\n<li>Couverture du sonar : 15\u00b0 &amp; 21\u00b0 @ -3dB<\/li>\n<li>Sonar - en option : 50 kHz, 50\/Low Airmar CHIRP<\/li>\n<li>CHIRP - Fr\u00e9quences prises en charge : 50\/200 (28-75\/130-250 kHz), 83\/200 (75-155\/130-250 kHz), mode complet (150-220 kHz), mode \u00e9troit (180-240 kHz), mode large (140-200 kHz).<\/li>\n<li>Fr\u00e9quences sonar prises en charge : 50\/80\/200 kHz<\/li>\n<li>Profondeur-Sonar : 400 pieds<\/li>\n<li>Interface : Contr\u00f4le par clavier<\/li>\n<li>Features: Dual Spectrum CHIRP, Interference Rejection, Jig Charge Mode, Portable<\/li>\n<li>Memory Card Slot: None<\/li>\n<li>Consommation \u00e9lectrique : 615 mA<\/li>\n<li>Entr\u00e9e d'alimentation : 10,8-20 VDC<\/li>\n<li>Puissance de sortie cr\u00eate \u00e0 cr\u00eate : 4000 Watts<\/li>\n<li>Puissance de sortie RMS : 500 Watts<\/li>\n<li>Screen Snap Shot: Not Supported<\/li>\n<li>Sonar Recording: Not Supported<\/li>\n<li>Standard de montage : Portable<\/li>\n<li>Emplacement du montage du transducteur : Portable<\/li>\n<li>GPS Chartplotting: Not Supported<\/li>\n<li>Tra\u00e7age GPS : Inclus<\/li>\n<li>Compatibilit\u00e9 LakeMaster : Oui<\/li>\n<li>Coast Master Compatibility: No<\/li>\n<li>Navionics Gold\/HotMaps Compatibility: No<\/li>\n<li>Navionics Platinum + Compatibility: No<\/li>\n<li>Platinum Compatibility: No<\/li>\n<li>Capteur de cap Compatibilit\u00e9 GPS : Oui<\/li>\n<li>Upgradable Software: No<\/li>\n<li>Afficher les touches pr\u00e9d\u00e9finies : Non<\/li>\n<li>Syst\u00e8me de menu X-Press : Oui<\/li>\n<li>Affichage num\u00e9rique personnalis\u00e9 : Oui<\/li>\n<li>S\u00e9lections de vues personnalis\u00e9es : Oui<\/li>\n<li>Couleurs d'affichage Niveaux de gris : 256 couleurs<\/li>\n<li>Speed: Not Supported<\/li>\n<li>Temperature: Not Supported<\/li>\n<li>Alarme de temp\u00e9rature : Oui<\/li>\n<li>Graphique de temp\u00e9rature : Non<\/li>\n<li>Transducteur inclus : XI 9 1521<\/li>\n<li>Compatible HDMI : Non<\/li>\n<li>Compatibilit\u00e9 MEGA Live : Non<\/li>\n<\/ul>\n<p><!--- cis2:mm1rl5hl ---><\/p>","protected":false},"excerpt":{"rendered":"<p>ICE HELIX 5 CHIRP G3 SONAR ONLY The ICE HELIX 5 CHIRP G3 gives you a deeper understanding of what&#8217;s below the ICE, with exclusive features you won&#8217;t find on any other ICE sonar unit. Utilize crystal-clear Dual Spectrum CHIRP Digital Sonar with 3\/4&#8243; target separation, CHIRP Interference Rejection, Adjustable Sonar Zoom, Jig Charge Mode, [&hellip;]<\/p>\n","protected":false},"featured_media":12283,"comment_status":"open","ping_status":"closed","template":"","meta":{"_acf_changed":false},"product_brand":[],"product_cat":[236,251,20],"product_tag":[],"class_list":{"0":"post-109643","1":"product","2":"type-product","3":"status-publish","4":"has-post-thumbnail","6":"product_cat-humminbird-fish-finders","7":"product_cat-ice","8":"product_cat-humminbird","10":"first","11":"onbackorder","12":"taxable","13":"shipping-taxable","14":"purchasable","15":"product-type-simple"},"acf":[],"_links":{"self":[{"href":"https:\/\/testing.fishntech.com\/fr\/wp-json\/wp\/v2\/product\/109643","targetHints":{"allow":["GET"]}}],"collection":[{"href":"https:\/\/testing.fishntech.com\/fr\/wp-json\/wp\/v2\/product"}],"about":[{"href":"https:\/\/testing.fishntech.com\/fr\/wp-json\/wp\/v2\/types\/product"}],"replies":[{"embeddable":true,"href":"https:\/\/testing.fishntech.com\/fr\/wp-json\/wp\/v2\/comments?post=109643"}],"version-history":[{"count":1,"href":"https:\/\/testing.fishntech.com\/fr\/wp-json\/wp\/v2\/product\/109643\/revisions"}],"predecessor-version":[{"id":119925,"href":"https:\/\/testing.fishntech.com\/fr\/wp-json\/wp\/v2\/product\/109643\/revisions\/119925"}],"wp:featuredmedia":[{"embeddable":true,"href":"https:\/\/testing.fishntech.com\/fr\/wp-json\/wp\/v2\/media\/12283"}],"wp:attachment":[{"href":"https:\/\/testing.fishntech.com\/fr\/wp-json\/wp\/v2\/media?parent=109643"}],"wp:term":[{"taxonomy":"product_brand","embeddable":true,"href":"https:\/\/testing.fishntech.com\/fr\/wp-json\/wp\/v2\/product_brand?post=109643"},{"taxonomy":"product_cat","embeddable":true,"href":"https:\/\/testing.fishntech.com\/fr\/wp-json\/wp\/v2\/product_cat?post=109643"},{"taxonomy":"product_tag","embeddable":true,"href":"https:\/\/testing.fishntech.com\/fr\/wp-json\/wp\/v2\/product_tag?post=109643"}],"curies":[{"name":"wp","href":"https:\/\/api.w.org\/{rel}","templated":true}]}}