{"id":109646,"date":"2025-02-19T22:30:22","date_gmt":"2025-02-19T22:30:22","guid":{"rendered":"https:\/\/testing.fishntech.com\/product\/ice-helix-7-chirp-gps-g4-sonar-gps-combo\/"},"modified":"2025-06-05T17:39:03","modified_gmt":"2025-06-05T17:39:03","slug":"humminbird-ice-helix-7-chirp-gps-g4","status":"publish","type":"product","link":"https:\/\/testing.fishntech.com\/fr\/product\/humminbird-ice-helix-7-chirp-gps-g4\/","title":{"rendered":"ICE HELIX 7 CHIRP GPS G4 SONAR GPS COMBO"},"content":{"rendered":"<h3>ICE HELIX 7 CHIRP GPS G4 SONAR GPS COMBO<\/h3>\n<p>The ICE HELIX 7 CHIRP GPS G4 will not only help you catch the fish but will also help you find where to catch them. Take advantage of outstanding features like Dual Spectrum CHIRP Sonar with 3\/4&#8243; target separation, CHIRP Interference Rejection, built-in GPS with Humminbird Basemap, and compatibility with both LakeMaster(r) or Navionics(r) maps. Additional features designed specifically for the ICE angler include AutoChart Live ICE, Jig Charge Mode, split-screen views, premium shuttle, and 15Ah lithium battery separating this unit from all others on the ICE. Take it all in on an ultra-bright 7&#8243; full-color LCD display.<\/p>\n<p><strong>Caract\u00e9ristiques :<\/strong><\/p>\n<ul>\n<li>Sonar CHIRP \u00e0 double spectre : Obtenez des retours haute r\u00e9solution des poissons individuels, des app\u00e2ts et des structures \u00e0 la fois sur le flasher et sur les vues traditionnelles du sonar 2D \u00e0 des profondeurs et des distances plus importantes, avec une s\u00e9paration des cibles allant jusqu'\u00e0 3\/4\u2033.<\/li>\n<li>Rejet des interf\u00e9rences CHIRP : Six r\u00e9glages emp\u00eachent les signaux de sonar concurrents d'encombrer votre \u00e9cran, offrant ainsi une vue claire en mode sonar et en mode clignotant.<\/li>\n<li>Zoom r\u00e9glable du sonar : Concentrez-vous sur les poissons, qu'ils soient proches du fond ou suspendus haut dans la colonne d'eau. Utilisez le zoom 2X sur l'\u00e9cran du flasheur ou jusqu'\u00e0 16X sur l'\u00e9cran du sonar 2D.<\/li>\n<li>GPS interne de pr\u00e9cision int\u00e9gr\u00e9 : Ne vous posez plus de questions pour trouver votre coin de p\u00eache. Rep\u00e9rez votre position en marquant des points de rep\u00e8re sur vos zones les plus productives et naviguez jusqu'\u00e0 votre lieu de p\u00eache et revenez en toute s\u00e9curit\u00e9 gr\u00e2ce aux traces GPS.<\/li>\n<li>Carte de base Humminbird int\u00e9gr\u00e9e : Notre carte Basemap standard am\u00e9lior\u00e9e vous offre une vue claire du terrain sous-marin et des points d'int\u00e9r\u00eat environnants afin que vous puissiez p\u00eacher et naviguer en toute confiance. Identifiez les bou\u00e9es, les marqueurs de jour, les dangers, les marinas, les contours, les marqueurs de profondeur et bien plus encore. Inclut les cartes de plus de 10 000 lacs.<\/li>\n<li>AutoChart Live ICE : Cr\u00e9ez en temps r\u00e9el des cartes en courbes de niveau de 1 pied de vos lieux de p\u00eache pour trouver le poisson plus rapidement. Cr\u00e9ez des cartes sur ICE pour montrer les bosses et les tombants ou des r\u00e9cifs entiers, tout en utilisant les fonctions Humminbird\u00ae LakeMaster\u00ae, la mise en \u00e9vidence de la profondeur, la mise en \u00e9vidence des eaux peu profondes et le d\u00e9calage du niveau de l'eau.<\/li>\n<li>Lecteur de carte MicroSD : Lecteur de carte unique utilis\u00e9 pour la cartographie premium, les mises \u00e0 jour logicielles ou pour sauvegarder les captures d'\u00e9cran, les enregistrements sonar et les waypoints de votre ICE HELIX.<\/li>\n<li>\u00c9cran LCD ultra-lumineux et d\u00e9taill\u00e9 : L'\u00e9cran de l'ICE HELIX fournit tout ce que vous avez besoin de savoir, sur un affichage clair comme du cristal avec une luminosit\u00e9 r\u00e9glable. Que vous soyez dans une maison de p\u00eache ou sur l'ICE, vous pourrez facilement voir l'affichage num\u00e9rique de la profondeur, les retours du sonar et d'autres fonctions exclusives, le tout en temps r\u00e9el.<\/li>\n<li>Mode Jig Charge : Utilisez votre ICE HELIX pour recharger vos cuill\u00e8res et jigs phosphorescents et revenir rapidement sur les touches les plus fortes.<\/li>\n<li>Premium Shuttle: It has it all. Master power switch, quick-connect SAE power cables, large handle, multiple \u00bc&#8221;-20 mounting options for accessories, two rod holders, cable and transducer management, and a battery cover.<\/li>\n<li>Year-Round Capable: The ICE HELIX 7 CHIRP GPS G4 works with all compatible HELIX 7 CHIRP GPS G4 transducers. Simply install an accessory transducer, power cord and gimbal mount on your boat and you&#8217;ll be ready to hit the water even after the ICE melts.<\/li>\n<li>What\u2019s Included: ICE HELIX 7 CHIRP GPS G4 fishfinder, Dual Spectrum CHIRP ICE transducer, 15Ah lithium battery with 2 USB ports and battery life indicator, charger, ICE shuttle, hardware, quick-connect SAE power cables, and silicone screen cover.<\/li>\n<li>Garantie limit\u00e9e de 1 an<\/li>\n<\/ul>\n<p><strong>Sp\u00e9cifications :<\/strong><\/p>\n<ul>\n<li>Display Size &#8211; Diagonal: 7&#8243;<\/li>\n<li>Display Pixel Matrix: 1024H x 600V<\/li>\n<li>Sonar-Standard : CHIRP \u00e0 double spectre<\/li>\n<li>Couverture du sonar : 15\u00b0 &amp; 21\u00b0 @ -3dB<\/li>\n<li>Sonar - en option : 50 kHz, 50\/Low Airmar CHIRP<\/li>\n<li>CHIRP - Fr\u00e9quences prises en charge : 50\/200 (28-75\/130-250 kHz), 83\/200 (75-155\/130-250 kHz), mode complet (150-220 kHz), mode \u00e9troit (180-240 kHz), mode large (140-200 kHz).<\/li>\n<li>Fr\u00e9quences sonar prises en charge : 50\/80\/200 kHz<\/li>\n<li>Profondeur-Sonar : 400 pieds<\/li>\n<li>Interface : Contr\u00f4le par clavier<\/li>\n<li>Features: Dual Spectrum CHIRP, Interference Rejection, Jig Charge Mode, Portable, Built-In GPS, Built-In Mapping, AutoChart Live Ice, MEGA Live Imaging<\/li>\n<li>Fente pour carte m\u00e9moire : Micro SD simple<\/li>\n<li>Compatible With: AIS, AutoPilot<\/li>\n<li>Power Draw: 800 mA<\/li>\n<li>Entr\u00e9e d'alimentation : 10,8-20 VDC<\/li>\n<li>Puissance de sortie cr\u00eate \u00e0 cr\u00eate : 4000 Watts<\/li>\n<li>Puissance de sortie RMS : 500 Watts<\/li>\n<li>Capture d'\u00e9cran : Inclus<\/li>\n<li>Enregistrement du sonar : Inclus<\/li>\n<li>Standard de montage : Portable<\/li>\n<li>Emplacement du montage du transducteur : Portable<\/li>\n<li>Tra\u00e7age de cartes GPS : Inclus<\/li>\n<li>Tra\u00e7age GPS : Inclus<\/li>\n<li>Compatibilit\u00e9 LakeMaster : Oui<\/li>\n<li>Compatibilit\u00e9 Coast Master : Oui<\/li>\n<li>Compatibilit\u00e9 Navionics Gold\/HotMaps : Oui<\/li>\n<li>Compatibilit\u00e9 Navionics Platinum + : Oui<\/li>\n<li>Compatibilit\u00e9 avec le platine : Oui<\/li>\n<li>Capteur de cap Compatibilit\u00e9 GPS : Oui<\/li>\n<li>Logiciel \u00e9volutif : Oui<\/li>\n<li>Afficher les touches pr\u00e9d\u00e9finies : Non<\/li>\n<li>Syst\u00e8me de menu X-Press : Oui<\/li>\n<li>Affichage num\u00e9rique personnalis\u00e9 : Oui<\/li>\n<li>S\u00e9lections de vues personnalis\u00e9es : Oui<\/li>\n<li>Couleurs d'affichage Niveaux de gris : 16 bits<\/li>\n<li>Vitesse : incluse<\/li>\n<li>Temp\u00e9rature : Int\u00e9gr\u00e9e<\/li>\n<li>Alarme de temp\u00e9rature : Oui<\/li>\n<li>Graphique de temp\u00e9rature : Non<\/li>\n<li>Transducteur inclus : XI 9 1521<\/li>\n<li>Compatible HDMI : Non<\/li>\n<li>Compatibilit\u00e9 MEGA Live : Non<\/li>\n<\/ul>\n<p><!--- cis2:mm1rl5hl ---><\/p>","protected":false},"excerpt":{"rendered":"<p>ICE HELIX 7 CHIRP GPS G4 SONAR GPS COMBO The ICE HELIX 7 CHIRP GPS G4 will not only help you catch the fish but will also help you find where to catch them. Take advantage of outstanding features like Dual Spectrum CHIRP Sonar with 3\/4&#8243; target separation, CHIRP Interference Rejection, built-in GPS with Humminbird [&hellip;]<\/p>\n","protected":false},"featured_media":12275,"comment_status":"open","ping_status":"closed","template":"","meta":{"_acf_changed":false},"product_brand":[],"product_cat":[236,251,20],"product_tag":[],"class_list":{"0":"post-109646","1":"product","2":"type-product","3":"status-publish","4":"has-post-thumbnail","6":"product_cat-humminbird-fish-finders","7":"product_cat-ice","8":"product_cat-humminbird","10":"first","11":"onbackorder","12":"taxable","13":"shipping-taxable","14":"purchasable","15":"product-type-simple"},"acf":[],"_links":{"self":[{"href":"https:\/\/testing.fishntech.com\/fr\/wp-json\/wp\/v2\/product\/109646","targetHints":{"allow":["GET"]}}],"collection":[{"href":"https:\/\/testing.fishntech.com\/fr\/wp-json\/wp\/v2\/product"}],"about":[{"href":"https:\/\/testing.fishntech.com\/fr\/wp-json\/wp\/v2\/types\/product"}],"replies":[{"embeddable":true,"href":"https:\/\/testing.fishntech.com\/fr\/wp-json\/wp\/v2\/comments?post=109646"}],"version-history":[{"count":1,"href":"https:\/\/testing.fishntech.com\/fr\/wp-json\/wp\/v2\/product\/109646\/revisions"}],"predecessor-version":[{"id":119928,"href":"https:\/\/testing.fishntech.com\/fr\/wp-json\/wp\/v2\/product\/109646\/revisions\/119928"}],"wp:featuredmedia":[{"embeddable":true,"href":"https:\/\/testing.fishntech.com\/fr\/wp-json\/wp\/v2\/media\/12275"}],"wp:attachment":[{"href":"https:\/\/testing.fishntech.com\/fr\/wp-json\/wp\/v2\/media?parent=109646"}],"wp:term":[{"taxonomy":"product_brand","embeddable":true,"href":"https:\/\/testing.fishntech.com\/fr\/wp-json\/wp\/v2\/product_brand?post=109646"},{"taxonomy":"product_cat","embeddable":true,"href":"https:\/\/testing.fishntech.com\/fr\/wp-json\/wp\/v2\/product_cat?post=109646"},{"taxonomy":"product_tag","embeddable":true,"href":"https:\/\/testing.fishntech.com\/fr\/wp-json\/wp\/v2\/product_tag?post=109646"}],"curies":[{"name":"wp","href":"https:\/\/api.w.org\/{rel}","templated":true}]}}