{"id":109790,"date":"2025-02-19T22:32:16","date_gmt":"2025-02-19T22:32:16","guid":{"rendered":"https:\/\/testing.fishntech.com\/product\/idmk-s10-in-dash-mounting-kit-for-solix-10\/"},"modified":"2025-06-05T17:39:30","modified_gmt":"2025-06-05T17:39:30","slug":"humminbird-idmk-s10-in-dash-mounting-kit-f-solix-10","status":"publish","type":"product","link":"https:\/\/testing.fishntech.com\/fr\/product\/humminbird-idmk-s10-in-dash-mounting-kit-f-solix-10\/","title":{"rendered":"IDMK S10 In-Dash Mounting Kit for SOLIX 10"},"content":{"rendered":"<h3>IDMK S10 In-Dash Mounting Kit for SOLIX 10<\/h3>\n<p>In-Dash mounting kit for SOLIX&trade; 10 Models.<\/p>\n<p><img decoding=\"async\" src=\"https:\/\/productimageserver.com\/prop65\/6pt.png\" alt=\"Avertissement\" \/><strong>AVERTISSEMENT :<\/strong> Ce produit peut vous exposer \u00e0 des produits chimiques, y compris le LEAD qui est reconnu par l'\u00c9tat de Californie comme causant le cancer, des anomalies cong\u00e9nitales ou d'autres troubles de la reproduction. Pour plus d'informations, consultez le site <a href=\"http:\/\/P65Warnings.ca.gov\" target=\"_blank\" rel=\"noopener\">P65Avertissements.ca.gov<\/a>.<\/p>\n<p> <!--- cis2:mm1rl5hl ---><\/p>","protected":false},"excerpt":{"rendered":"<p>IDMK S10 In-Dash Mounting Kit for SOLIX 10 In-Dash mounting kit for SOLIX&trade; 10 Models. WARNING: This product can expose you to chemicals including LEAD which is known to the State of California to cause cancer, birth defects or other reproductive harm. For more information go to P65Warnings.ca.gov.<\/p>","protected":false},"featured_media":3557,"comment_status":"open","ping_status":"closed","template":"","meta":{"_acf_changed":false},"product_brand":[],"product_cat":[873,262,20],"product_tag":[],"class_list":{"0":"post-109790","1":"product","2":"type-product","3":"status-publish","4":"has-post-thumbnail","6":"product_cat-humminbird-accessories","7":"product_cat-unit-mounting-hardware","8":"product_cat-humminbird","10":"first","11":"instock","12":"taxable","13":"shipping-taxable","14":"purchasable","15":"product-type-simple"},"acf":[],"_links":{"self":[{"href":"https:\/\/testing.fishntech.com\/fr\/wp-json\/wp\/v2\/product\/109790","targetHints":{"allow":["GET"]}}],"collection":[{"href":"https:\/\/testing.fishntech.com\/fr\/wp-json\/wp\/v2\/product"}],"about":[{"href":"https:\/\/testing.fishntech.com\/fr\/wp-json\/wp\/v2\/types\/product"}],"replies":[{"embeddable":true,"href":"https:\/\/testing.fishntech.com\/fr\/wp-json\/wp\/v2\/comments?post=109790"}],"version-history":[{"count":1,"href":"https:\/\/testing.fishntech.com\/fr\/wp-json\/wp\/v2\/product\/109790\/revisions"}],"predecessor-version":[{"id":120086,"href":"https:\/\/testing.fishntech.com\/fr\/wp-json\/wp\/v2\/product\/109790\/revisions\/120086"}],"wp:featuredmedia":[{"embeddable":true,"href":"https:\/\/testing.fishntech.com\/fr\/wp-json\/wp\/v2\/media\/3557"}],"wp:attachment":[{"href":"https:\/\/testing.fishntech.com\/fr\/wp-json\/wp\/v2\/media?parent=109790"}],"wp:term":[{"taxonomy":"product_brand","embeddable":true,"href":"https:\/\/testing.fishntech.com\/fr\/wp-json\/wp\/v2\/product_brand?post=109790"},{"taxonomy":"product_cat","embeddable":true,"href":"https:\/\/testing.fishntech.com\/fr\/wp-json\/wp\/v2\/product_cat?post=109790"},{"taxonomy":"product_tag","embeddable":true,"href":"https:\/\/testing.fishntech.com\/fr\/wp-json\/wp\/v2\/product_tag?post=109790"}],"curies":[{"name":"wp","href":"https:\/\/api.w.org\/{rel}","templated":true}]}}