{"id":109793,"date":"2025-02-19T22:32:18","date_gmt":"2025-02-19T22:32:18","guid":{"rendered":"https:\/\/testing.fishntech.com\/product\/idmk-s12r-in-dash-mount-for-solix-12\/"},"modified":"2025-06-05T17:39:31","modified_gmt":"2025-06-05T17:39:31","slug":"humminbird-idmk-s12r-in-dash-mounting-kit-f-solix-12","status":"publish","type":"product","link":"https:\/\/testing.fishntech.com\/fr\/product\/humminbird-idmk-s12r-in-dash-mounting-kit-f-solix-12\/","title":{"rendered":"IDMK S12R In-Dash Mount for SOLIX 12"},"content":{"rendered":"<h3>IDMK S12R In-Dash Mount for SOLIX 12<\/h3>\n<p>In-dash unit mounting kit for the SOLIX 12 Series of products.<\/p>\n<p><img decoding=\"async\" src=\"https:\/\/productimageserver.com\/prop65\/6pt.png\" alt=\"Avertissement\" \/><strong>AVERTISSEMENT :<\/strong> Ce produit peut vous exposer \u00e0 des produits chimiques, y compris le LEAD qui est reconnu par l'\u00c9tat de Californie comme causant le cancer, des anomalies cong\u00e9nitales ou d'autres troubles de la reproduction. Pour plus d'informations, consultez le site <a href=\"http:\/\/P65Warnings.ca.gov\" target=\"_blank\" rel=\"noopener\">P65Avertissements.ca.gov<\/a>.<\/p>\n<p> <!--- cis2:mm1rl5hl ---><\/p>","protected":false},"excerpt":{"rendered":"<p>IDMK S12R In-Dash Mount for SOLIX 12 In-dash unit mounting kit for the SOLIX 12 Series of products. WARNING: This product can expose you to chemicals including LEAD which is known to the State of California to cause cancer, birth defects or other reproductive harm. For more information go to P65Warnings.ca.gov.<\/p>","protected":false},"featured_media":3563,"comment_status":"open","ping_status":"closed","template":"","meta":{"_acf_changed":false},"product_brand":[],"product_cat":[873,262,20],"product_tag":[],"class_list":{"0":"post-109793","1":"product","2":"type-product","3":"status-publish","4":"has-post-thumbnail","6":"product_cat-humminbird-accessories","7":"product_cat-unit-mounting-hardware","8":"product_cat-humminbird","10":"first","11":"instock","12":"taxable","13":"shipping-taxable","14":"purchasable","15":"product-type-simple"},"acf":[],"_links":{"self":[{"href":"https:\/\/testing.fishntech.com\/fr\/wp-json\/wp\/v2\/product\/109793","targetHints":{"allow":["GET"]}}],"collection":[{"href":"https:\/\/testing.fishntech.com\/fr\/wp-json\/wp\/v2\/product"}],"about":[{"href":"https:\/\/testing.fishntech.com\/fr\/wp-json\/wp\/v2\/types\/product"}],"replies":[{"embeddable":true,"href":"https:\/\/testing.fishntech.com\/fr\/wp-json\/wp\/v2\/comments?post=109793"}],"version-history":[{"count":1,"href":"https:\/\/testing.fishntech.com\/fr\/wp-json\/wp\/v2\/product\/109793\/revisions"}],"predecessor-version":[{"id":120089,"href":"https:\/\/testing.fishntech.com\/fr\/wp-json\/wp\/v2\/product\/109793\/revisions\/120089"}],"wp:featuredmedia":[{"embeddable":true,"href":"https:\/\/testing.fishntech.com\/fr\/wp-json\/wp\/v2\/media\/3563"}],"wp:attachment":[{"href":"https:\/\/testing.fishntech.com\/fr\/wp-json\/wp\/v2\/media?parent=109793"}],"wp:term":[{"taxonomy":"product_brand","embeddable":true,"href":"https:\/\/testing.fishntech.com\/fr\/wp-json\/wp\/v2\/product_brand?post=109793"},{"taxonomy":"product_cat","embeddable":true,"href":"https:\/\/testing.fishntech.com\/fr\/wp-json\/wp\/v2\/product_cat?post=109793"},{"taxonomy":"product_tag","embeddable":true,"href":"https:\/\/testing.fishntech.com\/fr\/wp-json\/wp\/v2\/product_tag?post=109793"}],"curies":[{"name":"wp","href":"https:\/\/api.w.org\/{rel}","templated":true}]}}