{"id":109823,"date":"2025-02-19T22:32:40","date_gmt":"2025-02-19T22:32:40","guid":{"rendered":"https:\/\/testing.fishntech.com\/product\/cc-ice-soft-sided-carrying-case\/"},"modified":"2025-06-05T17:39:39","modified_gmt":"2025-06-05T17:39:39","slug":"humminbird-cc-ice","status":"publish","type":"product","link":"https:\/\/testing.fishntech.com\/fr\/product\/humminbird-cc-ice\/","title":{"rendered":"CC ICE Soft Sided Carrying Case"},"content":{"rendered":"<h3>CC ICE Soft Sided Carrying Case<\/h3>\n<p>The CC ICE is a soft side carrying case that protects your Humminbird ICE Flasher both on and off the ice. Compatible with Helix 5 \/ ICE 35 \/ 45 \/ 55 models. This zippered bag provides cargo pockets to carry additional items on the outside, while keeping your flasher and transducer safe on the inside.<\/p>\n<h4><b>Caract\u00e9ristiques :<\/b><\/h4>\n<ul>\n<li class=\"field-item even\">Compatible with: ICE Flasher Series Products (ICE 35, ICE 45 and ICE 55) and all Helix 5 fishfinders using the portable shuttle<\/li>\n<li class=\"field-item odd\">Carrying case only &#8211; does not include mounting shuttle, battery or charger.<\/li>\n<li class=\"field-item even\">Garantie limit\u00e9e de 1 an<\/li>\n<\/ul>\n<h4>Soft-sided carrying case only (No shuttle, battery, or charger)<\/h4>\n<p><img decoding=\"async\" src=\"https:\/\/productimageserver.com\/prop65\/6pt.png\" alt=\"Avertissement\" \/><strong>AVERTISSEMENT :<\/strong> Ce produit peut vous exposer \u00e0 des produits chimiques, y compris le LEAD qui est reconnu par l'\u00c9tat de Californie comme causant le cancer, des anomalies cong\u00e9nitales ou d'autres troubles de la reproduction. Pour plus d'informations, consultez le site <a href=\"http:\/\/P65Warnings.ca.gov\" target=\"_blank\" rel=\"noopener\">P65Avertissements.ca.gov<\/a>.<\/p>\n<p><!--- cis2:mm1rl5hl ---><\/p>","protected":false},"excerpt":{"rendered":"<p>CC ICE Soft Sided Carrying Case The CC ICE is a soft side carrying case that protects your Humminbird ICE Flasher both on and off the ice. Compatible with Helix 5 \/ ICE 35 \/ 45 \/ 55 models. This zippered bag provides cargo pockets to carry additional items on the outside, while keeping your [&hellip;]<\/p>\n","protected":false},"featured_media":14213,"comment_status":"open","ping_status":"closed","template":"","meta":{"_acf_changed":false},"product_brand":[],"product_cat":[236,237,251,263,20],"product_tag":[],"class_list":{"0":"post-109823","1":"product","2":"type-product","3":"status-publish","4":"has-post-thumbnail","6":"product_cat-humminbird-fish-finders","7":"product_cat-humminbird-networking","8":"product_cat-ice","9":"product_cat-portable-carrying-cases","10":"product_cat-humminbird","12":"first","13":"instock","14":"taxable","15":"shipping-taxable","16":"purchasable","17":"product-type-simple"},"acf":[],"_links":{"self":[{"href":"https:\/\/testing.fishntech.com\/fr\/wp-json\/wp\/v2\/product\/109823","targetHints":{"allow":["GET"]}}],"collection":[{"href":"https:\/\/testing.fishntech.com\/fr\/wp-json\/wp\/v2\/product"}],"about":[{"href":"https:\/\/testing.fishntech.com\/fr\/wp-json\/wp\/v2\/types\/product"}],"replies":[{"embeddable":true,"href":"https:\/\/testing.fishntech.com\/fr\/wp-json\/wp\/v2\/comments?post=109823"}],"version-history":[{"count":1,"href":"https:\/\/testing.fishntech.com\/fr\/wp-json\/wp\/v2\/product\/109823\/revisions"}],"predecessor-version":[{"id":120131,"href":"https:\/\/testing.fishntech.com\/fr\/wp-json\/wp\/v2\/product\/109823\/revisions\/120131"}],"wp:featuredmedia":[{"embeddable":true,"href":"https:\/\/testing.fishntech.com\/fr\/wp-json\/wp\/v2\/media\/14213"}],"wp:attachment":[{"href":"https:\/\/testing.fishntech.com\/fr\/wp-json\/wp\/v2\/media?parent=109823"}],"wp:term":[{"taxonomy":"product_brand","embeddable":true,"href":"https:\/\/testing.fishntech.com\/fr\/wp-json\/wp\/v2\/product_brand?post=109823"},{"taxonomy":"product_cat","embeddable":true,"href":"https:\/\/testing.fishntech.com\/fr\/wp-json\/wp\/v2\/product_cat?post=109823"},{"taxonomy":"product_tag","embeddable":true,"href":"https:\/\/testing.fishntech.com\/fr\/wp-json\/wp\/v2\/product_tag?post=109823"}],"curies":[{"name":"wp","href":"https:\/\/api.w.org\/{rel}","templated":true}]}}