{"id":109828,"date":"2025-02-19T22:32:44","date_gmt":"2025-02-19T22:32:44","guid":{"rendered":"https:\/\/testing.fishntech.com\/product\/uc-s12-solix-12-unit-cover\/"},"modified":"2025-06-05T17:39:40","modified_gmt":"2025-06-05T17:39:40","slug":"humminbird-uc-s12","status":"publish","type":"product","link":"https:\/\/testing.fishntech.com\/fr\/product\/humminbird-uc-s12\/","title":{"rendered":"UC S12 SOLIX 12 Couvercle d'unit\u00e9"},"content":{"rendered":"<h3>UC S12 SOLIX 12 Couvercle d'unit\u00e9<\/h3>\n<p>L'UC S12 est une housse en silicone pour les mod\u00e8les SOLIX 12 qui permet de prot\u00e9ger votre d\u00e9tecteur de poissons lorsqu'il n'est pas utilis\u00e9.<\/p>\n<h4>Caract\u00e9ristiques :<\/h4>\n<ul>\n<li class=\"field-item even\">Compatible avec : Tous les produits de la s\u00e9rie SOLIX 12<\/li>\n<li class=\"field-item odd\">Couleur : Noir<\/li>\n<li class=\"field-item even\">Ne pas utiliser pour le tralier.<\/li>\n<li class=\"field-item odd\">Garantie limit\u00e9e de 1 an<\/li>\n<\/ul>\n<h4>Sp\u00e9cifications :<\/h4>\n<table class=\"attributes-table items-list\">\n<tbody>\n<tr class=\"active\">\n<td class=\"label_product\"><span role=\"heading\">Type :<\/span><\/td>\n<td class=\"value\">Couvertures de l'unit\u00e9<\/td>\n<\/tr>\n<tr class=\"active\">\n<td class=\"label_product\"><span role=\"heading\">Mod\u00e8les actuels :\u00a0 \u00a0 \u00a0 \u00a0 \u00a0\u00a0<\/span><\/td>\n<td class=\"value\">SOLIX 12<\/td>\n<\/tr>\n<tr class=\"active\">\n<td class=\"label_product\"><span role=\"heading\">Garantie :<\/span><\/td>\n<td class=\"value\">Garantie d'un an<\/td>\n<\/tr>\n<tr class=\"active\">\n<td class=\"label_product\"><span role=\"heading\">UPC :<\/span><\/td>\n<td class=\"value\">0082324050398<\/td>\n<\/tr>\n<\/tbody>\n<\/table>\n<p><!--- cis2:mm1rl5hl ---><\/p>","protected":false},"excerpt":{"rendered":"<p>UC S12 SOLIX 12 Unit Cover The UC S12 is a silicone cover for SOLIX 12 models that helps keep your fish finder protected when not in use. Features: Compatible with: All SOLIX 12 Series Products Color: Black Not for use while traliering boat. 1-Year Limited Warranty Specifications: Type: Unit Covers Current Models:\u00a0 \u00a0 \u00a0 [&hellip;]<\/p>\n","protected":false},"featured_media":16664,"comment_status":"open","ping_status":"closed","template":"","meta":{"_acf_changed":false},"product_brand":[],"product_cat":[264,873,20],"product_tag":[],"class_list":{"0":"post-109828","1":"product","2":"type-product","3":"status-publish","4":"has-post-thumbnail","6":"product_cat-covers","7":"product_cat-humminbird-accessories","8":"product_cat-humminbird","10":"first","11":"instock","12":"taxable","13":"shipping-taxable","14":"purchasable","15":"product-type-simple"},"acf":[],"_links":{"self":[{"href":"https:\/\/testing.fishntech.com\/fr\/wp-json\/wp\/v2\/product\/109828","targetHints":{"allow":["GET"]}}],"collection":[{"href":"https:\/\/testing.fishntech.com\/fr\/wp-json\/wp\/v2\/product"}],"about":[{"href":"https:\/\/testing.fishntech.com\/fr\/wp-json\/wp\/v2\/types\/product"}],"replies":[{"embeddable":true,"href":"https:\/\/testing.fishntech.com\/fr\/wp-json\/wp\/v2\/comments?post=109828"}],"version-history":[{"count":1,"href":"https:\/\/testing.fishntech.com\/fr\/wp-json\/wp\/v2\/product\/109828\/revisions"}],"predecessor-version":[{"id":120136,"href":"https:\/\/testing.fishntech.com\/fr\/wp-json\/wp\/v2\/product\/109828\/revisions\/120136"}],"wp:featuredmedia":[{"embeddable":true,"href":"https:\/\/testing.fishntech.com\/fr\/wp-json\/wp\/v2\/media\/16664"}],"wp:attachment":[{"href":"https:\/\/testing.fishntech.com\/fr\/wp-json\/wp\/v2\/media?parent=109828"}],"wp:term":[{"taxonomy":"product_brand","embeddable":true,"href":"https:\/\/testing.fishntech.com\/fr\/wp-json\/wp\/v2\/product_brand?post=109828"},{"taxonomy":"product_cat","embeddable":true,"href":"https:\/\/testing.fishntech.com\/fr\/wp-json\/wp\/v2\/product_cat?post=109828"},{"taxonomy":"product_tag","embeddable":true,"href":"https:\/\/testing.fishntech.com\/fr\/wp-json\/wp\/v2\/product_tag?post=109828"}],"curies":[{"name":"wp","href":"https:\/\/api.w.org\/{rel}","templated":true}]}}