{"id":110734,"date":"2025-02-20T18:56:11","date_gmt":"2025-02-20T18:56:11","guid":{"rendered":"https:\/\/testing.fishntech.com\/product\/corded-foot-pedal-for-terrova\/"},"modified":"2025-06-05T17:40:20","modified_gmt":"2025-06-05T17:40:20","slug":"minn-kota-corded-foot-pedal-for-terrova","status":"publish","type":"product","link":"https:\/\/testing.fishntech.com\/fr\/product\/minn-kota-corded-foot-pedal-for-terrova\/","title":{"rendered":"P\u00e9dale filaire pour Terrova"},"content":{"rendered":"<h3>Minn Kota Corded Foot Pedal For Terrova<\/h3>\n<p>Profil bas, \u00e9tanche et dot\u00e9 de fonctions de contr\u00f4le compl\u00e8tes pour vous permettre d'effectuer des r\u00e9glages pr\u00e9cis de la direction.<\/p>\n<p>Comprend un cordon de 18\u2032.<\/p>\n<p><strong>Caract\u00e9ristiques :<\/strong><\/p>\n<ul>\n<li>Bouton ON\/OFF Spot-Lock avec indicateur LED<\/li>\n<li>Profil bas, conception \u00e9tanche<\/li>\n<li>P\u00e9dale talon\/orteil et options de direction gauche\/droite<\/li>\n<li>Bouton ON\/OFF de l'AutoPilot avec indicateur LED<\/li>\n<li>Bouton de mise en marche momentan\u00e9e\/constante avec indicateur LED<\/li>\n<li>Cadran rotatif de contr\u00f4le de la vitesse<\/li>\n<li>C\u00e2ble de 18\u2032 avec connecteur \u00e9tanche<\/li>\n<li>Plug-n-play avec les moteurs Terrova ou Riptide Terrova, et fonctionne avec CoPilot, i-Pilot et i-Pilot Link.<\/li>\n<li>Compatible avec les moteurs de p\u00eache \u00e0 la tra\u00eene Terrova et Riptide Terrova de l'ann\u00e9e 2017 et suivantes.<\/li>\n<\/ul>\n<p><!--- cis2:mm1rl5hl ---><\/p>","protected":false},"excerpt":{"rendered":"<p>Minn Kota Corded Foot Pedal For Terrova Low-profile, waterproof and loaded with comprehensive control features to let you make precise steering adjustments. Includes 18&#8242; cord. Features: Spot-Lock ON\/OFF button with LED indicator Low-profile, waterproof design Heel\/toe pedal and left\/right steering options AutoPilot ON\/OFF button with LED indicator Momentary\/Constant ON button with LED indicator Rotary speed [&hellip;]<\/p>\n","protected":false},"featured_media":1828,"comment_status":"closed","ping_status":"closed","template":"","meta":{"_acf_changed":false},"product_brand":[],"product_cat":[88,91,185,184],"product_tag":[],"class_list":{"0":"post-110734","1":"product","2":"type-product","3":"status-publish","4":"has-post-thumbnail","6":"product_cat-minnkota","7":"product_cat-minnkota-trolling-motors","8":"product_cat-minn-kota-trolling-motors-accessories","9":"product_cat-controls","11":"first","12":"outofstock","13":"sale","14":"taxable","15":"shipping-taxable","16":"purchasable","17":"product-type-simple"},"acf":[],"_links":{"self":[{"href":"https:\/\/testing.fishntech.com\/fr\/wp-json\/wp\/v2\/product\/110734","targetHints":{"allow":["GET"]}}],"collection":[{"href":"https:\/\/testing.fishntech.com\/fr\/wp-json\/wp\/v2\/product"}],"about":[{"href":"https:\/\/testing.fishntech.com\/fr\/wp-json\/wp\/v2\/types\/product"}],"replies":[{"embeddable":true,"href":"https:\/\/testing.fishntech.com\/fr\/wp-json\/wp\/v2\/comments?post=110734"}],"version-history":[{"count":1,"href":"https:\/\/testing.fishntech.com\/fr\/wp-json\/wp\/v2\/product\/110734\/revisions"}],"predecessor-version":[{"id":120377,"href":"https:\/\/testing.fishntech.com\/fr\/wp-json\/wp\/v2\/product\/110734\/revisions\/120377"}],"wp:featuredmedia":[{"embeddable":true,"href":"https:\/\/testing.fishntech.com\/fr\/wp-json\/wp\/v2\/media\/1828"}],"wp:attachment":[{"href":"https:\/\/testing.fishntech.com\/fr\/wp-json\/wp\/v2\/media?parent=110734"}],"wp:term":[{"taxonomy":"product_brand","embeddable":true,"href":"https:\/\/testing.fishntech.com\/fr\/wp-json\/wp\/v2\/product_brand?post=110734"},{"taxonomy":"product_cat","embeddable":true,"href":"https:\/\/testing.fishntech.com\/fr\/wp-json\/wp\/v2\/product_cat?post=110734"},{"taxonomy":"product_tag","embeddable":true,"href":"https:\/\/testing.fishntech.com\/fr\/wp-json\/wp\/v2\/product_tag?post=110734"}],"curies":[{"name":"wp","href":"https:\/\/api.w.org\/{rel}","templated":true}]}}