{"id":110739,"date":"2025-02-20T18:56:16","date_gmt":"2025-02-20T18:56:16","guid":{"rendered":"https:\/\/testing.fishntech.com\/product\/raptor-10-ft-shallow-water-anchor-with-active-anchoring-red\/"},"modified":"2025-06-05T17:40:08","modified_gmt":"2025-06-05T17:40:08","slug":"raptor-10-ft-shallow-water-anchor-with-active-anchoring-red","status":"publish","type":"product","link":"https:\/\/testing.fishntech.com\/fr\/product\/raptor-10-ft-shallow-water-anchor-with-active-anchoring-red\/","title":{"rendered":"Raptor 10 ft Shallow Water Anchor With Active Anchoring Red"},"content":{"rendered":"<h3>Minn Kota Raptor 10 ft Shallow Water Anchor With Active Anchoring Red<\/h3>\n<p>Raptor keeps working to hold you more reliably than any other anchor, especially in rough conditions. It knows where you\u2019re anchoring, what\u2019s happening to your boat, and what to do next. It reads the bottom, senses the anchoring force and reacts automatically to keep you locked down until the moment you\u2019re ready to change spots. Legendary Minn Kota durability and innovative anchoring technology make Raptor the only hydraulic anchor that can call itself relentless.<\/p>\n<h4>Caract\u00e9ristiques :<\/h4>\n<ul>\n<li>Ancrage actif : Cette technologie d'ancrage r\u00e9volutionnaire surveille en permanence la force d'ancrage et s'ajuste pour vous maintenir au fond de l'eau.<\/li>\n<\/ul>\n<ul>\n<li>Mode d'ancrage automatique : Sur les mod\u00e8les dot\u00e9s de la fonction d'ancrage actif, ce mode d'ancrage d\u00e9tecte automatiquement la composition et la duret\u00e9 du fond afin de fournir la force d'ancrage ad\u00e9quate \u00e0 chaque fois.<\/li>\n<\/ul>\n<ul>\n<li>Conception durable : Un profil plus large, des points de pivot renforc\u00e9s et une conception en aluminium extrud\u00e9 permettent au Raptor de rester sur l'eau dans les conditions les plus difficiles.<\/li>\n<\/ul>\n<ul>\n<li>Force de r\u00e9traction : Nous avons con\u00e7u le Raptor avec une force de r\u00e9traction accrue pour garantir le retrait des pointes dans tous les types de fonds.<\/li>\n<\/ul>\n<ul>\n<li>Multiple Control Options: Control Raptor from anywhere on the boat using your choice of options: Wireless Remote, Foot Switch, i-Pilot or i-Pilot Link Remote, One-Boat Network Mobile App or right from the Humminbird fish finder.<\/li>\n<\/ul>\n<ul>\n<li>Modes d'ancrage s\u00e9lectionnables par l'utilisateur : Modes d'ancrage distincts pour les eaux agit\u00e9es (vent fort et clapot), les fonds mous (fonds boueux ou vaseux), le mode standard (ancrage normal) et le mode Auto-Bottom sur les mod\u00e8les \u00e9quip\u00e9s de l'Ancrage Actif qui d\u00e9livre automatiquement la force d'ancrage id\u00e9ale en d\u00e9tectant la duret\u00e9 du fond.<\/li>\n<\/ul>\n<ul>\n<li>Pointes d'ancrage indestructibles : Pointes d'ancrage en composite, solides et flexibles, garanties \u00e0 vie.<\/li>\n<\/ul>\n<ul>\n<li>Mont\u00e9e\/Descente automatique : D\u00e9ployez ou r\u00e9tractez automatiquement votre Raptor en appuyant sur un bouton ; pas besoin de maintenir le bouton enfonc\u00e9.<\/li>\n<\/ul>\n<ul>\n<li>Ing\u00e9nierie r\u00e9sistante \u00e0 l'eau de mer : Prot\u00e8ge le Raptor des effets corrosifs de l'eau sal\u00e9e.<\/li>\n<\/ul>\n<ul>\n<li>Raptor shallow water anchors with and without active anchoring cannot be paired to one-another.<\/li>\n<\/ul>","protected":false},"excerpt":{"rendered":"<p>Minn Kota Raptor 10 ft Shallow Water Anchor With Active Anchoring Red Raptor keeps working to hold you more reliably than any other anchor, especially in rough conditions. It knows where you\u2019re anchoring, what\u2019s happening to your boat, and what to do next. It reads the bottom, senses the anchoring force and reacts automatically to [&hellip;]<\/p>\n","protected":false},"featured_media":2271,"comment_status":"closed","ping_status":"closed","template":"","meta":{"_acf_changed":false},"product_brand":[],"product_cat":[921,832,88,150,153],"product_tag":[],"class_list":{"0":"post-110739","1":"product","2":"type-product","3":"status-publish","4":"has-post-thumbnail","6":"product_cat-raptor-10","7":"product_cat-shallow-water-anchors","8":"product_cat-minnkota","9":"product_cat-minn-kota-shallow-water-anchors","10":"product_cat-raptor","12":"first","13":"instock","14":"taxable","15":"shipping-taxable","16":"purchasable","17":"product-type-simple"},"acf":[],"_links":{"self":[{"href":"https:\/\/testing.fishntech.com\/fr\/wp-json\/wp\/v2\/product\/110739","targetHints":{"allow":["GET"]}}],"collection":[{"href":"https:\/\/testing.fishntech.com\/fr\/wp-json\/wp\/v2\/product"}],"about":[{"href":"https:\/\/testing.fishntech.com\/fr\/wp-json\/wp\/v2\/types\/product"}],"replies":[{"embeddable":true,"href":"https:\/\/testing.fishntech.com\/fr\/wp-json\/wp\/v2\/comments?post=110739"}],"version-history":[{"count":1,"href":"https:\/\/testing.fishntech.com\/fr\/wp-json\/wp\/v2\/product\/110739\/revisions"}],"predecessor-version":[{"id":120294,"href":"https:\/\/testing.fishntech.com\/fr\/wp-json\/wp\/v2\/product\/110739\/revisions\/120294"}],"wp:featuredmedia":[{"embeddable":true,"href":"https:\/\/testing.fishntech.com\/fr\/wp-json\/wp\/v2\/media\/2271"}],"wp:attachment":[{"href":"https:\/\/testing.fishntech.com\/fr\/wp-json\/wp\/v2\/media?parent=110739"}],"wp:term":[{"taxonomy":"product_brand","embeddable":true,"href":"https:\/\/testing.fishntech.com\/fr\/wp-json\/wp\/v2\/product_brand?post=110739"},{"taxonomy":"product_cat","embeddable":true,"href":"https:\/\/testing.fishntech.com\/fr\/wp-json\/wp\/v2\/product_cat?post=110739"},{"taxonomy":"product_tag","embeddable":true,"href":"https:\/\/testing.fishntech.com\/fr\/wp-json\/wp\/v2\/product_tag?post=110739"}],"curies":[{"name":"wp","href":"https:\/\/api.w.org\/{rel}","templated":true}]}}