{"id":110743,"date":"2025-02-20T18:56:19","date_gmt":"2025-02-20T18:56:19","guid":{"rendered":"https:\/\/testing.fishntech.com\/product\/terrova-and-rt-terrova-corded-foot-pedal\/"},"modified":"2025-06-05T17:40:20","modified_gmt":"2025-06-05T17:40:20","slug":"minn-kota-terrova-riptide-terrova-corded-foot-pedal","status":"publish","type":"product","link":"https:\/\/testing.fishntech.com\/fr\/product\/minn-kota-terrova-riptide-terrova-corded-foot-pedal\/","title":{"rendered":"Terrova And RT Terrova Corded Foot Pedal"},"content":{"rendered":"<h3>Minn Kota Terrova And RT Terrova Corded Foot Pedal<\/h3>\n<p>The low-profile design offers two steering options: heel\/toe pedal and left\/right steering buttons. Includes Spot-Lock activation, a rotary speed control dial, a momentary\/constant on toggle, an AutoPilot on\/off toggle, and an 18&#8242; cable with a waterproof connector plug. Plug-n-play with Terrova or Riptide Terrova motors, and works in conjunction with CoPilot, i-Pilot, i-Pilot Link, and GPS navigation systems. Compatible with Terrova and Riptide Terrova trolling motors, model years 2017 and after.<\/p>\n<h4><strong>Caract\u00e9ristiques :<\/strong><\/h4>\n<ul>\n<li>Bouton ON\/OFF Spot-Lock avec indicateur LED<\/li>\n<li>Profil bas, conception \u00e9tanche<\/li>\n<li>P\u00e9dale talon\/orteil et options de direction gauche\/droite<\/li>\n<li>Bouton ON\/OFF de l'AutoPilot avec indicateur LED<\/li>\n<li>Bouton de mise en marche momentan\u00e9e\/constante avec indicateur LED<\/li>\n<li>C\u00e2ble de 18\u2032 avec connecteur \u00e9tanche<\/li>\n<li>Plug-n-play with Terrova or Riptide Terrova motors, and works in conjunction with CoPilot, i-Pilot, i-Pilot Link, and new GPS navigation systems<\/li>\n<li>Compatible avec les moteurs de p\u00eache \u00e0 la tra\u00eene Terrova et Riptide Terrova de l'ann\u00e9e 2017 et suivantes.<\/li>\n<\/ul>\n<h4>Sp\u00e9cifications :<\/h4>\n<table class=\"table\" data-striping=\"1\">\n<tbody>\n<tr>\n<td>Model<\/td>\n<td>Foot Pedal-Corded &#8211; Terrova\/Riptide Terrova<\/td>\n<\/tr>\n<tr>\n<td>Product Code<\/td>\n<td>1866077<\/td>\n<\/tr>\n<tr>\n<td>UPC<\/td>\n<td>0029402051175<\/td>\n<\/tr>\n<tr>\n<td>Warranty<\/td>\n<td>Garantie d'un an<\/td>\n<\/tr>\n<\/tbody>\n<\/table>\n<h4>Product Resources:<\/h4>\n<p><a href=\"https:\/\/fishntech.com\/wp-content\/uploads\/2024\/03\/Terrova-Foot-Pedal-2327112ra.pdf\" target=\"_blank\" rel=\"noopener\">Terrova Foot Pedal Product Manual<\/a><\/p>\n<p><!--- cis2:mm1rl5hl ---><\/p>","protected":false},"excerpt":{"rendered":"<p>Minn Kota Terrova And RT Terrova Corded Foot Pedal The low-profile design offers two steering options: heel\/toe pedal and left\/right steering buttons. Includes Spot-Lock activation, a rotary speed control dial, a momentary\/constant on toggle, an AutoPilot on\/off toggle, and an 18&#8242; cable with a waterproof connector plug. Plug-n-play with Terrova or Riptide Terrova motors, and [&hellip;]<\/p>\n","protected":false},"featured_media":75805,"comment_status":"closed","ping_status":"closed","template":"","meta":{"_acf_changed":false},"product_brand":[],"product_cat":[88,91,185,184],"product_tag":[],"class_list":{"0":"post-110743","1":"product","2":"type-product","3":"status-publish","4":"has-post-thumbnail","6":"product_cat-minnkota","7":"product_cat-minnkota-trolling-motors","8":"product_cat-minn-kota-trolling-motors-accessories","9":"product_cat-controls","11":"first","12":"instock","13":"taxable","14":"shipping-taxable","15":"purchasable","16":"product-type-simple"},"acf":[],"_links":{"self":[{"href":"https:\/\/testing.fishntech.com\/fr\/wp-json\/wp\/v2\/product\/110743","targetHints":{"allow":["GET"]}}],"collection":[{"href":"https:\/\/testing.fishntech.com\/fr\/wp-json\/wp\/v2\/product"}],"about":[{"href":"https:\/\/testing.fishntech.com\/fr\/wp-json\/wp\/v2\/types\/product"}],"replies":[{"embeddable":true,"href":"https:\/\/testing.fishntech.com\/fr\/wp-json\/wp\/v2\/comments?post=110743"}],"version-history":[{"count":1,"href":"https:\/\/testing.fishntech.com\/fr\/wp-json\/wp\/v2\/product\/110743\/revisions"}],"predecessor-version":[{"id":120378,"href":"https:\/\/testing.fishntech.com\/fr\/wp-json\/wp\/v2\/product\/110743\/revisions\/120378"}],"wp:featuredmedia":[{"embeddable":true,"href":"https:\/\/testing.fishntech.com\/fr\/wp-json\/wp\/v2\/media\/75805"}],"wp:attachment":[{"href":"https:\/\/testing.fishntech.com\/fr\/wp-json\/wp\/v2\/media?parent=110743"}],"wp:term":[{"taxonomy":"product_brand","embeddable":true,"href":"https:\/\/testing.fishntech.com\/fr\/wp-json\/wp\/v2\/product_brand?post=110743"},{"taxonomy":"product_cat","embeddable":true,"href":"https:\/\/testing.fishntech.com\/fr\/wp-json\/wp\/v2\/product_cat?post=110743"},{"taxonomy":"product_tag","embeddable":true,"href":"https:\/\/testing.fishntech.com\/fr\/wp-json\/wp\/v2\/product_tag?post=110743"}],"curies":[{"name":"wp","href":"https:\/\/api.w.org\/{rel}","templated":true}]}}