{"id":114561,"date":"2025-04-22T11:24:53","date_gmt":"2025-04-22T11:24:53","guid":{"rendered":"https:\/\/testing.fishntech.com\/product\/pro-series-ii-shallow-water-anchor-8-foot\/"},"modified":"2025-06-05T17:41:35","modified_gmt":"2025-06-05T17:41:35","slug":"power-pole-pro-series-ii-shallow-water-anchor","status":"publish","type":"product","link":"https:\/\/testing.fishntech.com\/fr\/product\/power-pole-pro-series-ii-shallow-water-anchor\/","title":{"rendered":"Pro Series II Shallow Water Anchor 8 Foot"},"content":{"rendered":"<h3>Power-Pole Pro Series II Shallow Water Anchor 8 Foot<\/h3>\n<div style=\"display: block; background-color: #000000; margin: 0px; padding: 0px;\">\n<div style=\"display: none;\">\u00c9DITION DE LA LAME DU POTEAU \u00c9LECTRIQUE<\/div>\n<div style=\"text-align: center;\"><img decoding=\"async\" src=\"\/wp-content\/uploads\/2021\/05\/proseries2-header-image.jpg\" alt=\"\"><\/div>\n<\/div>\n<div style=\"display: block; background-color: #000000; margin: 0px; padding: 0px;\">\n<table class=\"Table-Basic\" style=\"background-color: #ffffff; width: 100%;\" border=\"0\" cellspacing=\"0\" cellpadding=\"0\" align=\"center\">\n<tbody>\n<tr>\n<td>\n<h1 class=\"centered-title serpentine\" style=\"margin: 0px; padding: 10px 0px; border: 0px none; outline: none 0px; font-size: 26px; background-color: #ffffff; font-family: serpentineboldboldregular, sans-serif; font-weight: normal; font-style: italic; line-height: normal; clear: both; font-variant: small-caps; letter-spacing: normal; text-indent: 0px; text-transform: none; white-space: normal; word-spacing: 0px; text-align: center;\"><span style=\"color: #000000;\"><b>S\u00c9RIE PRO II<br \/>\n<\/b><\/span><\/h1>\n<p style=\"text-align: center;\"><span style=\"font-size: 16px; color: #ff0000;\"><b>Aliment\u00e9 par le syst\u00e8me de contr\u00f4le C-Monster 2.0<\/b><\/span><\/p>\n<blockquote style=\"text-align: justify; margin-top: 0px; margin-right: 0px; margin-bottom: 0px;\"><p><span style=\"font-size: 14px;\"><strong>Disponible en 8 pieds de long, le Pro II se d\u00e9ploie rapidement et silencieusement. Les t\u00e9l\u00e9commandes sans fil Standard Key Fob et Advanced Surface Mount incluses, aliment\u00e9es par le syst\u00e8me de contr\u00f4le C-Monster, mettent la puissance du contr\u00f4le par bouton-poussoir entre vos mains. La finition noire ou blanche par poudrage, au choix, offre une r\u00e9sistance in\u00e9gal\u00e9e \u00e0 la corrosion. Garantie inconditionnelle \u00e0 vie sur le crampon Everflex. L'application gratuite pour smartphone C-Monster vous permet de personnaliser les r\u00e9glages de votre ancre en fonction de votre style de p\u00eache. Disponible pour Android et iOS.<\/strong><\/span><\/p><\/blockquote>\n<\/td>\n<\/tr>\n<tr>\n<td style=\"text-align: left; vertical-align: middle; height: 300px;\">\n<p style=\"text-align: center;\"><span style=\"font-size: 16px; color: #ff0000;\"><b>Faire en sorte que chaque lancer compte<\/b><\/span><\/p>\n<blockquote style=\"text-align: justify; margin-top: 0px; margin-right: 0px; margin-bottom: 0px;\"><p><span style=\"font-size: 14px;\">Le moindre son peut faire la diff\u00e9rence entre la capture d'un gros poisson et sa dispersion. Lorsque la pr\u00e9cision et la discr\u00e9tion sont de mise, le Pro II est \u00e0 la hauteur. Faites-vous une place au sommet de la cha\u00eene alimentaire lorsque vous p\u00eachez en eau douce ou en eau sal\u00e9e gr\u00e2ce \u00e0 l'ancrage rapide, silencieux et s\u00fbr du Power-Pole Pro Series II. Con\u00e7u pour une performance durable avec le p\u00eacheur chevronn\u00e9 \u00e0 l'esprit, le Pro II prendra une racl\u00e9e et demandera des secondes.<\/span> <\/p>\n<ul>","protected":false},"excerpt":{"rendered":"<p>Power-Pole Pro Series II Shallow Water Anchor 8 Foot POWER POLE BLADE EDITION PRO SERIES II Powered by C-Monster 2.0 Control System Available in 8 foot lengths the Pro II deploys quickly and quietly.The included wireless Standard Key Fob and Advanced Surface Mount remote controls powered by C-Monster Control System put the power of push-button [&hellip;]<\/p>\n","protected":false},"featured_media":43728,"comment_status":"closed","ping_status":"closed","template":"","meta":{"_acf_changed":false},"product_brand":[],"product_cat":[486,487,832],"product_tag":[],"class_list":{"0":"post-114561","1":"product","2":"type-product","3":"status-publish","4":"has-post-thumbnail","6":"product_cat-power-pole","7":"product_cat-power-pole-shallow-water-anchors","8":"product_cat-shallow-water-anchors","10":"first","11":"instock","12":"taxable","13":"shipping-taxable","14":"purchasable","15":"product-type-variable"},"acf":[],"_links":{"self":[{"href":"https:\/\/testing.fishntech.com\/fr\/wp-json\/wp\/v2\/product\/114561","targetHints":{"allow":["GET"]}}],"collection":[{"href":"https:\/\/testing.fishntech.com\/fr\/wp-json\/wp\/v2\/product"}],"about":[{"href":"https:\/\/testing.fishntech.com\/fr\/wp-json\/wp\/v2\/types\/product"}],"replies":[{"embeddable":true,"href":"https:\/\/testing.fishntech.com\/fr\/wp-json\/wp\/v2\/comments?post=114561"}],"version-history":[{"count":2,"href":"https:\/\/testing.fishntech.com\/fr\/wp-json\/wp\/v2\/product\/114561\/revisions"}],"predecessor-version":[{"id":120664,"href":"https:\/\/testing.fishntech.com\/fr\/wp-json\/wp\/v2\/product\/114561\/revisions\/120664"}],"wp:featuredmedia":[{"embeddable":true,"href":"https:\/\/testing.fishntech.com\/fr\/wp-json\/wp\/v2\/media\/43728"}],"wp:attachment":[{"href":"https:\/\/testing.fishntech.com\/fr\/wp-json\/wp\/v2\/media?parent=114561"}],"wp:term":[{"taxonomy":"product_brand","embeddable":true,"href":"https:\/\/testing.fishntech.com\/fr\/wp-json\/wp\/v2\/product_brand?post=114561"},{"taxonomy":"product_cat","embeddable":true,"href":"https:\/\/testing.fishntech.com\/fr\/wp-json\/wp\/v2\/product_cat?post=114561"},{"taxonomy":"product_tag","embeddable":true,"href":"https:\/\/testing.fishntech.com\/fr\/wp-json\/wp\/v2\/product_tag?post=114561"}],"curies":[{"name":"wp","href":"https:\/\/api.w.org\/{rel}","templated":true}]}}