{"id":114562,"date":"2025-04-22T11:24:55","date_gmt":"2025-04-22T11:24:55","guid":{"rendered":"https:\/\/testing.fishntech.com\/product\/blade-shallow-water-anchor-8-foot\/"},"modified":"2025-06-05T17:41:34","modified_gmt":"2025-06-05T17:41:34","slug":"blade-shallow-water-anchor-8-foot","status":"publish","type":"product","link":"https:\/\/testing.fishntech.com\/fr\/product\/blade-shallow-water-anchor-8-foot\/","title":{"rendered":"Blade Shallow Water Anchor 8 Foot"},"content":{"rendered":"<h3>Power-Pole Blade Shallow Water Anchor 8 Foot<\/h3>\n<div style=\"display: block; background-color: #000000; margin: 0px; padding: 0px;\">\n<div style=\"display: none;\">\u00c9DITION DE LA LAME DU POTEAU \u00c9LECTRIQUE<\/div>\n<div style=\"text-align: center;\"><img decoding=\"async\" src=\"\/wp-content\/uploads\/2021\/05\/blade_header_image.png\" alt=\"\"><\/div>\n<\/div>\n<div style=\"display: block; background-color: #000000; margin: 0px; padding: 0px;\">\n<table class=\"Table-Basic\" style=\"background-color: #ffffff; width: 100%;\" border=\"0\" cellspacing=\"0\" cellpadding=\"0\" align=\"center\">\n<tbody>\n<tr>\n<td>\n<h1 class=\"centered-title serpentine\" style=\"margin: 0px; padding: 10px 0px; border: 0px none; outline: none 0px; font-size: 26px; background-color: #ffffff; font-family: serpentineboldboldregular, sans-serif; font-weight: normal; font-style: italic; line-height: normal; clear: both; font-variant: small-caps; letter-spacing: normal; text-indent: 0px; text-transform: none; white-space: normal; word-spacing: 0px; text-align: center;\"><span style=\"color: #000000;\"><b>L'\u00e9dition Blade<br \/>\n<\/b><\/span><\/h1>\n<p style=\"text-align: center;\"><span style=\"font-size: 16px; color: #ff0000;\"><b>Aliment\u00e9 par le syst\u00e8me de contr\u00f4le C-Monster 2.0<\/b><\/span><\/p>\n<blockquote style=\"text-align: justify; margin-top: 0px; margin-right: 0px; margin-bottom: 0px;\"><p><span style=\"font-size: 14px;\"><strong>L'\u00e9dition Blade utilise une conception de bras \u00e0 pores et est construite en aluminium de qualit\u00e9 a\u00e9ronautique pour minimiser le poids. Les longueurs d'ancre de 8 et 10 pieds vous permettent de tenir en toute s\u00e9curit\u00e9 dans l'eau douce ou sal\u00e9e. Notre syst\u00e8me d'ancrage le plus rapide \u00e0 d\u00e9ployer et le plus r\u00e9sistant est disponible dans les couleurs de votre choix, bleu, rouge, noir ou blanc, avec un rev\u00eatement en poudre durable. Comprend des t\u00e9l\u00e9commandes sans fil pour porte-cl\u00e9s standard et des t\u00e9l\u00e9commandes avanc\u00e9es pour montage en surface, aliment\u00e9es par le syst\u00e8me de contr\u00f4le C-Monster. Garantie inconditionnelle \u00e0 vie sur le crampon Everflex. L'application gratuite pour smartphone C-Monster vous permet de personnaliser les r\u00e9glages de votre ancre en fonction de votre style de p\u00eache. Disponible pour Android et iOS.<\/strong><\/span><\/p><\/blockquote>\n<\/td>\n<\/tr>\n<tr>\n<td style=\"text-align: left; vertical-align: middle; height: 300px;\">\n<p style=\"text-align: center;\"><span style=\"font-size: 16px; color: #ff0000;\"><b>Offrez-vous l'avantage ultime<\/b><\/span><\/p>\n<blockquote style=\"text-align: justify; margin-top: 0px; margin-right: 0px; margin-bottom: 0px;\"><p><span style=\"font-size: 14px;\">Le summum de la performance et d'une pr\u00e9cision artisanale in\u00e9gal\u00e9e est l\u00e0. Le Power-Pole Blade Edition est plus fort, plus rapide, plus performant. Arr\u00eatez-vous en toute s\u00e9curit\u00e9 sur commande jusqu'\u00e0 3 m\u00e8tres et positionnez-vous parfaitement \u00e0 l'aide du syst\u00e8me de contr\u00f4le C-Monster int\u00e9gr\u00e9. La pointe Everflex\u00ae est pratiquement incassable et se range rapidement et silencieusement dans la poche de ce mod\u00e8le a\u00e9rodynamique. Am\u00e9liorez votre jeu et optez pour la Blade Edition - test\u00e9e pour sa robustesse et affin\u00e9e pour une durabilit\u00e9 extr\u00eame.<\/span> <\/p>\n<ul>","protected":false},"excerpt":{"rendered":"<p>Power-Pole Blade Shallow Water Anchor 8 Foot POWER POLE BLADE EDITION Blade Edition Powered by C-Monster 2.0 Control System The Blade Edition utilizes a ported-arm design and is constructed from aircraft-grade aluminum to minimize weight. Anchor lengths of 8 and 10 feet allow you to securely hold in fresh or saltwater. Our fastest deploying and [&hellip;]<\/p>\n","protected":false},"featured_media":43724,"comment_status":"closed","ping_status":"closed","template":"","meta":{"_acf_changed":false},"product_brand":[],"product_cat":[486,487,832],"product_tag":[],"class_list":{"0":"post-114562","1":"product","2":"type-product","3":"status-publish","4":"has-post-thumbnail","6":"product_cat-power-pole","7":"product_cat-power-pole-shallow-water-anchors","8":"product_cat-shallow-water-anchors","10":"first","11":"onbackorder","12":"taxable","13":"shipping-taxable","14":"purchasable","15":"product-type-variable"},"acf":[],"_links":{"self":[{"href":"https:\/\/testing.fishntech.com\/fr\/wp-json\/wp\/v2\/product\/114562","targetHints":{"allow":["GET"]}}],"collection":[{"href":"https:\/\/testing.fishntech.com\/fr\/wp-json\/wp\/v2\/product"}],"about":[{"href":"https:\/\/testing.fishntech.com\/fr\/wp-json\/wp\/v2\/types\/product"}],"replies":[{"embeddable":true,"href":"https:\/\/testing.fishntech.com\/fr\/wp-json\/wp\/v2\/comments?post=114562"}],"version-history":[{"count":1,"href":"https:\/\/testing.fishntech.com\/fr\/wp-json\/wp\/v2\/product\/114562\/revisions"}],"predecessor-version":[{"id":120663,"href":"https:\/\/testing.fishntech.com\/fr\/wp-json\/wp\/v2\/product\/114562\/revisions\/120663"}],"wp:featuredmedia":[{"embeddable":true,"href":"https:\/\/testing.fishntech.com\/fr\/wp-json\/wp\/v2\/media\/43724"}],"wp:attachment":[{"href":"https:\/\/testing.fishntech.com\/fr\/wp-json\/wp\/v2\/media?parent=114562"}],"wp:term":[{"taxonomy":"product_brand","embeddable":true,"href":"https:\/\/testing.fishntech.com\/fr\/wp-json\/wp\/v2\/product_brand?post=114562"},{"taxonomy":"product_cat","embeddable":true,"href":"https:\/\/testing.fishntech.com\/fr\/wp-json\/wp\/v2\/product_cat?post=114562"},{"taxonomy":"product_tag","embeddable":true,"href":"https:\/\/testing.fishntech.com\/fr\/wp-json\/wp\/v2\/product_tag?post=114562"}],"curies":[{"name":"wp","href":"https:\/\/api.w.org\/{rel}","templated":true}]}}