{"id":114563,"date":"2025-04-22T11:24:55","date_gmt":"2025-04-22T11:24:55","guid":{"rendered":"https:\/\/testing.fishntech.com\/product\/sportsman-ii-shallow-water-anchor-8-foot-black\/"},"modified":"2025-06-05T17:41:23","modified_gmt":"2025-06-05T17:41:23","slug":"power-pole-sportsman-ii-shallow-water-anchor-8-foot-black","status":"publish","type":"product","link":"https:\/\/testing.fishntech.com\/fr\/product\/power-pole-sportsman-ii-shallow-water-anchor-8-foot-black\/","title":{"rendered":"Sportsman II Shallow Water Anchor 8 foot Black"},"content":{"rendered":"<h3>Power-Pole Sportsman II Shallow Water Anchor 8 foot Black<\/h3>\n<div style=\"display: block; background-color: #000000; margin: 0px; padding: 0px;\">\n<div style=\"display: none;\">POWER POLE SPORTSMAN II<\/div>\n<div style=\"text-align: center;\"><img decoding=\"async\" src=\"\/wp-content\/uploads\/2021\/05\/power-pole-sportsman2-header-image.png\" alt=\"\"><\/div>\n<\/div>\n<div style=\"display: block; background-color: #000000; margin: 0px; padding: 0px;\">\n<table class=\"Table-Basic\" style=\"background-color: #ffffff; width: 100%;\" border=\"0\" cellspacing=\"0\" cellpadding=\"0\" align=\"center\">\n<tbody>\n<tr>\n<td>\n<h1 class=\"centered-title serpentine\" style=\"margin: 0px; padding: 10px 0px; border: 0px none; outline: none 0px; font-size: 26px; background-color: #ffffff; font-family: serpentineboldboldregular, sans-serif; font-weight: normal; font-style: italic; line-height: normal; clear: both; font-variant: small-caps; letter-spacing: normal; text-indent: 0px; text-transform: none; white-space: normal; word-spacing: 0px; text-align: center;\"><span style=\"color: #000000;\"><b>Sportsman II<br \/>\n<\/b><\/span><\/h1>\n<p style=\"text-align: center;\"><span style=\"font-size: 16px; color: #ff0000;\"><b>Aliment\u00e9 par le syst\u00e8me de contr\u00f4le C-Monster 2.0<\/b><\/span><\/p>\n<blockquote style=\"text-align: justify; margin-top: 0px; margin-right: 0px; margin-bottom: 0px;\"><p><span style=\"font-size: 14px;\"><strong>The Sportsman II deploys fast using our quietest pump. This model goes 8 feet deep, includes wireless Standard Key Fob and Advanced Surface Mount remote controls powered by C-Monster Control System. Finished with an anodized matte black finish for durability. The Sportsman II is easy to install so you can get out on the water faster. Includes unconditional lifetime warranty on the Everflex spike. Free C-Monster smartphone app lets you monitor your anchor settings. Available for Android and iOS.<\/strong><\/span><\/p><\/blockquote>\n<\/td>\n<\/tr>\n<tr>\n<td style=\"text-align: left; vertical-align: middle; height: 300px;\">\n<p style=\"text-align: center;\"><span style=\"font-size: 16px; color: #ff0000;\"><b>Fight your fish, not the elements.<\/b><\/span><\/p>\n<blockquote style=\"text-align: justify; margin-top: 0px; margin-right: 0px; margin-bottom: 0px;\"><p><span style=\"font-size: 14px;\">Le moindre son peut faire la diff\u00e9rence entre la capture d'un gros poisson et sa dispersion. Lorsque la pr\u00e9cision et la discr\u00e9tion sont de mise, le Pro II est \u00e0 la hauteur. Faites-vous une place au sommet de la cha\u00eene alimentaire lorsque vous p\u00eachez en eau douce ou en eau sal\u00e9e gr\u00e2ce \u00e0 l'ancrage rapide, silencieux et s\u00fbr du Power-Pole Pro Series II. Con\u00e7u pour une performance durable avec le p\u00eacheur chevronn\u00e9 \u00e0 l'esprit, le Pro II prendra une racl\u00e9e et demandera des secondes.<\/span> <\/p>\n<ul>","protected":false},"excerpt":{"rendered":"<p>Power-Pole Sportsman II Shallow Water Anchor 8 foot Black POWER POLE SPORTSMAN II Sportsman II Powered by C-Monster 2.0 Control System The Sportsman II deploys fast using our quietest pump. This model goes 8 feet deep, includes wireless Standard Key Fob and Advanced Surface Mount remote controls powered by C-Monster Control System. Finished with an [&hellip;]<\/p>\n","protected":false},"featured_media":43732,"comment_status":"closed","ping_status":"closed","template":"","meta":{"_acf_changed":false},"product_brand":[],"product_cat":[486,487,832],"product_tag":[],"class_list":{"0":"post-114563","1":"product","2":"type-product","3":"status-publish","4":"has-post-thumbnail","6":"product_cat-power-pole","7":"product_cat-power-pole-shallow-water-anchors","8":"product_cat-shallow-water-anchors","9":"product_shipping_class-heavy","11":"first","12":"outofstock","13":"taxable","14":"shipping-taxable","15":"purchasable","16":"product-type-simple"},"acf":[],"_links":{"self":[{"href":"https:\/\/testing.fishntech.com\/fr\/wp-json\/wp\/v2\/product\/114563","targetHints":{"allow":["GET"]}}],"collection":[{"href":"https:\/\/testing.fishntech.com\/fr\/wp-json\/wp\/v2\/product"}],"about":[{"href":"https:\/\/testing.fishntech.com\/fr\/wp-json\/wp\/v2\/types\/product"}],"replies":[{"embeddable":true,"href":"https:\/\/testing.fishntech.com\/fr\/wp-json\/wp\/v2\/comments?post=114563"}],"version-history":[{"count":1,"href":"https:\/\/testing.fishntech.com\/fr\/wp-json\/wp\/v2\/product\/114563\/revisions"}],"predecessor-version":[{"id":120655,"href":"https:\/\/testing.fishntech.com\/fr\/wp-json\/wp\/v2\/product\/114563\/revisions\/120655"}],"wp:featuredmedia":[{"embeddable":true,"href":"https:\/\/testing.fishntech.com\/fr\/wp-json\/wp\/v2\/media\/43732"}],"wp:attachment":[{"href":"https:\/\/testing.fishntech.com\/fr\/wp-json\/wp\/v2\/media?parent=114563"}],"wp:term":[{"taxonomy":"product_brand","embeddable":true,"href":"https:\/\/testing.fishntech.com\/fr\/wp-json\/wp\/v2\/product_brand?post=114563"},{"taxonomy":"product_cat","embeddable":true,"href":"https:\/\/testing.fishntech.com\/fr\/wp-json\/wp\/v2\/product_cat?post=114563"},{"taxonomy":"product_tag","embeddable":true,"href":"https:\/\/testing.fishntech.com\/fr\/wp-json\/wp\/v2\/product_tag?post=114563"}],"curies":[{"name":"wp","href":"https:\/\/api.w.org\/{rel}","templated":true}]}}