{"id":114565,"date":"2025-04-22T11:24:57","date_gmt":"2025-04-22T11:24:57","guid":{"rendered":"https:\/\/testing.fishntech.com\/product\/micro-anchor-spike-driver\/"},"modified":"2025-06-05T17:41:23","modified_gmt":"2025-06-05T17:41:23","slug":"poteau-dalimentation-micro-ancre-pointe-denfoncement","status":"publish","type":"product","link":"https:\/\/testing.fishntech.com\/fr\/product\/power-pole-micro-anchor-spike-driver\/","title":{"rendered":"Micro Anchor Spike Driver (pilote de pointes d'ancrage)"},"content":{"rendered":"<h3>Power-Pole Micro Anchor Spike Driver<\/h3>\n<p><strong>Unit\u00e9 d'entra\u00eenement de la micro ancre Power Pole<\/strong> <\/p>\n<p><strong>Une grande puissance dans un petit paquet.<\/strong> <\/p>\n<p>Rien ne vous rapproche plus du poisson que votre petite embarcation. Et rien ne vous permet de mieux vous ancrer qu'un Power-Pole con\u00e7u sp\u00e9cialement pour votre bateau. Voici l'ancre Power-Pole Micro. Cette merveille enti\u00e8rement \u00e9lectrique est la premi\u00e8re de son genre - une centrale super compacte qui a \u00e9t\u00e9 con\u00e7ue pour vous offrir l'exp\u00e9rience ultime de la p\u00eache en eaux peu profondes. <\/p>\n<p>Le Power-Pole Micro Anchor peut accueillir des jonques et des petits skiffs jusqu'\u00e0 1 500 livres (passagers compris) et est parfait pour les kayaks et les planches \u00e0 pagaie. L'unit\u00e9 Micro Anchor est facilement d\u00e9montable, ce qui facilite le stockage ou le transfert sur d'autres bateaux. Le support de fixation rapide est inclus. D'autres options de montage sont disponibles, notamment des supports de montage personnalis\u00e9s ou des adaptateurs pour montage sur tableau arri\u00e8re. Comprend un cordon d'alimentation de 15 pieds pour une batterie de 12 V. Si vous n'avez pas de batterie \u00e0 bord, ajoutez le Micro Battery Pak &amp; Charger (vendu s\u00e9par\u00e9ment) et partez \u00e0 l'aventure. L'unit\u00e9 d'entra\u00eenement Micro s'adapte \u00e0 n'importe quel crampon de 3\/4\u2033, y compris le crampon Power-Pole Heavy-duty ou Ultra-lite (vendu s\u00e9par\u00e9ment). <\/p>\n<p><strong>Caract\u00e9ristiques :<\/strong> <\/p>\n<ul>","protected":false},"excerpt":{"rendered":"<p>Power-Pole Micro Anchor Spike Driver Power Pole Micro Anchor Driver Unit Big power in a small package. Nothing gets you closer to the fish than your small craft. And nothing anchors you better than a Power-Pole made just for your vessel. Enter the Power-Pole Micro Anchor. This all-electric wonder is the first of its kind [&hellip;]<\/p>\n","protected":false},"featured_media":43711,"comment_status":"closed","ping_status":"closed","template":"","meta":{"_acf_changed":false},"product_brand":[],"product_cat":[486,496,487,832],"product_tag":[],"class_list":{"0":"post-114565","1":"product","2":"type-product","3":"status-publish","4":"has-post-thumbnail","6":"product_cat-power-pole","7":"product_cat-power-pole-micro-anchor","8":"product_cat-power-pole-shallow-water-anchors","9":"product_cat-shallow-water-anchors","11":"first","12":"outofstock","13":"taxable","14":"shipping-taxable","15":"purchasable","16":"product-type-simple"},"acf":[],"_links":{"self":[{"href":"https:\/\/testing.fishntech.com\/fr\/wp-json\/wp\/v2\/product\/114565","targetHints":{"allow":["GET"]}}],"collection":[{"href":"https:\/\/testing.fishntech.com\/fr\/wp-json\/wp\/v2\/product"}],"about":[{"href":"https:\/\/testing.fishntech.com\/fr\/wp-json\/wp\/v2\/types\/product"}],"replies":[{"embeddable":true,"href":"https:\/\/testing.fishntech.com\/fr\/wp-json\/wp\/v2\/comments?post=114565"}],"version-history":[{"count":1,"href":"https:\/\/testing.fishntech.com\/fr\/wp-json\/wp\/v2\/product\/114565\/revisions"}],"predecessor-version":[{"id":120654,"href":"https:\/\/testing.fishntech.com\/fr\/wp-json\/wp\/v2\/product\/114565\/revisions\/120654"}],"wp:featuredmedia":[{"embeddable":true,"href":"https:\/\/testing.fishntech.com\/fr\/wp-json\/wp\/v2\/media\/43711"}],"wp:attachment":[{"href":"https:\/\/testing.fishntech.com\/fr\/wp-json\/wp\/v2\/media?parent=114565"}],"wp:term":[{"taxonomy":"product_brand","embeddable":true,"href":"https:\/\/testing.fishntech.com\/fr\/wp-json\/wp\/v2\/product_brand?post=114565"},{"taxonomy":"product_cat","embeddable":true,"href":"https:\/\/testing.fishntech.com\/fr\/wp-json\/wp\/v2\/product_cat?post=114565"},{"taxonomy":"product_tag","embeddable":true,"href":"https:\/\/testing.fishntech.com\/fr\/wp-json\/wp\/v2\/product_tag?post=114565"}],"curies":[{"name":"wp","href":"https:\/\/api.w.org\/{rel}","templated":true}]}}