{"id":114570,"date":"2025-04-22T11:25:00","date_gmt":"2025-04-22T11:25:00","guid":{"rendered":"https:\/\/testing.fishntech.com\/product\/charge-marine-power-management-station\/"},"modified":"2025-06-05T17:40:58","modified_gmt":"2025-06-05T17:40:58","slug":"charge-des-poteaux-electriques-station-de-gestion-de-lenergie-marine","status":"publish","type":"product","link":"https:\/\/testing.fishntech.com\/fr\/product\/power-pole-charge-marine-power-management-station\/","title":{"rendered":"CHARGE Marine Power Management Station"},"content":{"rendered":"<h3>Station de gestion de l'\u00e9nergie marine Power-Pole CHARGE<\/h3>\n<p><strong>Le chargeur intelligent tout-en-un, qui permet de se recharger \u00e0 tout moment.<\/strong> <\/p>\n<p>La station de gestion de l'\u00e9nergie marine CHARGE vous permet d'obtenir de l'\u00e9nergie o\u00f9, comment et quand vous en avez besoin. CHARGE fait le travail d'un chargeur de batterie traditionnel, d'un chargeur en marche et d'un syst\u00e8me de d\u00e9marrage d'urgence, le tout dans un seul appareil compact. CHARGE consacre automatiquement plus de puissance aux batteries qui en ont le plus besoin pour une efficacit\u00e9 maximale, ce qui vous permet de passer plus de temps sur l'eau. <\/p>\n<p><strong>Caract\u00e9ristiques :<\/strong> <\/p>\n<ul>","protected":false},"excerpt":{"rendered":"<p>Power-Pole CHARGE Marine Power Management Station The All-in-One, Charge on the Run, Smart Charger. The CHARGE Marine Power Management Station gives you power where, how and when you need it.CHARGE does the work of a traditional battery charger, a charge-on-the-run, plus an emergency start system all in one compact unit. CHARGE automatically devotes more power [&hellip;]<\/p>\n","protected":false},"featured_media":43558,"comment_status":"closed","ping_status":"closed","template":"","meta":{"_acf_changed":false},"product_brand":[],"product_cat":[855,486,489],"product_tag":[],"class_list":{"0":"post-114570","1":"product","2":"type-product","3":"status-publish","4":"has-post-thumbnail","6":"product_cat-marine-battery-chargers","7":"product_cat-power-pole","8":"product_cat-power-pole-charge","10":"first","11":"outofstock","12":"taxable","13":"shipping-taxable","14":"purchasable","15":"product-type-simple"},"acf":[],"_links":{"self":[{"href":"https:\/\/testing.fishntech.com\/fr\/wp-json\/wp\/v2\/product\/114570","targetHints":{"allow":["GET"]}}],"collection":[{"href":"https:\/\/testing.fishntech.com\/fr\/wp-json\/wp\/v2\/product"}],"about":[{"href":"https:\/\/testing.fishntech.com\/fr\/wp-json\/wp\/v2\/types\/product"}],"replies":[{"embeddable":true,"href":"https:\/\/testing.fishntech.com\/fr\/wp-json\/wp\/v2\/comments?post=114570"}],"version-history":[{"count":1,"href":"https:\/\/testing.fishntech.com\/fr\/wp-json\/wp\/v2\/product\/114570\/revisions"}],"predecessor-version":[{"id":120525,"href":"https:\/\/testing.fishntech.com\/fr\/wp-json\/wp\/v2\/product\/114570\/revisions\/120525"}],"wp:featuredmedia":[{"embeddable":true,"href":"https:\/\/testing.fishntech.com\/fr\/wp-json\/wp\/v2\/media\/43558"}],"wp:attachment":[{"href":"https:\/\/testing.fishntech.com\/fr\/wp-json\/wp\/v2\/media?parent=114570"}],"wp:term":[{"taxonomy":"product_brand","embeddable":true,"href":"https:\/\/testing.fishntech.com\/fr\/wp-json\/wp\/v2\/product_brand?post=114570"},{"taxonomy":"product_cat","embeddable":true,"href":"https:\/\/testing.fishntech.com\/fr\/wp-json\/wp\/v2\/product_cat?post=114570"},{"taxonomy":"product_tag","embeddable":true,"href":"https:\/\/testing.fishntech.com\/fr\/wp-json\/wp\/v2\/product_tag?post=114570"}],"curies":[{"name":"wp","href":"https:\/\/api.w.org\/{rel}","templated":true}]}}