{"id":116611,"date":"2025-05-07T12:23:30","date_gmt":"2025-05-07T12:23:30","guid":{"rendered":"https:\/\/testing.fishntech.com\/product\/rt-terrova-iplink-bt-24v-80lb-72-in\/"},"modified":"2025-06-05T17:39:54","modified_gmt":"2025-06-05T17:39:54","slug":"minn-kota-rt-terrova-80-ip-link-bt-24v-72","status":"publish","type":"product","link":"https:\/\/testing.fishntech.com\/fr\/product\/minn-kota-rt-terrova-80-ip-link-bt-24v-72\/","title":{"rendered":"RT Terrova IPLink BT 24V 80lb 72 in"},"content":{"rendered":"<h3>Minn Kota RT Terrova IPLink BT 24V 80lb 72 in<\/h3>\n<p>Power? Try up to 80 pounds of thrust. Control? You can equip it with wireless GPS remotes, and stow it effortlessly with the new Lift-Assist mechanism. And stealth? It&#8217;s a Riptide &#8211; enough said. The most talked about motor in saltwater just got better. Any more questions?<\/p>\n<p><strong>Assistance au levage<\/strong><\/p>\n<p>A Lift-Assist mechanism on the redesigned Riptide Terrova carries the weight of the motor for you to make stowing easier &#8211; so you can save your strength to reel in the big ones.<\/p>\n<p><strong>Redesigned Stow\/Deploy Lever<\/strong><\/p>\n<p>Riptide Terrova&#8217;s Stow\/Deploy lever has been redesigned to allow for one-step stow or deploy &#8211; making it even easier to use. Just push down with your hand or foot when you&#8217;re ready to move.<\/p>\n<p><strong>Quieter Steering Motor<\/strong><\/p>\n<p>Updated Riptide Terrova has a completely new motor design &#8211; engineered to run quieter than ever before. So fish won&#8217;t be spooked, but you might be.<\/p>\n<p><strong>i-Pilot\u00ae Link\u2122 Integrated GPS Trolling System<\/strong><\/p>\n<p>i-Pilot\u00ae Link\u2122 vous offre un contr\u00f4le sans pr\u00e9c\u00e9dent sur votre bateau en reliant votre moteur de p\u00eache \u00e0 la tra\u00eene \u00e0 votre d\u00e9tecteur de poissons Humminbird\u00ae. Contr\u00f4lez votre moteur de tra\u00eene \u00e0 partir de la t\u00e9l\u00e9commande \u00e0 \u00e9cran tactile couleur Link ou du Humminbird. Vous pouvez d\u00e9finir des Spot-Locks, enregistrer des trajectoires, suivre des contours de profondeur, naviguer automatiquement vers vos spots pr\u00e9f\u00e9r\u00e9s, contr\u00f4ler la vitesse et la direction, et bien plus encore.<\/p>\n<p><strong>Spot-Lock<\/strong><\/p>\n<p>Just press a button, and Spot-Lock will hold you in place with unparalleled GPS accuracy. Available on i-Pilot GPS systems, Spot-Lock gives you the power to stay right on top of any productive fishing spot automatically, without touching your trolling motor.<\/p>\n<p><strong>AutoPilot\u2122<\/strong><\/p>\n<p>Faites naviguer automatiquement votre bateau dans la direction de votre choix. Il vous suffit de pointer la t\u00eate de votre moteur de p\u00eache \u00e0 la tra\u00eene dans la direction que vous souhaitez emprunter, d'activer AutoPilot\u2122, et votre moteur de p\u00eache \u00e0 la tra\u00eene vous maintiendra automatiquement sur ce cap, m\u00eame en corrigeant le vent, les vagues et le courant.<\/p>\n<p><strong>Push-To-Test Battery Meter<\/strong><\/p>\n<p>Riptide Terrova&#8217;s Push-to-Test Battery Meter gives you an instant &#8220;state of charge&#8221; reading at the push of a button, so you can see just how much longer you have on the water.<\/p>\n<p><strong>Weedless Wedge 2 Prop<\/strong><\/p>\n<p>Push weeds away and take on the thick stuff without battery-draining chopping and hacking. Weedless Wedge\u2122 2 features swept-back, flared blades for unrelenting, reliable prop performance.<\/p>\n<p><strong>Advantage Minn Kota<\/strong><\/p>\n<p>Indestructible Composite Shaft: Pound for pound, our composite shaft is stronger than steel. It flexes on impact and won&#8217;t break, kink or corrode. That&#8217;s why we&#8217;re confident enough to guarantee it for life.<\/p>\n<p>Cool, Quiet, Power. Nothing runs cooler or quieter than a Minn Kota. Our extra large windings and commutators dissipate heat, resulting in cooler operation, extended battery power, and longer motor life. And our unique bearing system reduces friction to cut fish-spooking noise.<\/p>\n<p><strong>Saltwater Advantage<\/strong><\/p>\n<p>Advanced Corrosion Protection: Riptide&#8217;s premium-grade alloys are fortified by a multi-step cleaning process, tough-as-nails armor plating &amp; a durable, saltwater-resistant powder coat paint. With layers of protection, the elements are truly protected.<\/p>\n<p>Fully Encapsulated Electronics: Marine-grade urethane fully encapsulates Riptide control boards to protect the electronic circuitry. All electrical connections are sealed with waterproof heat-shrink tubing to keep saltwater out.<\/p>\n<p>Sacrificial Anode: We use metals that are properly balanced &amp; a composite shaft to ward off galvanic corrosion. So the only piece left for saltwater to attack is this little zinc anode, which absorbs corrosion so the rest of the motor doesn&#8217;t have to.<\/p>\n<p><strong>2-Year Warranty<\/strong><\/p>\n<p>This motor is backed up with Minn Kota&#8217;s two-year warranty.<\/p>\n<p><strong>Sp\u00e9cifications :<\/strong><\/p>\n<ul>\n<li>Control:\u00a0Remote<\/li>\n<li>Volts:\u00a024V<\/li>\n<li>Max Thrust:\u00a080 lbs.<\/li>\n<li>Shaft Length:\u00a072&#8243;<\/li>\n<li>i-Pilot Link<\/li>\n<li>Speed Control: Variable<\/li>\n<\/ul>\n<p><!--- cis2:mm1rl5hl ---><\/p>","protected":false},"excerpt":{"rendered":"<p>Minn Kota RT Terrova IPLink BT 24V 80lb 72 in Power? Try up to 80 pounds of thrust. Control? You can equip it with wireless GPS remotes, and stow it effortlessly with the new Lift-Assist mechanism. And stealth? It&#8217;s a Riptide &#8211; enough said. The most talked about motor in saltwater just got better. Any [&hellip;]<\/p>\n","protected":false},"featured_media":1484,"comment_status":"closed","ping_status":"closed","template":"","meta":{"_acf_changed":false},"product_brand":[],"product_cat":[1028,831,88,91,105],"product_tag":[],"class_list":{"0":"post-116611","1":"product","2":"type-product","3":"status-publish","4":"has-post-thumbnail","6":"product_cat-riptide","7":"product_cat-trolling-motors","8":"product_cat-minnkota","9":"product_cat-minnkota-trolling-motors","10":"product_cat-riptide-bow","11":"product_shipping_class-oversize","13":"first","14":"instock","15":"sale","16":"taxable","17":"shipping-taxable","18":"purchasable","19":"product-type-simple"},"acf":[],"_links":{"self":[{"href":"https:\/\/testing.fishntech.com\/fr\/wp-json\/wp\/v2\/product\/116611","targetHints":{"allow":["GET"]}}],"collection":[{"href":"https:\/\/testing.fishntech.com\/fr\/wp-json\/wp\/v2\/product"}],"about":[{"href":"https:\/\/testing.fishntech.com\/fr\/wp-json\/wp\/v2\/types\/product"}],"replies":[{"embeddable":true,"href":"https:\/\/testing.fishntech.com\/fr\/wp-json\/wp\/v2\/comments?post=116611"}],"version-history":[{"count":1,"href":"https:\/\/testing.fishntech.com\/fr\/wp-json\/wp\/v2\/product\/116611\/revisions"}],"predecessor-version":[{"id":120221,"href":"https:\/\/testing.fishntech.com\/fr\/wp-json\/wp\/v2\/product\/116611\/revisions\/120221"}],"wp:featuredmedia":[{"embeddable":true,"href":"https:\/\/testing.fishntech.com\/fr\/wp-json\/wp\/v2\/media\/1484"}],"wp:attachment":[{"href":"https:\/\/testing.fishntech.com\/fr\/wp-json\/wp\/v2\/media?parent=116611"}],"wp:term":[{"taxonomy":"product_brand","embeddable":true,"href":"https:\/\/testing.fishntech.com\/fr\/wp-json\/wp\/v2\/product_brand?post=116611"},{"taxonomy":"product_cat","embeddable":true,"href":"https:\/\/testing.fishntech.com\/fr\/wp-json\/wp\/v2\/product_cat?post=116611"},{"taxonomy":"product_tag","embeddable":true,"href":"https:\/\/testing.fishntech.com\/fr\/wp-json\/wp\/v2\/product_tag?post=116611"}],"curies":[{"name":"wp","href":"https:\/\/api.w.org\/{rel}","templated":true}]}}