{"id":116613,"date":"2025-05-07T12:23:32","date_gmt":"2025-05-07T12:23:32","guid":{"rendered":"https:\/\/testing.fishntech.com\/product\/rt-terrova-quest-wr-24v-90lb-or-36v-115lb-72-in\/"},"modified":"2025-06-05T17:39:55","modified_gmt":"2025-06-05T17:39:55","slug":"minn-kota-riptide-terrova-quest-wr-24-36v-90-115lb-72","status":"publish","type":"product","link":"https:\/\/testing.fishntech.com\/fr\/product\/minn-kota-riptide-terrova-quest-wr-24-36v-90-115lb-72\/","title":{"rendered":"RT Terrova QUEST WR 24V-90lb ou 36V-115lb 72 in"},"content":{"rendered":"<h3>Minn Kota RT Terrova QUEST WR 24V-90lb or 36V-115lb 72 in<\/h3>\n<p>Riptide Terrova is the hardest working firstmate you\u2019ll meet. One that doesn\u2019t take breaks and doesn\u2019t know the meaning of the term &#8220;day off&#8221;. With available shaft lengths up to 100&#8243;, Riptide Terrova comes ready to go where other trolling motors won&#8217;t. The QUEST series of dual 24\/36 volt brushless trolling motors were designed for anglers who demand the best from their equipment \u2013 even in the harshest environments. With a reinforced motor and mount, more advanced GPS functionality than ever, and even an eco mode to extend battery life, Terrova is ready to tackle the elements and feels right at home on bigger boats than ever before.<\/p>\n<p><strong>QUEST Series<\/strong><\/p>\n<p>These 24\/36V dual-voltage brushless motors have been completely re-imagined from the ground up with updates to mounts, propellers, lift assist systems, drive motors, and software \u2013 taking the world\u2019s greatest trolling motors and redesigning them to outperform everything else on the water for years to come.<\/p>\n<p><strong>Stow\/Deploy Lever<\/strong><\/p>\n<p>Press this lever on the mount, and fall-away ramps will effortlessly slide your trolling motor into the water. And when you&#8217;re ready to move, Auto Park helps the motor stow effortlessly by orienting the lower unit to the perfect stow position automatically.<\/p>\n<p><strong>Syst\u00e8me de p\u00eache \u00e0 la tra\u00eene GPS avanc\u00e9<\/strong><\/p>\n<p>The most-trusted navigation system in fishing. Riptide Terrova uses GPS to control your trolling motor with unrivaled features that keep you on the fish. Set Spot-Locks, record paths, control speed and steering, and more. Minn Kota makes boat positioning and control automatic, and you can take command from the easy-to-read LCD screen of Riptide Terrova&#8217;s wireless remote.<\/p>\n<p><strong>Part of the One-Boat Network<\/strong><\/p>\n<p>Out of the box, Minn Kota motors come standard with everything you need to connect to select Humminbird fish finders, unlocking more advanced navigation features without needing to remember additional adapters or complicated set-up procedures.<\/p>\n<p><strong>Spot-Lock avec Jog<\/strong><\/p>\n<p>Spot-Lock will hold you in place with unparalleled GPS accuracy. Available on GPS systems that are pre-installed, Spot-Lock gives you the power to stay right on top of any productive fishing spot, without touching your trolling motor. With the included heading sensor, you can use Jog to move your Spot-Lock location five feet in any direction.<\/p>\n<p><strong>Drift Mode<\/strong><\/p>\n<p>automatically engages speed and course control simultaneously, meaning anglers no longer need to depend on drift socks, kicker motors, or manual operation to control speed over water \u2013 even in the heaviest wind and current.<\/p>\n<p><strong>Real-time Battery Monitoring<\/strong><\/p>\n<p>Check battery power levels while the motor is in use, real-time &#8220;time until empty&#8221; display monitor, with a notification when battery power is reduced to 20% to prompt users to enter &#8220;Eco-mode&#8221; which can reduce current draw to extend battery life.<\/p>\n<p><strong>Digital Maximizer\u2122<\/strong><\/p>\n<p>Offre une autonomie jusqu'\u00e0 5 fois sup\u00e9rieure sur une seule charge de batterie. Ces moteurs de p\u00eache \u00e0 la tra\u00eene \u00e0 vitesse variable vous permettent de choisir votre vitesse exacte et ne fournissent que la puissance dont vous avez besoin, ce qui vous permet d'\u00e9conomiser votre batterie pour une journ\u00e9e de p\u00eache compl\u00e8te.<\/p>\n<p><strong>Indestructible Composite Shaft \u2014 Guaranteed for Life<\/strong><\/p>\n<p>Au c\u0153ur de votre moteur de p\u00eache \u00e0 la tra\u00eene Minn Kota se trouve un arbre en composite indestructible. Il s'agit d'une exclusivit\u00e9 Minn Kota, garantie \u00e0 vie.<\/p>\n<p><strong>Compatibilit\u00e9 avec les applications mobiles<\/strong><\/p>\n<p>Control your motor directly from your Apple\u00ae or Android\u2122 device with the One-Boat Network app. You get quick command of speed, steering, Spot-Lock and AutoPilot \u2014 plus the ability to update software.<\/p>\n<p><strong>Minn Kota Riptide Terrova QUEST WR 24\/36V 90\/115LB 72\u2033.<\/strong><\/p>\n<p><strong>Sp\u00e9cifications :<\/strong><\/p>\n<ul>\n<li>For Use In: Saltwater<\/li>\n<li>Shaft Length: 72&#8243;<\/li>\n<li>Voltage: 24\/36<\/li>\n<li>Compatible avec le r\u00e9seau One-Boat : Oui<\/li>\n<li>QUEST Series: Yes<\/li>\n<li>Spot-Lock : Oui<\/li>\n<li>Foot Pedal Style: Not included<\/li>\n<li>Control: Wireless remote<\/li>\n<li>D\u00e9ploiement Auto\/Stow : Non<\/li>\n<li>Alimentation \u00e9lectrique : Non<\/li>\n<li>Direction assist\u00e9e : Oui<\/li>\n<li>Lift-Assist: No<\/li>\n<li>Garde-boue : Non<\/li>\n<li>T\u00e9l\u00e9commande sans fil : Oui<\/li>\n<li>Pilote automatique : Oui<\/li>\n<li>Co-pilote : Non<\/li>\n<li>Vitesses : Variable<\/li>\n<li>Maximiseur num\u00e9rique : Oui<\/li>\n<li>Compteur de batterie : Oui<\/li>\n<li>Max Amp Draw: 58<\/li>\n<li>Mount Style: Bolt-On<\/li>\n<li>Emplacement de montage : Montage \u00e0 l'\u00e9trave<\/li>\n<li>Motor Style: Electric-steer<\/li>\n<li>Prop: Power Prop (MKP-40)<\/li>\n<li>Warranty: Two-year warranty<\/li>\n<\/ul>\n<p><!--- cis2:mm1rl5hl ---><\/p>","protected":false},"excerpt":{"rendered":"<p>Minn Kota RT Terrova QUEST WR 24V-90lb or 36V-115lb 72 in Riptide Terrova is the hardest working firstmate you\u2019ll meet. One that doesn\u2019t take breaks and doesn\u2019t know the meaning of the term &#8220;day off&#8221;. With available shaft lengths up to 100&#8243;, Riptide Terrova comes ready to go where other trolling motors won&#8217;t. The QUEST [&hellip;]<\/p>\n","protected":false},"featured_media":75507,"comment_status":"closed","ping_status":"closed","template":"","meta":{"_acf_changed":false},"product_brand":[],"product_cat":[1028,831,88,91,105],"product_tag":[],"class_list":{"0":"post-116613","1":"product","2":"type-product","3":"status-publish","4":"has-post-thumbnail","6":"product_cat-riptide","7":"product_cat-trolling-motors","8":"product_cat-minnkota","9":"product_cat-minnkota-trolling-motors","10":"product_cat-riptide-bow","11":"product_shipping_class-oversize","13":"first","14":"instock","15":"taxable","16":"shipping-taxable","17":"purchasable","18":"product-type-simple"},"acf":[],"_links":{"self":[{"href":"https:\/\/testing.fishntech.com\/fr\/wp-json\/wp\/v2\/product\/116613","targetHints":{"allow":["GET"]}}],"collection":[{"href":"https:\/\/testing.fishntech.com\/fr\/wp-json\/wp\/v2\/product"}],"about":[{"href":"https:\/\/testing.fishntech.com\/fr\/wp-json\/wp\/v2\/types\/product"}],"replies":[{"embeddable":true,"href":"https:\/\/testing.fishntech.com\/fr\/wp-json\/wp\/v2\/comments?post=116613"}],"version-history":[{"count":1,"href":"https:\/\/testing.fishntech.com\/fr\/wp-json\/wp\/v2\/product\/116613\/revisions"}],"predecessor-version":[{"id":120226,"href":"https:\/\/testing.fishntech.com\/fr\/wp-json\/wp\/v2\/product\/116613\/revisions\/120226"}],"wp:featuredmedia":[{"embeddable":true,"href":"https:\/\/testing.fishntech.com\/fr\/wp-json\/wp\/v2\/media\/75507"}],"wp:attachment":[{"href":"https:\/\/testing.fishntech.com\/fr\/wp-json\/wp\/v2\/media?parent=116613"}],"wp:term":[{"taxonomy":"product_brand","embeddable":true,"href":"https:\/\/testing.fishntech.com\/fr\/wp-json\/wp\/v2\/product_brand?post=116613"},{"taxonomy":"product_cat","embeddable":true,"href":"https:\/\/testing.fishntech.com\/fr\/wp-json\/wp\/v2\/product_cat?post=116613"},{"taxonomy":"product_tag","embeddable":true,"href":"https:\/\/testing.fishntech.com\/fr\/wp-json\/wp\/v2\/product_tag?post=116613"}],"curies":[{"name":"wp","href":"https:\/\/api.w.org\/{rel}","templated":true}]}}