{"id":116744,"date":"2025-05-08T13:17:01","date_gmt":"2025-05-08T13:17:01","guid":{"rendered":"https:\/\/testing.fishntech.com\/product\/terrova-quest-wr-msi-24v-90lb-or-36v-115lb-60-in\/"},"modified":"2025-06-05T17:39:48","modified_gmt":"2025-06-05T17:39:48","slug":"minn-kota-terrova-quest-wr-msi-24-36v-90-115lb-60","status":"publish","type":"product","link":"https:\/\/testing.fishntech.com\/fr\/product\/minn-kota-terrova-quest-wr-msi-24-36v-90-115lb-60\/","title":{"rendered":"Terrova QUEST WR MSI 24V-90lb ou 36V-115lb 60 in"},"content":{"rendered":"<h3>Minn Kota Terrova QUEST WR MSI 24V-90lb or 36V-115lb 60 in<\/h3>\n<p>For years, Terrova has made its name as a work horse for anglers all over the country. It gets up earlier and stays out later so that you can put more fish in the boat. And now, it\u2019s been completely reimagined. The new QUEST series of dual 24\/36 volt brushless trolling motors was designed for anglers who demand the best from their equipment, even in the harshest environments. With a reinforced motor and mount, more advanced GPS functionality than ever, and even an eco mode to extend battery life, the next generation of Terrova is designed to have your back out on the water for years to come.<\/p>\n<p><strong>Stow\/Deploy Lever<\/strong><\/p>\n<p>Press this lever on the mount and fall-away ramps will effortlessly slide your trolling motor into the water. And when you&#8217;re ready to move, Auto Park helps the motor stow effortlessly by orienting the lower unit to the perfect stow position automatically.<\/p>\n<p><strong>Syst\u00e8me de p\u00eache \u00e0 la tra\u00eene GPS avanc\u00e9<\/strong><\/p>\n<p>The most-trusted navigation system in fishing. Terrova uses GPS to control your trolling motor with unrivaled features that keep you on the fish. Set spot locks, record paths, control speed and steering, and more. Minn Kota makes boat positioning and control automatic, and you can take command from the easy-to-read LCD screen of Terrova&#8217;s wireless remote.<\/p>\n<p><strong>Part of the One-Boat Network<\/strong><\/p>\n<p>Out of the box, Minn Kota motors come standard with everything you need to connect to select Humminbird fish finders, unlocking more advanced navigation features without needing to remember additional adapters or complicated set-up procedures.<\/p>\n<p><strong>Spot-Lock avec Jog<\/strong><\/p>\n<p>Spot-Lock will hold you in place with unparalleled GPS accuracy. Available on GPS systems that are pre-installed, Spot-Lock gives you the power to stay right on top of any productive fishing spot, without touching your trolling motor. With the included heading sensor, you can use Jog to move your Spot-Lock location five feet in any direction. Activate Spot-Lock from the wireless remote or Humminbird fish finder.<\/p>\n<p><strong>Drift Mode\u00a0<\/strong><\/p>\n<p>Automatically engages speed and course control simultaneously, meaning anglers no longer need to depend on drift socks, kicker motors, or manual operation to control speed over water \u2013 even in the heaviest wind and current.<\/p>\n<p><strong>Real-time Battery Monitoring<\/strong><\/p>\n<p>Check battery power levels while the motor is in use, real-time \u201ctime until empty\u201d display monitor, with a notification when battery power is reduced to 20% to prompt users to enter \u201cEco-mode\u201d which can reduce current draw to extend battery life.<\/p>\n<p><strong>Digital Maximizer\u2122<\/strong><\/p>\n<p>Offre une autonomie jusqu'\u00e0 5 fois sup\u00e9rieure sur une seule charge de batterie. Ces moteurs de p\u00eache \u00e0 la tra\u00eene \u00e0 vitesse variable vous permettent de choisir votre vitesse exacte et ne fournissent que la puissance dont vous avez besoin, ce qui vous permet d'\u00e9conomiser votre batterie pour une journ\u00e9e de p\u00eache compl\u00e8te.<\/p>\n<p><strong>Heel-Toe Programmable Electric Foot Pedal<\/strong><\/p>\n<p>Low profile design offers two steering options: Heel\/toe pedal and left\/right steering buttons, plus a user-programable button to keep the most used features a tap away, including: mark a waypoint, engage AutoPilot, or deploy or retract Minn Kota shallow water anchors. Includes 18&#8242; cord.<\/p>\n<p><strong>Built-In MEGA Side Imaging<\/strong><\/p>\n<p>With a transducer built right into the motor, you get crystal clear Humminbird\u00ae MEGA Side Imaging and a clean protected look.<\/p>\n<p><strong>Indestructible Composite Shaft \u2014 Guaranteed for Life<\/strong><\/p>\n<p>Au c\u0153ur de votre moteur de p\u00eache \u00e0 la tra\u00eene Minn Kota se trouve un arbre en composite indestructible. Il s'agit d'une exclusivit\u00e9 Minn Kota, garantie \u00e0 vie.<\/p>\n<p><strong>Compatibilit\u00e9 avec les applications mobiles<\/strong><\/p>\n<p>Control your motor directly from your Apple\u00ae or Android\u2122 device with the One-Boat Network app. You get quick command of speed, steering, Spot-Lock and AutoPilot \u2014 plus the ability to update software.<\/p>\n<p><strong>Minn Kota Terrova QUEST WR MSI 24\/36V 90\/115LB 60&#8243;<\/strong><\/p>\n<p><strong>Sp\u00e9cifications :<\/strong><\/p>\n<ul>\n<li>A utiliser dans : Eau douce<\/li>\n<li>Shaft Length: 60&#8243;<\/li>\n<li>Voltage: 24\/36<\/li>\n<li>Compatible avec le r\u00e9seau One-Boat : Oui<\/li>\n<li>QUEST Series: Yes<\/li>\n<li>Spot-Lock : Oui<\/li>\n<li>Sondeur int\u00e9gr\u00e9 : MEGA Imagerie lat\u00e9rale et descendante<\/li>\n<li>Foot Pedal Style: Heel-toe \/ electric<\/li>\n<li>Control: Foot Pedal, Wireless Remote<\/li>\n<li>D\u00e9ploiement Auto\/Stow : Non<\/li>\n<li>Alimentation \u00e9lectrique : Non<\/li>\n<li>Direction assist\u00e9e : Oui<\/li>\n<li>Lift-Assist: No<\/li>\n<li>Garde-boue : Non<\/li>\n<li>T\u00e9l\u00e9commande sans fil : Oui<\/li>\n<li>Pilote automatique : Oui<\/li>\n<li>Co-pilote : Non<\/li>\n<li>Vitesses : Variable<\/li>\n<li>Maximiseur num\u00e9rique : Oui<\/li>\n<li>Compteur de batterie : Oui<\/li>\n<li>Max Amp Draw: 58<\/li>\n<li>Mount Style: Bolt-On<\/li>\n<li>Emplacement de montage : Montage \u00e0 l'\u00e9trave<\/li>\n<li>Motor Style: Electric-steer<\/li>\n<li>Prop: Power Prop (MKP-40)<\/li>\n<li>Warranty: Two-year warranty<\/li>\n<\/ul>\n<p><!--- cis2:mm1rl5hl ---><\/p>","protected":false},"excerpt":{"rendered":"<p>Minn Kota Terrova QUEST WR MSI 24V-90lb or 36V-115lb 60 in For years, Terrova has made its name as a work horse for anglers all over the country. It gets up earlier and stays out later so that you can put more fish in the boat. And now, it\u2019s been completely reimagined. The new QUEST [&hellip;]<\/p>\n","protected":false},"featured_media":75440,"comment_status":"closed","ping_status":"closed","template":"","meta":{"_acf_changed":false},"product_brand":[],"product_cat":[831,88,91,102],"product_tag":[],"class_list":{"0":"post-116744","1":"product","2":"type-product","3":"status-publish","4":"has-post-thumbnail","6":"product_cat-trolling-motors","7":"product_cat-minnkota","8":"product_cat-minnkota-trolling-motors","9":"product_cat-terrova","10":"product_shipping_class-oversize","12":"first","13":"instock","14":"taxable","15":"shipping-taxable","16":"purchasable","17":"product-type-simple"},"acf":[],"_links":{"self":[{"href":"https:\/\/testing.fishntech.com\/fr\/wp-json\/wp\/v2\/product\/116744","targetHints":{"allow":["GET"]}}],"collection":[{"href":"https:\/\/testing.fishntech.com\/fr\/wp-json\/wp\/v2\/product"}],"about":[{"href":"https:\/\/testing.fishntech.com\/fr\/wp-json\/wp\/v2\/types\/product"}],"replies":[{"embeddable":true,"href":"https:\/\/testing.fishntech.com\/fr\/wp-json\/wp\/v2\/comments?post=116744"}],"version-history":[{"count":1,"href":"https:\/\/testing.fishntech.com\/fr\/wp-json\/wp\/v2\/product\/116744\/revisions"}],"predecessor-version":[{"id":120187,"href":"https:\/\/testing.fishntech.com\/fr\/wp-json\/wp\/v2\/product\/116744\/revisions\/120187"}],"wp:featuredmedia":[{"embeddable":true,"href":"https:\/\/testing.fishntech.com\/fr\/wp-json\/wp\/v2\/media\/75440"}],"wp:attachment":[{"href":"https:\/\/testing.fishntech.com\/fr\/wp-json\/wp\/v2\/media?parent=116744"}],"wp:term":[{"taxonomy":"product_brand","embeddable":true,"href":"https:\/\/testing.fishntech.com\/fr\/wp-json\/wp\/v2\/product_brand?post=116744"},{"taxonomy":"product_cat","embeddable":true,"href":"https:\/\/testing.fishntech.com\/fr\/wp-json\/wp\/v2\/product_cat?post=116744"},{"taxonomy":"product_tag","embeddable":true,"href":"https:\/\/testing.fishntech.com\/fr\/wp-json\/wp\/v2\/product_tag?post=116744"}],"curies":[{"name":"wp","href":"https:\/\/api.w.org\/{rel}","templated":true}]}}