{"id":116751,"date":"2025-05-08T13:17:07","date_gmt":"2025-05-08T13:17:07","guid":{"rendered":"https:\/\/testing.fishntech.com\/product\/terrova-wr-dsc-12v-55lb-45-in\/"},"modified":"2025-06-05T17:39:49","modified_gmt":"2025-06-05T17:39:49","slug":"minn-kota-terrova-wr-dsc-12v-55lb-45","status":"publish","type":"product","link":"https:\/\/testing.fishntech.com\/fr\/product\/minn-kota-terrova-wr-dsc-12v-55lb-45\/","title":{"rendered":"Terrova WR DSC 12V 55lb 45 in"},"content":{"rendered":"<h3>Minn Kota Terrova WR DSC 12V 55lb 45 in<\/h3>\n<p>What makes Terrova\u00ae so popular? How about unlocking more boat control than ever before? Start with Minn Kota&#8217;s most advanced GPS trolling system, including Spot-Lock\u00ae. Top it off with all the thrust you need to take on any water and an effortless stow and deploy. That&#8217;s what makes this workhorse one of the most trusted, most capable, and most proven motors on the water.<\/p>\n<p><strong>Syst\u00e8me de p\u00eache \u00e0 la tra\u00eene GPS avanc\u00e9<\/strong><\/p>\n<p>The most-trusted navigation system in fishing. Terrova uses GPS to control your trolling motor with unrivaled features that keep you on the fish. Set spot locks, record paths, control speed and steering, and more. Minn Kota makes boat positioning and control automatic, and you can take command from the easy-to-read LCD screen of Terrova&#8217;s wireless remote.<\/p>\n<p><strong>Spot-Lock avec Jog<\/strong><\/p>\n<p>Spot-Lock will hold you in place with unparalleled GPS accuracy. Available on GPS systems that are pre-installed, Spot-Lock gives you the power to stay right on top of any productive fishing spot, without touching your trolling motor. With the included heading sensor, you can use Jog to move your Spot-Lock location five feet in any direction. Activate Spot-Lock from the wireless remote or Humminbird fish finder.<\/p>\n<p><strong>AutoPilot\u2122<\/strong><\/p>\n<p>Faites naviguer automatiquement votre bateau dans la direction de votre choix. Il vous suffit de pointer la t\u00eate de votre moteur de p\u00eache \u00e0 la tra\u00eene dans la direction que vous souhaitez emprunter, d'activer AutoPilot\u2122, et votre moteur de p\u00eache \u00e0 la tra\u00eene vous maintiendra automatiquement sur ce cap, m\u00eame en corrigeant le vent, les vagues et le courant.<\/p>\n<p><strong>Push-to-Test Battery Meter<\/strong><\/p>\n<p>Press a button on the trolling motor head to get an instant status of how much battery life you have left.<\/p>\n<p><strong>Digital Maximizer\u2122<\/strong><\/p>\n<p>Offre une autonomie jusqu'\u00e0 5 fois sup\u00e9rieure sur une seule charge de batterie. Ces moteurs de p\u00eache \u00e0 la tra\u00eene \u00e0 vitesse variable vous permettent de choisir votre vitesse exacte et ne fournissent que la puissance dont vous avez besoin, ce qui vous permet d'\u00e9conomiser votre batterie pour une journ\u00e9e de p\u00eache compl\u00e8te.<\/p>\n<p><strong>Weedless Wedge\u2122 2 Prop<\/strong><\/p>\n<p>With swept-back flared blades to power through anything without battery-draining chopping and hacking, the Weedless Wedge\u2122 2 is one of the most trusted props in fishing.<\/p>\n<p><strong>Indestructible Composite Shaft \u2014 Guaranteed for Life<\/strong><\/p>\n<p>Au c\u0153ur de votre moteur de p\u00eache \u00e0 la tra\u00eene Minn Kota se trouve un arbre en composite indestructible. Il s'agit d'une exclusivit\u00e9 Minn Kota, garantie \u00e0 vie.<\/p>\n<p><strong>Compatibilit\u00e9 avec les applications mobiles<\/strong><\/p>\n<p>Control Terrova directly from your Apple\u00ae or Android\u2122 device with our mobile app. You get quick command of speed, steering, Spot-Lock, and AutoPilot \u2014 plus the ability to update software.<\/p>\n<p><strong>Electric Foot Pedal<\/strong><\/p>\n<p>Low-profile design offers two steering options: heel\/toe pedal and left\/right steering buttons. Includes Spot-Lock activation, a rotary speed control dial, a momentary\/constant on toggle, an AutoPilot on\/off toggle, and an 18&#8242; cable with a waterproof connector plug.<\/p>\n<p><strong>Sonar Chirp \u00e0 double spectre int\u00e9gr\u00e9<\/strong><\/p>\n<p>Le transducteur et le c\u00e2blage sont enti\u00e8rement dissimul\u00e9s et prot\u00e9g\u00e9s par l'arbre du moteur de p\u00eache \u00e0 la tra\u00eene. En couvrant une large gamme de fr\u00e9quences, le syst\u00e8me CHIRP de Humminbird\u00ae produit des images plus pr\u00e9cises et plus d\u00e9taill\u00e9es des poissons, des structures et du fond que les sonars traditionnels.<\/p>\n<p><strong>Ce qui est inclus<\/strong><\/p>\n<p>Terrova 55 lb. 45&#8243; motor with Built-In Dual Spectrum CHIRP Sonar, Wireless Remote, Lanyard, Heading Sensor, Corded Foot Pedal, MKP-32 Prop and Mounting Hardware<\/p>\n<p><strong>Minn Kota Terrova WR DSC 12V 55LB 45&#8243;<\/strong><\/p>\n<p><strong>Sp\u00e9cifications :<\/strong><\/p>\n<ul>\n<li>A utiliser dans : Eau douce<\/li>\n<li>Shaft Length: 45&#8243;<\/li>\n<li>Voltage: 12<\/li>\n<li>Compatible avec le r\u00e9seau One-Boat : Oui<\/li>\n<li>S\u00e9rie QUEST : Non<\/li>\n<li>Spot-Lock : Oui<\/li>\n<li>Sondeur int\u00e9gr\u00e9 : CHIRP \u00e0 double spectre<\/li>\n<li>Foot Pedal Style: Heel-toe \/ electric<\/li>\n<li>Control: Wireless Remote<\/li>\n<li>D\u00e9ploiement Auto\/Stow : Non<\/li>\n<li>Alimentation \u00e9lectrique : Non<\/li>\n<li>Direction assist\u00e9e : Oui<\/li>\n<li>Lift-Assist: No<\/li>\n<li>Garde-boue : Non<\/li>\n<li>T\u00e9l\u00e9commande sans fil : Oui<\/li>\n<li>i-Pilot Link (GPS): No<\/li>\n<li>i-Pilot (GPS): No<\/li>\n<li>Pilote automatique : Non<\/li>\n<li>Co-pilote : Non<\/li>\n<li>Vitesses : Variable<\/li>\n<li>Maximiseur num\u00e9rique : Oui<\/li>\n<li>Compteur de batterie : Oui<\/li>\n<li>Max Amp Draw: 50<\/li>\n<li>Mount Style: Bolt-On<\/li>\n<li>Emplacement de montage : Montage \u00e0 l'\u00e9trave<\/li>\n<li>Motor Style: Electric-steer<\/li>\n<li>Prop: Weedless Wedge 2 (MKP-32)<\/li>\n<li>Warranty: Two-year warranty<\/li>\n<\/ul>\n<p><!--- cis2:mm1rl5hl ---><\/p>","protected":false},"excerpt":{"rendered":"<p>Minn Kota Terrova WR DSC 12V 55lb 45 in What makes Terrova\u00ae so popular? How about unlocking more boat control than ever before? Start with Minn Kota&#8217;s most advanced GPS trolling system, including Spot-Lock\u00ae. Top it off with all the thrust you need to take on any water and an effortless stow and deploy. That&#8217;s [&hellip;]<\/p>\n","protected":false},"featured_media":75454,"comment_status":"closed","ping_status":"closed","template":"","meta":{"_acf_changed":false},"product_brand":[],"product_cat":[831,88,91,102],"product_tag":[],"class_list":{"0":"post-116751","1":"product","2":"type-product","3":"status-publish","4":"has-post-thumbnail","6":"product_cat-trolling-motors","7":"product_cat-minnkota","8":"product_cat-minnkota-trolling-motors","9":"product_cat-terrova","10":"product_shipping_class-oversize","12":"first","13":"instock","14":"taxable","15":"shipping-taxable","16":"purchasable","17":"product-type-simple"},"acf":[],"_links":{"self":[{"href":"https:\/\/testing.fishntech.com\/fr\/wp-json\/wp\/v2\/product\/116751","targetHints":{"allow":["GET"]}}],"collection":[{"href":"https:\/\/testing.fishntech.com\/fr\/wp-json\/wp\/v2\/product"}],"about":[{"href":"https:\/\/testing.fishntech.com\/fr\/wp-json\/wp\/v2\/types\/product"}],"replies":[{"embeddable":true,"href":"https:\/\/testing.fishntech.com\/fr\/wp-json\/wp\/v2\/comments?post=116751"}],"version-history":[{"count":1,"href":"https:\/\/testing.fishntech.com\/fr\/wp-json\/wp\/v2\/product\/116751\/revisions"}],"predecessor-version":[{"id":120194,"href":"https:\/\/testing.fishntech.com\/fr\/wp-json\/wp\/v2\/product\/116751\/revisions\/120194"}],"wp:featuredmedia":[{"embeddable":true,"href":"https:\/\/testing.fishntech.com\/fr\/wp-json\/wp\/v2\/media\/75454"}],"wp:attachment":[{"href":"https:\/\/testing.fishntech.com\/fr\/wp-json\/wp\/v2\/media?parent=116751"}],"wp:term":[{"taxonomy":"product_brand","embeddable":true,"href":"https:\/\/testing.fishntech.com\/fr\/wp-json\/wp\/v2\/product_brand?post=116751"},{"taxonomy":"product_cat","embeddable":true,"href":"https:\/\/testing.fishntech.com\/fr\/wp-json\/wp\/v2\/product_cat?post=116751"},{"taxonomy":"product_tag","embeddable":true,"href":"https:\/\/testing.fishntech.com\/fr\/wp-json\/wp\/v2\/product_tag?post=116751"}],"curies":[{"name":"wp","href":"https:\/\/api.w.org\/{rel}","templated":true}]}}