{"id":116760,"date":"2025-05-08T13:17:16","date_gmt":"2025-05-08T13:17:16","guid":{"rendered":"https:\/\/testing.fishntech.com\/product\/ulterra-quest-wr-msi-24v-90lb-or-36v-115lb-60-in\/"},"modified":"2025-06-05T17:39:51","modified_gmt":"2025-06-05T17:39:51","slug":"minn-kota-ulterra-quest-wr-msi-24-36v-90-115lb-60","status":"publish","type":"product","link":"https:\/\/testing.fishntech.com\/fr\/product\/minn-kota-ulterra-quest-wr-msi-24-36v-90-115lb-60\/","title":{"rendered":"Ulterra QUEST WR MSI 24V-90lb ou 36V-115lb 60 in"},"content":{"rendered":"<h3>Minn Kota Ulterra QUEST WR MSI 24V-90lb or 36V-115lb 60 in<\/h3>\n<p>Ulterra\u2019s Auto Stow\/Deploy and Power Trim have been helping anglers make more out of their days on the water for years. Now this easy-to-use motor has been completely reimagined to handle even tougher abuse. The QUEST series of dual 24\/36 volt brushless trolling motors were designed for anglers who demand the best from their equipment, even in the harshest environments. You can stow, deploy, and trim Ulterra from the remote or the foot pedal, meaning you never have to touch your motor again.<\/p>\n<p><strong>QUEST Series<\/strong><\/p>\n<p>These 24\/36V dual-voltage brushless motors have been completely re-imagined from the ground up with updates to mounts, propellers, lift assist systems, drive motors, and software, taking the world\u2019s greatest trolling motors and redesigning them to outperform everything else on the water for years to come.<\/p>\n<p><strong>Auto Stow &amp; Deploy<\/strong><\/p>\n<p>Stow or deploy Ulterra just by pushing a button on your wireless remote, foot pedal, the One-Boat Network App, or Humminbird fish finder.<\/p>\n<p><strong>Power Trim<\/strong><\/p>\n<p>Trim Ulterra up or down at the push of a button \u2014 on either the foot pedal, the wireless remote, the One-Boat Network App, or a Humminbird fish finder. Adjust to changing fishing conditions without reaching down to your trolling motor.<\/p>\n<p><strong>Syst\u00e8me de p\u00eache \u00e0 la tra\u00eene GPS avanc\u00e9<\/strong><\/p>\n<p>The most-trusted navigation system in fishing. Ulterra uses GPS to control your trolling motor with unrivaled features that keep you on the fish. Set Spot-Locks, record paths, control speed and steering, and more. Minn Kota makes boat positioning and control automatic, and you can take command from the easy-to-read LCD screen of Ulterra&#8217;s wireless remote.<\/p>\n<p><strong>Part of the One-Boat Network<\/strong><\/p>\n<p>Out of the box, Minn Kota motors come standard with everything you need to connect to select Humminbird fish finders, unlocking more advanced navigation features without needing to remember additional adapters or complicated set-up procedures.<\/p>\n<p><strong>Spot-Lock avec Jog<\/strong><\/p>\n<p>Spot-Lock will hold you in place with unparalleled GPS accuracy. Spot-Lock gives you the power to stay right on top of any productive fishing spot, without touching your trolling motor. With the built-in heading sensor, you can use Jog to move your Spot-Lock location five feet in any direction.<\/p>\n<p><strong>Drift Mode<\/strong><\/p>\n<p>Gives you point-and-shoot navigation for superior boat control in any direction, at any speed without the need of drift socks, kicker motors, or manual operation \u2013 even in the heaviest wind and current.<\/p>\n<p><strong>Built-In MEGA Side Imaging<\/strong><\/p>\n<p>With a transducer built right into the motor, you get crystal clear Humminbird\u00ae MEGA Side Imaging and a clean protected look.<\/p>\n<p><strong>Heel-Toe Programmable Electric Foot Pedal<\/strong><\/p>\n<p>Stow, deploy, and adjust the trim on Ulterra, all from the foot pedal \u2014 plus a user-programmable button to keep the most used features a tap away, including: marking a waypoint, engaging AutoPilot, or deploying or retracting Minn Kota shallow water anchors. includes an 18&#8242; cord.<\/p>\n<p><strong>Real-time Battery Monitoring<\/strong><\/p>\n<p>Check battery power levels while the motor is in use, real-time &#8220;time until empty&#8221; display monitor, with a notification when battery power is reduced to 20% to prompt users to enter &#8220;Eco-mode&#8221; which can reduce current draw to extend battery life.<\/p>\n<p><strong>Digital Maximizer\u2122<\/strong><\/p>\n<p>Offre une autonomie jusqu'\u00e0 5 fois sup\u00e9rieure sur une seule charge de batterie. Ces moteurs de p\u00eache \u00e0 la tra\u00eene \u00e0 vitesse variable vous permettent de choisir votre vitesse exacte et ne fournissent que la puissance dont vous avez besoin, ce qui vous permet d'\u00e9conomiser votre batterie pour une journ\u00e9e de p\u00eache compl\u00e8te.<\/p>\n<p><strong>Indestructible Composite Shaft \u2014 Guaranteed for Life<\/strong><\/p>\n<p>Au c\u0153ur de votre moteur de p\u00eache \u00e0 la tra\u00eene Minn Kota se trouve un arbre en composite indestructible. Il s'agit d'une exclusivit\u00e9 Minn Kota, garantie \u00e0 vie.<\/p>\n<p><strong>Compatibilit\u00e9 avec les applications mobiles<\/strong><\/p>\n<p>Control your motor directly from your Apple\u00ae or Android\u2122 device with the One-Boat Network app. You get quick command of speed, steering, Spot-Lock and AutoPilot \u2014 plus the ability to update software.<\/p>\n<p><strong>Ce qui est inclus<\/strong><\/p>\n<p>Ulterra 90\/115 lb. 60&#8243; trolling motor with Built-In MEGA Side Imaging, Wireless remote, Lanyard, Corded Foot Pedal, MKP-40 Prop, 30&#8242; ethernet cable, Humminbird HELIX cables for Ethernet and built in sonar, and Mounting Hardware.<\/p>\n<p><strong>Minn Kota Ulterra QUEST WR MSI 24\/36V 90\/115LB 60\u2033.<\/strong><\/p>\n<p><strong>Sp\u00e9cifications :<\/strong><\/p>\n<ul>\n<li>A utiliser dans : Eau douce<\/li>\n<li>Shaft Length: 60&#8243;<\/li>\n<li>Max Thrust: 90\/115 lbs.<\/li>\n<li>Voltage: 24\/36<\/li>\n<li>Compatible avec le r\u00e9seau One-Boat : Oui<\/li>\n<li>QUEST Series: Yes<\/li>\n<li>Spot-Lock : Oui<\/li>\n<li>Sondeur int\u00e9gr\u00e9 : MEGA Imagerie lat\u00e9rale et descendante<\/li>\n<li>Foot Pedal Style: Heel-Toe \/ Electric<\/li>\n<li>Control: Foot pedal, wireless remote<\/li>\n<li>Auto\/Stow Deploy: Yes<\/li>\n<li>Power Trim: Yes<\/li>\n<li>Direction assist\u00e9e : Oui<\/li>\n<li>Lift-Assist: No<\/li>\n<li>Garde-boue : Non<\/li>\n<li>T\u00e9l\u00e9commande sans fil : Oui<\/li>\n<li>Pilote automatique : Oui<\/li>\n<li>Co-pilote : Non<\/li>\n<li>Vitesses : Variable<\/li>\n<li>Maximiseur num\u00e9rique : Oui<\/li>\n<li>Compteur de batterie : Oui<\/li>\n<li>Max Amp Draw: 60<\/li>\n<li>Mount Style: Bolt-On<\/li>\n<li>Emplacement de montage : Montage \u00e0 l'\u00e9trave<\/li>\n<li>Motor Style: Electric-steer<\/li>\n<li>Prop: Power Prop (MKP-40)<\/li>\n<li>Warranty: Two-Year Warranty<\/li>\n<\/ul>\n<p><!--- cis2:mm1rl5hl ---><\/p>","protected":false},"excerpt":{"rendered":"<p>Minn Kota Ulterra QUEST WR MSI 24V-90lb or 36V-115lb 60 in Ulterra\u2019s Auto Stow\/Deploy and Power Trim have been helping anglers make more out of their days on the water for years. Now this easy-to-use motor has been completely reimagined to handle even tougher abuse. The QUEST series of dual 24\/36 volt brushless trolling motors [&hellip;]<\/p>\n","protected":false},"featured_media":75472,"comment_status":"closed","ping_status":"closed","template":"","meta":{"_acf_changed":false},"product_brand":[],"product_cat":[831,88,91,101],"product_tag":[],"class_list":{"0":"post-116760","1":"product","2":"type-product","3":"status-publish","4":"has-post-thumbnail","6":"product_cat-trolling-motors","7":"product_cat-minnkota","8":"product_cat-minnkota-trolling-motors","9":"product_cat-ulterra","10":"product_shipping_class-oversize","12":"first","13":"instock","14":"taxable","15":"shipping-taxable","16":"purchasable","17":"product-type-simple"},"acf":[],"_links":{"self":[{"href":"https:\/\/testing.fishntech.com\/fr\/wp-json\/wp\/v2\/product\/116760","targetHints":{"allow":["GET"]}}],"collection":[{"href":"https:\/\/testing.fishntech.com\/fr\/wp-json\/wp\/v2\/product"}],"about":[{"href":"https:\/\/testing.fishntech.com\/fr\/wp-json\/wp\/v2\/types\/product"}],"replies":[{"embeddable":true,"href":"https:\/\/testing.fishntech.com\/fr\/wp-json\/wp\/v2\/comments?post=116760"}],"version-history":[{"count":1,"href":"https:\/\/testing.fishntech.com\/fr\/wp-json\/wp\/v2\/product\/116760\/revisions"}],"predecessor-version":[{"id":120203,"href":"https:\/\/testing.fishntech.com\/fr\/wp-json\/wp\/v2\/product\/116760\/revisions\/120203"}],"wp:featuredmedia":[{"embeddable":true,"href":"https:\/\/testing.fishntech.com\/fr\/wp-json\/wp\/v2\/media\/75472"}],"wp:attachment":[{"href":"https:\/\/testing.fishntech.com\/fr\/wp-json\/wp\/v2\/media?parent=116760"}],"wp:term":[{"taxonomy":"product_brand","embeddable":true,"href":"https:\/\/testing.fishntech.com\/fr\/wp-json\/wp\/v2\/product_brand?post=116760"},{"taxonomy":"product_cat","embeddable":true,"href":"https:\/\/testing.fishntech.com\/fr\/wp-json\/wp\/v2\/product_cat?post=116760"},{"taxonomy":"product_tag","embeddable":true,"href":"https:\/\/testing.fishntech.com\/fr\/wp-json\/wp\/v2\/product_tag?post=116760"}],"curies":[{"name":"wp","href":"https:\/\/api.w.org\/{rel}","templated":true}]}}