{"id":116765,"date":"2025-05-08T13:17:20","date_gmt":"2025-05-08T13:17:20","guid":{"rendered":"https:\/\/testing.fishntech.com\/product\/terrova-mdi-iplink-bt-36v-112lb-60-in\/"},"modified":"2025-06-05T17:39:51","modified_gmt":"2025-06-05T17:39:51","slug":"minn-kota-terrova-112-mdi-ipilot-link-bt-36v-60","status":"publish","type":"product","link":"https:\/\/testing.fishntech.com\/fr\/product\/minn-kota-terrova-112-mdi-ipilot-link-bt-36v-60\/","title":{"rendered":"Terrova MDI IPLink BT 36V 112lb 60 in"},"content":{"rendered":"<h3>Minn Kota Terrova MDI IPLink BT 36V 112lb 60 in<\/h3>\n<p>The Minn Kota Terrova 112 MDI iPilot Link Bluetooth 36V 60&#8243; now with Built In MEGA-DI. You can\u2019t mark fish if you can\u2019t see fish. And the best view of what\u2019s below comes from Humminbird\u2019s MEGA Imaging\u2122. So get a Humminbird\u2019s eye view with a MEGA DI transducer built right into the \u00a0lower unit of our most powerful, trusted motors. No cluttered wires, no clamps and a transducer that\u2019s protected from the elements. Just plug your fish finder into your motor to see what\u2019s down there. Then go catch it.<\/p>\n<p><strong>Caract\u00e9ristiques :<\/strong><\/p>\n<ul>\n<li><strong>Conception de l'assistance au levage :\u00a0<\/strong>A spring-loaded assembly on the Terrova mount makes stowing the trolling motor effortless, every time.<\/li>\n<li><strong>Stow\/Deploy Lever:\u00a0<\/strong>Press this lever on the mount and fallaway ramps will effortlessly slide your trolling motor into the water. And when you&#8217;re ready to move, Lift-Assist helps the motor stow effortlessly.<\/li>\n<li><strong>Syst\u00e8me de p\u00eache \u00e0 la tra\u00eene GPS int\u00e9gr\u00e9 i-Pilot\u00ae Link\u2122 :\u00a0<\/strong>i-Pilot\u00ae Link\u2122 vous offre un contr\u00f4le sans pr\u00e9c\u00e9dent sur votre bateau en reliant votre moteur de p\u00eache \u00e0 la tra\u00eene \u00e0 votre d\u00e9tecteur de poissons Humminbird\u00ae. Contr\u00f4lez votre moteur de tra\u00eene \u00e0 partir de la t\u00e9l\u00e9commande \u00e0 \u00e9cran tactile couleur Link ou du Humminbird. Vous pouvez d\u00e9finir des Spot-Locks, enregistrer des trajectoires, suivre des contours de profondeur, naviguer automatiquement vers vos spots pr\u00e9f\u00e9r\u00e9s, contr\u00f4ler la vitesse et la direction, et bien plus encore.<\/li>\n<li><strong>Spot-Lock avec Jog :\u00a0<\/strong>Spot-Lock vous maintient en place avec une pr\u00e9cision GPS in\u00e9gal\u00e9e. Disponible sur le syst\u00e8me GPS i-Pilot pr\u00e9-install\u00e9, Spot-Lock vous donne la possibilit\u00e9 de rester au sommet de n'importe quel lieu de p\u00eache productif, sans toucher \u00e0 votre moteur de p\u00eache \u00e0 la tra\u00eene. Avec le capteur de cap inclus, vous pouvez utiliser Jog pour d\u00e9placer votre position Spot-Lock de cinq pieds dans n'importe quelle direction. Activez Spot-Lock \u00e0 partir de la t\u00e9l\u00e9commande i-Pilot ou du d\u00e9tecteur de poissons Humminbird.<\/li>\n<li><strong>AutoPilot\u2122<\/strong>Faites naviguer automatiquement votre bateau dans la direction de votre choix. Il vous suffit de pointer la t\u00eate de votre moteur de p\u00eache \u00e0 la tra\u00eene dans la direction que vous souhaitez emprunter, d'activer AutoPilot\u2122, et votre moteur de p\u00eache \u00e0 la tra\u00eene vous maintiendra automatiquement sur ce cap, m\u00eame en corrigeant le vent, les vagues et le courant.<\/li>\n<li><strong>Heel-Toe Electric Foot Pedal:\u00a0<\/strong>Stow, deploy and adjust the trim on Terrova &#8211; all from the foot pedal. You can even activate Spot-Lock with one tap. Includes 18&#8242; cord.<\/li>\n<li><strong>Testeur de batterie \u00e0 pression :\u00a0<\/strong>Press a button on the trolling motor head to get an instant status of battery life you have left.<\/li>\n<li><strong>Digital Maximizer\u2122 :\u00a0<\/strong>Offre une autonomie jusqu'\u00e0 5 fois sup\u00e9rieure sur une seule charge de batterie. Ces moteurs de p\u00eache \u00e0 la tra\u00eene \u00e0 vitesse variable vous permettent de choisir votre vitesse exacte et ne fournissent que la puissance dont vous avez besoin, ce qui vous permet d'\u00e9conomiser votre batterie pour une journ\u00e9e de p\u00eache compl\u00e8te.<\/li>\n<li><strong>Weedless Wedge\u2122 2 Prop:\u00a0<\/strong>With swept-back flared blades to power through anything without battery-draining chopping and hacking, the Weedless Wedge\u2122 2 is one of the most trusted props in fishing.<\/li>\n<li><strong>Arbre composite indestructible - garanti \u00e0 vie :\u00a0<\/strong>Au c\u0153ur de votre moteur de p\u00eache \u00e0 la tra\u00eene Minn Kota se trouve un arbre composite indestructible. C'est une exclusivit\u00e9 Minn Kota, et nous la garantissons \u00e0 vie.<\/li>\n<li><strong>Compatibilit\u00e9 avec les applications mobiles :\u00a0<\/strong>Contr\u00f4lez i-Pilot directement depuis votre appareil Apple\u00ae ou Android\u2122 gr\u00e2ce \u00e0 notre application mobile. Vous b\u00e9n\u00e9ficiez d'une commande rapide de la vitesse, de la direction, du Spot-Lock et de l'Advanced AutoPilot - ainsi que de la possibilit\u00e9 de mettre \u00e0 jour le logiciel i-Pilot.<\/li>\n<\/ul>","protected":false},"excerpt":{"rendered":"<p>Minn Kota Terrova MDI IPLink BT 36V 112lb 60 in The Minn Kota Terrova 112 MDI iPilot Link Bluetooth 36V 60&#8243; now with Built In MEGA-DI. You can\u2019t mark fish if you can\u2019t see fish. And the best view of what\u2019s below comes from Humminbird\u2019s MEGA Imaging\u2122. So get a Humminbird\u2019s eye view with a [&hellip;]<\/p>\n","protected":false},"featured_media":1418,"comment_status":"closed","ping_status":"closed","template":"","meta":{"_acf_changed":false},"product_brand":[],"product_cat":[831,88,91,102],"product_tag":[],"class_list":{"0":"post-116765","1":"product","2":"type-product","3":"status-publish","4":"has-post-thumbnail","6":"product_cat-trolling-motors","7":"product_cat-minnkota","8":"product_cat-minnkota-trolling-motors","9":"product_cat-terrova","10":"product_shipping_class-oversize","12":"first","13":"instock","14":"sale","15":"taxable","16":"shipping-taxable","17":"purchasable","18":"product-type-simple"},"acf":[],"_links":{"self":[{"href":"https:\/\/testing.fishntech.com\/fr\/wp-json\/wp\/v2\/product\/116765","targetHints":{"allow":["GET"]}}],"collection":[{"href":"https:\/\/testing.fishntech.com\/fr\/wp-json\/wp\/v2\/product"}],"about":[{"href":"https:\/\/testing.fishntech.com\/fr\/wp-json\/wp\/v2\/types\/product"}],"replies":[{"embeddable":true,"href":"https:\/\/testing.fishntech.com\/fr\/wp-json\/wp\/v2\/comments?post=116765"}],"version-history":[{"count":1,"href":"https:\/\/testing.fishntech.com\/fr\/wp-json\/wp\/v2\/product\/116765\/revisions"}],"predecessor-version":[{"id":120208,"href":"https:\/\/testing.fishntech.com\/fr\/wp-json\/wp\/v2\/product\/116765\/revisions\/120208"}],"wp:featuredmedia":[{"embeddable":true,"href":"https:\/\/testing.fishntech.com\/fr\/wp-json\/wp\/v2\/media\/1418"}],"wp:attachment":[{"href":"https:\/\/testing.fishntech.com\/fr\/wp-json\/wp\/v2\/media?parent=116765"}],"wp:term":[{"taxonomy":"product_brand","embeddable":true,"href":"https:\/\/testing.fishntech.com\/fr\/wp-json\/wp\/v2\/product_brand?post=116765"},{"taxonomy":"product_cat","embeddable":true,"href":"https:\/\/testing.fishntech.com\/fr\/wp-json\/wp\/v2\/product_cat?post=116765"},{"taxonomy":"product_tag","embeddable":true,"href":"https:\/\/testing.fishntech.com\/fr\/wp-json\/wp\/v2\/product_tag?post=116765"}],"curies":[{"name":"wp","href":"https:\/\/api.w.org\/{rel}","templated":true}]}}