{"id":116772,"date":"2025-05-08T13:17:27","date_gmt":"2025-05-08T13:17:27","guid":{"rendered":"https:\/\/testing.fishntech.com\/product\/ulterra-wr-dsc-24v-80lb-60-in\/"},"modified":"2025-06-05T17:39:53","modified_gmt":"2025-06-05T17:39:53","slug":"minn-kota-ulterra-wr-dsc-24v-80lb-60","status":"publish","type":"product","link":"https:\/\/testing.fishntech.com\/fr\/product\/minn-kota-ulterra-wr-dsc-24v-80lb-60\/","title":{"rendered":"Ulterra WR DSC 24V 80lb 60 in"},"content":{"rendered":"<h3>Minn Kota Ulterra WR DSC 24V 80lb 60 in<\/h3>\n<p>Ulterra\u2019s Auto Stow\/Deploy and Power Trim have been helping anglers make more out of their days on the water for years. Now this easy-to-use motor has been completely reimagined to handle even tougher abuse. You can stow, deploy, and trim Ulterra from the remote or the foot pedal, meaning you never have to touch your motor again. With a programmable foot pedal, re-engineered motor, and mount, it has more advanced GPS functionality than ever.<\/p>\n<p><strong>Auto Stow &amp; Deploy<\/strong><\/p>\n<p>Stow or deploy Ulterra just by pushing a button on your wireless remote, foot pedal, the One-Boat Network App, or Humminbird fish finder.<\/p>\n<p><strong>Power Trim<\/strong><\/p>\n<p>Trim Ulterra up or down at the push of a button \u2014 on either the foot pedal, the wireless remote, the One-Boat Network App, or a Humminbird fish finder. Adjust to changing fishing conditions without reaching down to your trolling motor.<\/p>\n<p><strong>Syst\u00e8me de p\u00eache \u00e0 la tra\u00eene GPS avanc\u00e9<\/strong><\/p>\n<p>The most-trusted navigation system in fishing. Ulterra uses GPS to control your trolling motor with unrivaled features that keep you on the fish. Set Spot-Locks, record paths, control speed and steering, and more. Minn Kota makes boat positioning and controls automatic, and you can take command from the easy-to-read LCD screen of Ulterra&#8217;s wireless remote.<\/p>\n<p><strong>Spot-Lock avec Jog<\/strong><\/p>\n<p>Spot-Lock will hold you in place with unparalleled GPS accuracy. Spot-Lock gives you the power to stay right on top of any productive fishing spot, without touching your trolling motor. With the built-in heading sensor, you can use Jog to move your Spot-Lock location five feet in any direction.<\/p>\n<p><strong>Drift Mode<\/strong><\/p>\n<p>Gives you point-and-shoot navigation for superior boat control in any direction, at any speed without the need for drift socks, kicker motors, or manual operation \u2013 even in the heaviest wind and current.<\/p>\n<p><strong>Sonar Chirp \u00e0 double spectre int\u00e9gr\u00e9<\/strong><\/p>\n<p>Keeps your transducer and wiring completely concealed and protected by running everything through the trolling motor&#8217;s shaft. By covering a wide range of frequencies, Humminbird&#8217;s CHIRP produces more accurate and detailed returns of fish, structure, and the bottom than traditional sonar.<\/p>\n<p><strong>Heel-Toe Programmable Electric Foot Pedal<\/strong><\/p>\n<p>Stow, deploy, and adjust the trim on Ulterra, all from the foot pedal \u2014 plus a user-programmable button to keep the most used features a tap away, including marking a waypoint, engaging AutoPilot, or deploying or retracting Minn Kota shallow water anchors. includes an 18&#8242; cord.<\/p>\n<p><strong>Digital Maximizer\u2122<\/strong><\/p>\n<p>Offre une autonomie jusqu'\u00e0 5 fois sup\u00e9rieure sur une seule charge de batterie. Ces moteurs de p\u00eache \u00e0 la tra\u00eene \u00e0 vitesse variable vous permettent de choisir votre vitesse exacte et ne fournissent que la puissance dont vous avez besoin, ce qui vous permet d'\u00e9conomiser votre batterie pour une journ\u00e9e de p\u00eache compl\u00e8te.<\/p>\n<p><strong>Indestructible Composite Shaft \u2014 Guaranteed for Life<\/strong><\/p>\n<p>At the core of your Minn Kota trolling motor is an indestructible composite shaft. It&#8217;s a Minn Kota exclusive, and we guarantee it for life.<\/p>\n<p><strong>Compatibilit\u00e9 avec les applications mobiles<\/strong><\/p>\n<p>Control Ultrex directly from your Apple\u00ae or Android\u2122 device with the One-Boat Network app. You get quick command of speed, steering, Spot-Lock, and AutoPilot \u2014 plus the ability to update software.<\/p>\n<p><strong>Minn Kota Ulterra WR DSC 24V 80LB 60&#8243;<\/strong><\/p>\n<p><strong>Sp\u00e9cifications :<\/strong><\/p>\n<ul>\n<li>A utiliser dans : Eau douce<\/li>\n<li>Shaft Length: 60&#8243;<\/li>\n<li>Max Thrust: 80 lbs.<\/li>\n<li>Voltage: 24<\/li>\n<li>Compatible avec le r\u00e9seau One-Boat : Oui<\/li>\n<li>S\u00e9rie QUEST : Non<\/li>\n<li>Spot-Lock : Oui<\/li>\n<li>Built-In Sonar: Dual Spectrum Chirp Sonar<\/li>\n<li>Foot Pedal Style: Heel-Toe \/ Electric<\/li>\n<li>Control: Wireless remote<\/li>\n<li>Auto\/Stow Deploy: Yes<\/li>\n<li>Power Trim: Yes<\/li>\n<li>Direction assist\u00e9e : Oui<\/li>\n<li>Lift-Assist: No<\/li>\n<li>Garde-boue : Non<\/li>\n<li>T\u00e9l\u00e9commande sans fil : Oui<\/li>\n<li>Pilote automatique : Oui<\/li>\n<li>Co-pilote : Non<\/li>\n<li>Vitesses : Variable<\/li>\n<li>Maximiseur num\u00e9rique : Oui<\/li>\n<li>Compteur de batterie : Oui<\/li>\n<li>Max Amp Draw: 56<\/li>\n<li>Mount Style: Bolt-On<\/li>\n<li>Emplacement de montage : Montage sur l'\u00e9trave<\/li>\n<li>Motor Style: Electric-steer<\/li>\n<li>Prop: Weedless Wedge 2 (MKP-32)<\/li>\n<li>Warranty: Two-Year Warranty<\/li>\n<\/ul>\n<p><!--- cis2:mm1rl5hl ---><\/p>","protected":false},"excerpt":{"rendered":"<p>Minn Kota Ulterra WR DSC 24V 80lb 60 in Ulterra\u2019s Auto Stow\/Deploy and Power Trim have been helping anglers make more out of their days on the water for years. Now this easy-to-use motor has been completely reimagined to handle even tougher abuse. You can stow, deploy, and trim Ulterra from the remote or the [&hellip;]<\/p>\n","protected":false},"featured_media":75496,"comment_status":"closed","ping_status":"closed","template":"","meta":{"_acf_changed":false},"product_brand":[],"product_cat":[831,88,91,101],"product_tag":[],"class_list":{"0":"post-116772","1":"product","2":"type-product","3":"status-publish","4":"has-post-thumbnail","6":"product_cat-trolling-motors","7":"product_cat-minnkota","8":"product_cat-minnkota-trolling-motors","9":"product_cat-ulterra","10":"product_shipping_class-oversize","12":"first","13":"instock","14":"taxable","15":"shipping-taxable","16":"purchasable","17":"product-type-simple"},"acf":[],"_links":{"self":[{"href":"https:\/\/testing.fishntech.com\/fr\/wp-json\/wp\/v2\/product\/116772","targetHints":{"allow":["GET"]}}],"collection":[{"href":"https:\/\/testing.fishntech.com\/fr\/wp-json\/wp\/v2\/product"}],"about":[{"href":"https:\/\/testing.fishntech.com\/fr\/wp-json\/wp\/v2\/types\/product"}],"replies":[{"embeddable":true,"href":"https:\/\/testing.fishntech.com\/fr\/wp-json\/wp\/v2\/comments?post=116772"}],"version-history":[{"count":1,"href":"https:\/\/testing.fishntech.com\/fr\/wp-json\/wp\/v2\/product\/116772\/revisions"}],"predecessor-version":[{"id":120217,"href":"https:\/\/testing.fishntech.com\/fr\/wp-json\/wp\/v2\/product\/116772\/revisions\/120217"}],"wp:featuredmedia":[{"embeddable":true,"href":"https:\/\/testing.fishntech.com\/fr\/wp-json\/wp\/v2\/media\/75496"}],"wp:attachment":[{"href":"https:\/\/testing.fishntech.com\/fr\/wp-json\/wp\/v2\/media?parent=116772"}],"wp:term":[{"taxonomy":"product_brand","embeddable":true,"href":"https:\/\/testing.fishntech.com\/fr\/wp-json\/wp\/v2\/product_brand?post=116772"},{"taxonomy":"product_cat","embeddable":true,"href":"https:\/\/testing.fishntech.com\/fr\/wp-json\/wp\/v2\/product_cat?post=116772"},{"taxonomy":"product_tag","embeddable":true,"href":"https:\/\/testing.fishntech.com\/fr\/wp-json\/wp\/v2\/product_tag?post=116772"}],"curies":[{"name":"wp","href":"https:\/\/api.w.org\/{rel}","templated":true}]}}