{"id":116773,"date":"2025-05-08T13:17:27","date_gmt":"2025-05-08T13:17:27","guid":{"rendered":"https:\/\/testing.fishntech.com\/product\/ulterra-mdi-iplink-bt-24v-80lb-60-in\/"},"modified":"2025-06-05T17:39:53","modified_gmt":"2025-06-05T17:39:53","slug":"ulterra-mdi-iplink-bt-24v-80lb-60-in","status":"publish","type":"product","link":"https:\/\/testing.fishntech.com\/fr\/product\/ulterra-mdi-iplink-bt-24v-80lb-60-in\/","title":{"rendered":"Ulterra MDI IPLink BT 24V 80lb 60 in"},"content":{"rendered":"<h3>Minn Kota Ulterra MDI IPLink BT 24V 80lb 60 in<\/h3>\n<p>Vous ne pouvez pas marquer les poissons si vous ne pouvez pas les voir. Et la meilleure vue de ce qui se trouve en dessous provient de l'imagerie MEGA Imaging\u2122 de Humminbird. Obtenez donc une vue de l'\u0153il de Humminbird avec un transducteur MEGA DI int\u00e9gr\u00e9 directement dans l'unit\u00e9 inf\u00e9rieure de nos moteurs les plus puissants et les plus fiables.<\/p>\n<p>Pas de fils encombrants, pas de pinces et un transducteur prot\u00e9g\u00e9 des \u00e9l\u00e9ments. Branchez simplement votre sondeur sur votre moteur pour voir ce qu'il y a l\u00e0-dessous. Ensuite, allez l'attraper.<\/p>\n<p>Pas de transducteur externe - Un c\u00e2blage d\u00e9sordonn\u00e9 sur un transducteur mont\u00e9 \u00e0 l'ext\u00e9rieur n'a pas seulement une mauvaise apparence : le transducteur et les c\u00e2bles sont plus susceptibles d'\u00eatre endommag\u00e9s. Avec le MEGA DI int\u00e9gr\u00e9, le transducteur est log\u00e9 dans l'unit\u00e9 inf\u00e9rieure indestructible et tout le c\u00e2blage passe par l'arbre, pour un aspect propre et \u00e9pur\u00e9, prot\u00e9g\u00e9 des \u00e9l\u00e9ments.<\/p>\n<p>L'imagerie MEGA de Humminbird a ouvert les yeux des p\u00eacheurs du monde entier en amenant la recherche de poissons dans la fr\u00e9quence des m\u00e9gahertz pour la premi\u00e8re fois. Maintenant, votre moteur Minn Kota\u00ae peut fournir une imagerie MEGA Down claire comme du cristal de ce qui se trouve directement sous l'\u00e9trave, exactement comme il a \u00e9t\u00e9 con\u00e7u pour \u00eatre vu.<\/p>\n<p>En plus de l'imagerie MEGA Down, le transducteur int\u00e9gr\u00e9 MEGA DI fournit \u00e9galement un sonar num\u00e9rique CHIRP, pour des retours pr\u00e9cis et cristallins des poissons, des structures et du fond \u00e0 tous les niveaux d'eau. Balayant plusieurs fr\u00e9quences sur un large spectre, ce puissant outil \u00e9limine le bruit pour des cibles d\u00e9finies avec pr\u00e9cision.<\/p>\n<p><strong>Caract\u00e9ristiques :<\/strong><\/p>\n<p><strong>Auto Stow &amp; Deploy:<\/strong><\/p>\n<p>Stow or deploy Ulterra just by pushing a button on your i-Pilot or i-Pilot Link remote, foot pedal or Humminbird fish finder.<\/p>\n<p><strong>Power Trim:<\/strong><\/p>\n<p>Trim Ulterra up or down at the push of a button \u2014 on either the foot pedal, the i-Pilot or i-Pilot Link remote or a Humminbird fish finder. Adjust to changing fishing conditions without reaching down to your trolling motor.<\/p>\n<p><strong>Syst\u00e8me de p\u00eache \u00e0 la tra\u00eene GPS int\u00e9gr\u00e9 i-Pilot\u00ae Link\u2122 :<\/strong><\/p>\n<p>i-Pilot\u00ae Link\u2122 vous offre un contr\u00f4le sans pr\u00e9c\u00e9dent sur votre bateau en reliant votre moteur de p\u00eache \u00e0 la tra\u00eene \u00e0 votre d\u00e9tecteur de poissons Humminbird\u00ae. Contr\u00f4lez votre moteur de tra\u00eene \u00e0 partir de la t\u00e9l\u00e9commande \u00e0 \u00e9cran tactile couleur Link ou du Humminbird. Vous pouvez d\u00e9finir des Spot-Locks, enregistrer des trajectoires, suivre des contours de profondeur, naviguer automatiquement vers vos spots pr\u00e9f\u00e9r\u00e9s, contr\u00f4ler la vitesse et la direction, et bien plus encore.<\/p>\n<p><strong>Spot-Lock avec Jog :<\/strong><\/p>\n<p>Spot-Lock vous maintient en place avec une pr\u00e9cision GPS in\u00e9gal\u00e9e. Disponible sur le syst\u00e8me GPS i-Pilot pr\u00e9-install\u00e9, Spot-Lock vous donne la possibilit\u00e9 de rester au sommet de n'importe quel lieu de p\u00eache productif, sans toucher \u00e0 votre moteur de p\u00eache \u00e0 la tra\u00eene. Avec le capteur de cap inclus, vous pouvez utiliser Jog pour d\u00e9placer votre position Spot-Lock de cinq pieds dans n'importe quelle direction. Activez Spot-Lock \u00e0 partir de la t\u00e9l\u00e9commande i-Pilot ou du d\u00e9tecteur de poissons Humminbird.<\/p>\n<p><strong>AutoPilot\u2122 :<\/strong><\/p>\n<p>Faites naviguer automatiquement votre bateau dans la direction de votre choix. Il vous suffit de pointer la t\u00eate de votre moteur de p\u00eache \u00e0 la tra\u00eene dans la direction que vous souhaitez emprunter, d'activer AutoPilot\u2122, et votre moteur de p\u00eache \u00e0 la tra\u00eene vous maintiendra automatiquement sur ce cap, m\u00eame en corrigeant le vent, les vagues et le courant.<\/p>\n<p><strong>Heel-Toe Electric Foot Pedal:<\/strong><\/p>\n<p>Stow, deploy and adjust the trim on Ulterra &#8211; all from the foot pedal. You can even activate Spot-Lock with one tap. Includes 18&#8242; cord.<\/p>\n<p><strong>Compteur de batterie int\u00e9gr\u00e9 :\u00a0<\/strong><\/p>\n<p>La t\u00e9l\u00e9commande i-Pilot peut vous indiquer la charge exacte restante dans vos batteries de p\u00eache \u00e0 la tra\u00eene, afin que vous sachiez combien de temps il vous reste sur l'eau.<\/p>\n<p><strong>Digital Maximizer\u2122 :<\/strong><\/p>\n<p>Offre une autonomie jusqu'\u00e0 5 fois sup\u00e9rieure sur une seule charge de batterie. Ces moteurs de p\u00eache \u00e0 la tra\u00eene \u00e0 vitesse variable vous permettent de choisir votre vitesse exacte et ne fournissent que la puissance dont vous avez besoin, ce qui vous permet d'\u00e9conomiser votre batterie pour une journ\u00e9e de p\u00eache compl\u00e8te.<\/p>\n<p><strong>Arbre composite indestructible - garanti \u00e0 vie :<\/strong><\/p>\n<p>Au c\u0153ur de votre moteur de p\u00eache \u00e0 la tra\u00eene Minn Kota se trouve un arbre composite indestructible. C'est une exclusivit\u00e9 Minn Kota, et nous la garantissons \u00e0 vie.<\/p>\n<p><strong>Compatibilit\u00e9 avec les applications mobiles :<\/strong><\/p>\n<p>Contr\u00f4lez i-Pilot directement depuis votre appareil Apple\u00ae ou Android\u2122 gr\u00e2ce \u00e0 notre application mobile. Vous b\u00e9n\u00e9ficiez d'une commande rapide de la vitesse, de la direction, du Spot-Lock et de l'Advanced AutoPilot - ainsi que de la possibilit\u00e9 de mettre \u00e0 jour le logiciel i-Pilot.<\/p>\n<p><!--- cis2:mm1rl5hl ---><\/p>","protected":false},"excerpt":{"rendered":"<p>Minn Kota Ulterra MDI IPLink BT 24V 80lb 60 in You can\u2019t mark fish if you can\u2019t see fish. And the best view of what\u2019s below comes from Humminbird\u2019s \u00a0MEGA Imaging\u2122. So get a Humminbird\u2019s eye view with a MEGA DI transducer built right into the \u00a0lower unit of our most powerful, trusted motors. No [&hellip;]<\/p>\n","protected":false},"featured_media":1445,"comment_status":"closed","ping_status":"closed","template":"","meta":{"_acf_changed":false},"product_brand":[],"product_cat":[831,88,91,101],"product_tag":[],"class_list":{"0":"post-116773","1":"product","2":"type-product","3":"status-publish","4":"has-post-thumbnail","6":"product_cat-trolling-motors","7":"product_cat-minnkota","8":"product_cat-minnkota-trolling-motors","9":"product_cat-ulterra","10":"product_shipping_class-oversize","12":"first","13":"instock","14":"sale","15":"taxable","16":"shipping-taxable","17":"purchasable","18":"product-type-simple"},"acf":[],"_links":{"self":[{"href":"https:\/\/testing.fishntech.com\/fr\/wp-json\/wp\/v2\/product\/116773","targetHints":{"allow":["GET"]}}],"collection":[{"href":"https:\/\/testing.fishntech.com\/fr\/wp-json\/wp\/v2\/product"}],"about":[{"href":"https:\/\/testing.fishntech.com\/fr\/wp-json\/wp\/v2\/types\/product"}],"replies":[{"embeddable":true,"href":"https:\/\/testing.fishntech.com\/fr\/wp-json\/wp\/v2\/comments?post=116773"}],"version-history":[{"count":1,"href":"https:\/\/testing.fishntech.com\/fr\/wp-json\/wp\/v2\/product\/116773\/revisions"}],"predecessor-version":[{"id":120218,"href":"https:\/\/testing.fishntech.com\/fr\/wp-json\/wp\/v2\/product\/116773\/revisions\/120218"}],"wp:featuredmedia":[{"embeddable":true,"href":"https:\/\/testing.fishntech.com\/fr\/wp-json\/wp\/v2\/media\/1445"}],"wp:attachment":[{"href":"https:\/\/testing.fishntech.com\/fr\/wp-json\/wp\/v2\/media?parent=116773"}],"wp:term":[{"taxonomy":"product_brand","embeddable":true,"href":"https:\/\/testing.fishntech.com\/fr\/wp-json\/wp\/v2\/product_brand?post=116773"},{"taxonomy":"product_cat","embeddable":true,"href":"https:\/\/testing.fishntech.com\/fr\/wp-json\/wp\/v2\/product_cat?post=116773"},{"taxonomy":"product_tag","embeddable":true,"href":"https:\/\/testing.fishntech.com\/fr\/wp-json\/wp\/v2\/product_tag?post=116773"}],"curies":[{"name":"wp","href":"https:\/\/api.w.org\/{rel}","templated":true}]}}