{"id":116775,"date":"2025-05-08T13:17:29","date_gmt":"2025-05-08T13:17:29","guid":{"rendered":"https:\/\/testing.fishntech.com\/product\/ulterra-msi-iplink-bt-36v-112lb-60-in\/"},"modified":"2025-06-05T17:39:54","modified_gmt":"2025-06-05T17:39:54","slug":"minn-kota-ulterra-112-msi-ipilot-link-bluetooth-36v-112lb-60","status":"publish","type":"product","link":"https:\/\/testing.fishntech.com\/fr\/product\/minn-kota-ulterra-112-msi-ipilot-link-bluetooth-36v-112lb-60\/","title":{"rendered":"Ulterra MSI IPLink BT 36V 112lb 60 in"},"content":{"rendered":"<h3>Minn Kota Ulterra MSI IPLink BT 36V 112lb 60 in<\/h3>\n<p>Only Ulterra\u2122 features Auto Stow\/Deploy and Power Trim, as well as your choice of i-Pilot\u00ae or i-Pilot Link\u2122, and a multi-function foot pedal. You can stow, deploy and trim Ulterra from the remote or the foot pedal, meaning you never have to touch your motor again \u2014 unless you want to high-five it. Now with Built-In MEGA Side and Down Imaging\u2122 Sonar.<\/p>\n<p><strong>Auto Stow &amp; Deploy:<\/strong><\/p>\n<p>Stow or deploy Ulterra just by pushing a button on your i-Pilot or i-Pilot Link remote, foot pedal or Humminbird fish finder.<\/p>\n<p><strong>Power Trim:<\/strong><\/p>\n<p>Trim Ulterra up or down at the push of a button \u2014 on either the foot pedal, the i-Pilot or i-Pilot Link remote or a Humminbird fish finder. Adjust to changing fishing conditions without reaching down to your trolling motor.<\/p>\n<p><strong>Syst\u00e8me de p\u00eache \u00e0 la tra\u00eene GPS int\u00e9gr\u00e9 i-Pilot\u00ae Link\u2122 :<\/strong><\/p>\n<p>i-Pilot\u00ae Link\u2122 vous offre un contr\u00f4le sans pr\u00e9c\u00e9dent sur votre bateau en reliant votre moteur de p\u00eache \u00e0 la tra\u00eene \u00e0 votre d\u00e9tecteur de poissons Humminbird\u00ae. Contr\u00f4lez votre moteur de tra\u00eene \u00e0 partir de la t\u00e9l\u00e9commande \u00e0 \u00e9cran tactile couleur Link ou du Humminbird. Vous pouvez d\u00e9finir des Spot-Locks, enregistrer des trajectoires, suivre des contours de profondeur, naviguer automatiquement vers vos spots pr\u00e9f\u00e9r\u00e9s, contr\u00f4ler la vitesse et la direction, et bien plus encore.<\/p>\n<p><strong>Spot-Lock avec Jog :<\/strong><\/p>\n<p>Spot-Lock vous maintient en place avec une pr\u00e9cision GPS in\u00e9gal\u00e9e. Disponible sur le syst\u00e8me GPS i-Pilot pr\u00e9-install\u00e9, Spot-Lock vous donne la possibilit\u00e9 de rester au sommet de n'importe quel lieu de p\u00eache productif, sans toucher \u00e0 votre moteur de p\u00eache \u00e0 la tra\u00eene. Avec le capteur de cap inclus, vous pouvez utiliser Jog pour d\u00e9placer votre position Spot-Lock de cinq pieds dans n'importe quelle direction. Activez Spot-Lock \u00e0 partir de la t\u00e9l\u00e9commande i-Pilot ou du d\u00e9tecteur de poissons Humminbird.<\/p>\n<p><strong>AutoPilot\u2122 :<\/strong><\/p>\n<p>Faites naviguer automatiquement votre bateau dans la direction de votre choix. Il vous suffit de pointer la t\u00eate de votre moteur de p\u00eache \u00e0 la tra\u00eene dans la direction que vous souhaitez emprunter, d'activer AutoPilot\u2122, et votre moteur de p\u00eache \u00e0 la tra\u00eene vous maintiendra automatiquement sur ce cap, m\u00eame en corrigeant le vent, les vagues et le courant.<\/p>\n<p><strong>Built-In MEGA Side and Down Imaging\u00ae:\u00a0<\/strong><\/p>\n<p>With a transducer built right into the trolling motor, you get crystal clear Humminbird\u00ae MEGA Side Imaging and MEGA Down Imaging with a clean look and protected housing.<\/p>\n<p><strong>Heel-Toe Electric Foot Pedal:<\/strong><\/p>\n<p>Stow, deploy and adjust the trim on Ulterra \u2014 all from the foot pedal. You can even activate Spot-Lock with one tap. Includes 18&#8242; cord.<\/p>\n<p><strong>Compteur de batterie int\u00e9gr\u00e9 :<\/strong><\/p>\n<p>La t\u00e9l\u00e9commande i-Pilot peut vous indiquer la charge exacte restante dans vos batteries de p\u00eache \u00e0 la tra\u00eene, afin que vous sachiez combien de temps il vous reste sur l'eau.<\/p>\n<p><strong>Digital Maximizer\u2122 :<\/strong><\/p>\n<p>Offre une autonomie jusqu'\u00e0 5 fois sup\u00e9rieure sur une seule charge de batterie. Ces moteurs de p\u00eache \u00e0 la tra\u00eene \u00e0 vitesse variable vous permettent de choisir votre vitesse exacte et ne fournissent que la puissance dont vous avez besoin, ce qui vous permet d'\u00e9conomiser votre batterie pour une journ\u00e9e de p\u00eache compl\u00e8te.<\/p>\n<p><strong>Weedless Wedge\u2122 2 Prop:<\/strong><\/p>\n<p>With swept-back flared blades to power through anything without battery-draining chopping and hacking, the Weedless Wedge\u2122 2 is one of the most trusted props in fishing.<\/p>\n<p><strong>Indestructible Composite Shaft \u2014 Guaranteed for Life:<\/strong><\/p>\n<p>At the core of your Minn Kota trolling motor is an indestructible composite shaft. It&#8217;s a Minn Kota exclusive, and we guarantee it for life.<\/p>\n<p><strong>Compatibilit\u00e9 avec les applications mobiles :<\/strong><\/p>\n<p>Contr\u00f4lez i-Pilot directement depuis votre appareil Apple\u00ae ou Android\u2122 gr\u00e2ce \u00e0 notre application mobile. Vous b\u00e9n\u00e9ficiez d'une commande rapide de la vitesse, de la direction, du Spot-Lock et de l'Advanced AutoPilot - ainsi que de la possibilit\u00e9 de mettre \u00e0 jour le logiciel i-Pilot.<\/p>\n<p><strong>What&#8217;s included:<\/strong><\/p>\n<ul>\n<li>Ulterra 112 lb. 60&#8243; motor with Built-In MEGA Side and Down Imaging<\/li>\n<li>i-Pilot Link Remote<\/li>\n<li>Remote Charging Cable<\/li>\n<li>USB DC Adapter<\/li>\n<li>Lanyard, Heading Sensor<\/li>\n<li>30&#8242; Ethernet Extension Cable<\/li>\n<li>Corded Foot Pedal<\/li>\n<li>MKP-33 Prop<\/li>\n<li>Mounting Hardware.<\/li>\n<\/ul>\n<p><!--- cis2:mm1rl5hl ---><\/p>","protected":false},"excerpt":{"rendered":"<p>Minn Kota Ulterra MSI IPLink BT 36V 112lb 60 in Only Ulterra\u2122 features Auto Stow\/Deploy and Power Trim, as well as your choice of i-Pilot\u00ae or i-Pilot Link\u2122, and a multi-function foot pedal. You can stow, deploy and trim Ulterra from the remote or the foot pedal, meaning you never have to touch your motor [&hellip;]<\/p>\n","protected":false},"featured_media":1454,"comment_status":"closed","ping_status":"closed","template":"","meta":{"_acf_changed":false},"product_brand":[],"product_cat":[831,88,91,101],"product_tag":[],"class_list":{"0":"post-116775","1":"product","2":"type-product","3":"status-publish","4":"has-post-thumbnail","6":"product_cat-trolling-motors","7":"product_cat-minnkota","8":"product_cat-minnkota-trolling-motors","9":"product_cat-ulterra","10":"product_shipping_class-oversize","12":"first","13":"instock","14":"sale","15":"taxable","16":"shipping-taxable","17":"purchasable","18":"product-type-simple"},"acf":[],"_links":{"self":[{"href":"https:\/\/testing.fishntech.com\/fr\/wp-json\/wp\/v2\/product\/116775","targetHints":{"allow":["GET"]}}],"collection":[{"href":"https:\/\/testing.fishntech.com\/fr\/wp-json\/wp\/v2\/product"}],"about":[{"href":"https:\/\/testing.fishntech.com\/fr\/wp-json\/wp\/v2\/types\/product"}],"replies":[{"embeddable":true,"href":"https:\/\/testing.fishntech.com\/fr\/wp-json\/wp\/v2\/comments?post=116775"}],"version-history":[{"count":1,"href":"https:\/\/testing.fishntech.com\/fr\/wp-json\/wp\/v2\/product\/116775\/revisions"}],"predecessor-version":[{"id":120220,"href":"https:\/\/testing.fishntech.com\/fr\/wp-json\/wp\/v2\/product\/116775\/revisions\/120220"}],"wp:featuredmedia":[{"embeddable":true,"href":"https:\/\/testing.fishntech.com\/fr\/wp-json\/wp\/v2\/media\/1454"}],"wp:attachment":[{"href":"https:\/\/testing.fishntech.com\/fr\/wp-json\/wp\/v2\/media?parent=116775"}],"wp:term":[{"taxonomy":"product_brand","embeddable":true,"href":"https:\/\/testing.fishntech.com\/fr\/wp-json\/wp\/v2\/product_brand?post=116775"},{"taxonomy":"product_cat","embeddable":true,"href":"https:\/\/testing.fishntech.com\/fr\/wp-json\/wp\/v2\/product_cat?post=116775"},{"taxonomy":"product_tag","embeddable":true,"href":"https:\/\/testing.fishntech.com\/fr\/wp-json\/wp\/v2\/product_tag?post=116775"}],"curies":[{"name":"wp","href":"https:\/\/api.w.org\/{rel}","templated":true}]}}