{"id":116781,"date":"2025-05-08T13:17:35","date_gmt":"2025-05-08T13:17:35","guid":{"rendered":"https:\/\/testing.fishntech.com\/product\/ultrex-mr-dsc-36v-112lb-60-in\/"},"modified":"2025-06-05T17:39:57","modified_gmt":"2025-06-05T17:39:57","slug":"minn-kota-ultrex-112-mr-dsc-36v-112lb-60","status":"publish","type":"product","link":"https:\/\/testing.fishntech.com\/fr\/product\/minn-kota-ultrex-112-mr-dsc-36v-112lb-60\/","title":{"rendered":"Ultrex MR DSC 36V 112lb 60 in"},"content":{"rendered":"<h3>Minn Kota Ultrex MR DSC 36V 112lb 60 in<\/h3>\n<p>Appuyez sur la p\u00e9dale Ultrex\u2122 et ressentez ce que la direction assist\u00e9e apporte \u00e0 un moteur de p\u00eache \u00e0 la tra\u00eene. Puis touchez le bouton Spot-Lock\u00ae pour rester automatiquement sur un lieu de p\u00eache. Seul l'Ultrex combine la direction la plus r\u00e9active et la plus intuitive qui soit avec le contr\u00f4le automatique du bateau par GPS. La seule chose que Minn Kota n'a pas faite, c'est de faire des compromis.<\/p>\n<p><strong>Direction assist\u00e9e\u00a0<\/strong><\/p>\n<p>La direction la plus confortable et la plus r\u00e9active qui soit. La p\u00e9dale d'Ultrex est con\u00e7ue pour une facilit\u00e9 d'utilisation tout au long de la journ\u00e9e, avec un contr\u00f4le pr\u00e9cis et une r\u00e9activit\u00e9 instantan\u00e9e.<\/p>\n<p><strong>Verrouillage de la direction\u00a0<\/strong><\/p>\n<p>Lorsque vous retirez votre pied de la p\u00e9dale d'Ultrex, la t\u00eate du moteur reste orient\u00e9e dans la direction o\u00f9 vous l'avez laiss\u00e9e. Pas de recul ni de r\u00e9ajustement, juste une direction plus facile au quotidien.<\/p>\n<p><strong>Syst\u00e8me de p\u00eache \u00e0 la tra\u00eene GPS avanc\u00e9\u00a0<\/strong><\/p>\n<p>Le One-Boat Network vous donne un contr\u00f4le sans pr\u00e9c\u00e9dent sur votre bateau en reliant votre moteur de p\u00eache \u00e0 la tra\u00eene \u00e0 votre d\u00e9tecteur de poissons Humminbird\u00ae. Contr\u00f4lez votre moteur de p\u00eache \u00e0 la tra\u00eene \u00e0 partir de la t\u00e9l\u00e9commande fournie ou d'un Humminbird connect\u00e9. Vous pouvez d\u00e9finir des verrouillages de spots, enregistrer des trajectoires, suivre des contours de profondeur, naviguer automatiquement vers vos spots pr\u00e9f\u00e9r\u00e9s, contr\u00f4ler la vitesse et la direction, et bien plus encore.<\/p>\n<p><strong>Spot-Lock avec Jog\u00a0<\/strong><\/p>\n<p>Spot-Lock vous maintient en place avec une pr\u00e9cision GPS in\u00e9gal\u00e9e. Disponible sur le syst\u00e8me GPS pr\u00e9install\u00e9, Spot-Lock vous permet de rester au sommet de n'importe quel lieu de p\u00eache productif, sans toucher \u00e0 votre moteur de p\u00eache \u00e0 la tra\u00eene. Avec le capteur de cap inclus, vous pouvez utiliser Jog pour d\u00e9placer votre position Spot-Lock de cinq pieds dans n'importe quelle direction.<\/p>\n<p><strong>Assistance au levage\u00a0<\/strong><\/p>\n<p>La conception brevet\u00e9e Lift-Assist d'Ultrex r\u00e9duit de moiti\u00e9 le poids de l'arrimage et du d\u00e9ploiement. Comprend un ressort en acier inoxydable charg\u00e9 de gaz d'azote.<\/p>\n<p><strong>Talon-pointe \/ P\u00e9dale \u00e0 c\u00e2ble\u00a0<\/strong><\/p>\n<p>C'est la seule p\u00e9dale dot\u00e9e d'une direction assist\u00e9e pour un confort tout au long de la journ\u00e9e et une r\u00e9activit\u00e9 instantan\u00e9e, ainsi que d'un bouton pour activer l'ancrage \u00e9lectronique Spot-Lock.<\/p>\n<p><strong>Digital Maximizer\u2122\u00a0<\/strong><\/p>\n<p>Offre une autonomie jusqu'\u00e0 5 fois sup\u00e9rieure sur une seule charge de batterie. Ces moteurs de p\u00eache \u00e0 la tra\u00eene \u00e0 vitesse variable vous permettent de choisir votre vitesse exacte et ne fournissent que la puissance dont vous avez besoin, ce qui vous permet d'\u00e9conomiser votre batterie pour une journ\u00e9e de p\u00eache compl\u00e8te.<\/p>\n<p><strong>Fl\u00e8che en composite indestructible - garantie \u00e0 vie<\/strong><\/p>\n<p>Au c\u0153ur de votre moteur de p\u00eache \u00e0 la tra\u00eene Minn Kota se trouve un arbre en composite indestructible. Il s'agit d'une exclusivit\u00e9 Minn Kota, garantie \u00e0 vie.<\/p>\n<p><strong>Compatibilit\u00e9 avec les applications mobiles\u00a0<\/strong><\/p>\n<p>Contr\u00f4lez Ultrex directement depuis votre appareil Apple\u00ae ou Android\u2122 gr\u00e2ce \u00e0 notre application mobile. Vous b\u00e9n\u00e9ficiez d'une commande rapide de la vitesse, de la direction, du Spot-Lock et de l'AutoPilot - ainsi que de la possibilit\u00e9 de mettre \u00e0 jour le logiciel.<\/p>\n<p><strong>Sonar Chirp \u00e0 double spectre int\u00e9gr\u00e9<\/strong><\/p>\n<p>Le transducteur et le c\u00e2blage sont enti\u00e8rement dissimul\u00e9s et prot\u00e9g\u00e9s par l'arbre du moteur de p\u00eache \u00e0 la tra\u00eene. En couvrant une large gamme de fr\u00e9quences, le syst\u00e8me CHIRP de Humminbird\u00ae produit des images plus pr\u00e9cises et plus d\u00e9taill\u00e9es des poissons, des structures et du fond que les sonars traditionnels.<\/p>\n<p><strong>Ce qui est inclus<\/strong><\/p>\n<p>Moteur de p\u00eache \u00e0 la tra\u00eene Ultrex 112 lb. 45\u2033 avec CHIRP \u00e0 double spectre int\u00e9gr\u00e9, p\u00e9dale de commande filaire, micro t\u00e9l\u00e9commande, dragonne, capteur de cap, c\u00e2ble de rallonge Ethernet 30\u2032, stabilisateur, sangle de maintien, h\u00e9lice MKP-38 et mat\u00e9riel de montage.<\/p>\n<p><strong>Minn Kota Ultrex 112 MR - DSC - 36V - 112LB - 60\u2033.<\/strong><\/p>\n<p><strong>Sp\u00e9cifications :<\/strong><\/p>\n<ul>\n<li>A utiliser dans : Eau douce<\/li>\n<li>Longueur de l'arbre (pouces) : 60\u2033<\/li>\n<li>Pouss\u00e9e maximale (livres) : 112 lbs.<\/li>\n<li>Tension : 36<\/li>\n<li>Compatible avec le r\u00e9seau One-Boat : Oui<\/li>\n<li>S\u00e9rie QUEST : Non<\/li>\n<li>Spot-Lock : Oui<\/li>\n<li>Sondeur int\u00e9gr\u00e9 : CHIRP \u00e0 double spectre<\/li>\n<li>Style de p\u00e9dale : Talon\/c\u00e2ble<\/li>\n<li>Contr\u00f4le : P\u00e9dale<\/li>\n<li>D\u00e9ploiement Auto\/Stow : Non<\/li>\n<li>Alimentation \u00e9lectrique : Non<\/li>\n<li>Direction assist\u00e9e : Oui<\/li>\n<li>Assistance au levage : Oui<\/li>\n<li>Garde-boue : Non<\/li>\n<li>T\u00e9l\u00e9commande sans fil : Oui<\/li>\n<li>Pilote automatique : Oui<\/li>\n<li>Co-pilote : Non<\/li>\n<li>Vitesses : Variable<\/li>\n<li>Maximiseur num\u00e9rique : Oui<\/li>\n<li>Compteur de batterie : Oui<\/li>\n<li>Consommation maximale d'amp\u00e8res : 52<\/li>\n<li>Style de montage : Mono-bras<\/li>\n<li>Emplacement de montage : Montage \u00e0 l'\u00e9trave<\/li>\n<li>Style de moteur : Direction par c\u00e2ble<\/li>\n<li>Prop : Weedless Wedge 2 (MKP-38)<\/li>\n<li>Garantie : Garantie de trois ans<\/li>\n<\/ul>\n<p><!--- cis2:mm1rl5hl ---><\/p>","protected":false},"excerpt":{"rendered":"<p>Minn Kota Ultrex MR DSC 36V 112lb 60 in Step on the Ultrex\u2122 foot pedal and feel what Power Steering does to a trolling motor. Then tap the Spot-Lock\u00ae button to stay on a fishing spot automatically. Only Ultrex combines the most responsive, intuitive steering ever with GPS-powered automatic boat control. The only thing Minn [&hellip;]<\/p>\n","protected":false},"featured_media":75520,"comment_status":"closed","ping_status":"closed","template":"","meta":{"_acf_changed":false},"product_brand":[],"product_cat":[831,88,91,97],"product_tag":[],"class_list":{"0":"post-116781","1":"product","2":"type-product","3":"status-publish","4":"has-post-thumbnail","6":"product_cat-trolling-motors","7":"product_cat-minnkota","8":"product_cat-minnkota-trolling-motors","9":"product_cat-ultrex","10":"product_shipping_class-oversize","12":"first","13":"instock","14":"taxable","15":"shipping-taxable","16":"purchasable","17":"product-type-simple"},"acf":[],"_links":{"self":[{"href":"https:\/\/testing.fishntech.com\/fr\/wp-json\/wp\/v2\/product\/116781","targetHints":{"allow":["GET"]}}],"collection":[{"href":"https:\/\/testing.fishntech.com\/fr\/wp-json\/wp\/v2\/product"}],"about":[{"href":"https:\/\/testing.fishntech.com\/fr\/wp-json\/wp\/v2\/types\/product"}],"replies":[{"embeddable":true,"href":"https:\/\/testing.fishntech.com\/fr\/wp-json\/wp\/v2\/comments?post=116781"}],"version-history":[{"count":1,"href":"https:\/\/testing.fishntech.com\/fr\/wp-json\/wp\/v2\/product\/116781\/revisions"}],"predecessor-version":[{"id":120234,"href":"https:\/\/testing.fishntech.com\/fr\/wp-json\/wp\/v2\/product\/116781\/revisions\/120234"}],"wp:featuredmedia":[{"embeddable":true,"href":"https:\/\/testing.fishntech.com\/fr\/wp-json\/wp\/v2\/media\/75520"}],"wp:attachment":[{"href":"https:\/\/testing.fishntech.com\/fr\/wp-json\/wp\/v2\/media?parent=116781"}],"wp:term":[{"taxonomy":"product_brand","embeddable":true,"href":"https:\/\/testing.fishntech.com\/fr\/wp-json\/wp\/v2\/product_brand?post=116781"},{"taxonomy":"product_cat","embeddable":true,"href":"https:\/\/testing.fishntech.com\/fr\/wp-json\/wp\/v2\/product_cat?post=116781"},{"taxonomy":"product_tag","embeddable":true,"href":"https:\/\/testing.fishntech.com\/fr\/wp-json\/wp\/v2\/product_tag?post=116781"}],"curies":[{"name":"wp","href":"https:\/\/api.w.org\/{rel}","templated":true}]}}