{"id":116787,"date":"2025-05-08T13:17:40","date_gmt":"2025-05-08T13:17:40","guid":{"rendered":"https:\/\/testing.fishntech.com\/product\/ultrex-quest-mr-msi-24v-90lb-or-36v-115lb-45-in\/"},"modified":"2025-06-05T17:39:58","modified_gmt":"2025-06-05T17:39:58","slug":"minn-kota-ultrex-quest-mr-msi-24-36v-90-115lb-45","status":"publish","type":"product","link":"https:\/\/testing.fishntech.com\/fr\/product\/minn-kota-ultrex-quest-mr-msi-24-36v-90-115lb-45\/","title":{"rendered":"Ultrex QUEST MR MSI 24V-90lb ou 36V-115lb 45 in"},"content":{"rendered":"<h3>Minn Kota Ultrex QUEST MR MSI 24V-90lb or 36V-115lb 45 in<\/h3>\n<p>Only Ultrex combines the most responsive, intuitive steering ever with GPS-powered automatic boat control. Now the best trolling motor ever built has been completely reimagined to handle even tougher abuse.<\/p>\n<p>The new QUEST series of dual 24\/36 volt brushless trolling motors was designed for anglers who demand the best from their equipment, even in the harshest environments.<\/p>\n<p>With a programmable foot pedal, a re-engineered motor and mount, more advanced GPS functionality than ever, and even an eco mode to extend battery life, the only thing this motor won&#8217;t do is quit.<\/p>\n<p><strong>QUEST Series<\/strong><\/p>\n<p>This 24\/36V dual-voltage brushless motor has been completely re-imagined from the ground up with updates to mounts, propellers, lift assist systems, drive motors, and software, taking the world\u2019s greatest trolling motors and redesigning them to outperform everything else on the water for years to come.<\/p>\n<p><strong>Syst\u00e8me de p\u00eache \u00e0 la tra\u00eene GPS avanc\u00e9<\/strong><\/p>\n<p>The One-Boat Network gives you unprecedented control over your boat by linking your trolling motor to your Humminbird\u00ae fish finder. Control your trolling motor from the included remote or a connected Humminbird. You can set spot locks, record paths, follow depth contours, automatically navigate to your favorite spots, control speed and steering, and more.<\/p>\n<p><strong>Spot-Lock avec Jog<\/strong><\/p>\n<p>Spot-Lock vous maintient en place avec une pr\u00e9cision GPS in\u00e9gal\u00e9e. Disponible sur le syst\u00e8me GPS pr\u00e9install\u00e9, Spot-Lock vous permet de rester au sommet de n'importe quel lieu de p\u00eache productif, sans toucher \u00e0 votre moteur de p\u00eache \u00e0 la tra\u00eene. Avec le capteur de cap inclus, vous pouvez utiliser Jog pour d\u00e9placer votre position Spot-Lock de cinq pieds dans n'importe quelle direction.<\/p>\n<p><strong>Drift Mode<\/strong><\/p>\n<p>Automatically engages speed and course control simultaneously, meaning anglers no longer need to depend on drift socks, kicker motors, or manual operation to control speed over water, even in the heaviest wind and current.<\/p>\n<p><strong>Heel-Toe \/ Programmable Foot Pedal<\/strong><\/p>\n<p>It&#8217;s the only foot pedal with Power Steering for all-day comfort and instant responsiveness \u2014 plus a user-programable button to keep the most used features a tap away, including: marking a waypoint, engaging AutoPilot, or deploying or retracting Minn Kota shallow water anchors.<\/p>\n<p><strong>Real-time Battery Monitoring<\/strong><\/p>\n<p>Check battery power levels while the motor is in use, real-time &#8220;time until empty&#8221; display monitor, with a notification when battery power is reduced to 20% to prompt users to enter &#8220;Eco-mode&#8221; which can reduce current draw to extend battery life.<\/p>\n<p><strong>Digital Maximizer\u2122<\/strong><\/p>\n<p>Offre une autonomie jusqu'\u00e0 5 fois sup\u00e9rieure sur une seule charge de batterie. Ces moteurs de p\u00eache \u00e0 la tra\u00eene \u00e0 vitesse variable vous permettent de choisir votre vitesse exacte et ne fournissent que la puissance dont vous avez besoin, ce qui vous permet d'\u00e9conomiser votre batterie pour une journ\u00e9e de p\u00eache compl\u00e8te.<\/p>\n<p><strong>Indestructible Composite Shaft \u2014 Guaranteed for Life<\/strong><\/p>\n<p>Au c\u0153ur de votre moteur de p\u00eache \u00e0 la tra\u00eene Minn Kota se trouve un arbre en composite indestructible. Il s'agit d'une exclusivit\u00e9 Minn Kota, garantie \u00e0 vie.<\/p>\n<p><strong>Compatibilit\u00e9 avec les applications mobiles<\/strong><\/p>\n<p>Control Ultrex directly from your Apple\u00ae or Android\u2122 device with our mobile app. You get quick command of speed, steering, Spot-Lock and AutoPilot \u2014 plus the ability to update software.<\/p>\n<p><strong>Built-In MEGA Side Imaging\u00a0<\/strong><\/p>\n<p>With a transducer built right into the motor, you get crystal clear Humminbird\u00ae MEGA Side Imaging and a clean protected look.<\/p>\n<p><strong>Ce qui est inclus<\/strong><\/p>\n<p>Ultrex 90\/115 lb. 45&#8243; trolling motor with Built-In MEGA Side Imaging, Corded Foot Pedal, Micro Remote, Lanyard, Heading Sensor, 30&#8242; Ethernet Extension Cable, Humminbird HELIX Adapter cable, Stabilizer, Hold Down Strap, MKP-39 Prop and Mounting Hardware.<\/p>\n<p><strong>Minn Kota Ultrex QUEST MR MSI 24\/36V 90\/115LB 45\u2033.<\/strong><\/p>\n<p><strong>Sp\u00e9cifications :<\/strong><\/p>\n<ul>\n<li>A utiliser dans : Eau douce<\/li>\n<li>Shaft Length (inch): 45&#8243;<\/li>\n<li>Max Thrust (pounds): 90\/115 lbs.<\/li>\n<li>Voltage: 24\/36<\/li>\n<li>Compatible avec le r\u00e9seau One-Boat : Oui<\/li>\n<li>QUEST Series: Yes<\/li>\n<li>Spot-Lock : Oui<\/li>\n<li>Sondeur int\u00e9gr\u00e9 : MEGA Imagerie lat\u00e9rale et descendante<\/li>\n<li>Style de p\u00e9dale : Talon\/c\u00e2ble<\/li>\n<li>Control: Foot Pedal, Wireless Remote<\/li>\n<li>D\u00e9ploiement Auto\/Stow : Non<\/li>\n<li>Alimentation \u00e9lectrique : Non<\/li>\n<li>Direction assist\u00e9e : Oui<\/li>\n<li>Assistance au levage : Oui<\/li>\n<li>Garde-boue : Non<\/li>\n<li>T\u00e9l\u00e9commande sans fil : Oui<\/li>\n<li>i-Pilot (GPS): No<\/li>\n<li>Pilote automatique : Oui<\/li>\n<li>Co-pilote : Non<\/li>\n<li>Vitesses : Variable<\/li>\n<li>Maximiseur num\u00e9rique : Oui<\/li>\n<li>Compteur de batterie : Oui<\/li>\n<li>Max Amp Draw: 58<\/li>\n<li>Mount Style: Scissor-Lock<\/li>\n<li>Emplacement de montage : Montage \u00e0 l'\u00e9trave<\/li>\n<li>Style de moteur : Direction par c\u00e2ble<\/li>\n<li>Prop: Power Prop (MKP-40)<\/li>\n<li>Garantie : Garantie de trois ans<\/li>\n<\/ul>\n<p><!--- cis2:mm1rl5hl ---><\/p>","protected":false},"excerpt":{"rendered":"<p>Minn Kota Ultrex QUEST MR MSI 24V-90lb or 36V-115lb 45 in Only Ultrex combines the most responsive, intuitive steering ever with GPS-powered automatic boat control. Now the best trolling motor ever built has been completely reimagined to handle even tougher abuse. The new QUEST series of dual 24\/36 volt brushless trolling motors was designed for [&hellip;]<\/p>\n","protected":false},"featured_media":75532,"comment_status":"closed","ping_status":"closed","template":"","meta":{"_acf_changed":false},"product_brand":[],"product_cat":[831,88,91,97],"product_tag":[],"class_list":{"0":"post-116787","1":"product","2":"type-product","3":"status-publish","4":"has-post-thumbnail","6":"product_cat-trolling-motors","7":"product_cat-minnkota","8":"product_cat-minnkota-trolling-motors","9":"product_cat-ultrex","10":"product_shipping_class-oversize","12":"first","13":"instock","14":"taxable","15":"shipping-taxable","16":"purchasable","17":"product-type-simple"},"acf":[],"_links":{"self":[{"href":"https:\/\/testing.fishntech.com\/fr\/wp-json\/wp\/v2\/product\/116787","targetHints":{"allow":["GET"]}}],"collection":[{"href":"https:\/\/testing.fishntech.com\/fr\/wp-json\/wp\/v2\/product"}],"about":[{"href":"https:\/\/testing.fishntech.com\/fr\/wp-json\/wp\/v2\/types\/product"}],"replies":[{"embeddable":true,"href":"https:\/\/testing.fishntech.com\/fr\/wp-json\/wp\/v2\/comments?post=116787"}],"version-history":[{"count":1,"href":"https:\/\/testing.fishntech.com\/fr\/wp-json\/wp\/v2\/product\/116787\/revisions"}],"predecessor-version":[{"id":120240,"href":"https:\/\/testing.fishntech.com\/fr\/wp-json\/wp\/v2\/product\/116787\/revisions\/120240"}],"wp:featuredmedia":[{"embeddable":true,"href":"https:\/\/testing.fishntech.com\/fr\/wp-json\/wp\/v2\/media\/75532"}],"wp:attachment":[{"href":"https:\/\/testing.fishntech.com\/fr\/wp-json\/wp\/v2\/media?parent=116787"}],"wp:term":[{"taxonomy":"product_brand","embeddable":true,"href":"https:\/\/testing.fishntech.com\/fr\/wp-json\/wp\/v2\/product_brand?post=116787"},{"taxonomy":"product_cat","embeddable":true,"href":"https:\/\/testing.fishntech.com\/fr\/wp-json\/wp\/v2\/product_cat?post=116787"},{"taxonomy":"product_tag","embeddable":true,"href":"https:\/\/testing.fishntech.com\/fr\/wp-json\/wp\/v2\/product_tag?post=116787"}],"curies":[{"name":"wp","href":"https:\/\/api.w.org\/{rel}","templated":true}]}}