{"id":11829,"date":"2021-06-14T15:47:16","date_gmt":"2021-06-14T15:47:16","guid":{"rendered":"https:\/\/testing.fishntech.com\/?post_type=product&#038;p=11829"},"modified":"2025-06-05T17:42:52","modified_gmt":"2025-06-05T17:42:52","slug":"veste-aero-stormr","status":"publish","type":"product","link":"https:\/\/testing.fishntech.com\/fr\/product\/stormr-aero-jacket\/","title":{"rendered":"AERO Jacket"},"content":{"rendered":"<p>La s\u00e9rie AERO\u2122 est le syst\u00e8me d'\u00e9quipement de pluie STORMR ultra-flexible \u00e0 respiration profonde et de poids moyen. La veste et le bavoir AERO offrent un confort sup\u00e9rieur et des performances par tous les temps sans encombrement. Le mat\u00e9riau VAPR Tech exclusif de STORMR ne se contente pas de respirer profond\u00e9ment, il permet \u00e9galement \u00e0 ce syst\u00e8me de surpasser ses concurrents. Vous vous rendrez compte de l'extension significative de l'amplitude de mouvement d\u00e8s que vous enfilerez l'AERO Series. Ce syst\u00e8me de poids moyen se comporte davantage comme un poids lourd lorsqu'il s'agit de performances par temps violent. L'AERO b\u00e9n\u00e9ficie d'une construction 3 couches, 100% avec coutures scell\u00e9es, traitement DWR, 20 000 mm d'imperm\u00e9abilit\u00e9 et 20 000 g\/m2 de respirabilit\u00e9. Le syst\u00e8me AERO, riche en fonctionnalit\u00e9s, offre des fermetures \u00e0 glissi\u00e8re YKK AquaGuard\u00ae, des joints de poignet internes en n\u00e9opr\u00e8ne, de multiples poches de grand volume, une capuche, des genoux et un si\u00e8ge r\u00e9glables de mani\u00e8re articul\u00e9e, des ajustements internes \u00e0 la taille, ainsi que la fiabilit\u00e9 et la durabilit\u00e9 que vous exigez de tous les produits STORMR.<\/p>\n<p><img decoding=\"async\" src=\"\/wp-content\/uploads\/2021\/06\/stromr-VAPR_TECH_Logo-blacktext-1-250x71-1.png\" alt=\"\"><\/p>\n<p>VAPR Tech (Variable-stretch Advanced Performance Raingear) est l'\u00e9quivalent plus l\u00e9ger de la ligne de v\u00eatements d'ext\u00e9rieur Neoprene Core Technology\u2122 de STORMR. VAPR Tech offre un style saisissant, une protection avanc\u00e9e par tous les temps, un confort sup\u00e9rieur et des panneaux en n\u00e9opr\u00e8ne tr\u00e8s extensibles pour une mobilit\u00e9 in\u00e9gal\u00e9e dans une coquille l\u00e9g\u00e8re.<\/p>\n<p><strong>INS\u00c9RER LE TABLEAU DES TAILLES ICI<\/strong><\/p>","protected":false},"excerpt":{"rendered":"<p>The AERO\u2122 Series is STORMR\u2019s deep breathing mid-weight, ultra-flexible rain gear system. Both the AERO Jacket and Bib deliver superior comfort and all weather performance without the bulk. STORMR\u2019s exclusive VAPR Tech material not only breathes deeply, it also allows this system to out-maneuver its competition. You\u2019ll realize the significantly extended range of motion the [&hellip;]<\/p>\n","protected":false},"featured_media":11720,"comment_status":"closed","ping_status":"closed","template":"","meta":{"_acf_changed":false},"product_brand":[],"product_cat":[581,18],"product_tag":[644],"class_list":{"0":"post-11829","1":"product","2":"type-product","3":"status-publish","4":"has-post-thumbnail","6":"product_cat-stormr-outdoor-apparel","7":"product_cat-outdoor-apparel","8":"product_tag-stormr-aero","10":"first","11":"instock","12":"taxable","13":"shipping-taxable","14":"purchasable","15":"product-type-variable"},"acf":[],"_links":{"self":[{"href":"https:\/\/testing.fishntech.com\/fr\/wp-json\/wp\/v2\/product\/11829","targetHints":{"allow":["GET"]}}],"collection":[{"href":"https:\/\/testing.fishntech.com\/fr\/wp-json\/wp\/v2\/product"}],"about":[{"href":"https:\/\/testing.fishntech.com\/fr\/wp-json\/wp\/v2\/types\/product"}],"replies":[{"embeddable":true,"href":"https:\/\/testing.fishntech.com\/fr\/wp-json\/wp\/v2\/comments?post=11829"}],"version-history":[{"count":1,"href":"https:\/\/testing.fishntech.com\/fr\/wp-json\/wp\/v2\/product\/11829\/revisions"}],"predecessor-version":[{"id":120740,"href":"https:\/\/testing.fishntech.com\/fr\/wp-json\/wp\/v2\/product\/11829\/revisions\/120740"}],"wp:featuredmedia":[{"embeddable":true,"href":"https:\/\/testing.fishntech.com\/fr\/wp-json\/wp\/v2\/media\/11720"}],"wp:attachment":[{"href":"https:\/\/testing.fishntech.com\/fr\/wp-json\/wp\/v2\/media?parent=11829"}],"wp:term":[{"taxonomy":"product_brand","embeddable":true,"href":"https:\/\/testing.fishntech.com\/fr\/wp-json\/wp\/v2\/product_brand?post=11829"},{"taxonomy":"product_cat","embeddable":true,"href":"https:\/\/testing.fishntech.com\/fr\/wp-json\/wp\/v2\/product_cat?post=11829"},{"taxonomy":"product_tag","embeddable":true,"href":"https:\/\/testing.fishntech.com\/fr\/wp-json\/wp\/v2\/product_tag?post=11829"}],"curies":[{"name":"wp","href":"https:\/\/api.w.org\/{rel}","templated":true}]}}