{"id":118302,"date":"2025-05-20T14:31:04","date_gmt":"2025-05-20T14:31:04","guid":{"rendered":"https:\/\/testing.fishntech.com\/product\/garmin-echomap-ultra-2-126sv-livescope-plus-lvs34-bundle\/"},"modified":"2025-05-20T14:57:35","modified_gmt":"2025-05-20T14:57:35","slug":"garmin-echomap-ultra-2-126sv-livescope-plus-lvs34-bundle","status":"publish","type":"product","link":"https:\/\/testing.fishntech.com\/fr\/product\/garmin-echomap-ultra-2-126sv-livescope-plus-lvs34-bundle\/","title":{"rendered":"ECHOMAP Ultra 2 126sv LiveScope Plus LVS34 Bundle"},"content":{"rendered":"<h3>ECHOMAP Ultra 2 126sv LiveScope Plus LVS34 Bundle<\/h3>\n<h3>Garmin ECHOMAP Ultra 2 126sv LiveScope Plus LVS34 Bundle<\/h3>\n<p>With big, crisp, sunlight-readable touchscreen displays, these versatile chartplotters put a world of fish-finding capability at the angler&#8217;s fingertips. This display has built-in Garmin Navionics+\u2122 mapping.<strong>Caract\u00e9ristiques :<\/strong><\/p>\n<ul>\n<li>ECHOMAP\u2122 Ultra 2 126sv with Garmin Navionics+ Inland &amp; Coastal Mapping<\/li>\n<li>12\u201d touchscreen<\/li>\n<li>Supports livescope\u2122 sonar, and more<\/li>\n<li>Wirelessly network; share sonar, waypoints, and routes.<\/li>\n<li>Capture screen recordings to share fish catches<\/li>\n<li>Multi-band GPS for improved position accuracy<\/li>\n<\/ul>\n<p><strong>Livescope\u2122 Sonar Included<\/strong><\/p>\n<p>The ECHOMAP Ultra 2 126sv LiveScope Plus LVS34 fishing bundle includes the LVS34 Transducer and GLS10 Sonar Module<\/p>\n<p><strong>Built-in UHD Sonar<\/strong><\/p>\n<p>This Garmin LiveScope bundle supports the GT56 transducer (not included), which provides Garmin CHIRP traditional sonar and Ultra High-Definition ClearV\u00fc\u2122 and SideV\u00fc\u2122 scanning sonars for photo-like images of what\u2019s beneath the surface.<\/p>\n<p><strong>Vivid Color Palettes<\/strong><\/p>\n<p>High-contrast, vivid scanning sonar color palettes make it easier than ever to distinguish targets and structures.<\/p>\n<p><strong>Preloaded Charts<\/strong><\/p>\n<p>Experience unparalleled coverage and detail. with built-in Garmin Navionics+ mapping, which includes a 1-year subscription for daily updates, depth range shading, and more.<\/p>\n<p>Premium Map Upgrades<\/p>\n<p>Bring a fresh new look and feel to the chartplotter with optional Garmin Navionics Vision+\u2122 premium mapping (sold separately), featuring high-resolution relief shading, satellite imagery, and more.<\/p>\n<p><strong>Wireless Networking<\/strong><\/p>\n<p>If users have another compatible ECHOMAP Ultra 2 or ECHOMAP UHD2 chartplotter on the boat, users can wirelessly share information \u2014 such as sonar, waypoints, and routes \u2014 with them.<\/p>\n<p><strong>Stay Connected<\/strong><\/p>\n<p><strong>Multi-Band GPS<\/strong><\/p>\n<p>Get improved position accuracy with multi-band GPS<\/p>\n<p><strong>NMEA 2000\u00ae Network Compatibility<\/strong><\/p>\n<p>Connect to heading sensors, autopilots, Fusion-Link\u2122 audio systems, and more.<\/p>\n<p><strong>ActiveCaptain\u00ae App<\/strong><\/p>\n<p>Pair with the free smart-device app for software updates, screen recording, Garmin Quickdraw\u2122 Community data, and more.<\/p>\n<p><strong>Force\u00ae Trolling Motor<\/strong><\/p>\n<p>Wirelessly connect to a Force trolling motor to navigate to waypoints, draw and follow routes, and more.<\/p>\n<p><strong>Take It With You<\/strong><\/p>\n<p>The quick-disconnect bail mount lets users quickly install and remove the unit.<\/p>\n<p><strong>Dans la bo\u00eete :<\/strong><\/p>\n<ul>\n<li>ECHOMAP Ultra 126sv with optional Garmin Navionics+<\/li>\n<li>Power\/data cable<\/li>\n<li>Bail mount with quick-release cradle<\/li>\n<li>Protective sun cover<\/li>\n<li>8-pin transducer to 12-pin sounder adapter cable<\/li>\n<li>Hardware<\/li>\n<li>Documentation<\/li>\n<li>GLS\u2122 10 Black Box<\/li>\n<li>Livescope\u2122 Plus LVS34 Transducer<\/li>\n<\/ul>\n<p><strong>Sp\u00e9cifications<\/strong><\/p>\n<p><strong>G\u00e9n\u00e9ralit\u00e9s :<\/strong><\/p>\n<ul>\n<li>Dimension: 13.4\u2033 x 9.0\u2033 x 3.9\u2033 (34.1 x 22.9 x 9.8 cm)<\/li>\n<li>Weight:\u00a05.5 lbs (2.5 kg)<\/li>\n<li>Imperm\u00e9able \u00e0 l'eau : IPX7<\/li>\n<li>\u00c9cran tactile : Oui<\/li>\n<li>Display Type: WXGA, IPS<\/li>\n<li>Display Size: 10.3\u2033 x 6.4\u2033; 12.1\u2033 diagonal (26.1 x 16.3 cm; 30.7 cm diagonal)<\/li>\n<li>Display Resolution: 1280 x 800 pixels<\/li>\n<li>Mounting Options: Bail or flush<\/li>\n<li>Input: Touchscreen with Keyed Assist<\/li>\n<\/ul>\n<p><strong>Cartes et m\u00e9moire :<\/strong><\/p>\n<ul>\n<li>Accepts Data Cards: 2 microSD cards<\/li>\n<li>Points de rep\u00e8re : 5000<\/li>\n<li>Points de piste : 50,000<\/li>\n<li>Pistes : 50 pistes enregistr\u00e9es<\/li>\n<li>Routes de navigation : 100<\/li>\n<\/ul>\n<p><strong>Capteurs :<\/strong><\/p>\n<ul>\n<li>GPS : Oui<\/li>\n<li>GLONASS : Oui<\/li>\n<li>Galileo: Yes<\/li>\n<li>BeiDou: Yes<\/li>\n<li>Has Built-In Receiver: Yes<\/li>\n<li>Receiver: 10 Hz<\/li>\n<li>Compatible NMEA 2000 : Oui<\/li>\n<li>Compatible NMEA 0183 : Oui<\/li>\n<li>Supports WAAS: Yes<\/li>\n<li>Prise en charge du GPS multibande et multiconstellation : Oui<\/li>\n<\/ul>\n<p><strong>Built-In Maps:<\/strong><\/p>\n<ul>\n<li>Built-In Auto Guidance+: Yes<\/li>\n<li>Garmin Navionics+ Inland &amp; Coastal: Yes (see Additional)<\/li>\n<li>Tide Tables: Yes (see Additional)<\/li>\n<\/ul>\n<p><strong>Support de cartes en option :<\/strong><\/p>\n<ul>\n<li>Garmin Navionics+\u2122: Yes<\/li>\n<li>Garmin Navionics+ Vision+\u2122: Yes<\/li>\n<li>TOPO 100k: Yes<\/li>\n<li>Cartographie standard : Oui<\/li>\n<li>Garmin Quickdraw Contours : Oui<\/li>\n<\/ul>\n<p><strong>Traceur de cartes Caract\u00e9ristiques :<\/strong><\/p>\n<ul>\n<li>AIS : Oui<\/li>\n<li>DSC : Oui<\/li>\n<li>Supports Fusion-Link\u2122 Compatible Radios: Yes<\/li>\n<li>ActiveCaptain\u00ae Compatible: Yes<\/li>\n<li>Caract\u00e9ristiques de navigation : Oui<\/li>\n<\/ul>\n<p><strong>Caract\u00e9ristiques \u00e9lectriques :<\/strong><\/p>\n<ul>\n<li>Power Input: 9 to 18 VDC<\/li>\n<li>Typical Current Draw at 12 VDC: 2.5 A<\/li>\n<li>Maximum Current Draw at 12 VDC: 5.0 A<\/li>\n<li>Maximum Power Usage at 10 VDC: 36 W<\/li>\n<\/ul>\n<p><strong>Sonar Features:<\/strong><\/p>\n<ul>\n<li>Affiche le sonar : Oui<\/li>\n<li>Power Output: 600 W<\/li>\n<li>Traditional Sonar (Dual Frequency\/Beam): Built-in (Single Channel Chirp, 70\/83\/200 Khz, L, M, H Chirp)<\/li>\n<li>ClearV\u00fc: Built-in 260\/455\/800\/1000\/1200 kHz<\/li>\n<li>SideV\u00fc: Built-in 260\/455\/800\/1000\/1200 kHz<\/li>\n<li>Panoptix\u2122 Sonar: Yes<\/li>\n<li>Livescope : Oui<\/li>\n<\/ul>\n<p><strong>Connexions :<\/strong><\/p>\n<ul>\n<li>NMEA 2000\u00ae Ports: 1<\/li>\n<li>Garmin Marine Network Ports: 2 (Large Connector)<\/li>\n<li>12-Pin Transducer Ports: 12-Pin Scanning Sonar<\/li>\n<li>ANT+ (Connectivity): Yes<\/li>\n<li>R\u00e9seau Wi-Fi Garmin (connexion locale) : Oui<\/li>\n<\/ul>\n<p><!--- cis2:mm1rl5hl ---><\/p>","protected":false},"excerpt":{"rendered":"<p>ECHOMAP Ultra 2 126sv LiveScope Plus LVS34 Bundle Garmin ECHOMAP Ultra 2 126sv LiveScope Plus LVS34 Bundle With big, crisp, sunlight-readable touchscreen displays, these versatile chartplotters put a world of fish-finding capability at the angler&#8217;s fingertips. This display has built-in Garmin Navionics+\u2122 mapping.Features: ECHOMAP\u2122 Ultra 2 126sv with Garmin Navionics+ Inland &amp; Coastal Mapping 12\u201d [&hellip;]<\/p>\n","protected":false},"featured_media":118291,"comment_status":"open","ping_status":"closed","template":"","meta":{"_acf_changed":false},"product_brand":[],"product_cat":[85,294,292],"product_tag":[305],"class_list":{"0":"post-118302","1":"product","2":"type-product","3":"status-publish","4":"has-post-thumbnail","6":"product_cat-garmin","7":"product_cat-echomap","8":"product_cat-garmin-fish-finders","9":"product_tag-echomap-ultra","11":"first","12":"instock","13":"sale","14":"taxable","15":"shipping-taxable","16":"purchasable","17":"product-type-simple"},"acf":[],"_links":{"self":[{"href":"https:\/\/testing.fishntech.com\/fr\/wp-json\/wp\/v2\/product\/118302","targetHints":{"allow":["GET"]}}],"collection":[{"href":"https:\/\/testing.fishntech.com\/fr\/wp-json\/wp\/v2\/product"}],"about":[{"href":"https:\/\/testing.fishntech.com\/fr\/wp-json\/wp\/v2\/types\/product"}],"replies":[{"embeddable":true,"href":"https:\/\/testing.fishntech.com\/fr\/wp-json\/wp\/v2\/comments?post=118302"}],"version-history":[{"count":2,"href":"https:\/\/testing.fishntech.com\/fr\/wp-json\/wp\/v2\/product\/118302\/revisions"}],"predecessor-version":[{"id":118303,"href":"https:\/\/testing.fishntech.com\/fr\/wp-json\/wp\/v2\/product\/118302\/revisions\/118303"}],"wp:featuredmedia":[{"embeddable":true,"href":"https:\/\/testing.fishntech.com\/fr\/wp-json\/wp\/v2\/media\/118291"}],"wp:attachment":[{"href":"https:\/\/testing.fishntech.com\/fr\/wp-json\/wp\/v2\/media?parent=118302"}],"wp:term":[{"taxonomy":"product_brand","embeddable":true,"href":"https:\/\/testing.fishntech.com\/fr\/wp-json\/wp\/v2\/product_brand?post=118302"},{"taxonomy":"product_cat","embeddable":true,"href":"https:\/\/testing.fishntech.com\/fr\/wp-json\/wp\/v2\/product_cat?post=118302"},{"taxonomy":"product_tag","embeddable":true,"href":"https:\/\/testing.fishntech.com\/fr\/wp-json\/wp\/v2\/product_tag?post=118302"}],"curies":[{"name":"wp","href":"https:\/\/api.w.org\/{rel}","templated":true}]}}