{"id":119160,"date":"2025-06-04T18:07:51","date_gmt":"2025-06-04T18:07:51","guid":{"rendered":"https:\/\/testing.fishntech.com\/product\/lowrance-outboard-pilot-cable-steer-pack\/"},"modified":"2025-06-04T18:07:51","modified_gmt":"2025-06-04T18:07:51","slug":"lowrance-outboard-pilot-cable-steer-pack","status":"publish","type":"product","link":"https:\/\/testing.fishntech.com\/fr\/product\/lowrance-outboard-pilot-cable-steer-pack\/","title":{"rendered":"Outboard Pilot Cable Steer Pack"},"content":{"rendered":"<h3>Outboard Pilot Cable Steer Pack<\/h3>\n<p><b>Lowrance Outboard Cable-Steer Pilot Pack<\/b><\/p>\n<p>Everything you need in one box to fit an autopilot to your outboard motor, the Outboard Pilot lets you focus on fishing activity while keeping the boat on course.<\/p>\n<p>When connected to a Lowrance HDS Gen2 or Gen2 Touch, the Outboard Pilot can steer to a waypoint or along a route, select a turn pattern or simply hold a constant heading.<\/p>\n<p>The Lowrance SmartSteer\u2122 user interface allows you to easily switch between electric-steer, trolling-motor control and outboard motor control directly from your HDS display. And, with your HDS display, you can easily convert trails to routes &#8211; so you can retrace a previous track and get your boat back to the dock from your fishing area.<\/p>\n<ul>\n<li>Les unit\u00e9s HDS n\u00e9cessitent le logiciel 3.5<\/li>\n<li>Dirigez votre moteur hors-bord vers un cap, un waypoint, une route ou un curseur \u00e0 partir de votre \u00e9cran HDS Gen2 ou Gen2 Touch.<\/li>\n<li>L'interface Lowrance SmartSteer\u2122 permet de contr\u00f4ler votre moteur hors-bord \u00e0 direction par c\u00e2ble, ainsi que le moteur \u00e9lectrique de p\u00eache \u00e0 la tra\u00eene MotorGuide Xi5 Pinpoint.<\/li>\n<li>&#8220;One-touch&#8221; route creation from trails<\/li>\n<li>Des sch\u00e9mas de rotation pr\u00e9\u00e9tablis pour des pr\u00e9sentations de p\u00eache\/de contr\u00f4le plus efficaces<\/li>\n<li>Recommand\u00e9 pour les bateaux \u00e0 un seul moteur hors-bord d'une longueur de 30 pieds ou moins.<\/li>\n<li>VRF (Virtual Rudder Feedback) : simplifie l'installation du pilote en \u00e9liminant le besoin d'un capteur de position du gouvernail.<\/li>\n<li>Installation facile. Un guide simple vous aide \u00e0 effectuer la premi\u00e8re installation.<\/li>\n<li>Facilit\u00e9 d'installation, connexion par fiche et prise, sans c\u00e2blage complexe des bornes<\/li>\n<li>Support\u00e9 par le programme de service Lowrance Advantage<\/li>\n<li>Bouton mont\u00e9 sur le tableau de bord pour l'activation d'une touche Auto\/Standby<\/li>\n<li>Diriger vers un cap, une route ou un itin\u00e9raire<\/li>\n<li>Pompe hydraulique \u00e0 engrenages de 0,8 L \u00e0 haut rendement et tr\u00e8s silencieuse<\/li>\n<li>L'ensemble c\u00e2ble-pilote hors-bord Lowrance remplace l'unit\u00e9 de pilotage manuel.<\/li>\n<li>Compatibilit\u00e9 des c\u00e2bles Morse 290, Morse 304411 et Teleflex SSC52<\/li>\n<li>Helm-1 est uniquement compatible avec le NAC-1. Helm-1 comprend une interface de r\u00e9troaction \u00e0 tension variable.<\/li>\n<li>Garantie limit\u00e9e de 2 ans<\/li>\n<\/ul>\n<p><b>Le paquet comprend :<\/b><\/p>\n<p><b>NAC-1 Autopilot Computer &#8211; 000-11769-001<\/b><\/p>\n<p>C'est le cerveau du syst\u00e8me Lowrance Outboard Pilot. Il contient l'ordinateur de pilotage et l'\u00e9lectronique pour le moteur et l'embrayage de l'unit\u00e9 d'entra\u00eenement.<\/p>\n<p><b>Helm-1 for Outboard Pilot &#8211; 000-11771-001<\/b><\/p>\n<p>Cette unit\u00e9 d'entra\u00eenement remplace l'unit\u00e9 d'entra\u00eenement manuelle de la barre sur les installations \u00e0 c\u00e2ble unique. Compatible avec les c\u00e2bles Morse 290, 304411 et Teleflex SSC52. Comprend un capteur de tension de retour de gouvernail et n'est compatible qu'avec le NAC-1.<\/p>\n<p><b>N2K 4 Way &#8211; 000-10996-001<\/b><\/p>\n<p>NMEA2000 4-way joiner. Connect four NMEA2000 Micro-C devices to the NMEA2000 Network.<\/p>\n<p>N2KEXT-2RD &#8211; 000-0119-88<\/p>\n<p>0.6M (2&#8242;) NMEA 2000\u00ae cable for backbone extension or or drop cable to connect an additional network device<\/p>\n<p><b>N2KEXT-6RD &#8211; 000-0127-53<\/b><\/p>\n<p>1.82M (6&#8242;) NMEA 2000\u00ae cable for backbone extension or drop cable to connect an additional network device<\/p>\n<p><b>N2KEXT-15RD &#8211; 000-0119-86<\/b><\/p>\n<p>4.55M (15&#8242;) NMEA 2000\u00ae cable for backbone extension or or drop cable to connect an additional network device<\/p>\n<p><b>TR-120-KIT &#8211; 000-0127-52<\/b><\/p>\n<p>Jeu de terminaisons NMEA 2000\u00ae 1 m\u00e2le et 1 femelle<\/p>\n<p><b>MICRO-C POWER CABLE ONLY &#8211; NO T CONN &#8211; 000-12202-001<\/b> <!--- cis2:mm1rl5hl ---><\/p>","protected":false},"excerpt":{"rendered":"<h3>REGROUPEZ ET \u00c9CONOMISEZ !<\/h3>\n<p>SAVE $200 WITH HDS PRO &amp; LIVE<\/p>\n<p>Save up to $800 with the HDS Ultimate Fishing System Upgrade\u00a0<a class=\"link\" href=\"https:\/\/www.lowrance.com\/offers\/hds-ultimate-upgrade\/\" target=\"_blank\" rel=\"noopener\">En savoir plus\u00a0<\/a><\/p>","protected":false},"featured_media":7736,"comment_status":"closed","ping_status":"closed","template":"","meta":{"_acf_changed":false},"product_brand":[],"product_cat":[459,122],"product_tag":[],"class_list":{"0":"post-119160","1":"product","2":"type-product","3":"status-publish","4":"has-post-thumbnail","6":"product_cat-lowrance-autopilots","7":"product_cat-lowrance","9":"first","10":"onbackorder","11":"taxable","12":"shipping-taxable","13":"purchasable","14":"product-type-simple"},"acf":[],"_links":{"self":[{"href":"https:\/\/testing.fishntech.com\/fr\/wp-json\/wp\/v2\/product\/119160","targetHints":{"allow":["GET"]}}],"collection":[{"href":"https:\/\/testing.fishntech.com\/fr\/wp-json\/wp\/v2\/product"}],"about":[{"href":"https:\/\/testing.fishntech.com\/fr\/wp-json\/wp\/v2\/types\/product"}],"replies":[{"embeddable":true,"href":"https:\/\/testing.fishntech.com\/fr\/wp-json\/wp\/v2\/comments?post=119160"}],"version-history":[{"count":0,"href":"https:\/\/testing.fishntech.com\/fr\/wp-json\/wp\/v2\/product\/119160\/revisions"}],"wp:featuredmedia":[{"embeddable":true,"href":"https:\/\/testing.fishntech.com\/fr\/wp-json\/wp\/v2\/media\/7736"}],"wp:attachment":[{"href":"https:\/\/testing.fishntech.com\/fr\/wp-json\/wp\/v2\/media?parent=119160"}],"wp:term":[{"taxonomy":"product_brand","embeddable":true,"href":"https:\/\/testing.fishntech.com\/fr\/wp-json\/wp\/v2\/product_brand?post=119160"},{"taxonomy":"product_cat","embeddable":true,"href":"https:\/\/testing.fishntech.com\/fr\/wp-json\/wp\/v2\/product_cat?post=119160"},{"taxonomy":"product_tag","embeddable":true,"href":"https:\/\/testing.fishntech.com\/fr\/wp-json\/wp\/v2\/product_tag?post=119160"}],"curies":[{"name":"wp","href":"https:\/\/api.w.org\/{rel}","templated":true}]}}