{"id":119217,"date":"2025-06-04T18:08:40","date_gmt":"2025-06-04T18:08:40","guid":{"rendered":"https:\/\/testing.fishntech.com\/product\/lowrance-prop-shaft-anode\/"},"modified":"2025-06-04T18:08:41","modified_gmt":"2025-06-04T18:08:41","slug":"anode-darbre-dhelice-lowrance","status":"publish","type":"product","link":"https:\/\/testing.fishntech.com\/fr\/product\/lowrance-prop-shaft-anode\/","title":{"rendered":"Prop Shaft Anode For Ghost Trolling Motors"},"content":{"rendered":"<h3>Prop Shaft Anode For Ghost Trolling Motors<\/h3>\n<h4>Anode d'arbre d'h\u00e9lice Lowrance pour moteurs de p\u00eache \u00e0 la tra\u00eene Ghost<\/h4>\n<p>The Prop Shaft Anode is a ring-shaped fitting that is installed on the back of the propeller, replacing the propeller nut supplied from the factory. The ring-shaped fitting prevents corrosion that could result from using the trolling motor in brackish water.<\/p>\n<p>NOTE: Using the Ghost Trolling Motor in saltwater WILL void the warranty.<\/p>\n<p> <!--- cis2:mm1rl5hl ---><\/p>","protected":false},"excerpt":{"rendered":"<p>Prop Shaft Anode For Ghost Trolling Motors Lowrance Prop Shaft Anode For Ghost Trolling Motors The Prop Shaft Anode is a ring-shaped fitting that is installed on the back of the propeller, replacing the propeller nut supplied from the factory. The ring-shaped fitting prevents corrosion that could result from using the trolling motor in brackish [&hellip;]<\/p>\n","protected":false},"featured_media":1906,"comment_status":"open","ping_status":"closed","template":"","meta":{"_acf_changed":false},"product_brand":[],"product_cat":[122,124,187],"product_tag":[],"class_list":{"0":"post-119217","1":"product","2":"type-product","3":"status-publish","4":"has-post-thumbnail","6":"product_cat-lowrance","7":"product_cat-lowrance-trolling-motors","8":"product_cat-ghost-accessories","10":"first","11":"onbackorder","12":"taxable","13":"shipping-taxable","14":"purchasable","15":"product-type-simple"},"acf":[],"_links":{"self":[{"href":"https:\/\/testing.fishntech.com\/fr\/wp-json\/wp\/v2\/product\/119217","targetHints":{"allow":["GET"]}}],"collection":[{"href":"https:\/\/testing.fishntech.com\/fr\/wp-json\/wp\/v2\/product"}],"about":[{"href":"https:\/\/testing.fishntech.com\/fr\/wp-json\/wp\/v2\/types\/product"}],"replies":[{"embeddable":true,"href":"https:\/\/testing.fishntech.com\/fr\/wp-json\/wp\/v2\/comments?post=119217"}],"version-history":[{"count":0,"href":"https:\/\/testing.fishntech.com\/fr\/wp-json\/wp\/v2\/product\/119217\/revisions"}],"wp:featuredmedia":[{"embeddable":true,"href":"https:\/\/testing.fishntech.com\/fr\/wp-json\/wp\/v2\/media\/1906"}],"wp:attachment":[{"href":"https:\/\/testing.fishntech.com\/fr\/wp-json\/wp\/v2\/media?parent=119217"}],"wp:term":[{"taxonomy":"product_brand","embeddable":true,"href":"https:\/\/testing.fishntech.com\/fr\/wp-json\/wp\/v2\/product_brand?post=119217"},{"taxonomy":"product_cat","embeddable":true,"href":"https:\/\/testing.fishntech.com\/fr\/wp-json\/wp\/v2\/product_cat?post=119217"},{"taxonomy":"product_tag","embeddable":true,"href":"https:\/\/testing.fishntech.com\/fr\/wp-json\/wp\/v2\/product_tag?post=119217"}],"curies":[{"name":"wp","href":"https:\/\/api.w.org\/{rel}","templated":true}]}}