{"id":119225,"date":"2025-06-04T18:08:49","date_gmt":"2025-06-04T18:08:49","guid":{"rendered":"https:\/\/testing.fishntech.com\/product\/lowrance-explorer-ice-bag-and-pole\/"},"modified":"2025-06-04T18:08:49","modified_gmt":"2025-06-04T18:08:49","slug":"sac-a-glace-et-perche-lowrance-explorer","status":"publish","type":"product","link":"https:\/\/testing.fishntech.com\/fr\/product\/lowrance-explorer-ice-bag-and-pole\/","title":{"rendered":"Explorer Ice Bag and Pole For ActiveTarget"},"content":{"rendered":"<h3>Explorer Ice Bag and Pole For ActiveTarget<\/h3>\n<h3>Sac \u00e0 glace et perche pour transducteur ActiveTarget Lowrance Explorer<\/h3>\n<p>Le kit de sac \u00e0 glace et de perche Explorer comprend un sac \u00e0 glace Explorer de premi\u00e8re qualit\u00e9 et une perche de transducteur de glace pour ActiveTarget. Le kit est compatible avec le Lowrance\u00ae Explorer Elite FS 9 et le kit glace ActiveTarget\u00ae et le kit glace Explorer ActiveTarget.<\/p>\n<p><strong>*N\u00e9cessite un transducteur ActiveTarget<\/strong><\/p>\n<h4><strong>Dans la bo\u00eete :<\/strong><\/h4>\n<ul>\n<li>Sac Premium Explorer avec cadre Shuttle<\/li>\n<li>Poteau de transducteur de glace pour les vues ActiveTarget vers le bas, vers l'avant et en \u00e9claireur*.<\/li>\n<li>Faisceau de c\u00e2blage personnalis\u00e9 et interrupteur principal<\/li>\n<li>Compatible avec Explorer Elite FS 9 et ActiveTarget\u00ae Ice Kit et Explorer ActiveTarget Ice Kit<\/li>\n<\/ul>\n<p><strong>*vendu en kit<\/strong><\/p>\n<p><!--- cis2:mm1rl5hl ---><\/p>","protected":false},"excerpt":{"rendered":"<p>Explorer Ice Bag and Pole For ActiveTarget Lowrance Explorer Ice Bag and Pole for ActiveTarget Transducer The Explorer Ice Bag and Pole kit include a premium Explorer Ice Bag and an Ice Transducer Pole for ActiveTarget. The kit is compatible with both the Lowrance\u00ae Explorer Elite FS 9 and ActiveTarget\u00ae Ice Kit and the Explorer [&hellip;]<\/p>\n","protected":false},"featured_media":16803,"comment_status":"closed","ping_status":"closed","template":"","meta":{"_acf_changed":false},"product_brand":[],"product_cat":[456,122],"product_tag":[],"class_list":{"0":"post-119225","1":"product","2":"type-product","3":"status-publish","4":"has-post-thumbnail","6":"product_cat-lowrance-active-target","7":"product_cat-lowrance","9":"first","10":"instock","11":"taxable","12":"shipping-taxable","13":"purchasable","14":"product-type-simple"},"acf":[],"_links":{"self":[{"href":"https:\/\/testing.fishntech.com\/fr\/wp-json\/wp\/v2\/product\/119225","targetHints":{"allow":["GET"]}}],"collection":[{"href":"https:\/\/testing.fishntech.com\/fr\/wp-json\/wp\/v2\/product"}],"about":[{"href":"https:\/\/testing.fishntech.com\/fr\/wp-json\/wp\/v2\/types\/product"}],"replies":[{"embeddable":true,"href":"https:\/\/testing.fishntech.com\/fr\/wp-json\/wp\/v2\/comments?post=119225"}],"version-history":[{"count":0,"href":"https:\/\/testing.fishntech.com\/fr\/wp-json\/wp\/v2\/product\/119225\/revisions"}],"wp:featuredmedia":[{"embeddable":true,"href":"https:\/\/testing.fishntech.com\/fr\/wp-json\/wp\/v2\/media\/16803"}],"wp:attachment":[{"href":"https:\/\/testing.fishntech.com\/fr\/wp-json\/wp\/v2\/media?parent=119225"}],"wp:term":[{"taxonomy":"product_brand","embeddable":true,"href":"https:\/\/testing.fishntech.com\/fr\/wp-json\/wp\/v2\/product_brand?post=119225"},{"taxonomy":"product_cat","embeddable":true,"href":"https:\/\/testing.fishntech.com\/fr\/wp-json\/wp\/v2\/product_cat?post=119225"},{"taxonomy":"product_tag","embeddable":true,"href":"https:\/\/testing.fishntech.com\/fr\/wp-json\/wp\/v2\/product_tag?post=119225"}],"curies":[{"name":"wp","href":"https:\/\/api.w.org\/{rel}","templated":true}]}}