{"id":121244,"date":"2025-07-06T19:55:25","date_gmt":"2025-07-06T19:55:25","guid":{"rendered":"https:\/\/testing.fishntech.com\/product\/ionic-12v-150ah-dual-purpose-starter-battery\/"},"modified":"2025-07-06T19:55:28","modified_gmt":"2025-07-06T19:55:28","slug":"ionic-12v-150ah-dual-purpose-starter-battery","status":"publish","type":"product","link":"https:\/\/testing.fishntech.com\/fr\/product\/ionic-12v-150ah-dual-purpose-starter-battery\/","title":{"rendered":"Batterie de d\u00e9marrage 12V 150Ah \u00e0 double usage 1600 CA avec Bluetooth"},"content":{"rendered":"<h3>Batterie de d\u00e9marrage 12V 150Ah \u00e0 double usage 1600 CA avec Bluetooth<\/h3>\n<ul>\n<li>This battery can be used as starter battery for all outboard motors between 150 to 250hp and is fully compatible with Mercury and other leading brands<\/li>\n<li><span style=\"color: #333333;\">IONIC exceeds any charging or cranking requirements actually needed to work with the Mercury 4 stroke up to 250hp.  We have thousands of customers using them for cranking batteries since late 2019 with no issues<\/span><\/li>\n<li>1,600 Cranking Amps*<\/li>\n<li>Battery Management Systems (BMS) with power terminal cut-off and recovery<\/li>\n<li>Built in cold weather protection &#8211; Does not take a charge if temperatures are below -4C or 24F in our case. Some variations with part tolerances.<\/li>\n<li>70% lighter than lead acid batteries<\/li>\n<li>Two to four times the service life (3000-5000 cycles)<\/li>\n<li>Great for marine, RV, floor sweepers, lift gates, UPS systems, solar energy storage<\/li>\n<li>Cell balancing and low voltage\/over voltage protection, short-circuit protection<\/li>\n<li>Bluetooth technology to monitor battery status<\/li>\n<li>Maximize your energy potential with 99% Depth of Discharge (DOD)<\/li>\n<li>Drop in replacements (plug and play)<\/li>\n<li>Run as many needed in parallel. <a href=\"https:\/\/lithiumhub.com\/series-vs-parallel\/\" target=\"_blank\" rel=\"noopener\">En savoir plus<\/a><\/li>\n<li>Can go up to 4 in series with this battery<\/li>\n<li>Comes with an <span style=\"text-decoration: underline;\"><a href=\"https:\/\/lithiumhub.com\/warranty-information\/\" target=\"_blank\" rel=\"noopener\">11 Year Battery Warranty<\/a><\/span> to give you peace of mind with your purchase.<\/li>\n<li>Compatible with the following chargers: Ionic, Noco Gen Pro, Dual Pro PS\/ Auto, Minnkota Precision, Pro Mariner\/Pro Tournament Elite, Stealth, Troll Bridge DC, Power Pole.<\/li>\n<\/ul>\n<p style=\"font-size: 14px;\">*Per Ionic Specifications<\/p>\n<p><strong>Magnuson-Moss Warranty Act:<\/strong> A vehicle manufacturer cannot legally void the warranty on a vehicle due to an aftermarket part unless they can prove that the aftermarket part caused or contributed to the failure in the vehicle (per the Magnuson Moss Warranty Act (15 U.S.C. 2302(C)). Ionic Batteries have proprietary software embedded in the Battery Management Systems that make them 100% compatible with Mercury 250 hp motors and other leading brands. <a href=\"https:\/\/www.ftc.gov\/enforcement\/statutes\/magnuson-moss-warranty-federal-trade-commission-improvements-act\" target=\"_blank\" rel=\"noopener\">En savoir plus<\/a><\/p>\n<h3>World Class Safety Features<\/h3>\n<p>Ionic Deep Cycle Lithium Battery 12V125-EP has 12 volts and a 125Ah capacity and is perfect for powering your deep cycle systems. Can be used as a starting \u2013 dual Lithium battery comparable to 900A cranking amps for 250hp engines. Ionic Deep Cycle has an internal microprocessor controlled battery management system (BMS) that monitors the key operational parameters during charging and discharging, such as voltages, currents and internal temperatures.<\/p>\n<p><span style=\"color: #333333;\">Ionic 12V 125Ah batteries used as starters batteries have been engineered to work with overcharging issues that different outboard marine motors have.\u201d  \u201cIonic 12V 125Ah batteries used as starters batteries will work with outboard motors including Mercury and Yamaha.\u201d<\/span><\/p>\n<h3>Built for Long Lasting Reliable Power<\/h3>\n<p>The Ionic Deep Cycle Battery has a cycle life of 3,000 cycles or about 10 calendar years. Our lithium-ion batteries have a usable capacity of 99% compared to 50-60% for traditional lead-acid batteries]. LithiumHub Deep Cycle batteries function in the widest range of temperatures with a discharge temperature range (Functional) of \u201320\u00b0C to 60\u00b0C (\u20134\u00b0F to 140\u00b0F) and a charge temperature range of 0\u00b0C to 45\u00b0C (32\u00b0F to 113\u00b0F). Automatically detects if batteries are too cold to take a charge.<\/p>\n<h3>The Ionic Lithium Deep Cycle line has the best weight to power ratio on the market<\/h3>\n<p>At 12.55\u201d (L) x 6.5\u2033 (W) x 9.22\u2033 (H) and weighing only 34.2 lbs., the Ionic Lithium Deep Cycle 12V125-EP has the best size to power ratio of any deep cycle battery on the market. Connectors: 3\/8 UNC Threads allow the battery to be installed in any direction unlike lead-acid batteries which are fixed. Ionic Lithium Deep Cycle Batteries self-discharge rate per month is between 1-3% compared to lead-acid batteries which are about 30%. Max charge voltage is 14.6V and the discharge cut-off voltage is 10.5V. Max charge current is 80A and max discharge current is 100A \/ 350A(3s). Can be charged with solar chargers. Can be charged with most traditional lead-acid chargers that do not have \u201cDesulfate\u201d mode, provided the current levels do not exceed lithium battery charge specification. Using a traditional lead-acid charger that reaches 14.4-14.6 volts will allow the battery to be fully charged. Chargers that do not exceed 13.6 volts will only charge the battery to 50% capacity or less.<\/p>\n<h3>Product Dimensions<\/h3>\n<h5>Group 31 measurements<\/h5>\n<p>Widest spots. The battery does taper on the very base bottom.<br \/>Length : 12.52 in. =&gt; 12 1\/2 in. =&gt; 318mm<br \/>Width: 6.496 in. =&gt; 6 1\/2 in. =&gt; 165mm<br \/>Height (studs base): 8.465 in. =&gt; 8 15\/32 in. =&gt; 215mm<br \/>Height (studs top): 9.2 in. =&gt; 9 13\/64 in. =&gt; 233mm<\/p>\n<p><a href=\"https:\/\/lithiumhub.com\/wp-content\/uploads\/2025\/05\/12v-60ah-spec-sheet.pdf\" target=\"_blank\" rel=\"noopener\"><b>VIEW 12V 60AH <span class=\"OYPEnA font-feature-liga-off font-feature-clig-off font-feature-calt-off text-decoration-none text-strikethrough-none\">SPECIFICATION SHEET<\/span><\/b><\/a><\/p>\n<p><strong>Fits Group 31 and Group 27 battery trays<\/strong><\/p>\n<p><iframe loading=\"lazy\" width=\"1237\" height=\"696\" src=\"https:\/\/www.youtube.com\/embed\/ecoT696N-gI\" title=\"Ionic Lithium Batteries bluetooth app with Jerry on the lake\" frameborder=\"0\" allow=\"accelerometer; autoplay; clipboard-write; encrypted-media; gyroscope; picture-in-picture; web-share\" referrerpolicy=\"strict-origin-when-cross-origin\" allowfullscreen><\/iframe><\/p>\n<p><iframe loading=\"lazy\" width=\"1237\" height=\"696\" src=\"https:\/\/www.youtube.com\/embed\/Ahq6vN_OFvc\" title=\"Ionic Batteries 12Ah battery and bluetooth app.\" frameborder=\"0\" allow=\"accelerometer; autoplay; clipboard-write; encrypted-media; gyroscope; picture-in-picture; web-share\" referrerpolicy=\"strict-origin-when-cross-origin\" allowfullscreen><\/iframe><\/p>","protected":false},"excerpt":{"rendered":"<p>12V 150Ah Dual Purpose Starter Battery 1600 CA With Bluetooth This battery can be used as starter battery for all outboard motors between 150 to 250hp and is fully compatible with Mercury and other leading brands IONIC exceeds any charging or cranking requirements actually needed to work with the Mercury 4 stroke up to 250hp. [&hellip;]<\/p>\n","protected":false},"featured_media":121243,"comment_status":"open","ping_status":"closed","template":"","meta":{"_acf_changed":false},"product_brand":[],"product_cat":[1063,1064],"product_tag":[],"class_list":{"0":"post-121244","1":"product","2":"type-product","3":"status-publish","4":"has-post-thumbnail","6":"product_cat-ionic","7":"product_cat-ionic-lithium-batteries","9":"first","10":"instock","11":"sale","12":"taxable","13":"shipping-taxable","14":"purchasable","15":"product-type-simple"},"acf":[],"_links":{"self":[{"href":"https:\/\/testing.fishntech.com\/fr\/wp-json\/wp\/v2\/product\/121244","targetHints":{"allow":["GET"]}}],"collection":[{"href":"https:\/\/testing.fishntech.com\/fr\/wp-json\/wp\/v2\/product"}],"about":[{"href":"https:\/\/testing.fishntech.com\/fr\/wp-json\/wp\/v2\/types\/product"}],"replies":[{"embeddable":true,"href":"https:\/\/testing.fishntech.com\/fr\/wp-json\/wp\/v2\/comments?post=121244"}],"version-history":[{"count":0,"href":"https:\/\/testing.fishntech.com\/fr\/wp-json\/wp\/v2\/product\/121244\/revisions"}],"wp:featuredmedia":[{"embeddable":true,"href":"https:\/\/testing.fishntech.com\/fr\/wp-json\/wp\/v2\/media\/121243"}],"wp:attachment":[{"href":"https:\/\/testing.fishntech.com\/fr\/wp-json\/wp\/v2\/media?parent=121244"}],"wp:term":[{"taxonomy":"product_brand","embeddable":true,"href":"https:\/\/testing.fishntech.com\/fr\/wp-json\/wp\/v2\/product_brand?post=121244"},{"taxonomy":"product_cat","embeddable":true,"href":"https:\/\/testing.fishntech.com\/fr\/wp-json\/wp\/v2\/product_cat?post=121244"},{"taxonomy":"product_tag","embeddable":true,"href":"https:\/\/testing.fishntech.com\/fr\/wp-json\/wp\/v2\/product_tag?post=121244"}],"curies":[{"name":"wp","href":"https:\/\/api.w.org\/{rel}","templated":true}]}}