{"id":12925,"date":"2022-07-28T19:08:55","date_gmt":"2022-07-28T19:08:55","guid":{"rendered":"https:\/\/testing.fishntech.com\/product\/armor-plate-for-humminbird-mega-si-transducers\/"},"modified":"2025-06-05T17:44:51","modified_gmt":"2025-06-05T17:44:51","slug":"plaque-de-blindage-pour-transducteurs-humminbird-mega-si","status":"publish","type":"product","link":"https:\/\/testing.fishntech.com\/fr\/product\/armor-plate-for-humminbird-mega-si-transducers\/","title":{"rendered":"Plaque de blindage pour les transducteurs Humminbird MEGA SI+."},"content":{"rendered":"<p>L'AP-H-8.3 est fabriqu\u00e9 en alliage d'aluminium de haute qualit\u00e9 et est recouvert d'une couche de poudre noire pour \u00eatre install\u00e9 sur le tableau arri\u00e8re du bateau. Ce produit est con\u00e7u pour s'adapter au transducteur de tableau arri\u00e8re Humminbird&amp;reg Helix G3N MEGA SI+ XM 9 HW MSI T et Solix G2N MEGA DI+ XM 14 HW MSI T. L'article AP-H-8.3 comprend de la visserie en acier inoxydable et des instructions faciles \u00e0 suivre.<\/p>\n<p>Nos plaques d'armure sont con\u00e7ues pour prot\u00e9ger le transducteur d'un c\u00f4t\u00e9 \u00e0 l'autre et d'un impact avant et arri\u00e8re. Elles sont con\u00e7ues pour \u00eatre ajout\u00e9es \u00e0 notre ancien support SBB-4 ou \u00e0 l'actuel support \u00e0 ressort SBB-5 pour une protection totale du transducteur.  Pensez \u00e0 commander un support \u00e0 ressort SBB-5 lorsque vous commandez la plaque de blindage. Si la plaque de blindage est install\u00e9e ailleurs que sur le tableau, par exemple sur la paroi arri\u00e8re, un calage peut \u00eatre n\u00e9cessaire si l'angle du transducteur doit \u00eatre ajust\u00e9.<\/p>","protected":false},"excerpt":{"rendered":"<p>The AP-H-8.3 is built with high quality aluminum alloy and is black powder coated for installation on the boat transom. This product is designed to fit the Humminbird&#038;reg Helix G3N MEGA SI+ transom transducer XM 9 HW MSI T and Solix G2N MEGA DI+ transducer XM 14 HW MSI T. Item AP-H-8.3 includes stainless steel [&hellip;]<\/p>\n","protected":false},"featured_media":12920,"comment_status":"closed","ping_status":"closed","template":"","meta":{"_acf_changed":false},"product_brand":[],"product_cat":[588,583],"product_tag":[],"class_list":{"0":"post-12925","1":"product","2":"type-product","3":"status-publish","4":"has-post-thumbnail","6":"product_cat-tss-armor-plates","7":"product_cat-transducer-shield-and-saver","9":"first","10":"instock","11":"taxable","12":"shipping-taxable","13":"purchasable","14":"product-type-simple"},"acf":[],"_links":{"self":[{"href":"https:\/\/testing.fishntech.com\/fr\/wp-json\/wp\/v2\/product\/12925","targetHints":{"allow":["GET"]}}],"collection":[{"href":"https:\/\/testing.fishntech.com\/fr\/wp-json\/wp\/v2\/product"}],"about":[{"href":"https:\/\/testing.fishntech.com\/fr\/wp-json\/wp\/v2\/types\/product"}],"replies":[{"embeddable":true,"href":"https:\/\/testing.fishntech.com\/fr\/wp-json\/wp\/v2\/comments?post=12925"}],"version-history":[{"count":2,"href":"https:\/\/testing.fishntech.com\/fr\/wp-json\/wp\/v2\/product\/12925\/revisions"}],"predecessor-version":[{"id":120946,"href":"https:\/\/testing.fishntech.com\/fr\/wp-json\/wp\/v2\/product\/12925\/revisions\/120946"}],"wp:featuredmedia":[{"embeddable":true,"href":"https:\/\/testing.fishntech.com\/fr\/wp-json\/wp\/v2\/media\/12920"}],"wp:attachment":[{"href":"https:\/\/testing.fishntech.com\/fr\/wp-json\/wp\/v2\/media?parent=12925"}],"wp:term":[{"taxonomy":"product_brand","embeddable":true,"href":"https:\/\/testing.fishntech.com\/fr\/wp-json\/wp\/v2\/product_brand?post=12925"},{"taxonomy":"product_cat","embeddable":true,"href":"https:\/\/testing.fishntech.com\/fr\/wp-json\/wp\/v2\/product_cat?post=12925"},{"taxonomy":"product_tag","embeddable":true,"href":"https:\/\/testing.fishntech.com\/fr\/wp-json\/wp\/v2\/product_tag?post=12925"}],"curies":[{"name":"wp","href":"https:\/\/api.w.org\/{rel}","templated":true}]}}