{"id":14520,"date":"2022-10-06T14:53:25","date_gmt":"2022-10-06T14:53:25","guid":{"rendered":"https:\/\/testing.fishntech.com\/?post_type=product&#038;p=14520"},"modified":"2025-06-05T17:40:39","modified_gmt":"2025-06-05T17:40:39","slug":"norsk-20ah-lithium","status":"publish","type":"product","link":"https:\/\/testing.fishntech.com\/fr\/product\/norsk-20ah-lithium\/","title":{"rendered":"20AH Lithium Ion Battery with Charger Kit"},"content":{"rendered":"<h4>Norsk 20AH Lithium Ion Battery with Charger Kit<\/h4>\n<h4><span data-sheets-value=\"{\" data-sheets-userformat=\"{\">Con\u00e7u pour \u00eatre utilis\u00e9 avec des syst\u00e8mes d'imagerie en direct ou de sonar \u00e0 360\u00b0.<\/span><\/h4>\n<p><span data-sheets-value=\"{\" data-sheets-userformat=\"{\">La batterie au lithium-ion Norsk 20Ah est con\u00e7ue pour r\u00e9pondre \u00e0 la demande d'unit\u00e9s num\u00e9riques \u00e0 forte puissance avec des \u00e9crans plus grands et optimis\u00e9s pour une performance tout au long de la journ\u00e9e. La batterie au lithium Norsk 20Ah p\u00e8se 4,2 livres et mesure 5,9 X 3,85 X 3,70 pouces. C'est la batterie au lithium parfaite pour Humminbird Mega Live, Garmin Livescope ou Lowrance Active Target.<\/span><\/p>\n<p>Batterie Lithium Ion 3A 14.8V CHARGEUR INCLUS<\/p>\n<h4><strong>NE VOUS CONTENTEZ PAS DE COPIES BON MARCH\u00c9 ET DE TECHNOLOGIES ANCIENNES<\/strong><\/h4>\n<p>De quoi avez-vous besoin pour tirer le meilleur parti de votre mat\u00e9riel \u00e9lectronique de p\u00eache sur glace et maximiser votre journ\u00e9e sur la glace ? La puissance.  Fiabilit\u00e9.  Efficacit\u00e9 et l\u00e9g\u00e8ret\u00e9.<\/p>\n<p>La batterie Norsk Lithium 20.8Ah est \u00e0 la hauteur.  Notre batterie lithium-ion \u00e9crase la concurrence.<\/p>\n<p>Pesant \u00e0 peine 4,85 livres, la batterie au lithium 20,8 Ah de Norsk est trois fois plus l\u00e9g\u00e8re qu'une batterie plomb-acide \u00e9quivalente.  Avec Norsk qui alimente votre passion, vous pouvez \u00eatre mobile sur la glace.<\/p>\n<p>Lorsque votre sonar vous indique que les meilleures prises vous attendent de l'autre c\u00f4t\u00e9 du lac, vous ne devriez pas \u00eatre oblig\u00e9 de transporter de l'acide sur l'eau gel\u00e9e.  Vous devez faire vos valises et partir.  Rapidement.<\/p>\n<p>La taille compacte (5,9 X 3,85 X 3,70 pouces) est con\u00e7ue de mani\u00e8re experte pour am\u00e9liorer votre \u00e9lectronique de p\u00eache sur glace et fournir les performances que vous m\u00e9ritez.<\/p>\n<p>Malgr\u00e9 sa taille et son poids r\u00e9duits, la batterie Nork Lithium 20,8Ah offre une puissance et une autonomie in\u00e9gal\u00e9es.<\/p>\n<p>Nos cellules de batterie lithium-ion de haute qualit\u00e9 fournissent une puissance maximale sans aucune d\u00e9gradation.  Cette batterie lithium-ion illuminera vos unit\u00e9s d'imagerie en direct avec la m\u00eame efficacit\u00e9 de la premi\u00e8re \u00e0 la derni\u00e8re 10%.<\/p>\n<h4><strong>L'AVANTAGE NORSK<\/strong><\/h4>\n<p>Les passionn\u00e9s de p\u00eache en plein air con\u00e7oivent nos batteries.  Nous fabriquons la meilleure batterie lithium-ion rechargeable - parce que nous voulons que la meilleure technologie alimente notre passion.<\/p>\n<p>Nous n'avons ni le temps ni l'argent \u00e0 perdre avec des piles anciennes, peu fiables et bon march\u00e9.<\/p>\n<p>La batterie lithium-ion Norsk 20,8Ah fonctionnera pendant plus de 1 000 cycles de charge et est assortie d'une garantie limit\u00e9e de deux ans.<\/p>\n<h4><strong>BATTERIE STANDARD POUR HUMMINBIRD ICE HELIX 9 MEGA LIVE<\/strong><\/h4>\n<p>La batterie Norsk 20.8Ah Lithium Ion est con\u00e7ue pour r\u00e9pondre \u00e0 la demande d'appareils num\u00e9riques \u00e0 forte puissance avec des \u00e9crans plus grands et est optimis\u00e9e pour une performance tout au long de la journ\u00e9e.<\/p>\n<p>C'est la meilleure batterie lithium-ion pour Humminbird Mega Live, Garmin Livescope, ou Lowrance Active Target.<\/p>\n<h4><strong>SYST\u00c8ME DE SURVEILLANCE DE LA BATTERIE (BMS)2<\/strong><\/h4>\n<p>Le BMS de la batterie au lithium 20,8Ah de Norsk la rend infaillible et sans souci.  Comme une batterie lithium-ion devrait l'\u00eatre.<\/p>\n<p>Le BMS ne permettra pas \u00e0 la batterie de recevoir une charge tant que sa temp\u00e9rature interne n'aura pas atteint une valeur s\u00fbre de 32\u00b0F.  Une fois qu'elle est s\u00fbre, le BMS permet \u00e0 la batterie au lithium de se recharger, et vous \u00eates sur la bonne voie !<\/p>\n<p>Notre technologie BMS avanc\u00e9e emp\u00eache \u00e9galement la surcharge de votre batterie lithium-ion Norsk 20,8Ah.<\/p>\n<p>M\u00eame si vous branchez votre chargeur de batterie lithium-ion sur les mauvaises bornes, le BMS l'emp\u00eachera de recevoir une charge.<\/p>\n<p>Le BMS assure l'\u00e9quilibrage des cellules pendant les cycles de d\u00e9charge et de charge, la coupure de la tension basse et haute, la protection contre les courts-circuits et la protection contre les temp\u00e9ratures \u00e9lev\u00e9es.<\/p>\n<h4><strong>DEUX PORTS USB<\/strong><\/h4>\n<p>Ce n'est pas parce que les hommes des cavernes p\u00eachaient des poissons qu'il faut p\u00eacher comme eux.<\/p>\n<p>La batterie Norsk 20.8Ah Lithium est dot\u00e9e d'un double port USB qui vous permet de profiter des activit\u00e9s de plein air au 21\u00e8me si\u00e8cle.<\/p>\n<p>Ils vous permettent d'alimenter votre t\u00e9l\u00e9phone portable, votre go-pro ou presque n'importe quel appareil compatible USB pendant que votre batterie au lithium alimente votre d\u00e9tecteur de poissons.<\/p>\n<h4><strong>INDICATEUR DE CHARGE DE LA BATTERIE<\/strong><\/h4>\n<p>La batterie au lithium Norsk 20,8Ah a une \u00e9norme autonomie.  Mais elle finira par s'\u00e9puiser.<\/p>\n<p>Gr\u00e2ce \u00e0 l'indicateur d'alimentation LED, vous pouvez savoir quand.  Il suffit d'appuyer sur le bouton, et l'indicateur d'alimentation LED vous indiquera le niveau d'\u00e9nergie restant de votre batterie au lithium.<\/p>\n<h4><strong>LA BONNE CHIMIE DU LITHIUM POUR LA BONNE APPLICATION<\/strong><\/h4>\n<p>La chimie lithium-ion est le meilleur choix pour maximiser votre exp\u00e9rience de p\u00eache sur glace.  De nombreuses batteries au lithium utilisent LiFePO4 dans leurs applications de p\u00eache sur glace.<\/p>\n<p>Nous utilisons \u00e9galement le LiFePO4.  Il est excellent.  Mais il pr\u00e9sente un l\u00e9ger probl\u00e8me de poids.<\/p>\n<p>La chimie du lithium-ion fournit une puissance exceptionnelle tout en offrant un avantage significatif en termes de poids.  Les batteries lithium-ion ont l'une des densit\u00e9s d'\u00e9nergie les plus \u00e9lev\u00e9es de toutes les technologies de batteries actuellement disponibles.<\/p>\n<p>La batterie au lithium Norsk 20,8Ah est remarquablement puissante et si l\u00e9g\u00e8re que vous la remarquerez \u00e0 peine lorsque vous la chargerez sur la glace pour atteindre le meilleur endroit pour vous nourrir !<\/p>\n<h4><strong>CHARGEURS DE BATTERIE AU LITHIUM<\/strong><\/h4>\n<p>Chargeur de batterie lithium-ion 3A 14,8V inclus !<\/p>\n<p>Compatible avec le chargeur de batterie rapide 7A 14,8V Lithium-Ion<\/p>\n<p>NON compatible avec d'autres chargeurs !<\/p>","protected":false},"excerpt":{"rendered":"<p>Norsk 20AH Lithium Ion Battery with Charger Kit Designed For Use With Live Imaging Or 360 Sonar Systems The Norsk 20Ah Lithium Ion Battery is engineered to meet the demand for high-power draw digital units with larger displays and optimized for all-day performance. The Norsk 20Ah Lithium Battery weighs 4.2 lbs. and measures 5.9 X [&hellip;]<\/p>\n","protected":false},"featured_media":14521,"comment_status":"closed","ping_status":"closed","template":"","meta":{"_acf_changed":false},"product_brand":[],"product_cat":[698,251,854,855],"product_tag":[],"class_list":{"0":"post-14520","1":"product","2":"type-product","3":"status-publish","4":"has-post-thumbnail","6":"product_cat-norsk-lithium-batteries","7":"product_cat-ice","8":"product_cat-marine-batteries","9":"product_cat-marine-battery-chargers","11":"first","12":"instock","13":"sale","14":"taxable","15":"shipping-taxable","16":"purchasable","17":"product-type-simple"},"acf":[],"_links":{"self":[{"href":"https:\/\/testing.fishntech.com\/fr\/wp-json\/wp\/v2\/product\/14520","targetHints":{"allow":["GET"]}}],"collection":[{"href":"https:\/\/testing.fishntech.com\/fr\/wp-json\/wp\/v2\/product"}],"about":[{"href":"https:\/\/testing.fishntech.com\/fr\/wp-json\/wp\/v2\/types\/product"}],"replies":[{"embeddable":true,"href":"https:\/\/testing.fishntech.com\/fr\/wp-json\/wp\/v2\/comments?post=14520"}],"version-history":[{"count":2,"href":"https:\/\/testing.fishntech.com\/fr\/wp-json\/wp\/v2\/product\/14520\/revisions"}],"predecessor-version":[{"id":120445,"href":"https:\/\/testing.fishntech.com\/fr\/wp-json\/wp\/v2\/product\/14520\/revisions\/120445"}],"wp:featuredmedia":[{"embeddable":true,"href":"https:\/\/testing.fishntech.com\/fr\/wp-json\/wp\/v2\/media\/14521"}],"wp:attachment":[{"href":"https:\/\/testing.fishntech.com\/fr\/wp-json\/wp\/v2\/media?parent=14520"}],"wp:term":[{"taxonomy":"product_brand","embeddable":true,"href":"https:\/\/testing.fishntech.com\/fr\/wp-json\/wp\/v2\/product_brand?post=14520"},{"taxonomy":"product_cat","embeddable":true,"href":"https:\/\/testing.fishntech.com\/fr\/wp-json\/wp\/v2\/product_cat?post=14520"},{"taxonomy":"product_tag","embeddable":true,"href":"https:\/\/testing.fishntech.com\/fr\/wp-json\/wp\/v2\/product_tag?post=14520"}],"curies":[{"name":"wp","href":"https:\/\/api.w.org\/{rel}","templated":true}]}}