{"id":14524,"date":"2022-10-06T15:06:17","date_gmt":"2022-10-06T15:06:17","guid":{"rendered":"https:\/\/testing.fishntech.com\/?post_type=product&#038;p=14524"},"modified":"2025-06-05T17:40:39","modified_gmt":"2025-06-05T17:40:39","slug":"norsk-15ah-lithium","status":"publish","type":"product","link":"https:\/\/testing.fishntech.com\/fr\/product\/norsk-15ah-lithium\/","title":{"rendered":"15AH Lithium Ion Battery with Charger Kit"},"content":{"rendered":"<h4>Norsk 15AH Lithium Ion Battery with Charger Kit<\/h4>\n<p>The Norsk 15AH Lithium Ion battery is designed to provide 15+ hours of runtime on the most common sonar units with screens up to 7\u2033. This little powerhouse is the same dimensions as a standard flasher battery (5.94 X 2.56 X 3.66 In) but weighs only 2.6 lbs. 1000+ charge cycles, 2-year limited warranty!<\/p>\n<p><strong>2A 12.6V Lithium Ion Battery CHARGER INCLUDED<\/strong><\/p>\n<h4><\/h4>\n<h4><strong>DON\u2019T FISH LIKE A CAVEMAN!<\/strong><\/h4>\n<p>De quoi avez-vous besoin pour tirer le meilleur parti de votre mat\u00e9riel \u00e9lectronique de p\u00eache sur glace et maximiser votre journ\u00e9e sur la glace ? La puissance.  Fiabilit\u00e9.  Efficacit\u00e9 et l\u00e9g\u00e8ret\u00e9.<\/p>\n<p>The Norsk Lithium 15Ah Battery delivers.\u00a0 Our best-selling lithium ion battery pummels the competition.\u00a0 On its watch, most common sonar units with screens up to 7\u2033 thrive with over 15 hours of runtime.<\/p>\n<p>Weighing in at merely 2.6lbs, Norsk\u2019s 15Ah lithium battery is more than three times lighter than a lead-acid battery equivalent.<\/p>\n<p>When your flasher tells you the best bites are waiting across the lake, you don\u2019t want to be stuck hauling acid across the frozen water.\u00a0 You need to pack up and move.\u00a0 Quickly.<\/p>\n<p>The compact size (5.94 X 2.56 X 3.66 In) is expertly designed to be the perfect drop-in replacement to upgrade your ice-fishing electronics and provide the performance you deserve.<\/p>\n<h4><strong>L'AVANTAGE NORSK<\/strong><\/h4>\n<p>Les passionn\u00e9s de p\u00eache en plein air con\u00e7oivent nos batteries.  Nous fabriquons la meilleure batterie lithium-ion rechargeable - parce que nous voulons que la meilleure technologie alimente notre passion.<\/p>\n<p>Nous n'avons ni le temps ni l'argent \u00e0 perdre avec des piles anciennes, peu fiables et bon march\u00e9.<\/p>\n<p>The Norsk 15Ah lithium ion battery will run for more than 1,000 charge cycles and comes with a two-year limited warranty.<\/p>\n<h4><strong>STANDARD LITHIUM ION BATTERY FOR HUMMINBIRD!<\/strong><\/h4>\n<p>The Norsk 15Ah lithium ion battery is the standard power source for Humminbird\u2019s\u00a0Ice Helix 7 CHIRP GPS G4 All Season.<\/p>\n<p>No battery on the market can compete with what Norsk Lithium offers.<\/p>\n<h4><strong>BATTERY MONITORING SYSTEM (BMS)<\/strong><\/h4>\n<p>The Norsk 15Ah Lithium Battery comes equipped with a BMS system that makes it fool-proofed and worry-free.<\/p>\n<p>Le BMS ne permettra pas \u00e0 la batterie de recevoir une charge tant que sa temp\u00e9rature interne n'aura pas atteint une valeur s\u00fbre de 32\u00b0F.  Une fois qu'elle est s\u00fbre, le BMS permet \u00e0 la batterie au lithium de se recharger, et vous \u00eates sur la bonne voie !<\/p>\n<p>Our advanced BMS technology prevents your Norsk 15Ah lithium ion battery from overcharging.<\/p>\n<p>Even if you completely hook up your lithium-ion battery charger to the wrong terminals, the BMS will prevent it from receiving any charge.<\/p>\n<p>Le BMS assure l'\u00e9quilibrage des cellules pendant les cycles de d\u00e9charge et de charge, la coupure de la tension basse et haute, la protection contre les courts-circuits et la protection contre les temp\u00e9ratures \u00e9lev\u00e9es.<\/p>\n<h4><strong>DEUX PORTS USB<\/strong><\/h4>\n<p>Just because cavemen caught fish doesn\u2019t mean you must fish like a caveman.<\/p>\n<p>The Norsk 15Ah Lithium battery\u2019s patten-pending, dual USB ports allow you to enjoy the outdoors in the 21st century.<\/p>\n<p>Ils vous permettent d'alimenter votre t\u00e9l\u00e9phone portable, votre go-pro ou presque n'importe quel appareil compatible USB pendant que votre batterie au lithium alimente votre d\u00e9tecteur de poissons.<\/p>\n<h4><strong>INDICATEUR DE CHARGE DE LA BATTERIE<\/strong><\/h4>\n<p>The Norsk 15Ah lithium battery has an enormous runtime.\u00a0 But it will run out of juice.<\/p>\n<p>Gr\u00e2ce \u00e0 l'indicateur d'alimentation LED, vous pouvez savoir quand.  Il suffit d'appuyer sur le bouton, et l'indicateur d'alimentation LED vous indiquera le niveau d'\u00e9nergie restant de votre batterie au lithium.<\/p>\n<h4><strong>LA BONNE CHIMIE DU LITHIUM POUR LA BONNE APPLICATION<\/strong><\/h4>\n<p>La chimie lithium-ion est le meilleur choix pour maximiser votre exp\u00e9rience de p\u00eache sur glace.  De nombreuses batteries au lithium utilisent LiFePO4 dans leurs applications de p\u00eache sur glace.<\/p>\n<p>Nous utilisons \u00e9galement le LiFePO4.  Il est excellent.  Mais il pr\u00e9sente un l\u00e9ger probl\u00e8me de poids.<\/p>\n<p>La chimie du lithium-ion fournit une puissance exceptionnelle tout en offrant un avantage significatif en termes de poids.  Les batteries lithium-ion ont l'une des densit\u00e9s d'\u00e9nergie les plus \u00e9lev\u00e9es de toutes les technologies de batteries actuellement disponibles.<\/p>\n<p>The Norsk 15Ah lithium battery is remarkably potent \u2013 and so light \u2013 you\u2019ll barely notice it when you charge across the ice to the best spot for feeding time!<\/p>\n<h2><strong>CHARGEURS DE BATTERIE AU LITHIUM<\/strong><\/h2>\n<p>2A 12.6V Battery charger \u2013 included<\/p>\n<p>NON compatible avec d'autres chargeurs !<\/p>","protected":false},"excerpt":{"rendered":"<p>Norsk 15AH Lithium Ion Battery with Charger Kit The Norsk 15AH Lithium Ion battery is designed to provide 15+ hours of runtime on the most common sonar units with screens up to 7\u2033. This little powerhouse is the same dimensions as a standard flasher battery (5.94 X 2.56 X 3.66 In) but weighs only 2.6 [&hellip;]<\/p>\n","protected":false},"featured_media":14525,"comment_status":"open","ping_status":"closed","template":"","meta":{"_acf_changed":false},"product_brand":[],"product_cat":[698,251],"product_tag":[],"class_list":{"0":"post-14524","1":"product","2":"type-product","3":"status-publish","4":"has-post-thumbnail","6":"product_cat-norsk-lithium-batteries","7":"product_cat-ice","9":"first","10":"instock","11":"sale","12":"taxable","13":"shipping-taxable","14":"purchasable","15":"product-type-simple"},"acf":[],"_links":{"self":[{"href":"https:\/\/testing.fishntech.com\/fr\/wp-json\/wp\/v2\/product\/14524","targetHints":{"allow":["GET"]}}],"collection":[{"href":"https:\/\/testing.fishntech.com\/fr\/wp-json\/wp\/v2\/product"}],"about":[{"href":"https:\/\/testing.fishntech.com\/fr\/wp-json\/wp\/v2\/types\/product"}],"replies":[{"embeddable":true,"href":"https:\/\/testing.fishntech.com\/fr\/wp-json\/wp\/v2\/comments?post=14524"}],"version-history":[{"count":2,"href":"https:\/\/testing.fishntech.com\/fr\/wp-json\/wp\/v2\/product\/14524\/revisions"}],"predecessor-version":[{"id":120446,"href":"https:\/\/testing.fishntech.com\/fr\/wp-json\/wp\/v2\/product\/14524\/revisions\/120446"}],"wp:featuredmedia":[{"embeddable":true,"href":"https:\/\/testing.fishntech.com\/fr\/wp-json\/wp\/v2\/media\/14525"}],"wp:attachment":[{"href":"https:\/\/testing.fishntech.com\/fr\/wp-json\/wp\/v2\/media?parent=14524"}],"wp:term":[{"taxonomy":"product_brand","embeddable":true,"href":"https:\/\/testing.fishntech.com\/fr\/wp-json\/wp\/v2\/product_brand?post=14524"},{"taxonomy":"product_cat","embeddable":true,"href":"https:\/\/testing.fishntech.com\/fr\/wp-json\/wp\/v2\/product_cat?post=14524"},{"taxonomy":"product_tag","embeddable":true,"href":"https:\/\/testing.fishntech.com\/fr\/wp-json\/wp\/v2\/product_tag?post=14524"}],"curies":[{"name":"wp","href":"https:\/\/api.w.org\/{rel}","templated":true}]}}