{"id":16026,"date":"2022-10-24T00:15:07","date_gmt":"2022-10-24T00:15:07","guid":{"rendered":"https:\/\/testing.fishntech.com\/?post_type=product&#038;p=16026"},"modified":"2025-06-05T17:37:14","modified_gmt":"2025-06-05T17:37:14","slug":"dr-slick-braid-scissors","status":"publish","type":"product","link":"https:\/\/testing.fishntech.com\/fr\/product\/dr-slick-braid-scissors\/","title":{"rendered":"Braid Scissors"},"content":{"rendered":"<h3>Ciseaux \u00e0 tresses Dr Slick<\/h3>\n<p>Dr Slick Braid Scissors are great little scissor designed to cut the new age braid and synthetic lines.<\/p>\n<p>If you use braid for backing or terminal tackle, this is a must.<\/p>\n<p>If you use braid to attach stinger hooks to your large streamers&#8230;so naturally have this scissor handy on my bench for this task.<\/p>\n<h4>Caract\u00e9ristiques :<\/h4>\n<ul>\n<li>Boucles noires<\/li>\n<li>Non-Serrated Blade<\/li>\n<li>Disponible en lame droite uniquement<\/li>\n<li>4 Inches<\/li>\n<\/ul>\n<p>&nbsp;<\/p>\n<p><strong>DR.SLICK<\/strong>\u00a0Les ciseaux DR.SLICK sont le choix des monteurs de mouches du monde entier. Que vous soyez un d\u00e9butant ou un monteur chevronn\u00e9, les ciseaux DR. SLICK vous permettront d'optimiser votre plaisir, votre production et votre qualit\u00e9 de montage.  Chaque ciseau est inspect\u00e9, ajust\u00e9 et test\u00e9 avant de quitter l'atelier Dr. Slick, ce qui vous assure un outil qui ne fera pas d\u00e9faut sur l'\u00e9tabli.<\/p>\n<p>Pour obtenir des performances optimales et prolonger la dur\u00e9e de vie des ciseaux, deux r\u00e8gles principales s'appliquent lors du choix des ciseaux pour le ligotage. Tout d'abord, adaptez les ciseaux aux types de mat\u00e9riaux que vous utilisez le plus souvent. La plupart des ciseaux de la gamme DR.SLICK peuvent manipuler facilement les mat\u00e9riaux naturels et synth\u00e9tiques. De bons ciseaux font de bonnes mouches !<\/p>\n<p><strong>METAL<\/strong><\/p>\n<p>Ces ciseaux sont fabriqu\u00e9s en acier inoxydable japonais 410 d'une duret\u00e9 Rockwell de 45.<\/p>","protected":false},"excerpt":{"rendered":"<p>Dr Slick Braid Scissors Dr Slick Braid Scissors are great little scissor designed to cut the new age braid and synthetic lines. If you use braid for backing or terminal tackle, this is a must. If you use braid to attach stinger hooks to your large streamers&#8230;so naturally have this scissor handy on my bench [&hellip;]<\/p>\n","protected":false},"featured_media":16027,"comment_status":"closed","ping_status":"closed","template":"","meta":{"_acf_changed":false},"product_brand":[],"product_cat":[574,36],"product_tag":[],"class_list":{"0":"post-16026","1":"product","2":"type-product","3":"status-publish","4":"has-post-thumbnail","6":"product_cat-dr-slick-co","7":"product_cat-pliers-tools-lights","9":"first","10":"instock","11":"taxable","12":"shipping-taxable","13":"purchasable","14":"product-type-simple"},"acf":[],"_links":{"self":[{"href":"https:\/\/testing.fishntech.com\/fr\/wp-json\/wp\/v2\/product\/16026","targetHints":{"allow":["GET"]}}],"collection":[{"href":"https:\/\/testing.fishntech.com\/fr\/wp-json\/wp\/v2\/product"}],"about":[{"href":"https:\/\/testing.fishntech.com\/fr\/wp-json\/wp\/v2\/types\/product"}],"replies":[{"embeddable":true,"href":"https:\/\/testing.fishntech.com\/fr\/wp-json\/wp\/v2\/comments?post=16026"}],"version-history":[{"count":1,"href":"https:\/\/testing.fishntech.com\/fr\/wp-json\/wp\/v2\/product\/16026\/revisions"}],"predecessor-version":[{"id":119746,"href":"https:\/\/testing.fishntech.com\/fr\/wp-json\/wp\/v2\/product\/16026\/revisions\/119746"}],"wp:featuredmedia":[{"embeddable":true,"href":"https:\/\/testing.fishntech.com\/fr\/wp-json\/wp\/v2\/media\/16027"}],"wp:attachment":[{"href":"https:\/\/testing.fishntech.com\/fr\/wp-json\/wp\/v2\/media?parent=16026"}],"wp:term":[{"taxonomy":"product_brand","embeddable":true,"href":"https:\/\/testing.fishntech.com\/fr\/wp-json\/wp\/v2\/product_brand?post=16026"},{"taxonomy":"product_cat","embeddable":true,"href":"https:\/\/testing.fishntech.com\/fr\/wp-json\/wp\/v2\/product_cat?post=16026"},{"taxonomy":"product_tag","embeddable":true,"href":"https:\/\/testing.fishntech.com\/fr\/wp-json\/wp\/v2\/product_tag?post=16026"}],"curies":[{"name":"wp","href":"https:\/\/api.w.org\/{rel}","templated":true}]}}