{"id":16030,"date":"2022-10-24T00:26:13","date_gmt":"2022-10-24T00:26:13","guid":{"rendered":"https:\/\/testing.fishntech.com\/?post_type=product&#038;p=16030"},"modified":"2025-06-05T17:37:14","modified_gmt":"2025-06-05T17:37:14","slug":"dr-slick-preparation-scissors","status":"publish","type":"product","link":"https:\/\/testing.fishntech.com\/fr\/product\/dr-slick-preparation-scissors\/","title":{"rendered":"Preparation Scissors"},"content":{"rendered":"<h3>Ciseaux de pr\u00e9paration Dr Slick<\/h3>\n<p>This is the big dog in terms of cutting anything you can bring to the tying bench!<\/p>\n<p>Dr Slick Preparation Scissors have very heavy blades with large serrations and a wire cutter for tackling the nastiest stuff in Fly Tying Town.<\/p>\n<p>Specifically designed to handle all the heavy new tying materials.<\/p>\n<p>Easily handles the macro work on big, thick sheets of foam, heavy leather, yarn, lead, wire, antron, rubber, flash, chenille, latex, tubing, braid, darlon and the list goes on.<\/p>\n<p>The mother of all scissors!<\/p>\n<h4>Caract\u00e9ristiques :<\/h4>\n<ul>\n<li>Black and Gold Rubber Handles<\/li>\n<li>Lame dentel\u00e9e<\/li>\n<li>Disponible en lame droite uniquement<\/li>\n<li>8.5 Inches<\/li>\n<\/ul>\n<p>&nbsp;<\/p>\n<p><strong>DR.SLICK<\/strong>\u00a0Les ciseaux DR.SLICK sont le choix des monteurs de mouches du monde entier. Que vous soyez un d\u00e9butant ou un monteur chevronn\u00e9, les ciseaux DR. SLICK vous permettront d'optimiser votre plaisir, votre production et votre qualit\u00e9 de montage.  Chaque ciseau est inspect\u00e9, ajust\u00e9 et test\u00e9 avant de quitter l'atelier Dr. Slick, ce qui vous assure un outil qui ne fera pas d\u00e9faut sur l'\u00e9tabli.<\/p>\n<p>Pour obtenir des performances optimales et prolonger la dur\u00e9e de vie des ciseaux, deux r\u00e8gles principales s'appliquent lors du choix des ciseaux pour le ligotage. Tout d'abord, adaptez les ciseaux aux types de mat\u00e9riaux que vous utilisez le plus souvent. La plupart des ciseaux de la gamme DR.SLICK peuvent manipuler facilement les mat\u00e9riaux naturels et synth\u00e9tiques. De bons ciseaux font de bonnes mouches !<\/p>\n<p><strong>METAL<\/strong><\/p>\n<p>Ces ciseaux sont fabriqu\u00e9s en acier inoxydable japonais 410 d'une duret\u00e9 Rockwell de 45.<\/p>","protected":false},"excerpt":{"rendered":"<p>Dr Slick Preparation Scissors This is the big dog in terms of cutting anything you can bring to the tying bench! Dr Slick Preparation Scissors have very heavy blades with large serrations and a wire cutter for tackling the nastiest stuff in Fly Tying Town. Specifically designed to handle all the heavy new tying materials. [&hellip;]<\/p>\n","protected":false},"featured_media":16031,"comment_status":"closed","ping_status":"closed","template":"","meta":{"_acf_changed":false},"product_brand":[],"product_cat":[574,36],"product_tag":[],"class_list":{"0":"post-16030","1":"product","2":"type-product","3":"status-publish","4":"has-post-thumbnail","6":"product_cat-dr-slick-co","7":"product_cat-pliers-tools-lights","9":"first","10":"instock","11":"taxable","12":"shipping-taxable","13":"purchasable","14":"product-type-simple"},"acf":[],"_links":{"self":[{"href":"https:\/\/testing.fishntech.com\/fr\/wp-json\/wp\/v2\/product\/16030","targetHints":{"allow":["GET"]}}],"collection":[{"href":"https:\/\/testing.fishntech.com\/fr\/wp-json\/wp\/v2\/product"}],"about":[{"href":"https:\/\/testing.fishntech.com\/fr\/wp-json\/wp\/v2\/types\/product"}],"replies":[{"embeddable":true,"href":"https:\/\/testing.fishntech.com\/fr\/wp-json\/wp\/v2\/comments?post=16030"}],"version-history":[{"count":1,"href":"https:\/\/testing.fishntech.com\/fr\/wp-json\/wp\/v2\/product\/16030\/revisions"}],"predecessor-version":[{"id":119747,"href":"https:\/\/testing.fishntech.com\/fr\/wp-json\/wp\/v2\/product\/16030\/revisions\/119747"}],"wp:featuredmedia":[{"embeddable":true,"href":"https:\/\/testing.fishntech.com\/fr\/wp-json\/wp\/v2\/media\/16031"}],"wp:attachment":[{"href":"https:\/\/testing.fishntech.com\/fr\/wp-json\/wp\/v2\/media?parent=16030"}],"wp:term":[{"taxonomy":"product_brand","embeddable":true,"href":"https:\/\/testing.fishntech.com\/fr\/wp-json\/wp\/v2\/product_brand?post=16030"},{"taxonomy":"product_cat","embeddable":true,"href":"https:\/\/testing.fishntech.com\/fr\/wp-json\/wp\/v2\/product_cat?post=16030"},{"taxonomy":"product_tag","embeddable":true,"href":"https:\/\/testing.fishntech.com\/fr\/wp-json\/wp\/v2\/product_tag?post=16030"}],"curies":[{"name":"wp","href":"https:\/\/api.w.org\/{rel}","templated":true}]}}